{"id":2861,"date":"2021-10-08T12:11:41","date_gmt":"2021-10-08T11:11:41","guid":{"rendered":"https:\/\/hysolv.eu\/lenker"},"modified":"2026-04-12T03:23:23","modified_gmt":"2026-04-12T02:23:23","slug":"lenker","status":"publish","type":"page","link":"https:\/\/hysolv.eu\/no\/lenker","title":{"rendered":"Lenker"},"content":{"rendered":"<div id=\"cs-content\" class=\"cs-content\"><\/div>\n","protected":false},"excerpt":{"rendered":"<p>LenkerDe f\u00f8lgende lenkene f\u00f8rer til offisielle regulatoriske og faglige institusjoner som uavhengig tester, verifiserer og lister desinfeksjonsmidler og hygieneprodukter for profesjonell bruk innen veterin\u00e6rmedisin, landbruk og n\u00e6ringsmiddelrelaterte omr\u00e5der. Oppf\u00f8ringer hos disse organisasjonene gir transparent og offentlig tilgjengelig dokumentasjon av produktenes effekt, sikkerhet og regelverksetterlevelse. De gj\u00f8r det mulig for kunder, veterin\u00e6rer og myndigheter \u00e5 uavhengig verifisere produktgodkjenninger og ytelsesp\u00e5stander. Hysolv-produkter &#8230; <\/p>\n<div><a href=\"https:\/\/hysolv.eu\/no\/lenker\" class=\"more-link\">Read More<\/a><\/div>\n","protected":false},"author":8,"featured_media":0,"parent":0,"menu_order":300,"comment_status":"closed","ping_status":"closed","template":"template-blank-4.php","meta":{"footnotes":""},"class_list":["post-2861","page","type-page","status-publish","hentry","no-post-thumbnail"],"yoast_head":"<!-- This site is optimized with the Yoast SEO plugin v27.4 - https:\/\/yoast.com\/product\/yoast-seo-wordpress\/ -->\n<title>Bransjelenker og ressurser for dyrehelse og biosikkerhet | Hysolv<\/title>\n<meta name=\"description\" content=\"Utforsk p\u00e5litelige bransjelenker og ressurser knyttet til dyrehelse, g\u00e5rdshygiene og biosikkerhet i husdyrproduksjon og landbruk.\" \/>\n<meta name=\"robots\" content=\"index, follow, max-snippet:-1, max-image-preview:large, max-video-preview:-1\" \/>\n<link rel=\"canonical\" href=\"https:\/\/hysolv.eu\/no\/lenker\" \/>\n<meta property=\"og:locale\" content=\"nb_NO\" \/>\n<meta property=\"og:type\" content=\"article\" \/>\n<meta property=\"og:title\" content=\"Bransjelenker og ressurser for dyrehelse og biosikkerhet | Hysolv\" \/>\n<meta property=\"og:description\" content=\"Utforsk p\u00e5litelige bransjelenker og ressurser knyttet til dyrehelse, g\u00e5rdshygiene og biosikkerhet i husdyrproduksjon og landbruk.\" \/>\n<meta property=\"og:url\" content=\"https:\/\/hysolv.eu\/no\/lenker\" \/>\n<meta property=\"og:site_name\" content=\"Hysolv\" \/>\n<meta property=\"article:publisher\" content=\"https:\/\/www.facebook.com\/HysolvLtd\" \/>\n<meta property=\"article:modified_time\" content=\"2026-04-12T02:23:23+00:00\" \/>\n<meta name=\"twitter:card\" content=\"summary_large_image\" \/>\n<meta name=\"twitter:label1\" content=\"Ansl. lesetid\" \/>\n\t<meta name=\"twitter:data1\" content=\"3 minutter\" \/>\n<script type=\"application\/ld+json\" class=\"yoast-schema-graph\">{\"@context\":\"https:\\\/\\\/schema.org\",\"@graph\":[{\"@type\":\"WebPage\",\"@id\":\"https:\\\/\\\/hysolv.eu\\\/no\\\/lenker\",\"url\":\"https:\\\/\\\/hysolv.eu\\\/no\\\/lenker\",\"name\":\"Bransjelenker og ressurser for dyrehelse og biosikkerhet | Hysolv\",\"isPartOf\":{\"@id\":\"https:\\\/\\\/hysolv.eu\\\/no#website\"},\"datePublished\":\"2021-10-08T11:11:41+00:00\",\"dateModified\":\"2026-04-12T02:23:23+00:00\",\"description\":\"Utforsk p\u00e5litelige bransjelenker og ressurser knyttet til dyrehelse, g\u00e5rdshygiene og biosikkerhet i husdyrproduksjon og landbruk.\",\"breadcrumb\":{\"@id\":\"https:\\\/\\\/hysolv.eu\\\/no\\\/lenker#breadcrumb\"},\"inLanguage\":\"nb-NO\",\"potentialAction\":[{\"@type\":\"ReadAction\",\"target\":[\"https:\\\/\\\/hysolv.eu\\\/no\\\/lenker\"]}]},{\"@type\":\"BreadcrumbList\",\"@id\":\"https:\\\/\\\/hysolv.eu\\\/no\\\/lenker#breadcrumb\",\"itemListElement\":[{\"@type\":\"ListItem\",\"position\":1,\"name\":\"Home\",\"item\":\"https:\\\/\\\/hysolv.eu\\\/no\"},{\"@type\":\"ListItem\",\"position\":2,\"name\":\"Lenker\"}]},{\"@type\":\"WebSite\",\"@id\":\"https:\\\/\\\/hysolv.eu\\\/no#website\",\"url\":\"https:\\\/\\\/hysolv.eu\\\/no\",\"name\":\"Hysolv\",\"description\":\"Supporting Animal Health &amp; Biosecurity\",\"publisher\":{\"@id\":\"https:\\\/\\\/hysolv.eu\\\/no#organization\"},\"potentialAction\":[{\"@type\":\"SearchAction\",\"target\":{\"@type\":\"EntryPoint\",\"urlTemplate\":\"https:\\\/\\\/hysolv.eu\\\/no?s={search_term_string}\"},\"query-input\":{\"@type\":\"PropertyValueSpecification\",\"valueRequired\":true,\"valueName\":\"search_term_string\"}}],\"inLanguage\":\"nb-NO\"},{\"@type\":\"Organization\",\"@id\":\"https:\\\/\\\/hysolv.eu\\\/no#organization\",\"name\":\"Hysolv GmbH\",\"url\":\"https:\\\/\\\/hysolv.eu\\\/no\",\"logo\":{\"@type\":\"ImageObject\",\"inLanguage\":\"nb-NO\",\"@id\":\"https:\\\/\\\/hysolv.eu\\\/no#\\\/schema\\\/logo\\\/image\\\/\",\"url\":\"https:\\\/\\\/hysolv.eu\\\/wp-content\\\/uploads\\\/LoginLogo-1.png\",\"contentUrl\":\"https:\\\/\\\/hysolv.eu\\\/wp-content\\\/uploads\\\/LoginLogo-1.png\",\"width\":480,\"height\":229,\"caption\":\"Hysolv GmbH\"},\"image\":{\"@id\":\"https:\\\/\\\/hysolv.eu\\\/no#\\\/schema\\\/logo\\\/image\\\/\"},\"sameAs\":[\"https:\\\/\\\/www.facebook.com\\\/HysolvLtd\",\"https:\\\/\\\/www.instagram.com\\\/hysolvlimited\\\/\",\"https:\\\/\\\/www.linkedin.com\\\/company\\\/hysolv-limited\\\/about\\\/\"]}]}<\/script>\n<!-- \/ Yoast SEO plugin. -->","yoast_head_json":{"title":"Bransjelenker og ressurser for dyrehelse og biosikkerhet | Hysolv","description":"Utforsk p\u00e5litelige bransjelenker og ressurser knyttet til dyrehelse, g\u00e5rdshygiene og biosikkerhet i husdyrproduksjon og landbruk.","robots":{"index":"index","follow":"follow","max-snippet":"max-snippet:-1","max-image-preview":"max-image-preview:large","max-video-preview":"max-video-preview:-1"},"canonical":"https:\/\/hysolv.eu\/no\/lenker","og_locale":"nb_NO","og_type":"article","og_title":"Bransjelenker og ressurser for dyrehelse og biosikkerhet | Hysolv","og_description":"Utforsk p\u00e5litelige bransjelenker og ressurser knyttet til dyrehelse, g\u00e5rdshygiene og biosikkerhet i husdyrproduksjon og landbruk.","og_url":"https:\/\/hysolv.eu\/no\/lenker","og_site_name":"Hysolv","article_publisher":"https:\/\/www.facebook.com\/HysolvLtd","article_modified_time":"2026-04-12T02:23:23+00:00","twitter_card":"summary_large_image","twitter_misc":{"Ansl. lesetid":"3 minutter"},"schema":{"@context":"https:\/\/schema.org","@graph":[{"@type":"WebPage","@id":"https:\/\/hysolv.eu\/no\/lenker","url":"https:\/\/hysolv.eu\/no\/lenker","name":"Bransjelenker og ressurser for dyrehelse og biosikkerhet | Hysolv","isPartOf":{"@id":"https:\/\/hysolv.eu\/no#website"},"datePublished":"2021-10-08T11:11:41+00:00","dateModified":"2026-04-12T02:23:23+00:00","description":"Utforsk p\u00e5litelige bransjelenker og ressurser knyttet til dyrehelse, g\u00e5rdshygiene og biosikkerhet i husdyrproduksjon og landbruk.","breadcrumb":{"@id":"https:\/\/hysolv.eu\/no\/lenker#breadcrumb"},"inLanguage":"nb-NO","potentialAction":[{"@type":"ReadAction","target":["https:\/\/hysolv.eu\/no\/lenker"]}]},{"@type":"BreadcrumbList","@id":"https:\/\/hysolv.eu\/no\/lenker#breadcrumb","itemListElement":[{"@type":"ListItem","position":1,"name":"Home","item":"https:\/\/hysolv.eu\/no"},{"@type":"ListItem","position":2,"name":"Lenker"}]},{"@type":"WebSite","@id":"https:\/\/hysolv.eu\/no#website","url":"https:\/\/hysolv.eu\/no","name":"Hysolv","description":"Supporting Animal Health &amp; Biosecurity","publisher":{"@id":"https:\/\/hysolv.eu\/no#organization"},"potentialAction":[{"@type":"SearchAction","target":{"@type":"EntryPoint","urlTemplate":"https:\/\/hysolv.eu\/no?s={search_term_string}"},"query-input":{"@type":"PropertyValueSpecification","valueRequired":true,"valueName":"search_term_string"}}],"inLanguage":"nb-NO"},{"@type":"Organization","@id":"https:\/\/hysolv.eu\/no#organization","name":"Hysolv GmbH","url":"https:\/\/hysolv.eu\/no","logo":{"@type":"ImageObject","inLanguage":"nb-NO","@id":"https:\/\/hysolv.eu\/no#\/schema\/logo\/image\/","url":"https:\/\/hysolv.eu\/wp-content\/uploads\/LoginLogo-1.png","contentUrl":"https:\/\/hysolv.eu\/wp-content\/uploads\/LoginLogo-1.png","width":480,"height":229,"caption":"Hysolv GmbH"},"image":{"@id":"https:\/\/hysolv.eu\/no#\/schema\/logo\/image\/"},"sameAs":["https:\/\/www.facebook.com\/HysolvLtd","https:\/\/www.instagram.com\/hysolvlimited\/","https:\/\/www.linkedin.com\/company\/hysolv-limited\/about\/"]}]}},"_links":{"self":[{"href":"https:\/\/hysolv.eu\/no\/wp-json\/wp\/v2\/pages\/2861","targetHints":{"allow":["GET"]}}],"collection":[{"href":"https:\/\/hysolv.eu\/no\/wp-json\/wp\/v2\/pages"}],"about":[{"href":"https:\/\/hysolv.eu\/no\/wp-json\/wp\/v2\/types\/page"}],"author":[{"embeddable":true,"href":"https:\/\/hysolv.eu\/no\/wp-json\/wp\/v2\/users\/8"}],"replies":[{"embeddable":true,"href":"https:\/\/hysolv.eu\/no\/wp-json\/wp\/v2\/comments?post=2861"}],"version-history":[{"count":3,"href":"https:\/\/hysolv.eu\/no\/wp-json\/wp\/v2\/pages\/2861\/revisions"}],"predecessor-version":[{"id":5993,"href":"https:\/\/hysolv.eu\/no\/wp-json\/wp\/v2\/pages\/2861\/revisions\/5993"}],"wp:attachment":[{"href":"https:\/\/hysolv.eu\/no\/wp-json\/wp\/v2\/media?parent=2861"}],"curies":[{"name":"wp","href":"https:\/\/api.w.org\/{rel}","templated":true}]}}