{"id":2863,"date":"2021-10-08T10:09:51","date_gmt":"2021-10-08T09:09:51","guid":{"rendered":"https:\/\/hysolv.eu\/vilkar-og-betingelser"},"modified":"2024-04-23T12:46:57","modified_gmt":"2024-04-23T11:46:57","slug":"vilkar-og-betingelser","status":"publish","type":"page","link":"https:\/\/hysolv.eu\/no\/vilkar-og-betingelser","title":{"rendered":"Vilk\u00e5r og betingelser"},"content":{"rendered":"<div id=\"cs-content\" class=\"cs-content\"><\/div>\n","protected":false},"excerpt":{"rendered":"<p>vilk\u00e5r og betingelser vilk\u00e5r og betingelser for kunder VILK\u00c5R OG BETINGELSER FOR HANDEL MED HYSOLV GmbH (heretter kalt &laquo;selskapet&raquo; eller &laquo;Hysolv GmbH&raquo;). 1)&nbsp;Innledning a) Disse vilk\u00e5rene og betingelsene utgj\u00f8r hele avtalen mellom selskapet og kj\u00f8peren. Selskapet kan ved skriftlig varsel til kj\u00f8peren endre disse vilk\u00e5rene fra tid til annen. b) Mottak av en bestilling (ogs\u00e5 kalt &laquo;innkj\u00f8psordre&raquo;) fra kj\u00f8peren inneb\u00e6rer &#8230; <\/p>\n<div><a href=\"https:\/\/hysolv.eu\/no\/vilkar-og-betingelser\" class=\"more-link\">Read More<\/a><\/div>\n","protected":false},"author":8,"featured_media":0,"parent":0,"menu_order":1010,"comment_status":"closed","ping_status":"closed","template":"template-blank-4.php","meta":{"rs_blank_template":"","rs_page_bg_color":"","slide_template_v7":"","footnotes":""},"class_list":["post-2863","page","type-page","status-publish","hentry","no-post-thumbnail"],"yoast_head":"<!-- This site is optimized with the Yoast SEO plugin v27.5 - https:\/\/yoast.com\/product\/yoast-seo-wordpress\/ -->\n<title>Vilk\u00e5r og betingelser | Hysolv<\/title>\n<meta name=\"robots\" content=\"noindex, nofollow\" \/>\n<meta property=\"og:locale\" content=\"nb_NO\" \/>\n<meta property=\"og:type\" content=\"article\" \/>\n<meta property=\"og:title\" content=\"Vilk\u00e5r og betingelser | Hysolv\" \/>\n<meta property=\"og:description\" content=\"vilk\u00e5r og betingelser vilk\u00e5r og betingelser for kunder VILK\u00c5R OG BETINGELSER FOR HANDEL MED HYSOLV GmbH (heretter kalt &quot;selskapet&quot; eller &quot;Hysolv GmbH&quot;). 1)&nbsp;Innledning a) Disse vilk\u00e5rene og betingelsene utgj\u00f8r hele avtalen mellom selskapet og kj\u00f8peren. Selskapet kan ved skriftlig varsel til kj\u00f8peren endre disse vilk\u00e5rene fra tid til annen. b) Mottak av en bestilling (ogs\u00e5 kalt &quot;innkj\u00f8psordre&quot;) fra kj\u00f8peren inneb\u00e6rer ... Read More\" \/>\n<meta property=\"og:url\" content=\"https:\/\/hysolv.eu\/no\/vilkar-og-betingelser\" \/>\n<meta property=\"og:site_name\" content=\"Hysolv\" \/>\n<meta property=\"article:publisher\" content=\"https:\/\/www.facebook.com\/HysolvLtd\" \/>\n<meta property=\"article:modified_time\" content=\"2024-04-23T11:46:57+00:00\" \/>\n<meta name=\"twitter:card\" content=\"summary_large_image\" \/>\n<meta name=\"twitter:label1\" content=\"Ansl. lesetid\" \/>\n\t<meta name=\"twitter:data1\" content=\"16 minutter\" \/>\n<script type=\"application\/ld+json\" class=\"yoast-schema-graph\">{\"@context\":\"https:\\\/\\\/schema.org\",\"@graph\":[{\"@type\":\"WebPage\",\"@id\":\"https:\\\/\\\/hysolv.eu\\\/no\\\/vilkar-og-betingelser\",\"url\":\"https:\\\/\\\/hysolv.eu\\\/no\\\/vilkar-og-betingelser\",\"name\":\"Vilk\u00e5r og betingelser | Hysolv\",\"isPartOf\":{\"@id\":\"https:\\\/\\\/hysolv.eu\\\/no#website\"},\"datePublished\":\"2021-10-08T09:09:51+00:00\",\"dateModified\":\"2024-04-23T11:46:57+00:00\",\"breadcrumb\":{\"@id\":\"https:\\\/\\\/hysolv.eu\\\/no\\\/vilkar-og-betingelser#breadcrumb\"},\"inLanguage\":\"nb-NO\",\"potentialAction\":[{\"@type\":\"ReadAction\",\"target\":[\"https:\\\/\\\/hysolv.eu\\\/no\\\/vilkar-og-betingelser\"]}]},{\"@type\":\"BreadcrumbList\",\"@id\":\"https:\\\/\\\/hysolv.eu\\\/no\\\/vilkar-og-betingelser#breadcrumb\",\"itemListElement\":[{\"@type\":\"ListItem\",\"position\":1,\"name\":\"Home\",\"item\":\"https:\\\/\\\/hysolv.eu\\\/no\"},{\"@type\":\"ListItem\",\"position\":2,\"name\":\"Vilk\u00e5r og betingelser\"}]},{\"@type\":\"WebSite\",\"@id\":\"https:\\\/\\\/hysolv.eu\\\/no#website\",\"url\":\"https:\\\/\\\/hysolv.eu\\\/no\",\"name\":\"Hysolv\",\"description\":\"Supporting Animal Health &amp; Biosecurity\",\"publisher\":{\"@id\":\"https:\\\/\\\/hysolv.eu\\\/no#organization\"},\"potentialAction\":[{\"@type\":\"SearchAction\",\"target\":{\"@type\":\"EntryPoint\",\"urlTemplate\":\"https:\\\/\\\/hysolv.eu\\\/no?s={search_term_string}\"},\"query-input\":{\"@type\":\"PropertyValueSpecification\",\"valueRequired\":true,\"valueName\":\"search_term_string\"}}],\"inLanguage\":\"nb-NO\"},{\"@type\":\"Organization\",\"@id\":\"https:\\\/\\\/hysolv.eu\\\/no#organization\",\"name\":\"Hysolv GmbH\",\"url\":\"https:\\\/\\\/hysolv.eu\\\/no\",\"logo\":{\"@type\":\"ImageObject\",\"inLanguage\":\"nb-NO\",\"@id\":\"https:\\\/\\\/hysolv.eu\\\/no#\\\/schema\\\/logo\\\/image\\\/\",\"url\":\"https:\\\/\\\/hysolv.eu\\\/wp-content\\\/uploads\\\/LoginLogo-1.png\",\"contentUrl\":\"https:\\\/\\\/hysolv.eu\\\/wp-content\\\/uploads\\\/LoginLogo-1.png\",\"width\":480,\"height\":229,\"caption\":\"Hysolv GmbH\"},\"image\":{\"@id\":\"https:\\\/\\\/hysolv.eu\\\/no#\\\/schema\\\/logo\\\/image\\\/\"},\"sameAs\":[\"https:\\\/\\\/www.facebook.com\\\/HysolvLtd\",\"https:\\\/\\\/www.instagram.com\\\/hysolvlimited\\\/\",\"https:\\\/\\\/www.linkedin.com\\\/company\\\/hysolv-limited\\\/about\\\/\"]}]}<\/script>\n<!-- \/ Yoast SEO plugin. -->","yoast_head_json":{"title":"Vilk\u00e5r og betingelser | Hysolv","robots":{"index":"noindex","follow":"nofollow"},"og_locale":"nb_NO","og_type":"article","og_title":"Vilk\u00e5r og betingelser | Hysolv","og_description":"vilk\u00e5r og betingelser vilk\u00e5r og betingelser for kunder VILK\u00c5R OG BETINGELSER FOR HANDEL MED HYSOLV GmbH (heretter kalt \"selskapet\" eller \"Hysolv GmbH\"). 1)&nbsp;Innledning a) Disse vilk\u00e5rene og betingelsene utgj\u00f8r hele avtalen mellom selskapet og kj\u00f8peren. Selskapet kan ved skriftlig varsel til kj\u00f8peren endre disse vilk\u00e5rene fra tid til annen. b) Mottak av en bestilling (ogs\u00e5 kalt \"innkj\u00f8psordre\") fra kj\u00f8peren inneb\u00e6rer ... Read More","og_url":"https:\/\/hysolv.eu\/no\/vilkar-og-betingelser","og_site_name":"Hysolv","article_publisher":"https:\/\/www.facebook.com\/HysolvLtd","article_modified_time":"2024-04-23T11:46:57+00:00","twitter_card":"summary_large_image","twitter_misc":{"Ansl. lesetid":"16 minutter"},"schema":{"@context":"https:\/\/schema.org","@graph":[{"@type":"WebPage","@id":"https:\/\/hysolv.eu\/no\/vilkar-og-betingelser","url":"https:\/\/hysolv.eu\/no\/vilkar-og-betingelser","name":"Vilk\u00e5r og betingelser | Hysolv","isPartOf":{"@id":"https:\/\/hysolv.eu\/no#website"},"datePublished":"2021-10-08T09:09:51+00:00","dateModified":"2024-04-23T11:46:57+00:00","breadcrumb":{"@id":"https:\/\/hysolv.eu\/no\/vilkar-og-betingelser#breadcrumb"},"inLanguage":"nb-NO","potentialAction":[{"@type":"ReadAction","target":["https:\/\/hysolv.eu\/no\/vilkar-og-betingelser"]}]},{"@type":"BreadcrumbList","@id":"https:\/\/hysolv.eu\/no\/vilkar-og-betingelser#breadcrumb","itemListElement":[{"@type":"ListItem","position":1,"name":"Home","item":"https:\/\/hysolv.eu\/no"},{"@type":"ListItem","position":2,"name":"Vilk\u00e5r og betingelser"}]},{"@type":"WebSite","@id":"https:\/\/hysolv.eu\/no#website","url":"https:\/\/hysolv.eu\/no","name":"Hysolv","description":"Supporting Animal Health &amp; Biosecurity","publisher":{"@id":"https:\/\/hysolv.eu\/no#organization"},"potentialAction":[{"@type":"SearchAction","target":{"@type":"EntryPoint","urlTemplate":"https:\/\/hysolv.eu\/no?s={search_term_string}"},"query-input":{"@type":"PropertyValueSpecification","valueRequired":true,"valueName":"search_term_string"}}],"inLanguage":"nb-NO"},{"@type":"Organization","@id":"https:\/\/hysolv.eu\/no#organization","name":"Hysolv GmbH","url":"https:\/\/hysolv.eu\/no","logo":{"@type":"ImageObject","inLanguage":"nb-NO","@id":"https:\/\/hysolv.eu\/no#\/schema\/logo\/image\/","url":"https:\/\/hysolv.eu\/wp-content\/uploads\/LoginLogo-1.png","contentUrl":"https:\/\/hysolv.eu\/wp-content\/uploads\/LoginLogo-1.png","width":480,"height":229,"caption":"Hysolv GmbH"},"image":{"@id":"https:\/\/hysolv.eu\/no#\/schema\/logo\/image\/"},"sameAs":["https:\/\/www.facebook.com\/HysolvLtd","https:\/\/www.instagram.com\/hysolvlimited\/","https:\/\/www.linkedin.com\/company\/hysolv-limited\/about\/"]}]}},"_links":{"self":[{"href":"https:\/\/hysolv.eu\/no\/wp-json\/wp\/v2\/pages\/2863","targetHints":{"allow":["GET"]}}],"collection":[{"href":"https:\/\/hysolv.eu\/no\/wp-json\/wp\/v2\/pages"}],"about":[{"href":"https:\/\/hysolv.eu\/no\/wp-json\/wp\/v2\/types\/page"}],"author":[{"embeddable":true,"href":"https:\/\/hysolv.eu\/no\/wp-json\/wp\/v2\/users\/8"}],"replies":[{"embeddable":true,"href":"https:\/\/hysolv.eu\/no\/wp-json\/wp\/v2\/comments?post=2863"}],"version-history":[{"count":0,"href":"https:\/\/hysolv.eu\/no\/wp-json\/wp\/v2\/pages\/2863\/revisions"}],"wp:attachment":[{"href":"https:\/\/hysolv.eu\/no\/wp-json\/wp\/v2\/media?parent=2863"}],"curies":[{"name":"wp","href":"https:\/\/api.w.org\/{rel}","templated":true}]}}