{"id":2895,"date":"2021-10-08T10:16:35","date_gmt":"2021-10-08T09:16:35","guid":{"rendered":"https:\/\/hysolv.eu\/retningslinjer-for-personvern"},"modified":"2026-04-07T09:55:42","modified_gmt":"2026-04-07T08:55:42","slug":"retningslinjer-for-personvern","status":"publish","type":"page","link":"https:\/\/hysolv.eu\/no\/retningslinjer-for-personvern","title":{"rendered":"Retningslinjer for personvern"},"content":{"rendered":"<div id=\"cs-content\" class=\"cs-content\"><\/div>\n","protected":false},"excerpt":{"rendered":"<p>Personvernerkl\u00e6ring 1. En oversikt over databeskyttelse Generell informasjon F\u00f8lgende informasjon gir deg en lett forst\u00e5elig oversikt over hva som skjer med dine personopplysninger n\u00e5r du bes\u00f8ker dette nettstedet. Begrepet \u00abpersonopplysninger\u00bb omfatter alle data som kan brukes til \u00e5 identifisere deg personlig. For detaljert informasjon om temaet databeskyttelse, se v\u00e5r personvernerkl\u00e6ring nedenfor. Datainnsamling p\u00e5 dette nettstedet Hvem er ansvarlig for datainnsamlingen &#8230; <\/p>\n<div><a href=\"https:\/\/hysolv.eu\/no\/retningslinjer-for-personvern\" class=\"more-link\">Read More<\/a><\/div>\n","protected":false},"author":8,"featured_media":0,"parent":0,"menu_order":1020,"comment_status":"closed","ping_status":"closed","template":"template-blank-4.php","meta":{"rs_blank_template":"","rs_page_bg_color":"","slide_template_v7":"","footnotes":""},"class_list":["post-2895","page","type-page","status-publish","hentry","no-post-thumbnail"],"yoast_head":"<!-- This site is optimized with the Yoast SEO plugin v27.5 - https:\/\/yoast.com\/product\/yoast-seo-wordpress\/ -->\n<title>Retningslinjer for personvern | Hysolv<\/title>\n<meta name=\"robots\" content=\"noindex, nofollow\" \/>\n<meta property=\"og:locale\" content=\"nb_NO\" \/>\n<meta property=\"og:type\" content=\"article\" \/>\n<meta property=\"og:title\" content=\"Retningslinjer for personvern | Hysolv\" \/>\n<meta property=\"og:description\" content=\"Personvernerkl\u00e6ring 1. En oversikt over databeskyttelse Generell informasjon F\u00f8lgende informasjon gir deg en lett forst\u00e5elig oversikt over hva som skjer med dine personopplysninger n\u00e5r du bes\u00f8ker dette nettstedet. Begrepet \u00abpersonopplysninger\u00bb omfatter alle data som kan brukes til \u00e5 identifisere deg personlig. For detaljert informasjon om temaet databeskyttelse, se v\u00e5r personvernerkl\u00e6ring nedenfor. Datainnsamling p\u00e5 dette nettstedet Hvem er ansvarlig for datainnsamlingen ... Read More\" \/>\n<meta property=\"og:url\" content=\"https:\/\/hysolv.eu\/no\/retningslinjer-for-personvern\" \/>\n<meta property=\"og:site_name\" content=\"Hysolv\" \/>\n<meta property=\"article:publisher\" content=\"https:\/\/www.facebook.com\/HysolvLtd\" \/>\n<meta property=\"article:modified_time\" content=\"2026-04-07T08:55:42+00:00\" \/>\n<meta name=\"twitter:card\" content=\"summary_large_image\" \/>\n<meta name=\"twitter:label1\" content=\"Ansl. lesetid\" \/>\n\t<meta name=\"twitter:data1\" content=\"20 minutter\" \/>\n<script type=\"application\/ld+json\" class=\"yoast-schema-graph\">{\"@context\":\"https:\\\/\\\/schema.org\",\"@graph\":[{\"@type\":\"WebPage\",\"@id\":\"https:\\\/\\\/hysolv.eu\\\/no\\\/retningslinjer-for-personvern\",\"url\":\"https:\\\/\\\/hysolv.eu\\\/no\\\/retningslinjer-for-personvern\",\"name\":\"Retningslinjer for personvern | Hysolv\",\"isPartOf\":{\"@id\":\"https:\\\/\\\/hysolv.eu\\\/no#website\"},\"datePublished\":\"2021-10-08T09:16:35+00:00\",\"dateModified\":\"2026-04-07T08:55:42+00:00\",\"breadcrumb\":{\"@id\":\"https:\\\/\\\/hysolv.eu\\\/no\\\/retningslinjer-for-personvern#breadcrumb\"},\"inLanguage\":\"nb-NO\",\"potentialAction\":[{\"@type\":\"ReadAction\",\"target\":[\"https:\\\/\\\/hysolv.eu\\\/no\\\/retningslinjer-for-personvern\"]}]},{\"@type\":\"BreadcrumbList\",\"@id\":\"https:\\\/\\\/hysolv.eu\\\/no\\\/retningslinjer-for-personvern#breadcrumb\",\"itemListElement\":[{\"@type\":\"ListItem\",\"position\":1,\"name\":\"Home\",\"item\":\"https:\\\/\\\/hysolv.eu\\\/no\"},{\"@type\":\"ListItem\",\"position\":2,\"name\":\"Retningslinjer for personvern\"}]},{\"@type\":\"WebSite\",\"@id\":\"https:\\\/\\\/hysolv.eu\\\/no#website\",\"url\":\"https:\\\/\\\/hysolv.eu\\\/no\",\"name\":\"Hysolv\",\"description\":\"Supporting Animal Health &amp; Biosecurity\",\"publisher\":{\"@id\":\"https:\\\/\\\/hysolv.eu\\\/no#organization\"},\"potentialAction\":[{\"@type\":\"SearchAction\",\"target\":{\"@type\":\"EntryPoint\",\"urlTemplate\":\"https:\\\/\\\/hysolv.eu\\\/no?s={search_term_string}\"},\"query-input\":{\"@type\":\"PropertyValueSpecification\",\"valueRequired\":true,\"valueName\":\"search_term_string\"}}],\"inLanguage\":\"nb-NO\"},{\"@type\":\"Organization\",\"@id\":\"https:\\\/\\\/hysolv.eu\\\/no#organization\",\"name\":\"Hysolv GmbH\",\"url\":\"https:\\\/\\\/hysolv.eu\\\/no\",\"logo\":{\"@type\":\"ImageObject\",\"inLanguage\":\"nb-NO\",\"@id\":\"https:\\\/\\\/hysolv.eu\\\/no#\\\/schema\\\/logo\\\/image\\\/\",\"url\":\"https:\\\/\\\/hysolv.eu\\\/wp-content\\\/uploads\\\/LoginLogo-1.png\",\"contentUrl\":\"https:\\\/\\\/hysolv.eu\\\/wp-content\\\/uploads\\\/LoginLogo-1.png\",\"width\":480,\"height\":229,\"caption\":\"Hysolv GmbH\"},\"image\":{\"@id\":\"https:\\\/\\\/hysolv.eu\\\/no#\\\/schema\\\/logo\\\/image\\\/\"},\"sameAs\":[\"https:\\\/\\\/www.facebook.com\\\/HysolvLtd\",\"https:\\\/\\\/www.instagram.com\\\/hysolvlimited\\\/\",\"https:\\\/\\\/www.linkedin.com\\\/company\\\/hysolv-limited\\\/about\\\/\"]}]}<\/script>\n<!-- \/ Yoast SEO plugin. -->","yoast_head_json":{"title":"Retningslinjer for personvern | Hysolv","robots":{"index":"noindex","follow":"nofollow"},"og_locale":"nb_NO","og_type":"article","og_title":"Retningslinjer for personvern | Hysolv","og_description":"Personvernerkl\u00e6ring 1. En oversikt over databeskyttelse Generell informasjon F\u00f8lgende informasjon gir deg en lett forst\u00e5elig oversikt over hva som skjer med dine personopplysninger n\u00e5r du bes\u00f8ker dette nettstedet. Begrepet \u00abpersonopplysninger\u00bb omfatter alle data som kan brukes til \u00e5 identifisere deg personlig. For detaljert informasjon om temaet databeskyttelse, se v\u00e5r personvernerkl\u00e6ring nedenfor. Datainnsamling p\u00e5 dette nettstedet Hvem er ansvarlig for datainnsamlingen ... Read More","og_url":"https:\/\/hysolv.eu\/no\/retningslinjer-for-personvern","og_site_name":"Hysolv","article_publisher":"https:\/\/www.facebook.com\/HysolvLtd","article_modified_time":"2026-04-07T08:55:42+00:00","twitter_card":"summary_large_image","twitter_misc":{"Ansl. lesetid":"20 minutter"},"schema":{"@context":"https:\/\/schema.org","@graph":[{"@type":"WebPage","@id":"https:\/\/hysolv.eu\/no\/retningslinjer-for-personvern","url":"https:\/\/hysolv.eu\/no\/retningslinjer-for-personvern","name":"Retningslinjer for personvern | Hysolv","isPartOf":{"@id":"https:\/\/hysolv.eu\/no#website"},"datePublished":"2021-10-08T09:16:35+00:00","dateModified":"2026-04-07T08:55:42+00:00","breadcrumb":{"@id":"https:\/\/hysolv.eu\/no\/retningslinjer-for-personvern#breadcrumb"},"inLanguage":"nb-NO","potentialAction":[{"@type":"ReadAction","target":["https:\/\/hysolv.eu\/no\/retningslinjer-for-personvern"]}]},{"@type":"BreadcrumbList","@id":"https:\/\/hysolv.eu\/no\/retningslinjer-for-personvern#breadcrumb","itemListElement":[{"@type":"ListItem","position":1,"name":"Home","item":"https:\/\/hysolv.eu\/no"},{"@type":"ListItem","position":2,"name":"Retningslinjer for personvern"}]},{"@type":"WebSite","@id":"https:\/\/hysolv.eu\/no#website","url":"https:\/\/hysolv.eu\/no","name":"Hysolv","description":"Supporting Animal Health &amp; Biosecurity","publisher":{"@id":"https:\/\/hysolv.eu\/no#organization"},"potentialAction":[{"@type":"SearchAction","target":{"@type":"EntryPoint","urlTemplate":"https:\/\/hysolv.eu\/no?s={search_term_string}"},"query-input":{"@type":"PropertyValueSpecification","valueRequired":true,"valueName":"search_term_string"}}],"inLanguage":"nb-NO"},{"@type":"Organization","@id":"https:\/\/hysolv.eu\/no#organization","name":"Hysolv GmbH","url":"https:\/\/hysolv.eu\/no","logo":{"@type":"ImageObject","inLanguage":"nb-NO","@id":"https:\/\/hysolv.eu\/no#\/schema\/logo\/image\/","url":"https:\/\/hysolv.eu\/wp-content\/uploads\/LoginLogo-1.png","contentUrl":"https:\/\/hysolv.eu\/wp-content\/uploads\/LoginLogo-1.png","width":480,"height":229,"caption":"Hysolv GmbH"},"image":{"@id":"https:\/\/hysolv.eu\/no#\/schema\/logo\/image\/"},"sameAs":["https:\/\/www.facebook.com\/HysolvLtd","https:\/\/www.instagram.com\/hysolvlimited\/","https:\/\/www.linkedin.com\/company\/hysolv-limited\/about\/"]}]}},"_links":{"self":[{"href":"https:\/\/hysolv.eu\/no\/wp-json\/wp\/v2\/pages\/2895","targetHints":{"allow":["GET"]}}],"collection":[{"href":"https:\/\/hysolv.eu\/no\/wp-json\/wp\/v2\/pages"}],"about":[{"href":"https:\/\/hysolv.eu\/no\/wp-json\/wp\/v2\/types\/page"}],"author":[{"embeddable":true,"href":"https:\/\/hysolv.eu\/no\/wp-json\/wp\/v2\/users\/8"}],"replies":[{"embeddable":true,"href":"https:\/\/hysolv.eu\/no\/wp-json\/wp\/v2\/comments?post=2895"}],"version-history":[{"count":3,"href":"https:\/\/hysolv.eu\/no\/wp-json\/wp\/v2\/pages\/2895\/revisions"}],"predecessor-version":[{"id":5722,"href":"https:\/\/hysolv.eu\/no\/wp-json\/wp\/v2\/pages\/2895\/revisions\/5722"}],"wp:attachment":[{"href":"https:\/\/hysolv.eu\/no\/wp-json\/wp\/v2\/media?parent=2895"}],"curies":[{"name":"wp","href":"https:\/\/api.w.org\/{rel}","templated":true}]}}