{"id":3815,"date":"2026-01-16T03:42:49","date_gmt":"2026-01-16T02:42:49","guid":{"rendered":"https:\/\/hysolv.eu\/?page_id=3815"},"modified":"2026-04-06T06:28:07","modified_gmt":"2026-04-06T05:28:07","slug":"produkter","status":"publish","type":"page","link":"https:\/\/hysolv.eu\/no\/produkter","title":{"rendered":"Produkter"},"content":{"rendered":"<div id=\"cs-content\" class=\"cs-content\"><\/div>\n","protected":false},"excerpt":{"rendered":"<p>H\u00f8yytelsesprodukter For Dyrehelse Innen G\u00e5rdshygiene Og BiosikkerhetHysolv leverer profesjonelle produkter for dyrehelse som er utviklet for \u00e5 styrke g\u00e5rdshygiene, redusere smittepress og st\u00f8tte sikker, effektiv produksjon p\u00e5 tvers av husdyrsystemer og hygiene-sensitive milj\u00f8er. V\u00e5r portef\u00f8lje kombinerer hygienel\u00f8sninger for dyr med vitenskapelig evaluerte l\u00f8sninger innen desinfeksjon, rengj\u00f8ring, Skadedyrbekjempelse, f\u00f4rhygiene og n\u00e6ringsmiddelindustriell hygiene \u2013 og st\u00f8tter p\u00e5litelig biosikkerhet p\u00e5 g\u00e5rder samt stabil &#8230; <\/p>\n<div><a href=\"https:\/\/hysolv.eu\/no\/produkter\" class=\"more-link\">Read More<\/a><\/div>\n","protected":false},"author":9,"featured_media":0,"parent":0,"menu_order":100,"comment_status":"closed","ping_status":"closed","template":"template-blank-4.php","meta":{"footnotes":""},"class_list":["post-3815","page","type-page","status-publish","hentry","no-post-thumbnail"],"yoast_head":"<!-- This site is optimized with the Yoast SEO plugin v27.3 - https:\/\/yoast.com\/product\/yoast-seo-wordpress\/ -->\n<title>Dyrehelseprodukter for g\u00e5rdshygiene og biosikkerhet | Hysolv<\/title>\n<meta name=\"description\" content=\"H\u00f8yytelses dyrehelseprodukter for g\u00e5rdshygiene og biosikkerhet. L\u00f8sninger for desinfeksjon, rengj\u00f8ring, skadedyrbekjempelse, f\u00f4rhygiene og n\u00e6ringsmiddeltrygghet.\" \/>\n<meta name=\"robots\" content=\"index, follow, max-snippet:-1, max-image-preview:large, max-video-preview:-1\" \/>\n<link rel=\"canonical\" href=\"https:\/\/hysolv.eu\/no\/produkter\" \/>\n<meta property=\"og:locale\" content=\"nb_NO\" \/>\n<meta property=\"og:type\" content=\"article\" \/>\n<meta property=\"og:title\" content=\"Dyrehelseprodukter for g\u00e5rdshygiene og biosikkerhet | Hysolv\" \/>\n<meta property=\"og:description\" content=\"H\u00f8yytelses dyrehelseprodukter for g\u00e5rdshygiene og biosikkerhet. L\u00f8sninger for desinfeksjon, rengj\u00f8ring, skadedyrbekjempelse, f\u00f4rhygiene og n\u00e6ringsmiddeltrygghet.\" \/>\n<meta property=\"og:url\" content=\"https:\/\/hysolv.eu\/no\/produkter\" \/>\n<meta property=\"og:site_name\" content=\"Hysolv\" \/>\n<meta property=\"article:publisher\" content=\"https:\/\/www.facebook.com\/HysolvLtd\" \/>\n<meta property=\"article:modified_time\" content=\"2026-04-06T05:28:07+00:00\" \/>\n<meta name=\"twitter:card\" content=\"summary_large_image\" \/>\n<meta name=\"twitter:label1\" content=\"Ansl. lesetid\" \/>\n\t<meta name=\"twitter:data1\" content=\"7 minutter\" \/>\n<script type=\"application\/ld+json\" class=\"yoast-schema-graph\">{\"@context\":\"https:\\\/\\\/schema.org\",\"@graph\":[{\"@type\":\"WebPage\",\"@id\":\"https:\\\/\\\/hysolv.eu\\\/no\\\/produkter\",\"url\":\"https:\\\/\\\/hysolv.eu\\\/no\\\/produkter\",\"name\":\"Dyrehelseprodukter for g\u00e5rdshygiene og biosikkerhet | Hysolv\",\"isPartOf\":{\"@id\":\"https:\\\/\\\/hysolv.eu\\\/no#website\"},\"datePublished\":\"2026-01-16T02:42:49+00:00\",\"dateModified\":\"2026-04-06T05:28:07+00:00\",\"description\":\"H\u00f8yytelses dyrehelseprodukter for g\u00e5rdshygiene og biosikkerhet. L\u00f8sninger for desinfeksjon, rengj\u00f8ring, skadedyrbekjempelse, f\u00f4rhygiene og n\u00e6ringsmiddeltrygghet.\",\"breadcrumb\":{\"@id\":\"https:\\\/\\\/hysolv.eu\\\/no\\\/produkter#breadcrumb\"},\"inLanguage\":\"nb-NO\",\"potentialAction\":[{\"@type\":\"ReadAction\",\"target\":[\"https:\\\/\\\/hysolv.eu\\\/no\\\/produkter\"]}]},{\"@type\":\"BreadcrumbList\",\"@id\":\"https:\\\/\\\/hysolv.eu\\\/no\\\/produkter#breadcrumb\",\"itemListElement\":[{\"@type\":\"ListItem\",\"position\":1,\"name\":\"Home\",\"item\":\"https:\\\/\\\/hysolv.eu\\\/no\\\/hjem\"},{\"@type\":\"ListItem\",\"position\":2,\"name\":\"Produkter\"}]},{\"@type\":\"WebSite\",\"@id\":\"https:\\\/\\\/hysolv.eu\\\/no#website\",\"url\":\"https:\\\/\\\/hysolv.eu\\\/no\",\"name\":\"Hysolv\",\"description\":\"Supporting Animal Health &amp; Biosecurity\",\"publisher\":{\"@id\":\"https:\\\/\\\/hysolv.eu\\\/no#organization\"},\"potentialAction\":[{\"@type\":\"SearchAction\",\"target\":{\"@type\":\"EntryPoint\",\"urlTemplate\":\"https:\\\/\\\/hysolv.eu\\\/no?s={search_term_string}\"},\"query-input\":{\"@type\":\"PropertyValueSpecification\",\"valueRequired\":true,\"valueName\":\"search_term_string\"}}],\"inLanguage\":\"nb-NO\"},{\"@type\":\"Organization\",\"@id\":\"https:\\\/\\\/hysolv.eu\\\/no#organization\",\"name\":\"Hysolv GmbH\",\"url\":\"https:\\\/\\\/hysolv.eu\\\/no\",\"logo\":{\"@type\":\"ImageObject\",\"inLanguage\":\"nb-NO\",\"@id\":\"https:\\\/\\\/hysolv.eu\\\/no#\\\/schema\\\/logo\\\/image\\\/\",\"url\":\"https:\\\/\\\/hysolv.eu\\\/wp-content\\\/uploads\\\/LoginLogo-1.png\",\"contentUrl\":\"https:\\\/\\\/hysolv.eu\\\/wp-content\\\/uploads\\\/LoginLogo-1.png\",\"width\":480,\"height\":229,\"caption\":\"Hysolv GmbH\"},\"image\":{\"@id\":\"https:\\\/\\\/hysolv.eu\\\/no#\\\/schema\\\/logo\\\/image\\\/\"},\"sameAs\":[\"https:\\\/\\\/www.facebook.com\\\/HysolvLtd\",\"https:\\\/\\\/www.instagram.com\\\/hysolvlimited\\\/\",\"https:\\\/\\\/www.linkedin.com\\\/company\\\/hysolv-limited\\\/about\\\/\"]}]}<\/script>\n<!-- \/ Yoast SEO plugin. -->","yoast_head_json":{"title":"Dyrehelseprodukter for g\u00e5rdshygiene og biosikkerhet | Hysolv","description":"H\u00f8yytelses dyrehelseprodukter for g\u00e5rdshygiene og biosikkerhet. L\u00f8sninger for desinfeksjon, rengj\u00f8ring, skadedyrbekjempelse, f\u00f4rhygiene og n\u00e6ringsmiddeltrygghet.","robots":{"index":"index","follow":"follow","max-snippet":"max-snippet:-1","max-image-preview":"max-image-preview:large","max-video-preview":"max-video-preview:-1"},"canonical":"https:\/\/hysolv.eu\/no\/produkter","og_locale":"nb_NO","og_type":"article","og_title":"Dyrehelseprodukter for g\u00e5rdshygiene og biosikkerhet | Hysolv","og_description":"H\u00f8yytelses dyrehelseprodukter for g\u00e5rdshygiene og biosikkerhet. L\u00f8sninger for desinfeksjon, rengj\u00f8ring, skadedyrbekjempelse, f\u00f4rhygiene og n\u00e6ringsmiddeltrygghet.","og_url":"https:\/\/hysolv.eu\/no\/produkter","og_site_name":"Hysolv","article_publisher":"https:\/\/www.facebook.com\/HysolvLtd","article_modified_time":"2026-04-06T05:28:07+00:00","twitter_card":"summary_large_image","twitter_misc":{"Ansl. lesetid":"7 minutter"},"schema":{"@context":"https:\/\/schema.org","@graph":[{"@type":"WebPage","@id":"https:\/\/hysolv.eu\/no\/produkter","url":"https:\/\/hysolv.eu\/no\/produkter","name":"Dyrehelseprodukter for g\u00e5rdshygiene og biosikkerhet | Hysolv","isPartOf":{"@id":"https:\/\/hysolv.eu\/no#website"},"datePublished":"2026-01-16T02:42:49+00:00","dateModified":"2026-04-06T05:28:07+00:00","description":"H\u00f8yytelses dyrehelseprodukter for g\u00e5rdshygiene og biosikkerhet. L\u00f8sninger for desinfeksjon, rengj\u00f8ring, skadedyrbekjempelse, f\u00f4rhygiene og n\u00e6ringsmiddeltrygghet.","breadcrumb":{"@id":"https:\/\/hysolv.eu\/no\/produkter#breadcrumb"},"inLanguage":"nb-NO","potentialAction":[{"@type":"ReadAction","target":["https:\/\/hysolv.eu\/no\/produkter"]}]},{"@type":"BreadcrumbList","@id":"https:\/\/hysolv.eu\/no\/produkter#breadcrumb","itemListElement":[{"@type":"ListItem","position":1,"name":"Home","item":"https:\/\/hysolv.eu\/no\/hjem"},{"@type":"ListItem","position":2,"name":"Produkter"}]},{"@type":"WebSite","@id":"https:\/\/hysolv.eu\/no#website","url":"https:\/\/hysolv.eu\/no","name":"Hysolv","description":"Supporting Animal Health &amp; Biosecurity","publisher":{"@id":"https:\/\/hysolv.eu\/no#organization"},"potentialAction":[{"@type":"SearchAction","target":{"@type":"EntryPoint","urlTemplate":"https:\/\/hysolv.eu\/no?s={search_term_string}"},"query-input":{"@type":"PropertyValueSpecification","valueRequired":true,"valueName":"search_term_string"}}],"inLanguage":"nb-NO"},{"@type":"Organization","@id":"https:\/\/hysolv.eu\/no#organization","name":"Hysolv GmbH","url":"https:\/\/hysolv.eu\/no","logo":{"@type":"ImageObject","inLanguage":"nb-NO","@id":"https:\/\/hysolv.eu\/no#\/schema\/logo\/image\/","url":"https:\/\/hysolv.eu\/wp-content\/uploads\/LoginLogo-1.png","contentUrl":"https:\/\/hysolv.eu\/wp-content\/uploads\/LoginLogo-1.png","width":480,"height":229,"caption":"Hysolv GmbH"},"image":{"@id":"https:\/\/hysolv.eu\/no#\/schema\/logo\/image\/"},"sameAs":["https:\/\/www.facebook.com\/HysolvLtd","https:\/\/www.instagram.com\/hysolvlimited\/","https:\/\/www.linkedin.com\/company\/hysolv-limited\/about\/"]}]}},"_links":{"self":[{"href":"https:\/\/hysolv.eu\/no\/wp-json\/wp\/v2\/pages\/3815","targetHints":{"allow":["GET"]}}],"collection":[{"href":"https:\/\/hysolv.eu\/no\/wp-json\/wp\/v2\/pages"}],"about":[{"href":"https:\/\/hysolv.eu\/no\/wp-json\/wp\/v2\/types\/page"}],"author":[{"embeddable":true,"href":"https:\/\/hysolv.eu\/no\/wp-json\/wp\/v2\/users\/9"}],"replies":[{"embeddable":true,"href":"https:\/\/hysolv.eu\/no\/wp-json\/wp\/v2\/comments?post=3815"}],"version-history":[{"count":0,"href":"https:\/\/hysolv.eu\/no\/wp-json\/wp\/v2\/pages\/3815\/revisions"}],"wp:attachment":[{"href":"https:\/\/hysolv.eu\/no\/wp-json\/wp\/v2\/media?parent=3815"}],"curies":[{"name":"wp","href":"https:\/\/api.w.org\/{rel}","templated":true}]}}