{"id":4111,"date":"2026-02-06T06:52:28","date_gmt":"2026-02-06T05:52:28","guid":{"rendered":"https:\/\/hysolv.eu\/?page_id=4111"},"modified":"2026-04-04T13:15:43","modified_gmt":"2026-04-04T12:15:43","slug":"desinfeksjonsmidler","status":"publish","type":"page","link":"https:\/\/hysolv.eu\/no\/produkter\/desinfeksjonsmidler","title":{"rendered":"Desinfeksjonsmidler"},"content":{"rendered":"<div id=\"cs-content\" class=\"cs-content\"><\/div>\n","protected":false},"excerpt":{"rendered":"<p>Profesjonelle Veterin\u00e6re Desinfeksjonsmidler For P\u00e5litelig Biosikkerhet P\u00e5 G\u00e5rdEffektiv desinfeksjon er grunnlaget for robust biosikkerhet i husdyrproduksjon og forhindrer spredning av patogener i dyreoppstalling, vannsystemer og produksjonsmilj\u00f8er. Hysolv leverer h\u00f8yytelses veterin\u00e6re desinfeksjonsl\u00f8sninger utviklet for \u00e5 st\u00f8tte trygg og vitenskapsbasert hygienestyring i moderne landbruks- og veterin\u00e6rmilj\u00f8er. Utviklet for \u00e5 m\u00f8te de komplekse hygienekravene i husdyrproduksjon, gir v\u00e5re desinfeksjonsmidler p\u00e5litelig effekt mot bakterier, &#8230; <\/p>\n<div><a href=\"https:\/\/hysolv.eu\/no\/produkt\/interask\" class=\"more-link\">Read More<\/a><\/div>\n","protected":false},"author":9,"featured_media":0,"parent":3815,"menu_order":111,"comment_status":"closed","ping_status":"closed","template":"template-blank-4.php","meta":{"footnotes":""},"class_list":["post-4111","page","type-page","status-publish","hentry","no-post-thumbnail"],"yoast_head":"<!-- This site is optimized with the Yoast SEO plugin v27.3 - https:\/\/yoast.com\/product\/yoast-seo-wordpress\/ -->\n<title>Veterin\u00e6re desinfeksjonsmidler for biosikkerhet p\u00e5 g\u00e5rd | Hysolv<\/title>\n<meta name=\"description\" content=\"Profesjonelle veterin\u00e6re desinfeksjonsmidler for dyreoppstalling, vannsystemer, utstyr og h\u00f8yrisikoomr\u00e5der. Dokumenterte l\u00f8sninger for p\u00e5litelig sykdomsforebygging.\" \/>\n<meta name=\"robots\" content=\"index, follow, max-snippet:-1, max-image-preview:large, max-video-preview:-1\" \/>\n<link rel=\"canonical\" href=\"https:\/\/hysolv.eu\/no\/produkter\/desinfeksjonsmidler\" \/>\n<meta property=\"og:locale\" content=\"nb_NO\" \/>\n<meta property=\"og:type\" content=\"article\" \/>\n<meta property=\"og:title\" content=\"Veterin\u00e6re desinfeksjonsmidler for biosikkerhet p\u00e5 g\u00e5rd | Hysolv\" \/>\n<meta property=\"og:description\" content=\"Profesjonelle veterin\u00e6re desinfeksjonsmidler for dyreoppstalling, vannsystemer, utstyr og h\u00f8yrisikoomr\u00e5der. Dokumenterte l\u00f8sninger for p\u00e5litelig sykdomsforebygging.\" \/>\n<meta property=\"og:url\" content=\"https:\/\/hysolv.eu\/no\/produkter\/desinfeksjonsmidler\" \/>\n<meta property=\"og:site_name\" content=\"Hysolv\" \/>\n<meta property=\"article:publisher\" content=\"https:\/\/www.facebook.com\/HysolvLtd\" \/>\n<meta property=\"article:modified_time\" content=\"2026-04-04T12:15:43+00:00\" \/>\n<meta name=\"twitter:card\" content=\"summary_large_image\" \/>\n<meta name=\"twitter:label1\" content=\"Ansl. lesetid\" \/>\n\t<meta name=\"twitter:data1\" content=\"5 minutter\" \/>\n<script type=\"application\/ld+json\" class=\"yoast-schema-graph\">{\"@context\":\"https:\\\/\\\/schema.org\",\"@graph\":[{\"@type\":\"WebPage\",\"@id\":\"https:\\\/\\\/hysolv.eu\\\/no\\\/produkter\\\/desinfeksjonsmidler\",\"url\":\"https:\\\/\\\/hysolv.eu\\\/no\\\/produkter\\\/desinfeksjonsmidler\",\"name\":\"Veterin\u00e6re desinfeksjonsmidler for biosikkerhet p\u00e5 g\u00e5rd | Hysolv\",\"isPartOf\":{\"@id\":\"https:\\\/\\\/hysolv.eu\\\/no#website\"},\"datePublished\":\"2026-02-06T05:52:28+00:00\",\"dateModified\":\"2026-04-04T12:15:43+00:00\",\"description\":\"Profesjonelle veterin\u00e6re desinfeksjonsmidler for dyreoppstalling, vannsystemer, utstyr og h\u00f8yrisikoomr\u00e5der. Dokumenterte l\u00f8sninger for p\u00e5litelig sykdomsforebygging.\",\"breadcrumb\":{\"@id\":\"https:\\\/\\\/hysolv.eu\\\/no\\\/produkter\\\/desinfeksjonsmidler#breadcrumb\"},\"inLanguage\":\"nb-NO\",\"potentialAction\":[{\"@type\":\"ReadAction\",\"target\":[\"https:\\\/\\\/hysolv.eu\\\/no\\\/produkter\\\/desinfeksjonsmidler\"]}]},{\"@type\":\"BreadcrumbList\",\"@id\":\"https:\\\/\\\/hysolv.eu\\\/no\\\/produkter\\\/desinfeksjonsmidler#breadcrumb\",\"itemListElement\":[{\"@type\":\"ListItem\",\"position\":1,\"name\":\"Home\",\"item\":\"https:\\\/\\\/hysolv.eu\\\/no\\\/hjem\"},{\"@type\":\"ListItem\",\"position\":2,\"name\":\"Produkter\",\"item\":\"https:\\\/\\\/hysolv.eu\\\/no\\\/produkter\"},{\"@type\":\"ListItem\",\"position\":3,\"name\":\"Desinfeksjonsmidler\"}]},{\"@type\":\"WebSite\",\"@id\":\"https:\\\/\\\/hysolv.eu\\\/no#website\",\"url\":\"https:\\\/\\\/hysolv.eu\\\/no\",\"name\":\"Hysolv\",\"description\":\"Supporting Animal Health &amp; Biosecurity\",\"publisher\":{\"@id\":\"https:\\\/\\\/hysolv.eu\\\/no#organization\"},\"potentialAction\":[{\"@type\":\"SearchAction\",\"target\":{\"@type\":\"EntryPoint\",\"urlTemplate\":\"https:\\\/\\\/hysolv.eu\\\/no?s={search_term_string}\"},\"query-input\":{\"@type\":\"PropertyValueSpecification\",\"valueRequired\":true,\"valueName\":\"search_term_string\"}}],\"inLanguage\":\"nb-NO\"},{\"@type\":\"Organization\",\"@id\":\"https:\\\/\\\/hysolv.eu\\\/no#organization\",\"name\":\"Hysolv GmbH\",\"url\":\"https:\\\/\\\/hysolv.eu\\\/no\",\"logo\":{\"@type\":\"ImageObject\",\"inLanguage\":\"nb-NO\",\"@id\":\"https:\\\/\\\/hysolv.eu\\\/no#\\\/schema\\\/logo\\\/image\\\/\",\"url\":\"https:\\\/\\\/hysolv.eu\\\/wp-content\\\/uploads\\\/LoginLogo-1.png\",\"contentUrl\":\"https:\\\/\\\/hysolv.eu\\\/wp-content\\\/uploads\\\/LoginLogo-1.png\",\"width\":480,\"height\":229,\"caption\":\"Hysolv GmbH\"},\"image\":{\"@id\":\"https:\\\/\\\/hysolv.eu\\\/no#\\\/schema\\\/logo\\\/image\\\/\"},\"sameAs\":[\"https:\\\/\\\/www.facebook.com\\\/HysolvLtd\",\"https:\\\/\\\/www.instagram.com\\\/hysolvlimited\\\/\",\"https:\\\/\\\/www.linkedin.com\\\/company\\\/hysolv-limited\\\/about\\\/\"]}]}<\/script>\n<!-- \/ Yoast SEO plugin. -->","yoast_head_json":{"title":"Veterin\u00e6re desinfeksjonsmidler for biosikkerhet p\u00e5 g\u00e5rd | Hysolv","description":"Profesjonelle veterin\u00e6re desinfeksjonsmidler for dyreoppstalling, vannsystemer, utstyr og h\u00f8yrisikoomr\u00e5der. Dokumenterte l\u00f8sninger for p\u00e5litelig sykdomsforebygging.","robots":{"index":"index","follow":"follow","max-snippet":"max-snippet:-1","max-image-preview":"max-image-preview:large","max-video-preview":"max-video-preview:-1"},"canonical":"https:\/\/hysolv.eu\/no\/produkter\/desinfeksjonsmidler","og_locale":"nb_NO","og_type":"article","og_title":"Veterin\u00e6re desinfeksjonsmidler for biosikkerhet p\u00e5 g\u00e5rd | Hysolv","og_description":"Profesjonelle veterin\u00e6re desinfeksjonsmidler for dyreoppstalling, vannsystemer, utstyr og h\u00f8yrisikoomr\u00e5der. Dokumenterte l\u00f8sninger for p\u00e5litelig sykdomsforebygging.","og_url":"https:\/\/hysolv.eu\/no\/produkter\/desinfeksjonsmidler","og_site_name":"Hysolv","article_publisher":"https:\/\/www.facebook.com\/HysolvLtd","article_modified_time":"2026-04-04T12:15:43+00:00","twitter_card":"summary_large_image","twitter_misc":{"Ansl. lesetid":"5 minutter"},"schema":{"@context":"https:\/\/schema.org","@graph":[{"@type":"WebPage","@id":"https:\/\/hysolv.eu\/no\/produkter\/desinfeksjonsmidler","url":"https:\/\/hysolv.eu\/no\/produkter\/desinfeksjonsmidler","name":"Veterin\u00e6re desinfeksjonsmidler for biosikkerhet p\u00e5 g\u00e5rd | Hysolv","isPartOf":{"@id":"https:\/\/hysolv.eu\/no#website"},"datePublished":"2026-02-06T05:52:28+00:00","dateModified":"2026-04-04T12:15:43+00:00","description":"Profesjonelle veterin\u00e6re desinfeksjonsmidler for dyreoppstalling, vannsystemer, utstyr og h\u00f8yrisikoomr\u00e5der. Dokumenterte l\u00f8sninger for p\u00e5litelig sykdomsforebygging.","breadcrumb":{"@id":"https:\/\/hysolv.eu\/no\/produkter\/desinfeksjonsmidler#breadcrumb"},"inLanguage":"nb-NO","potentialAction":[{"@type":"ReadAction","target":["https:\/\/hysolv.eu\/no\/produkter\/desinfeksjonsmidler"]}]},{"@type":"BreadcrumbList","@id":"https:\/\/hysolv.eu\/no\/produkter\/desinfeksjonsmidler#breadcrumb","itemListElement":[{"@type":"ListItem","position":1,"name":"Home","item":"https:\/\/hysolv.eu\/no\/hjem"},{"@type":"ListItem","position":2,"name":"Produkter","item":"https:\/\/hysolv.eu\/no\/produkter"},{"@type":"ListItem","position":3,"name":"Desinfeksjonsmidler"}]},{"@type":"WebSite","@id":"https:\/\/hysolv.eu\/no#website","url":"https:\/\/hysolv.eu\/no","name":"Hysolv","description":"Supporting Animal Health &amp; Biosecurity","publisher":{"@id":"https:\/\/hysolv.eu\/no#organization"},"potentialAction":[{"@type":"SearchAction","target":{"@type":"EntryPoint","urlTemplate":"https:\/\/hysolv.eu\/no?s={search_term_string}"},"query-input":{"@type":"PropertyValueSpecification","valueRequired":true,"valueName":"search_term_string"}}],"inLanguage":"nb-NO"},{"@type":"Organization","@id":"https:\/\/hysolv.eu\/no#organization","name":"Hysolv GmbH","url":"https:\/\/hysolv.eu\/no","logo":{"@type":"ImageObject","inLanguage":"nb-NO","@id":"https:\/\/hysolv.eu\/no#\/schema\/logo\/image\/","url":"https:\/\/hysolv.eu\/wp-content\/uploads\/LoginLogo-1.png","contentUrl":"https:\/\/hysolv.eu\/wp-content\/uploads\/LoginLogo-1.png","width":480,"height":229,"caption":"Hysolv GmbH"},"image":{"@id":"https:\/\/hysolv.eu\/no#\/schema\/logo\/image\/"},"sameAs":["https:\/\/www.facebook.com\/HysolvLtd","https:\/\/www.instagram.com\/hysolvlimited\/","https:\/\/www.linkedin.com\/company\/hysolv-limited\/about\/"]}]}},"_links":{"self":[{"href":"https:\/\/hysolv.eu\/no\/wp-json\/wp\/v2\/pages\/4111","targetHints":{"allow":["GET"]}}],"collection":[{"href":"https:\/\/hysolv.eu\/no\/wp-json\/wp\/v2\/pages"}],"about":[{"href":"https:\/\/hysolv.eu\/no\/wp-json\/wp\/v2\/types\/page"}],"author":[{"embeddable":true,"href":"https:\/\/hysolv.eu\/no\/wp-json\/wp\/v2\/users\/9"}],"replies":[{"embeddable":true,"href":"https:\/\/hysolv.eu\/no\/wp-json\/wp\/v2\/comments?post=4111"}],"version-history":[{"count":0,"href":"https:\/\/hysolv.eu\/no\/wp-json\/wp\/v2\/pages\/4111\/revisions"}],"up":[{"embeddable":true,"href":"https:\/\/hysolv.eu\/no\/wp-json\/wp\/v2\/pages\/3815"}],"wp:attachment":[{"href":"https:\/\/hysolv.eu\/no\/wp-json\/wp\/v2\/media?parent=4111"}],"curies":[{"name":"wp","href":"https:\/\/api.w.org\/{rel}","templated":true}]}}