{"id":4137,"date":"2026-02-06T06:47:40","date_gmt":"2026-02-06T05:47:40","guid":{"rendered":"https:\/\/hysolv.eu\/?page_id=4137"},"modified":"2026-04-06T09:24:05","modified_gmt":"2026-04-06T08:24:05","slug":"om-2","status":"publish","type":"page","link":"https:\/\/hysolv.eu\/no\/om-2","title":{"rendered":"Etter kategori"},"content":{"rendered":"<div id=\"cs-content\" class=\"cs-content\"><\/div>\n","protected":false},"excerpt":{"rendered":"<p>Biosikkerhets\u00adkategorier for profesjonell dyrehelse og sikkerhetEffektiv biosikkerhet i landbruket er avgj\u00f8rende for \u00e5 beskytte dyrehelse, redusere sykdomsrisiko og sikre b\u00e6rekraftig landbruksproduksjon. Hysolv tilbyr en omfattende portef\u00f8lje av l\u00f8sninger innen hygiene, desinfeksjon, skadedyrbekjempelse, f\u00f4rhygiene og n\u00e6ringsmiddelprosessering, tydelig organisert etter kategori for \u00e5 hjelpe g\u00e5rder og landbruksbedrifter med \u00e5 velge riktige produkter for sine spesifikke behov. V\u00e5re vitenskapelig utviklede l\u00f8sninger st\u00f8tter biosikkerhet &#8230; <\/p>\n<div><a href=\"https:\/\/hysolv.eu\/no\/om-2\" class=\"more-link\">Read More<\/a><\/div>\n","protected":false},"author":9,"featured_media":0,"parent":0,"menu_order":110,"comment_status":"closed","ping_status":"closed","template":"template-blank-4.php","meta":{"footnotes":""},"class_list":["post-4137","page","type-page","status-publish","hentry","no-post-thumbnail"],"yoast_head":"<!-- This site is optimized with the Yoast SEO plugin v27.3 - https:\/\/yoast.com\/product\/yoast-seo-wordpress\/ -->\n<title>Biosikkerhetskategorier for g\u00e5rd | Hygiene og sykdomsforebygging | Hysolv<\/title>\n<meta name=\"description\" content=\"Utforsk Hysolv sine biosikkerhetskategorier for g\u00e5rd, inkludert desinfeksjon, rengj\u00f8ring, skadedyrbekjempelse, f\u00f4rhygiene og n\u00e6ringsmiddelprosessering. Strukturerte l\u00f8sninger for profesjonell dyrehelse og hygienestyring.\" \/>\n<meta name=\"robots\" content=\"index, follow, max-snippet:-1, max-image-preview:large, max-video-preview:-1\" \/>\n<link rel=\"canonical\" href=\"https:\/\/hysolv.eu\/no\/om-2\" \/>\n<meta property=\"og:locale\" content=\"nb_NO\" \/>\n<meta property=\"og:type\" content=\"article\" \/>\n<meta property=\"og:title\" content=\"Biosikkerhetskategorier for g\u00e5rd | Hygiene og sykdomsforebygging | Hysolv\" \/>\n<meta property=\"og:description\" content=\"Utforsk Hysolv sine biosikkerhetskategorier for g\u00e5rd, inkludert desinfeksjon, rengj\u00f8ring, skadedyrbekjempelse, f\u00f4rhygiene og n\u00e6ringsmiddelprosessering. Strukturerte l\u00f8sninger for profesjonell dyrehelse og hygienestyring.\" \/>\n<meta property=\"og:url\" content=\"https:\/\/hysolv.eu\/no\/om-2\" \/>\n<meta property=\"og:site_name\" content=\"Hysolv\" \/>\n<meta property=\"article:publisher\" content=\"https:\/\/www.facebook.com\/HysolvLtd\" \/>\n<meta property=\"article:modified_time\" content=\"2026-04-06T08:24:05+00:00\" \/>\n<meta name=\"twitter:card\" content=\"summary_large_image\" \/>\n<meta name=\"twitter:label1\" content=\"Ansl. lesetid\" \/>\n\t<meta name=\"twitter:data1\" content=\"5 minutter\" \/>\n<script type=\"application\/ld+json\" class=\"yoast-schema-graph\">{\"@context\":\"https:\\\/\\\/schema.org\",\"@graph\":[{\"@type\":\"WebPage\",\"@id\":\"https:\\\/\\\/hysolv.eu\\\/no\\\/om-2\",\"url\":\"https:\\\/\\\/hysolv.eu\\\/no\\\/om-2\",\"name\":\"Biosikkerhetskategorier for g\u00e5rd | Hygiene og sykdomsforebygging | Hysolv\",\"isPartOf\":{\"@id\":\"https:\\\/\\\/hysolv.eu\\\/no#website\"},\"datePublished\":\"2026-02-06T05:47:40+00:00\",\"dateModified\":\"2026-04-06T08:24:05+00:00\",\"description\":\"Utforsk Hysolv sine biosikkerhetskategorier for g\u00e5rd, inkludert desinfeksjon, rengj\u00f8ring, skadedyrbekjempelse, f\u00f4rhygiene og n\u00e6ringsmiddelprosessering. Strukturerte l\u00f8sninger for profesjonell dyrehelse og hygienestyring.\",\"breadcrumb\":{\"@id\":\"https:\\\/\\\/hysolv.eu\\\/no\\\/om-2#breadcrumb\"},\"inLanguage\":\"nb-NO\",\"potentialAction\":[{\"@type\":\"ReadAction\",\"target\":[\"https:\\\/\\\/hysolv.eu\\\/no\\\/om-2\"]}]},{\"@type\":\"BreadcrumbList\",\"@id\":\"https:\\\/\\\/hysolv.eu\\\/no\\\/om-2#breadcrumb\",\"itemListElement\":[{\"@type\":\"ListItem\",\"position\":1,\"name\":\"Home\",\"item\":\"https:\\\/\\\/hysolv.eu\\\/no\\\/hjem\"},{\"@type\":\"ListItem\",\"position\":2,\"name\":\"Etter kategori\"}]},{\"@type\":\"WebSite\",\"@id\":\"https:\\\/\\\/hysolv.eu\\\/no#website\",\"url\":\"https:\\\/\\\/hysolv.eu\\\/no\",\"name\":\"Hysolv\",\"description\":\"Supporting Animal Health &amp; Biosecurity\",\"publisher\":{\"@id\":\"https:\\\/\\\/hysolv.eu\\\/no#organization\"},\"potentialAction\":[{\"@type\":\"SearchAction\",\"target\":{\"@type\":\"EntryPoint\",\"urlTemplate\":\"https:\\\/\\\/hysolv.eu\\\/no?s={search_term_string}\"},\"query-input\":{\"@type\":\"PropertyValueSpecification\",\"valueRequired\":true,\"valueName\":\"search_term_string\"}}],\"inLanguage\":\"nb-NO\"},{\"@type\":\"Organization\",\"@id\":\"https:\\\/\\\/hysolv.eu\\\/no#organization\",\"name\":\"Hysolv GmbH\",\"url\":\"https:\\\/\\\/hysolv.eu\\\/no\",\"logo\":{\"@type\":\"ImageObject\",\"inLanguage\":\"nb-NO\",\"@id\":\"https:\\\/\\\/hysolv.eu\\\/no#\\\/schema\\\/logo\\\/image\\\/\",\"url\":\"https:\\\/\\\/hysolv.eu\\\/wp-content\\\/uploads\\\/LoginLogo-1.png\",\"contentUrl\":\"https:\\\/\\\/hysolv.eu\\\/wp-content\\\/uploads\\\/LoginLogo-1.png\",\"width\":480,\"height\":229,\"caption\":\"Hysolv GmbH\"},\"image\":{\"@id\":\"https:\\\/\\\/hysolv.eu\\\/no#\\\/schema\\\/logo\\\/image\\\/\"},\"sameAs\":[\"https:\\\/\\\/www.facebook.com\\\/HysolvLtd\",\"https:\\\/\\\/www.instagram.com\\\/hysolvlimited\\\/\",\"https:\\\/\\\/www.linkedin.com\\\/company\\\/hysolv-limited\\\/about\\\/\"]}]}<\/script>\n<!-- \/ Yoast SEO plugin. -->","yoast_head_json":{"title":"Biosikkerhetskategorier for g\u00e5rd | Hygiene og sykdomsforebygging | Hysolv","description":"Utforsk Hysolv sine biosikkerhetskategorier for g\u00e5rd, inkludert desinfeksjon, rengj\u00f8ring, skadedyrbekjempelse, f\u00f4rhygiene og n\u00e6ringsmiddelprosessering. Strukturerte l\u00f8sninger for profesjonell dyrehelse og hygienestyring.","robots":{"index":"index","follow":"follow","max-snippet":"max-snippet:-1","max-image-preview":"max-image-preview:large","max-video-preview":"max-video-preview:-1"},"canonical":"https:\/\/hysolv.eu\/no\/om-2","og_locale":"nb_NO","og_type":"article","og_title":"Biosikkerhetskategorier for g\u00e5rd | Hygiene og sykdomsforebygging | Hysolv","og_description":"Utforsk Hysolv sine biosikkerhetskategorier for g\u00e5rd, inkludert desinfeksjon, rengj\u00f8ring, skadedyrbekjempelse, f\u00f4rhygiene og n\u00e6ringsmiddelprosessering. Strukturerte l\u00f8sninger for profesjonell dyrehelse og hygienestyring.","og_url":"https:\/\/hysolv.eu\/no\/om-2","og_site_name":"Hysolv","article_publisher":"https:\/\/www.facebook.com\/HysolvLtd","article_modified_time":"2026-04-06T08:24:05+00:00","twitter_card":"summary_large_image","twitter_misc":{"Ansl. lesetid":"5 minutter"},"schema":{"@context":"https:\/\/schema.org","@graph":[{"@type":"WebPage","@id":"https:\/\/hysolv.eu\/no\/om-2","url":"https:\/\/hysolv.eu\/no\/om-2","name":"Biosikkerhetskategorier for g\u00e5rd | Hygiene og sykdomsforebygging | Hysolv","isPartOf":{"@id":"https:\/\/hysolv.eu\/no#website"},"datePublished":"2026-02-06T05:47:40+00:00","dateModified":"2026-04-06T08:24:05+00:00","description":"Utforsk Hysolv sine biosikkerhetskategorier for g\u00e5rd, inkludert desinfeksjon, rengj\u00f8ring, skadedyrbekjempelse, f\u00f4rhygiene og n\u00e6ringsmiddelprosessering. Strukturerte l\u00f8sninger for profesjonell dyrehelse og hygienestyring.","breadcrumb":{"@id":"https:\/\/hysolv.eu\/no\/om-2#breadcrumb"},"inLanguage":"nb-NO","potentialAction":[{"@type":"ReadAction","target":["https:\/\/hysolv.eu\/no\/om-2"]}]},{"@type":"BreadcrumbList","@id":"https:\/\/hysolv.eu\/no\/om-2#breadcrumb","itemListElement":[{"@type":"ListItem","position":1,"name":"Home","item":"https:\/\/hysolv.eu\/no\/hjem"},{"@type":"ListItem","position":2,"name":"Etter kategori"}]},{"@type":"WebSite","@id":"https:\/\/hysolv.eu\/no#website","url":"https:\/\/hysolv.eu\/no","name":"Hysolv","description":"Supporting Animal Health &amp; Biosecurity","publisher":{"@id":"https:\/\/hysolv.eu\/no#organization"},"potentialAction":[{"@type":"SearchAction","target":{"@type":"EntryPoint","urlTemplate":"https:\/\/hysolv.eu\/no?s={search_term_string}"},"query-input":{"@type":"PropertyValueSpecification","valueRequired":true,"valueName":"search_term_string"}}],"inLanguage":"nb-NO"},{"@type":"Organization","@id":"https:\/\/hysolv.eu\/no#organization","name":"Hysolv GmbH","url":"https:\/\/hysolv.eu\/no","logo":{"@type":"ImageObject","inLanguage":"nb-NO","@id":"https:\/\/hysolv.eu\/no#\/schema\/logo\/image\/","url":"https:\/\/hysolv.eu\/wp-content\/uploads\/LoginLogo-1.png","contentUrl":"https:\/\/hysolv.eu\/wp-content\/uploads\/LoginLogo-1.png","width":480,"height":229,"caption":"Hysolv GmbH"},"image":{"@id":"https:\/\/hysolv.eu\/no#\/schema\/logo\/image\/"},"sameAs":["https:\/\/www.facebook.com\/HysolvLtd","https:\/\/www.instagram.com\/hysolvlimited\/","https:\/\/www.linkedin.com\/company\/hysolv-limited\/about\/"]}]}},"_links":{"self":[{"href":"https:\/\/hysolv.eu\/no\/wp-json\/wp\/v2\/pages\/4137","targetHints":{"allow":["GET"]}}],"collection":[{"href":"https:\/\/hysolv.eu\/no\/wp-json\/wp\/v2\/pages"}],"about":[{"href":"https:\/\/hysolv.eu\/no\/wp-json\/wp\/v2\/types\/page"}],"author":[{"embeddable":true,"href":"https:\/\/hysolv.eu\/no\/wp-json\/wp\/v2\/users\/9"}],"replies":[{"embeddable":true,"href":"https:\/\/hysolv.eu\/no\/wp-json\/wp\/v2\/comments?post=4137"}],"version-history":[{"count":0,"href":"https:\/\/hysolv.eu\/no\/wp-json\/wp\/v2\/pages\/4137\/revisions"}],"wp:attachment":[{"href":"https:\/\/hysolv.eu\/no\/wp-json\/wp\/v2\/media?parent=4137"}],"curies":[{"name":"wp","href":"https:\/\/api.w.org\/{rel}","templated":true}]}}