{"id":4200,"date":"2026-02-06T06:55:54","date_gmt":"2026-02-06T05:55:54","guid":{"rendered":"https:\/\/hysolv.eu\/?page_id=4200"},"modified":"2026-04-24T08:57:30","modified_gmt":"2026-04-24T07:57:30","slug":"forhygiene-og-tilsetningsstoffer","status":"publish","type":"page","link":"https:\/\/hysolv.eu\/no\/produkter\/forhygiene-og-tilsetningsstoffer","title":{"rendered":"F\u00f4rhygiene og tilsetningsstoffer"},"content":{"rendered":"<div id=\"cs-content\" class=\"cs-content\"><\/div>\n","protected":false},"excerpt":{"rendered":"<p>L\u00f8sninger For F\u00f4rhygiene For Trygt, Rent Og H\u00f8ykvalitets Dyref\u00f4r Effektiv f\u00f4rhygiene er en sentral b\u00e6rebjelke for dyrehelse, g\u00e5rdsproduktivitet og samlet biosikkerhet. Rent og godt h\u00e5ndtert f\u00f4r reduserer mikrobielle risikoer, st\u00f8tter tarmhelse og bidrar til stabil produksjonsytelse i moderne husdyrsystemer. Hysolv tilbyr profesjonelle l\u00f8sninger for f\u00f4rhygiene utviklet for \u00e5 beskytte f\u00f4rkvalitet, redusere kontamineringsrisiko og st\u00f8tte trygg h\u00e5ndtering og ern\u00e6ring gjennom hele &#8230; <\/p>\n<div><a href=\"https:\/\/hysolv.eu\/no\/produkt\/alquernat-zycox\" class=\"more-link\">Read More<\/a><\/div>\n","protected":false},"author":9,"featured_media":0,"parent":3815,"menu_order":114,"comment_status":"closed","ping_status":"closed","template":"template-blank-4.php","meta":{"rs_blank_template":"","rs_page_bg_color":"","slide_template_v7":"","footnotes":""},"class_list":["post-4200","page","type-page","status-publish","hentry","no-post-thumbnail"],"yoast_head":"<!-- This site is optimized with the Yoast SEO plugin v27.5 - https:\/\/yoast.com\/product\/yoast-seo-wordpress\/ -->\n<title>F\u00f4rhygienel\u00f8sninger og tilsetningsstoffer for dyrehelse | Hysolv<\/title>\n<meta name=\"description\" content=\"Profesjonelle l\u00f8sninger for f\u00f4rhygiene og tilsetningsstoffer som st\u00f8tter tarmhelse, trygg dyreern\u00e6ring og biosikkerhet i moderne husdyrproduksjonssystemer.\" \/>\n<meta name=\"robots\" content=\"index, follow, max-snippet:-1, max-image-preview:large, max-video-preview:-1\" \/>\n<link rel=\"canonical\" href=\"https:\/\/hysolv.eu\/no\/produkter\/forhygiene-og-tilsetningsstoffer\" \/>\n<meta property=\"og:locale\" content=\"nb_NO\" \/>\n<meta property=\"og:type\" content=\"article\" \/>\n<meta property=\"og:title\" content=\"F\u00f4rhygienel\u00f8sninger og tilsetningsstoffer for dyrehelse | Hysolv\" \/>\n<meta property=\"og:description\" content=\"Profesjonelle l\u00f8sninger for f\u00f4rhygiene og tilsetningsstoffer som st\u00f8tter tarmhelse, trygg dyreern\u00e6ring og biosikkerhet i moderne husdyrproduksjonssystemer.\" \/>\n<meta property=\"og:url\" content=\"https:\/\/hysolv.eu\/no\/produkter\/forhygiene-og-tilsetningsstoffer\" \/>\n<meta property=\"og:site_name\" content=\"Hysolv\" \/>\n<meta property=\"article:publisher\" content=\"https:\/\/www.facebook.com\/HysolvLtd\" \/>\n<meta property=\"article:modified_time\" content=\"2026-04-24T07:57:30+00:00\" \/>\n<meta name=\"twitter:card\" content=\"summary_large_image\" \/>\n<meta name=\"twitter:label1\" content=\"Ansl. lesetid\" \/>\n\t<meta name=\"twitter:data1\" content=\"5 minutter\" \/>\n<script type=\"application\/ld+json\" class=\"yoast-schema-graph\">{\"@context\":\"https:\\\/\\\/schema.org\",\"@graph\":[{\"@type\":\"WebPage\",\"@id\":\"https:\\\/\\\/hysolv.eu\\\/no\\\/produkter\\\/forhygiene-og-tilsetningsstoffer\",\"url\":\"https:\\\/\\\/hysolv.eu\\\/no\\\/produkter\\\/forhygiene-og-tilsetningsstoffer\",\"name\":\"F\u00f4rhygienel\u00f8sninger og tilsetningsstoffer for dyrehelse | Hysolv\",\"isPartOf\":{\"@id\":\"https:\\\/\\\/hysolv.eu\\\/no#website\"},\"datePublished\":\"2026-02-06T05:55:54+00:00\",\"dateModified\":\"2026-04-24T07:57:30+00:00\",\"description\":\"Profesjonelle l\u00f8sninger for f\u00f4rhygiene og tilsetningsstoffer som st\u00f8tter tarmhelse, trygg dyreern\u00e6ring og biosikkerhet i moderne husdyrproduksjonssystemer.\",\"breadcrumb\":{\"@id\":\"https:\\\/\\\/hysolv.eu\\\/no\\\/produkter\\\/forhygiene-og-tilsetningsstoffer#breadcrumb\"},\"inLanguage\":\"nb-NO\",\"potentialAction\":[{\"@type\":\"ReadAction\",\"target\":[\"https:\\\/\\\/hysolv.eu\\\/no\\\/produkter\\\/forhygiene-og-tilsetningsstoffer\"]}]},{\"@type\":\"BreadcrumbList\",\"@id\":\"https:\\\/\\\/hysolv.eu\\\/no\\\/produkter\\\/forhygiene-og-tilsetningsstoffer#breadcrumb\",\"itemListElement\":[{\"@type\":\"ListItem\",\"position\":1,\"name\":\"Home\",\"item\":\"https:\\\/\\\/hysolv.eu\\\/no\"},{\"@type\":\"ListItem\",\"position\":2,\"name\":\"Produkter\",\"item\":\"https:\\\/\\\/hysolv.eu\\\/no\\\/produkter\"},{\"@type\":\"ListItem\",\"position\":3,\"name\":\"F\u00f4rhygiene og tilsetningsstoffer\"}]},{\"@type\":\"WebSite\",\"@id\":\"https:\\\/\\\/hysolv.eu\\\/no#website\",\"url\":\"https:\\\/\\\/hysolv.eu\\\/no\",\"name\":\"Hysolv\",\"description\":\"Supporting Animal Health &amp; Biosecurity\",\"publisher\":{\"@id\":\"https:\\\/\\\/hysolv.eu\\\/no#organization\"},\"potentialAction\":[{\"@type\":\"SearchAction\",\"target\":{\"@type\":\"EntryPoint\",\"urlTemplate\":\"https:\\\/\\\/hysolv.eu\\\/no?s={search_term_string}\"},\"query-input\":{\"@type\":\"PropertyValueSpecification\",\"valueRequired\":true,\"valueName\":\"search_term_string\"}}],\"inLanguage\":\"nb-NO\"},{\"@type\":\"Organization\",\"@id\":\"https:\\\/\\\/hysolv.eu\\\/no#organization\",\"name\":\"Hysolv GmbH\",\"url\":\"https:\\\/\\\/hysolv.eu\\\/no\",\"logo\":{\"@type\":\"ImageObject\",\"inLanguage\":\"nb-NO\",\"@id\":\"https:\\\/\\\/hysolv.eu\\\/no#\\\/schema\\\/logo\\\/image\\\/\",\"url\":\"https:\\\/\\\/hysolv.eu\\\/wp-content\\\/uploads\\\/LoginLogo-1.png\",\"contentUrl\":\"https:\\\/\\\/hysolv.eu\\\/wp-content\\\/uploads\\\/LoginLogo-1.png\",\"width\":480,\"height\":229,\"caption\":\"Hysolv GmbH\"},\"image\":{\"@id\":\"https:\\\/\\\/hysolv.eu\\\/no#\\\/schema\\\/logo\\\/image\\\/\"},\"sameAs\":[\"https:\\\/\\\/www.facebook.com\\\/HysolvLtd\",\"https:\\\/\\\/www.instagram.com\\\/hysolvlimited\\\/\",\"https:\\\/\\\/www.linkedin.com\\\/company\\\/hysolv-limited\\\/about\\\/\"]}]}<\/script>\n<!-- \/ Yoast SEO plugin. -->","yoast_head_json":{"title":"F\u00f4rhygienel\u00f8sninger og tilsetningsstoffer for dyrehelse | Hysolv","description":"Profesjonelle l\u00f8sninger for f\u00f4rhygiene og tilsetningsstoffer som st\u00f8tter tarmhelse, trygg dyreern\u00e6ring og biosikkerhet i moderne husdyrproduksjonssystemer.","robots":{"index":"index","follow":"follow","max-snippet":"max-snippet:-1","max-image-preview":"max-image-preview:large","max-video-preview":"max-video-preview:-1"},"canonical":"https:\/\/hysolv.eu\/no\/produkter\/forhygiene-og-tilsetningsstoffer","og_locale":"nb_NO","og_type":"article","og_title":"F\u00f4rhygienel\u00f8sninger og tilsetningsstoffer for dyrehelse | Hysolv","og_description":"Profesjonelle l\u00f8sninger for f\u00f4rhygiene og tilsetningsstoffer som st\u00f8tter tarmhelse, trygg dyreern\u00e6ring og biosikkerhet i moderne husdyrproduksjonssystemer.","og_url":"https:\/\/hysolv.eu\/no\/produkter\/forhygiene-og-tilsetningsstoffer","og_site_name":"Hysolv","article_publisher":"https:\/\/www.facebook.com\/HysolvLtd","article_modified_time":"2026-04-24T07:57:30+00:00","twitter_card":"summary_large_image","twitter_misc":{"Ansl. lesetid":"5 minutter"},"schema":{"@context":"https:\/\/schema.org","@graph":[{"@type":"WebPage","@id":"https:\/\/hysolv.eu\/no\/produkter\/forhygiene-og-tilsetningsstoffer","url":"https:\/\/hysolv.eu\/no\/produkter\/forhygiene-og-tilsetningsstoffer","name":"F\u00f4rhygienel\u00f8sninger og tilsetningsstoffer for dyrehelse | Hysolv","isPartOf":{"@id":"https:\/\/hysolv.eu\/no#website"},"datePublished":"2026-02-06T05:55:54+00:00","dateModified":"2026-04-24T07:57:30+00:00","description":"Profesjonelle l\u00f8sninger for f\u00f4rhygiene og tilsetningsstoffer som st\u00f8tter tarmhelse, trygg dyreern\u00e6ring og biosikkerhet i moderne husdyrproduksjonssystemer.","breadcrumb":{"@id":"https:\/\/hysolv.eu\/no\/produkter\/forhygiene-og-tilsetningsstoffer#breadcrumb"},"inLanguage":"nb-NO","potentialAction":[{"@type":"ReadAction","target":["https:\/\/hysolv.eu\/no\/produkter\/forhygiene-og-tilsetningsstoffer"]}]},{"@type":"BreadcrumbList","@id":"https:\/\/hysolv.eu\/no\/produkter\/forhygiene-og-tilsetningsstoffer#breadcrumb","itemListElement":[{"@type":"ListItem","position":1,"name":"Home","item":"https:\/\/hysolv.eu\/no"},{"@type":"ListItem","position":2,"name":"Produkter","item":"https:\/\/hysolv.eu\/no\/produkter"},{"@type":"ListItem","position":3,"name":"F\u00f4rhygiene og tilsetningsstoffer"}]},{"@type":"WebSite","@id":"https:\/\/hysolv.eu\/no#website","url":"https:\/\/hysolv.eu\/no","name":"Hysolv","description":"Supporting Animal Health &amp; Biosecurity","publisher":{"@id":"https:\/\/hysolv.eu\/no#organization"},"potentialAction":[{"@type":"SearchAction","target":{"@type":"EntryPoint","urlTemplate":"https:\/\/hysolv.eu\/no?s={search_term_string}"},"query-input":{"@type":"PropertyValueSpecification","valueRequired":true,"valueName":"search_term_string"}}],"inLanguage":"nb-NO"},{"@type":"Organization","@id":"https:\/\/hysolv.eu\/no#organization","name":"Hysolv GmbH","url":"https:\/\/hysolv.eu\/no","logo":{"@type":"ImageObject","inLanguage":"nb-NO","@id":"https:\/\/hysolv.eu\/no#\/schema\/logo\/image\/","url":"https:\/\/hysolv.eu\/wp-content\/uploads\/LoginLogo-1.png","contentUrl":"https:\/\/hysolv.eu\/wp-content\/uploads\/LoginLogo-1.png","width":480,"height":229,"caption":"Hysolv GmbH"},"image":{"@id":"https:\/\/hysolv.eu\/no#\/schema\/logo\/image\/"},"sameAs":["https:\/\/www.facebook.com\/HysolvLtd","https:\/\/www.instagram.com\/hysolvlimited\/","https:\/\/www.linkedin.com\/company\/hysolv-limited\/about\/"]}]}},"_links":{"self":[{"href":"https:\/\/hysolv.eu\/no\/wp-json\/wp\/v2\/pages\/4200","targetHints":{"allow":["GET"]}}],"collection":[{"href":"https:\/\/hysolv.eu\/no\/wp-json\/wp\/v2\/pages"}],"about":[{"href":"https:\/\/hysolv.eu\/no\/wp-json\/wp\/v2\/types\/page"}],"author":[{"embeddable":true,"href":"https:\/\/hysolv.eu\/no\/wp-json\/wp\/v2\/users\/9"}],"replies":[{"embeddable":true,"href":"https:\/\/hysolv.eu\/no\/wp-json\/wp\/v2\/comments?post=4200"}],"version-history":[{"count":2,"href":"https:\/\/hysolv.eu\/no\/wp-json\/wp\/v2\/pages\/4200\/revisions"}],"predecessor-version":[{"id":5990,"href":"https:\/\/hysolv.eu\/no\/wp-json\/wp\/v2\/pages\/4200\/revisions\/5990"}],"up":[{"embeddable":true,"href":"https:\/\/hysolv.eu\/no\/wp-json\/wp\/v2\/pages\/3815"}],"wp:attachment":[{"href":"https:\/\/hysolv.eu\/no\/wp-json\/wp\/v2\/media?parent=4200"}],"curies":[{"name":"wp","href":"https:\/\/api.w.org\/{rel}","templated":true}]}}