{"id":4244,"date":"2026-02-06T07:49:11","date_gmt":"2026-02-06T06:49:11","guid":{"rendered":"https:\/\/hysolv.eu\/?page_id=4244"},"modified":"2026-04-06T09:09:40","modified_gmt":"2026-04-06T08:09:40","slug":"naeringsmiddelprosessering-og-lagring","status":"publish","type":"page","link":"https:\/\/hysolv.eu\/no\/produkter\/naeringsmiddelprosessering-og-lagring","title":{"rendered":"N\u00e6ringsmiddelprosessering Og Lagring"},"content":{"rendered":"<div id=\"cs-content\" class=\"cs-content\"><\/div>\n","protected":false},"excerpt":{"rendered":"<p>Hygiene- Og Sanit\u00e6r\u00ad\u00adl\u00f8sninger For N\u00e6rings\u00ad\u00admiddel\u00ad\u00adindustrienHygiene og sanering i n\u00e6ringsmiddelindustrien er avgj\u00f8rende for \u00e5 beskytte produktkvalitet, sikre forbrukersikkerhet og oppfylle regulatoriske krav. Fra prosesseringslinjer til lagrings- og transportomr\u00e5der krever hvert trinn i n\u00e6ringsmiddelkjeden effektiv rengj\u00f8ring og sanering for \u00e5 forhindre kontaminasjon og sikre trygg h\u00e5ndtering av mat. Hysolv tilbyr profesjonelle hygiene- og sanit\u00e6rl\u00f8sninger utviklet for milj\u00f8er innen n\u00e6ringsmiddelprosessering og lagring. V\u00e5re &#8230; <\/p>\n<div><a href=\"https:\/\/hysolv.eu\/no\/produkt\/alkalien\" class=\"more-link\">Read More<\/a><\/div>\n","protected":false},"author":9,"featured_media":0,"parent":3815,"menu_order":115,"comment_status":"closed","ping_status":"closed","template":"template-blank-4.php","meta":{"footnotes":""},"class_list":["post-4244","page","type-page","status-publish","hentry","no-post-thumbnail"],"yoast_head":"<!-- This site is optimized with the Yoast SEO plugin v27.3 - https:\/\/yoast.com\/product\/yoast-seo-wordpress\/ -->\n<title>Hygiene- og desinfeksjonsl\u00f8sninger for n\u00e6ringsmiddelindustrien | Hysolv<\/title>\n<meta name=\"description\" content=\"Profesjonelle hygiene- og desinfeksjonsl\u00f8sninger for n\u00e6ringsmiddelprosessering og lagring. P\u00e5litelige rengj\u00f8rings-, desinfeksjons- og foggel\u00f8sninger for matsikkerhet og regelverksoverholdelse.\" \/>\n<meta name=\"robots\" content=\"index, follow, max-snippet:-1, max-image-preview:large, max-video-preview:-1\" \/>\n<link rel=\"canonical\" href=\"https:\/\/hysolv.eu\/no\/produkter\/naeringsmiddelprosessering-og-lagring\" \/>\n<meta property=\"og:locale\" content=\"nb_NO\" \/>\n<meta property=\"og:type\" content=\"article\" \/>\n<meta property=\"og:title\" content=\"Hygiene- og desinfeksjonsl\u00f8sninger for n\u00e6ringsmiddelindustrien | Hysolv\" \/>\n<meta property=\"og:description\" content=\"Profesjonelle hygiene- og desinfeksjonsl\u00f8sninger for n\u00e6ringsmiddelprosessering og lagring. P\u00e5litelige rengj\u00f8rings-, desinfeksjons- og foggel\u00f8sninger for matsikkerhet og regelverksoverholdelse.\" \/>\n<meta property=\"og:url\" content=\"https:\/\/hysolv.eu\/no\/produkter\/naeringsmiddelprosessering-og-lagring\" \/>\n<meta property=\"og:site_name\" content=\"Hysolv\" \/>\n<meta property=\"article:publisher\" content=\"https:\/\/www.facebook.com\/HysolvLtd\" \/>\n<meta property=\"article:modified_time\" content=\"2026-04-06T08:09:40+00:00\" \/>\n<meta name=\"twitter:card\" content=\"summary_large_image\" \/>\n<meta name=\"twitter:label1\" content=\"Ansl. lesetid\" \/>\n\t<meta name=\"twitter:data1\" content=\"5 minutter\" \/>\n<script type=\"application\/ld+json\" class=\"yoast-schema-graph\">{\"@context\":\"https:\\\/\\\/schema.org\",\"@graph\":[{\"@type\":\"WebPage\",\"@id\":\"https:\\\/\\\/hysolv.eu\\\/no\\\/produkter\\\/naeringsmiddelprosessering-og-lagring\",\"url\":\"https:\\\/\\\/hysolv.eu\\\/no\\\/produkter\\\/naeringsmiddelprosessering-og-lagring\",\"name\":\"Hygiene- og desinfeksjonsl\u00f8sninger for n\u00e6ringsmiddelindustrien | Hysolv\",\"isPartOf\":{\"@id\":\"https:\\\/\\\/hysolv.eu\\\/no#website\"},\"datePublished\":\"2026-02-06T06:49:11+00:00\",\"dateModified\":\"2026-04-06T08:09:40+00:00\",\"description\":\"Profesjonelle hygiene- og desinfeksjonsl\u00f8sninger for n\u00e6ringsmiddelprosessering og lagring. P\u00e5litelige rengj\u00f8rings-, desinfeksjons- og foggel\u00f8sninger for matsikkerhet og regelverksoverholdelse.\",\"breadcrumb\":{\"@id\":\"https:\\\/\\\/hysolv.eu\\\/no\\\/produkter\\\/naeringsmiddelprosessering-og-lagring#breadcrumb\"},\"inLanguage\":\"nb-NO\",\"potentialAction\":[{\"@type\":\"ReadAction\",\"target\":[\"https:\\\/\\\/hysolv.eu\\\/no\\\/produkter\\\/naeringsmiddelprosessering-og-lagring\"]}]},{\"@type\":\"BreadcrumbList\",\"@id\":\"https:\\\/\\\/hysolv.eu\\\/no\\\/produkter\\\/naeringsmiddelprosessering-og-lagring#breadcrumb\",\"itemListElement\":[{\"@type\":\"ListItem\",\"position\":1,\"name\":\"Home\",\"item\":\"https:\\\/\\\/hysolv.eu\\\/no\\\/hjem\"},{\"@type\":\"ListItem\",\"position\":2,\"name\":\"Produkter\",\"item\":\"https:\\\/\\\/hysolv.eu\\\/no\\\/produkter\"},{\"@type\":\"ListItem\",\"position\":3,\"name\":\"N\u00e6ringsmiddelprosessering Og Lagring\"}]},{\"@type\":\"WebSite\",\"@id\":\"https:\\\/\\\/hysolv.eu\\\/no#website\",\"url\":\"https:\\\/\\\/hysolv.eu\\\/no\",\"name\":\"Hysolv\",\"description\":\"Supporting Animal Health &amp; Biosecurity\",\"publisher\":{\"@id\":\"https:\\\/\\\/hysolv.eu\\\/no#organization\"},\"potentialAction\":[{\"@type\":\"SearchAction\",\"target\":{\"@type\":\"EntryPoint\",\"urlTemplate\":\"https:\\\/\\\/hysolv.eu\\\/no?s={search_term_string}\"},\"query-input\":{\"@type\":\"PropertyValueSpecification\",\"valueRequired\":true,\"valueName\":\"search_term_string\"}}],\"inLanguage\":\"nb-NO\"},{\"@type\":\"Organization\",\"@id\":\"https:\\\/\\\/hysolv.eu\\\/no#organization\",\"name\":\"Hysolv GmbH\",\"url\":\"https:\\\/\\\/hysolv.eu\\\/no\",\"logo\":{\"@type\":\"ImageObject\",\"inLanguage\":\"nb-NO\",\"@id\":\"https:\\\/\\\/hysolv.eu\\\/no#\\\/schema\\\/logo\\\/image\\\/\",\"url\":\"https:\\\/\\\/hysolv.eu\\\/wp-content\\\/uploads\\\/LoginLogo-1.png\",\"contentUrl\":\"https:\\\/\\\/hysolv.eu\\\/wp-content\\\/uploads\\\/LoginLogo-1.png\",\"width\":480,\"height\":229,\"caption\":\"Hysolv GmbH\"},\"image\":{\"@id\":\"https:\\\/\\\/hysolv.eu\\\/no#\\\/schema\\\/logo\\\/image\\\/\"},\"sameAs\":[\"https:\\\/\\\/www.facebook.com\\\/HysolvLtd\",\"https:\\\/\\\/www.instagram.com\\\/hysolvlimited\\\/\",\"https:\\\/\\\/www.linkedin.com\\\/company\\\/hysolv-limited\\\/about\\\/\"]}]}<\/script>\n<!-- \/ Yoast SEO plugin. -->","yoast_head_json":{"title":"Hygiene- og desinfeksjonsl\u00f8sninger for n\u00e6ringsmiddelindustrien | Hysolv","description":"Profesjonelle hygiene- og desinfeksjonsl\u00f8sninger for n\u00e6ringsmiddelprosessering og lagring. P\u00e5litelige rengj\u00f8rings-, desinfeksjons- og foggel\u00f8sninger for matsikkerhet og regelverksoverholdelse.","robots":{"index":"index","follow":"follow","max-snippet":"max-snippet:-1","max-image-preview":"max-image-preview:large","max-video-preview":"max-video-preview:-1"},"canonical":"https:\/\/hysolv.eu\/no\/produkter\/naeringsmiddelprosessering-og-lagring","og_locale":"nb_NO","og_type":"article","og_title":"Hygiene- og desinfeksjonsl\u00f8sninger for n\u00e6ringsmiddelindustrien | Hysolv","og_description":"Profesjonelle hygiene- og desinfeksjonsl\u00f8sninger for n\u00e6ringsmiddelprosessering og lagring. P\u00e5litelige rengj\u00f8rings-, desinfeksjons- og foggel\u00f8sninger for matsikkerhet og regelverksoverholdelse.","og_url":"https:\/\/hysolv.eu\/no\/produkter\/naeringsmiddelprosessering-og-lagring","og_site_name":"Hysolv","article_publisher":"https:\/\/www.facebook.com\/HysolvLtd","article_modified_time":"2026-04-06T08:09:40+00:00","twitter_card":"summary_large_image","twitter_misc":{"Ansl. lesetid":"5 minutter"},"schema":{"@context":"https:\/\/schema.org","@graph":[{"@type":"WebPage","@id":"https:\/\/hysolv.eu\/no\/produkter\/naeringsmiddelprosessering-og-lagring","url":"https:\/\/hysolv.eu\/no\/produkter\/naeringsmiddelprosessering-og-lagring","name":"Hygiene- og desinfeksjonsl\u00f8sninger for n\u00e6ringsmiddelindustrien | Hysolv","isPartOf":{"@id":"https:\/\/hysolv.eu\/no#website"},"datePublished":"2026-02-06T06:49:11+00:00","dateModified":"2026-04-06T08:09:40+00:00","description":"Profesjonelle hygiene- og desinfeksjonsl\u00f8sninger for n\u00e6ringsmiddelprosessering og lagring. P\u00e5litelige rengj\u00f8rings-, desinfeksjons- og foggel\u00f8sninger for matsikkerhet og regelverksoverholdelse.","breadcrumb":{"@id":"https:\/\/hysolv.eu\/no\/produkter\/naeringsmiddelprosessering-og-lagring#breadcrumb"},"inLanguage":"nb-NO","potentialAction":[{"@type":"ReadAction","target":["https:\/\/hysolv.eu\/no\/produkter\/naeringsmiddelprosessering-og-lagring"]}]},{"@type":"BreadcrumbList","@id":"https:\/\/hysolv.eu\/no\/produkter\/naeringsmiddelprosessering-og-lagring#breadcrumb","itemListElement":[{"@type":"ListItem","position":1,"name":"Home","item":"https:\/\/hysolv.eu\/no\/hjem"},{"@type":"ListItem","position":2,"name":"Produkter","item":"https:\/\/hysolv.eu\/no\/produkter"},{"@type":"ListItem","position":3,"name":"N\u00e6ringsmiddelprosessering Og Lagring"}]},{"@type":"WebSite","@id":"https:\/\/hysolv.eu\/no#website","url":"https:\/\/hysolv.eu\/no","name":"Hysolv","description":"Supporting Animal Health &amp; Biosecurity","publisher":{"@id":"https:\/\/hysolv.eu\/no#organization"},"potentialAction":[{"@type":"SearchAction","target":{"@type":"EntryPoint","urlTemplate":"https:\/\/hysolv.eu\/no?s={search_term_string}"},"query-input":{"@type":"PropertyValueSpecification","valueRequired":true,"valueName":"search_term_string"}}],"inLanguage":"nb-NO"},{"@type":"Organization","@id":"https:\/\/hysolv.eu\/no#organization","name":"Hysolv GmbH","url":"https:\/\/hysolv.eu\/no","logo":{"@type":"ImageObject","inLanguage":"nb-NO","@id":"https:\/\/hysolv.eu\/no#\/schema\/logo\/image\/","url":"https:\/\/hysolv.eu\/wp-content\/uploads\/LoginLogo-1.png","contentUrl":"https:\/\/hysolv.eu\/wp-content\/uploads\/LoginLogo-1.png","width":480,"height":229,"caption":"Hysolv GmbH"},"image":{"@id":"https:\/\/hysolv.eu\/no#\/schema\/logo\/image\/"},"sameAs":["https:\/\/www.facebook.com\/HysolvLtd","https:\/\/www.instagram.com\/hysolvlimited\/","https:\/\/www.linkedin.com\/company\/hysolv-limited\/about\/"]}]}},"_links":{"self":[{"href":"https:\/\/hysolv.eu\/no\/wp-json\/wp\/v2\/pages\/4244","targetHints":{"allow":["GET"]}}],"collection":[{"href":"https:\/\/hysolv.eu\/no\/wp-json\/wp\/v2\/pages"}],"about":[{"href":"https:\/\/hysolv.eu\/no\/wp-json\/wp\/v2\/types\/page"}],"author":[{"embeddable":true,"href":"https:\/\/hysolv.eu\/no\/wp-json\/wp\/v2\/users\/9"}],"replies":[{"embeddable":true,"href":"https:\/\/hysolv.eu\/no\/wp-json\/wp\/v2\/comments?post=4244"}],"version-history":[{"count":0,"href":"https:\/\/hysolv.eu\/no\/wp-json\/wp\/v2\/pages\/4244\/revisions"}],"up":[{"embeddable":true,"href":"https:\/\/hysolv.eu\/no\/wp-json\/wp\/v2\/pages\/3815"}],"wp:attachment":[{"href":"https:\/\/hysolv.eu\/no\/wp-json\/wp\/v2\/media?parent=4244"}],"curies":[{"name":"wp","href":"https:\/\/api.w.org\/{rel}","templated":true}]}}