{"id":4291,"date":"2026-02-06T07:52:57","date_gmt":"2026-02-06T06:52:57","guid":{"rendered":"https:\/\/hysolv.eu\/?page_id=4291"},"modified":"2026-04-06T09:11:33","modified_gmt":"2026-04-06T08:11:33","slug":"fjorfe","status":"publish","type":"page","link":"https:\/\/hysolv.eu\/no\/produkter\/fjorfe","title":{"rendered":"Fj\u00f8rfe"},"content":{"rendered":"<div id=\"cs-content\" class=\"cs-content\"><\/div>\n","protected":false},"excerpt":{"rendered":"<p>Effektiv Behandling Av H\u00f8nsemidd Og Biosikker\u00adhets\u00adl\u00f8sninger For Fj\u00f8rfe\u00adproduksjonModerne fj\u00f8rfeproduksjon krever sterke hygienerutiner, p\u00e5litelig behandling av h\u00f8nsemidd og strukturerte biosikkerhetssystemer for \u00e5 beskytte flokkhelse og opprettholde stabil ytelse. Parasitter, patogener og svikt i hygiene p\u00e5virker direkte dyrehelse, produktivitet og dyrevelferd. Hysolv tilbyr profesjonelle l\u00f8sninger for hygiene og biosikkerhet i fj\u00f8rfeproduksjon, utviklet for fj\u00f8rfehus, klekkerier og blandede fj\u00f8rfemilj\u00f8er. V\u00e5re l\u00f8sninger bidrar til &#8230; <\/p>\n<div><a href=\"https:\/\/hysolv.eu\/no\/produkt\/alkalien\" class=\"more-link\">Read More<\/a><\/div>\n","protected":false},"author":9,"featured_media":0,"parent":3815,"menu_order":121,"comment_status":"closed","ping_status":"closed","template":"template-blank-4.php","meta":{"footnotes":""},"class_list":["post-4291","page","type-page","status-publish","hentry","no-post-thumbnail"],"yoast_head":"<!-- This site is optimized with the Yoast SEO plugin v27.3 - https:\/\/yoast.com\/product\/yoast-seo-wordpress\/ -->\n<title>Behandling av h\u00f8nsemidd og biosikkerhetsl\u00f8sninger for fj\u00f8rfe | Hysolv<\/title>\n<meta name=\"description\" content=\"Profesjonell behandling av h\u00f8nsemidd og biosikkerhetsl\u00f8sninger for slaktekyllinger, verpeh\u00f8ner, oppdrettere og klekkerier. P\u00e5litelige hygienekonsepter for \u00e5 beskytte flokkhelse og ytelse.\" \/>\n<meta name=\"robots\" content=\"index, follow, max-snippet:-1, max-image-preview:large, max-video-preview:-1\" \/>\n<link rel=\"canonical\" href=\"https:\/\/hysolv.eu\/no\/produkter\/fjorfe\" \/>\n<meta property=\"og:locale\" content=\"nb_NO\" \/>\n<meta property=\"og:type\" content=\"article\" \/>\n<meta property=\"og:title\" content=\"Behandling av h\u00f8nsemidd og biosikkerhetsl\u00f8sninger for fj\u00f8rfe | Hysolv\" \/>\n<meta property=\"og:description\" content=\"Profesjonell behandling av h\u00f8nsemidd og biosikkerhetsl\u00f8sninger for slaktekyllinger, verpeh\u00f8ner, oppdrettere og klekkerier. P\u00e5litelige hygienekonsepter for \u00e5 beskytte flokkhelse og ytelse.\" \/>\n<meta property=\"og:url\" content=\"https:\/\/hysolv.eu\/no\/produkter\/fjorfe\" \/>\n<meta property=\"og:site_name\" content=\"Hysolv\" \/>\n<meta property=\"article:publisher\" content=\"https:\/\/www.facebook.com\/HysolvLtd\" \/>\n<meta property=\"article:modified_time\" content=\"2026-04-06T08:11:33+00:00\" \/>\n<meta name=\"twitter:card\" content=\"summary_large_image\" \/>\n<meta name=\"twitter:label1\" content=\"Ansl. lesetid\" \/>\n\t<meta name=\"twitter:data1\" content=\"6 minutter\" \/>\n<script type=\"application\/ld+json\" class=\"yoast-schema-graph\">{\"@context\":\"https:\\\/\\\/schema.org\",\"@graph\":[{\"@type\":\"WebPage\",\"@id\":\"https:\\\/\\\/hysolv.eu\\\/no\\\/produkter\\\/fjorfe\",\"url\":\"https:\\\/\\\/hysolv.eu\\\/no\\\/produkter\\\/fjorfe\",\"name\":\"Behandling av h\u00f8nsemidd og biosikkerhetsl\u00f8sninger for fj\u00f8rfe | Hysolv\",\"isPartOf\":{\"@id\":\"https:\\\/\\\/hysolv.eu\\\/no#website\"},\"datePublished\":\"2026-02-06T06:52:57+00:00\",\"dateModified\":\"2026-04-06T08:11:33+00:00\",\"description\":\"Profesjonell behandling av h\u00f8nsemidd og biosikkerhetsl\u00f8sninger for slaktekyllinger, verpeh\u00f8ner, oppdrettere og klekkerier. P\u00e5litelige hygienekonsepter for \u00e5 beskytte flokkhelse og ytelse.\",\"breadcrumb\":{\"@id\":\"https:\\\/\\\/hysolv.eu\\\/no\\\/produkter\\\/fjorfe#breadcrumb\"},\"inLanguage\":\"nb-NO\",\"potentialAction\":[{\"@type\":\"ReadAction\",\"target\":[\"https:\\\/\\\/hysolv.eu\\\/no\\\/produkter\\\/fjorfe\"]}]},{\"@type\":\"BreadcrumbList\",\"@id\":\"https:\\\/\\\/hysolv.eu\\\/no\\\/produkter\\\/fjorfe#breadcrumb\",\"itemListElement\":[{\"@type\":\"ListItem\",\"position\":1,\"name\":\"Home\",\"item\":\"https:\\\/\\\/hysolv.eu\\\/no\\\/hjem\"},{\"@type\":\"ListItem\",\"position\":2,\"name\":\"Produkter\",\"item\":\"https:\\\/\\\/hysolv.eu\\\/no\\\/produkter\"},{\"@type\":\"ListItem\",\"position\":3,\"name\":\"Fj\u00f8rfe\"}]},{\"@type\":\"WebSite\",\"@id\":\"https:\\\/\\\/hysolv.eu\\\/no#website\",\"url\":\"https:\\\/\\\/hysolv.eu\\\/no\",\"name\":\"Hysolv\",\"description\":\"Supporting Animal Health &amp; Biosecurity\",\"publisher\":{\"@id\":\"https:\\\/\\\/hysolv.eu\\\/no#organization\"},\"potentialAction\":[{\"@type\":\"SearchAction\",\"target\":{\"@type\":\"EntryPoint\",\"urlTemplate\":\"https:\\\/\\\/hysolv.eu\\\/no?s={search_term_string}\"},\"query-input\":{\"@type\":\"PropertyValueSpecification\",\"valueRequired\":true,\"valueName\":\"search_term_string\"}}],\"inLanguage\":\"nb-NO\"},{\"@type\":\"Organization\",\"@id\":\"https:\\\/\\\/hysolv.eu\\\/no#organization\",\"name\":\"Hysolv GmbH\",\"url\":\"https:\\\/\\\/hysolv.eu\\\/no\",\"logo\":{\"@type\":\"ImageObject\",\"inLanguage\":\"nb-NO\",\"@id\":\"https:\\\/\\\/hysolv.eu\\\/no#\\\/schema\\\/logo\\\/image\\\/\",\"url\":\"https:\\\/\\\/hysolv.eu\\\/wp-content\\\/uploads\\\/LoginLogo-1.png\",\"contentUrl\":\"https:\\\/\\\/hysolv.eu\\\/wp-content\\\/uploads\\\/LoginLogo-1.png\",\"width\":480,\"height\":229,\"caption\":\"Hysolv GmbH\"},\"image\":{\"@id\":\"https:\\\/\\\/hysolv.eu\\\/no#\\\/schema\\\/logo\\\/image\\\/\"},\"sameAs\":[\"https:\\\/\\\/www.facebook.com\\\/HysolvLtd\",\"https:\\\/\\\/www.instagram.com\\\/hysolvlimited\\\/\",\"https:\\\/\\\/www.linkedin.com\\\/company\\\/hysolv-limited\\\/about\\\/\"]}]}<\/script>\n<!-- \/ Yoast SEO plugin. -->","yoast_head_json":{"title":"Behandling av h\u00f8nsemidd og biosikkerhetsl\u00f8sninger for fj\u00f8rfe | Hysolv","description":"Profesjonell behandling av h\u00f8nsemidd og biosikkerhetsl\u00f8sninger for slaktekyllinger, verpeh\u00f8ner, oppdrettere og klekkerier. P\u00e5litelige hygienekonsepter for \u00e5 beskytte flokkhelse og ytelse.","robots":{"index":"index","follow":"follow","max-snippet":"max-snippet:-1","max-image-preview":"max-image-preview:large","max-video-preview":"max-video-preview:-1"},"canonical":"https:\/\/hysolv.eu\/no\/produkter\/fjorfe","og_locale":"nb_NO","og_type":"article","og_title":"Behandling av h\u00f8nsemidd og biosikkerhetsl\u00f8sninger for fj\u00f8rfe | Hysolv","og_description":"Profesjonell behandling av h\u00f8nsemidd og biosikkerhetsl\u00f8sninger for slaktekyllinger, verpeh\u00f8ner, oppdrettere og klekkerier. P\u00e5litelige hygienekonsepter for \u00e5 beskytte flokkhelse og ytelse.","og_url":"https:\/\/hysolv.eu\/no\/produkter\/fjorfe","og_site_name":"Hysolv","article_publisher":"https:\/\/www.facebook.com\/HysolvLtd","article_modified_time":"2026-04-06T08:11:33+00:00","twitter_card":"summary_large_image","twitter_misc":{"Ansl. lesetid":"6 minutter"},"schema":{"@context":"https:\/\/schema.org","@graph":[{"@type":"WebPage","@id":"https:\/\/hysolv.eu\/no\/produkter\/fjorfe","url":"https:\/\/hysolv.eu\/no\/produkter\/fjorfe","name":"Behandling av h\u00f8nsemidd og biosikkerhetsl\u00f8sninger for fj\u00f8rfe | Hysolv","isPartOf":{"@id":"https:\/\/hysolv.eu\/no#website"},"datePublished":"2026-02-06T06:52:57+00:00","dateModified":"2026-04-06T08:11:33+00:00","description":"Profesjonell behandling av h\u00f8nsemidd og biosikkerhetsl\u00f8sninger for slaktekyllinger, verpeh\u00f8ner, oppdrettere og klekkerier. P\u00e5litelige hygienekonsepter for \u00e5 beskytte flokkhelse og ytelse.","breadcrumb":{"@id":"https:\/\/hysolv.eu\/no\/produkter\/fjorfe#breadcrumb"},"inLanguage":"nb-NO","potentialAction":[{"@type":"ReadAction","target":["https:\/\/hysolv.eu\/no\/produkter\/fjorfe"]}]},{"@type":"BreadcrumbList","@id":"https:\/\/hysolv.eu\/no\/produkter\/fjorfe#breadcrumb","itemListElement":[{"@type":"ListItem","position":1,"name":"Home","item":"https:\/\/hysolv.eu\/no\/hjem"},{"@type":"ListItem","position":2,"name":"Produkter","item":"https:\/\/hysolv.eu\/no\/produkter"},{"@type":"ListItem","position":3,"name":"Fj\u00f8rfe"}]},{"@type":"WebSite","@id":"https:\/\/hysolv.eu\/no#website","url":"https:\/\/hysolv.eu\/no","name":"Hysolv","description":"Supporting Animal Health &amp; Biosecurity","publisher":{"@id":"https:\/\/hysolv.eu\/no#organization"},"potentialAction":[{"@type":"SearchAction","target":{"@type":"EntryPoint","urlTemplate":"https:\/\/hysolv.eu\/no?s={search_term_string}"},"query-input":{"@type":"PropertyValueSpecification","valueRequired":true,"valueName":"search_term_string"}}],"inLanguage":"nb-NO"},{"@type":"Organization","@id":"https:\/\/hysolv.eu\/no#organization","name":"Hysolv GmbH","url":"https:\/\/hysolv.eu\/no","logo":{"@type":"ImageObject","inLanguage":"nb-NO","@id":"https:\/\/hysolv.eu\/no#\/schema\/logo\/image\/","url":"https:\/\/hysolv.eu\/wp-content\/uploads\/LoginLogo-1.png","contentUrl":"https:\/\/hysolv.eu\/wp-content\/uploads\/LoginLogo-1.png","width":480,"height":229,"caption":"Hysolv GmbH"},"image":{"@id":"https:\/\/hysolv.eu\/no#\/schema\/logo\/image\/"},"sameAs":["https:\/\/www.facebook.com\/HysolvLtd","https:\/\/www.instagram.com\/hysolvlimited\/","https:\/\/www.linkedin.com\/company\/hysolv-limited\/about\/"]}]}},"_links":{"self":[{"href":"https:\/\/hysolv.eu\/no\/wp-json\/wp\/v2\/pages\/4291","targetHints":{"allow":["GET"]}}],"collection":[{"href":"https:\/\/hysolv.eu\/no\/wp-json\/wp\/v2\/pages"}],"about":[{"href":"https:\/\/hysolv.eu\/no\/wp-json\/wp\/v2\/types\/page"}],"author":[{"embeddable":true,"href":"https:\/\/hysolv.eu\/no\/wp-json\/wp\/v2\/users\/9"}],"replies":[{"embeddable":true,"href":"https:\/\/hysolv.eu\/no\/wp-json\/wp\/v2\/comments?post=4291"}],"version-history":[{"count":0,"href":"https:\/\/hysolv.eu\/no\/wp-json\/wp\/v2\/pages\/4291\/revisions"}],"up":[{"embeddable":true,"href":"https:\/\/hysolv.eu\/no\/wp-json\/wp\/v2\/pages\/3815"}],"wp:attachment":[{"href":"https:\/\/hysolv.eu\/no\/wp-json\/wp\/v2\/media?parent=4291"}],"curies":[{"name":"wp","href":"https:\/\/api.w.org\/{rel}","templated":true}]}}