{"id":4356,"date":"2026-02-06T07:55:30","date_gmt":"2026-02-06T06:55:30","guid":{"rendered":"https:\/\/hysolv.eu\/?page_id=4356"},"modified":"2026-04-24T09:18:44","modified_gmt":"2026-04-24T08:18:44","slug":"drovtyggere","status":"publish","type":"page","link":"https:\/\/hysolv.eu\/no\/produkter\/drovtyggere","title":{"rendered":"Dr\u00f8vtyggere"},"content":{"rendered":"<div id=\"cs-content\" class=\"cs-content\"><\/div>\n","protected":false},"excerpt":{"rendered":"<p>L\u00f8sninger For Melke\u00ad\u00adproduksjon Og Hygienestyring I Dr\u00f8vtygger\u00adproduksjon Moderne dr\u00f8vtyggerproduksjon krever p\u00e5litelige l\u00f8sninger for melkeproduksjon, strukturerte hygienerutiner og effektiv sykdomsforebygging p\u00e5 tvers av melkeproduksjon, kj\u00f8ttproduksjon, saue- og geitehold. Rene oppstallingsforhold, sunne dyr og stabile hygieneforhold er avgj\u00f8rende for dyrevelferd, produktkvalitet og langsiktig g\u00e5rdsytelse. Hysolv st\u00f8tter profesjonelle dr\u00f8vtyggerprodusenter med integrerte l\u00f8sninger innen melkehygiene, desinfeksjon for husdyr, rengj\u00f8ring, skadedyrkontroll og ern\u00e6ringsst\u00f8tte, utviklet for &#8230; <\/p>\n<div><a href=\"https:\/\/hysolv.eu\/no\/produkt\/alkalien\" class=\"more-link\">Read More<\/a><\/div>\n","protected":false},"author":9,"featured_media":0,"parent":3815,"menu_order":123,"comment_status":"closed","ping_status":"closed","template":"template-blank-4.php","meta":{"rs_blank_template":"","rs_page_bg_color":"","slide_template_v7":"","footnotes":""},"class_list":["post-4356","page","type-page","status-publish","hentry","no-post-thumbnail"],"yoast_head":"<!-- This site is optimized with the Yoast SEO plugin v27.5 - https:\/\/yoast.com\/product\/yoast-seo-wordpress\/ -->\n<title>Meieril\u00f8sninger for dr\u00f8vtyggeroppdrett og hygienestyring | Hysolv%<\/title>\n<meta name=\"description\" content=\"Profesjonelle meieril\u00f8sninger for dr\u00f8vtyggeroppdrett, med st\u00f8tte til hygienestyring, dyrehelse, melkekvalitet og b\u00e6rekraftige produksjonssystemer.\" \/>\n<meta name=\"robots\" content=\"index, follow, max-snippet:-1, max-image-preview:large, max-video-preview:-1\" \/>\n<link rel=\"canonical\" href=\"https:\/\/hysolv.eu\/no\/produkter\/drovtyggere\" \/>\n<meta property=\"og:locale\" content=\"nb_NO\" \/>\n<meta property=\"og:type\" content=\"article\" \/>\n<meta property=\"og:title\" content=\"Meieril\u00f8sninger for dr\u00f8vtyggeroppdrett og hygienestyring | Hysolv%\" \/>\n<meta property=\"og:description\" content=\"Profesjonelle meieril\u00f8sninger for dr\u00f8vtyggeroppdrett, med st\u00f8tte til hygienestyring, dyrehelse, melkekvalitet og b\u00e6rekraftige produksjonssystemer.\" \/>\n<meta property=\"og:url\" content=\"https:\/\/hysolv.eu\/no\/produkter\/drovtyggere\" \/>\n<meta property=\"og:site_name\" content=\"Hysolv\" \/>\n<meta property=\"article:publisher\" content=\"https:\/\/www.facebook.com\/HysolvLtd\" \/>\n<meta property=\"article:modified_time\" content=\"2026-04-24T08:18:44+00:00\" \/>\n<meta name=\"twitter:card\" content=\"summary_large_image\" \/>\n<meta name=\"twitter:label1\" content=\"Ansl. lesetid\" \/>\n\t<meta name=\"twitter:data1\" content=\"8 minutter\" \/>\n<script type=\"application\/ld+json\" class=\"yoast-schema-graph\">{\"@context\":\"https:\\\/\\\/schema.org\",\"@graph\":[{\"@type\":\"WebPage\",\"@id\":\"https:\\\/\\\/hysolv.eu\\\/no\\\/produkter\\\/drovtyggere\",\"url\":\"https:\\\/\\\/hysolv.eu\\\/no\\\/produkter\\\/drovtyggere\",\"name\":\"Meieril\u00f8sninger for dr\u00f8vtyggeroppdrett og hygienestyring | Hysolv%\",\"isPartOf\":{\"@id\":\"https:\\\/\\\/hysolv.eu\\\/no#website\"},\"datePublished\":\"2026-02-06T06:55:30+00:00\",\"dateModified\":\"2026-04-24T08:18:44+00:00\",\"description\":\"Profesjonelle meieril\u00f8sninger for dr\u00f8vtyggeroppdrett, med st\u00f8tte til hygienestyring, dyrehelse, melkekvalitet og b\u00e6rekraftige produksjonssystemer.\",\"breadcrumb\":{\"@id\":\"https:\\\/\\\/hysolv.eu\\\/no\\\/produkter\\\/drovtyggere#breadcrumb\"},\"inLanguage\":\"nb-NO\",\"potentialAction\":[{\"@type\":\"ReadAction\",\"target\":[\"https:\\\/\\\/hysolv.eu\\\/no\\\/produkter\\\/drovtyggere\"]}]},{\"@type\":\"BreadcrumbList\",\"@id\":\"https:\\\/\\\/hysolv.eu\\\/no\\\/produkter\\\/drovtyggere#breadcrumb\",\"itemListElement\":[{\"@type\":\"ListItem\",\"position\":1,\"name\":\"Home\",\"item\":\"https:\\\/\\\/hysolv.eu\\\/no\"},{\"@type\":\"ListItem\",\"position\":2,\"name\":\"Produkter\",\"item\":\"https:\\\/\\\/hysolv.eu\\\/no\\\/produkter\"},{\"@type\":\"ListItem\",\"position\":3,\"name\":\"Dr\u00f8vtyggere\"}]},{\"@type\":\"WebSite\",\"@id\":\"https:\\\/\\\/hysolv.eu\\\/no#website\",\"url\":\"https:\\\/\\\/hysolv.eu\\\/no\",\"name\":\"Hysolv\",\"description\":\"Supporting Animal Health &amp; Biosecurity\",\"publisher\":{\"@id\":\"https:\\\/\\\/hysolv.eu\\\/no#organization\"},\"potentialAction\":[{\"@type\":\"SearchAction\",\"target\":{\"@type\":\"EntryPoint\",\"urlTemplate\":\"https:\\\/\\\/hysolv.eu\\\/no?s={search_term_string}\"},\"query-input\":{\"@type\":\"PropertyValueSpecification\",\"valueRequired\":true,\"valueName\":\"search_term_string\"}}],\"inLanguage\":\"nb-NO\"},{\"@type\":\"Organization\",\"@id\":\"https:\\\/\\\/hysolv.eu\\\/no#organization\",\"name\":\"Hysolv GmbH\",\"url\":\"https:\\\/\\\/hysolv.eu\\\/no\",\"logo\":{\"@type\":\"ImageObject\",\"inLanguage\":\"nb-NO\",\"@id\":\"https:\\\/\\\/hysolv.eu\\\/no#\\\/schema\\\/logo\\\/image\\\/\",\"url\":\"https:\\\/\\\/hysolv.eu\\\/wp-content\\\/uploads\\\/LoginLogo-1.png\",\"contentUrl\":\"https:\\\/\\\/hysolv.eu\\\/wp-content\\\/uploads\\\/LoginLogo-1.png\",\"width\":480,\"height\":229,\"caption\":\"Hysolv GmbH\"},\"image\":{\"@id\":\"https:\\\/\\\/hysolv.eu\\\/no#\\\/schema\\\/logo\\\/image\\\/\"},\"sameAs\":[\"https:\\\/\\\/www.facebook.com\\\/HysolvLtd\",\"https:\\\/\\\/www.instagram.com\\\/hysolvlimited\\\/\",\"https:\\\/\\\/www.linkedin.com\\\/company\\\/hysolv-limited\\\/about\\\/\"]}]}<\/script>\n<!-- \/ Yoast SEO plugin. -->","yoast_head_json":{"title":"Meieril\u00f8sninger for dr\u00f8vtyggeroppdrett og hygienestyring | Hysolv%","description":"Profesjonelle meieril\u00f8sninger for dr\u00f8vtyggeroppdrett, med st\u00f8tte til hygienestyring, dyrehelse, melkekvalitet og b\u00e6rekraftige produksjonssystemer.","robots":{"index":"index","follow":"follow","max-snippet":"max-snippet:-1","max-image-preview":"max-image-preview:large","max-video-preview":"max-video-preview:-1"},"canonical":"https:\/\/hysolv.eu\/no\/produkter\/drovtyggere","og_locale":"nb_NO","og_type":"article","og_title":"Meieril\u00f8sninger for dr\u00f8vtyggeroppdrett og hygienestyring | Hysolv%","og_description":"Profesjonelle meieril\u00f8sninger for dr\u00f8vtyggeroppdrett, med st\u00f8tte til hygienestyring, dyrehelse, melkekvalitet og b\u00e6rekraftige produksjonssystemer.","og_url":"https:\/\/hysolv.eu\/no\/produkter\/drovtyggere","og_site_name":"Hysolv","article_publisher":"https:\/\/www.facebook.com\/HysolvLtd","article_modified_time":"2026-04-24T08:18:44+00:00","twitter_card":"summary_large_image","twitter_misc":{"Ansl. lesetid":"8 minutter"},"schema":{"@context":"https:\/\/schema.org","@graph":[{"@type":"WebPage","@id":"https:\/\/hysolv.eu\/no\/produkter\/drovtyggere","url":"https:\/\/hysolv.eu\/no\/produkter\/drovtyggere","name":"Meieril\u00f8sninger for dr\u00f8vtyggeroppdrett og hygienestyring | Hysolv%","isPartOf":{"@id":"https:\/\/hysolv.eu\/no#website"},"datePublished":"2026-02-06T06:55:30+00:00","dateModified":"2026-04-24T08:18:44+00:00","description":"Profesjonelle meieril\u00f8sninger for dr\u00f8vtyggeroppdrett, med st\u00f8tte til hygienestyring, dyrehelse, melkekvalitet og b\u00e6rekraftige produksjonssystemer.","breadcrumb":{"@id":"https:\/\/hysolv.eu\/no\/produkter\/drovtyggere#breadcrumb"},"inLanguage":"nb-NO","potentialAction":[{"@type":"ReadAction","target":["https:\/\/hysolv.eu\/no\/produkter\/drovtyggere"]}]},{"@type":"BreadcrumbList","@id":"https:\/\/hysolv.eu\/no\/produkter\/drovtyggere#breadcrumb","itemListElement":[{"@type":"ListItem","position":1,"name":"Home","item":"https:\/\/hysolv.eu\/no"},{"@type":"ListItem","position":2,"name":"Produkter","item":"https:\/\/hysolv.eu\/no\/produkter"},{"@type":"ListItem","position":3,"name":"Dr\u00f8vtyggere"}]},{"@type":"WebSite","@id":"https:\/\/hysolv.eu\/no#website","url":"https:\/\/hysolv.eu\/no","name":"Hysolv","description":"Supporting Animal Health &amp; Biosecurity","publisher":{"@id":"https:\/\/hysolv.eu\/no#organization"},"potentialAction":[{"@type":"SearchAction","target":{"@type":"EntryPoint","urlTemplate":"https:\/\/hysolv.eu\/no?s={search_term_string}"},"query-input":{"@type":"PropertyValueSpecification","valueRequired":true,"valueName":"search_term_string"}}],"inLanguage":"nb-NO"},{"@type":"Organization","@id":"https:\/\/hysolv.eu\/no#organization","name":"Hysolv GmbH","url":"https:\/\/hysolv.eu\/no","logo":{"@type":"ImageObject","inLanguage":"nb-NO","@id":"https:\/\/hysolv.eu\/no#\/schema\/logo\/image\/","url":"https:\/\/hysolv.eu\/wp-content\/uploads\/LoginLogo-1.png","contentUrl":"https:\/\/hysolv.eu\/wp-content\/uploads\/LoginLogo-1.png","width":480,"height":229,"caption":"Hysolv GmbH"},"image":{"@id":"https:\/\/hysolv.eu\/no#\/schema\/logo\/image\/"},"sameAs":["https:\/\/www.facebook.com\/HysolvLtd","https:\/\/www.instagram.com\/hysolvlimited\/","https:\/\/www.linkedin.com\/company\/hysolv-limited\/about\/"]}]}},"_links":{"self":[{"href":"https:\/\/hysolv.eu\/no\/wp-json\/wp\/v2\/pages\/4356","targetHints":{"allow":["GET"]}}],"collection":[{"href":"https:\/\/hysolv.eu\/no\/wp-json\/wp\/v2\/pages"}],"about":[{"href":"https:\/\/hysolv.eu\/no\/wp-json\/wp\/v2\/types\/page"}],"author":[{"embeddable":true,"href":"https:\/\/hysolv.eu\/no\/wp-json\/wp\/v2\/users\/9"}],"replies":[{"embeddable":true,"href":"https:\/\/hysolv.eu\/no\/wp-json\/wp\/v2\/comments?post=4356"}],"version-history":[{"count":1,"href":"https:\/\/hysolv.eu\/no\/wp-json\/wp\/v2\/pages\/4356\/revisions"}],"predecessor-version":[{"id":6985,"href":"https:\/\/hysolv.eu\/no\/wp-json\/wp\/v2\/pages\/4356\/revisions\/6985"}],"up":[{"embeddable":true,"href":"https:\/\/hysolv.eu\/no\/wp-json\/wp\/v2\/pages\/3815"}],"wp:attachment":[{"href":"https:\/\/hysolv.eu\/no\/wp-json\/wp\/v2\/media?parent=4356"}],"curies":[{"name":"wp","href":"https:\/\/api.w.org\/{rel}","templated":true}]}}