{"id":4399,"date":"2026-02-06T07:56:11","date_gmt":"2026-02-06T06:56:11","guid":{"rendered":"https:\/\/hysolv.eu\/?page_id=4399"},"modified":"2026-04-24T09:22:14","modified_gmt":"2026-04-24T08:22:14","slug":"akvakultur","status":"publish","type":"page","link":"https:\/\/hysolv.eu\/no\/produkter\/akvakultur","title":{"rendered":"Akvakultur"},"content":{"rendered":"<div id=\"cs-content\" class=\"cs-content\"><\/div>\n","protected":false},"excerpt":{"rendered":"<p>Biosikkerhets\u00adl\u00f8sninger For Akvakultur For Sunn Fiskehelse Og Stabil Produksjon Effektiv biosikkerhet i akvakultur er avgj\u00f8rende for \u00e5 opprettholde vannkvalitet, beskytte fiskehelse og forebygge sykdomsutbrudd i moderne akvakultursystemer. Stabile hygieneforhold reduserer smittepress, st\u00f8tter jevn vekst og sikrer produksjonsytelse i b\u00e5de ferskvanns- og marine milj\u00f8er. Hysolv st\u00f8tter profesjonelle akvakulturprodusenter med integrerte l\u00f8sninger innen akvakulturhygiene, rengj\u00f8ring, overflatedesinfeksjon og vannsanering, utviklet for \u00e5 styrke &#8230; <\/p>\n<div><a href=\"https:\/\/hysolv.eu\/no\/produkt\/alkalien\" class=\"more-link\">Read More<\/a><\/div>\n","protected":false},"author":9,"featured_media":0,"parent":3815,"menu_order":124,"comment_status":"closed","ping_status":"closed","template":"template-blank-4.php","meta":{"rs_blank_template":"","rs_page_bg_color":"","slide_template_v7":"","footnotes":""},"class_list":["post-4399","page","type-page","status-publish","hentry","no-post-thumbnail"],"yoast_head":"<!-- This site is optimized with the Yoast SEO plugin v27.5 - https:\/\/yoast.com\/product\/yoast-seo-wordpress\/ -->\n<title>Biosikkerhetsl\u00f8sninger for akvakultur | Hysolv<\/title>\n<meta name=\"description\" content=\"Profesjonelle biosikkerhetsl\u00f8sninger for fiskeoppdrett. Hygiene, overflatedesinfeksjon, sanering og rengj\u00f8ring av vannsystemer for stabil og sunn akvakulturproduksjon.\" \/>\n<meta name=\"robots\" content=\"index, follow, max-snippet:-1, max-image-preview:large, max-video-preview:-1\" \/>\n<link rel=\"canonical\" href=\"https:\/\/hysolv.eu\/no\/produkter\/akvakultur\" \/>\n<meta property=\"og:locale\" content=\"nb_NO\" \/>\n<meta property=\"og:type\" content=\"article\" \/>\n<meta property=\"og:title\" content=\"Biosikkerhetsl\u00f8sninger for akvakultur | Hysolv\" \/>\n<meta property=\"og:description\" content=\"Profesjonelle biosikkerhetsl\u00f8sninger for fiskeoppdrett. Hygiene, overflatedesinfeksjon, sanering og rengj\u00f8ring av vannsystemer for stabil og sunn akvakulturproduksjon.\" \/>\n<meta property=\"og:url\" content=\"https:\/\/hysolv.eu\/no\/produkter\/akvakultur\" \/>\n<meta property=\"og:site_name\" content=\"Hysolv\" \/>\n<meta property=\"article:publisher\" content=\"https:\/\/www.facebook.com\/HysolvLtd\" \/>\n<meta property=\"article:modified_time\" content=\"2026-04-24T08:22:14+00:00\" \/>\n<meta name=\"twitter:card\" content=\"summary_large_image\" \/>\n<meta name=\"twitter:label1\" content=\"Ansl. lesetid\" \/>\n\t<meta name=\"twitter:data1\" content=\"6 minutter\" \/>\n<script type=\"application\/ld+json\" class=\"yoast-schema-graph\">{\"@context\":\"https:\\\/\\\/schema.org\",\"@graph\":[{\"@type\":\"WebPage\",\"@id\":\"https:\\\/\\\/hysolv.eu\\\/no\\\/produkter\\\/akvakultur\",\"url\":\"https:\\\/\\\/hysolv.eu\\\/no\\\/produkter\\\/akvakultur\",\"name\":\"Biosikkerhetsl\u00f8sninger for akvakultur | Hysolv\",\"isPartOf\":{\"@id\":\"https:\\\/\\\/hysolv.eu\\\/no#website\"},\"datePublished\":\"2026-02-06T06:56:11+00:00\",\"dateModified\":\"2026-04-24T08:22:14+00:00\",\"description\":\"Profesjonelle biosikkerhetsl\u00f8sninger for fiskeoppdrett. Hygiene, overflatedesinfeksjon, sanering og rengj\u00f8ring av vannsystemer for stabil og sunn akvakulturproduksjon.\",\"breadcrumb\":{\"@id\":\"https:\\\/\\\/hysolv.eu\\\/no\\\/produkter\\\/akvakultur#breadcrumb\"},\"inLanguage\":\"nb-NO\",\"potentialAction\":[{\"@type\":\"ReadAction\",\"target\":[\"https:\\\/\\\/hysolv.eu\\\/no\\\/produkter\\\/akvakultur\"]}]},{\"@type\":\"BreadcrumbList\",\"@id\":\"https:\\\/\\\/hysolv.eu\\\/no\\\/produkter\\\/akvakultur#breadcrumb\",\"itemListElement\":[{\"@type\":\"ListItem\",\"position\":1,\"name\":\"Home\",\"item\":\"https:\\\/\\\/hysolv.eu\\\/no\"},{\"@type\":\"ListItem\",\"position\":2,\"name\":\"Produkter\",\"item\":\"https:\\\/\\\/hysolv.eu\\\/no\\\/produkter\"},{\"@type\":\"ListItem\",\"position\":3,\"name\":\"Akvakultur\"}]},{\"@type\":\"WebSite\",\"@id\":\"https:\\\/\\\/hysolv.eu\\\/no#website\",\"url\":\"https:\\\/\\\/hysolv.eu\\\/no\",\"name\":\"Hysolv\",\"description\":\"Supporting Animal Health &amp; Biosecurity\",\"publisher\":{\"@id\":\"https:\\\/\\\/hysolv.eu\\\/no#organization\"},\"potentialAction\":[{\"@type\":\"SearchAction\",\"target\":{\"@type\":\"EntryPoint\",\"urlTemplate\":\"https:\\\/\\\/hysolv.eu\\\/no?s={search_term_string}\"},\"query-input\":{\"@type\":\"PropertyValueSpecification\",\"valueRequired\":true,\"valueName\":\"search_term_string\"}}],\"inLanguage\":\"nb-NO\"},{\"@type\":\"Organization\",\"@id\":\"https:\\\/\\\/hysolv.eu\\\/no#organization\",\"name\":\"Hysolv GmbH\",\"url\":\"https:\\\/\\\/hysolv.eu\\\/no\",\"logo\":{\"@type\":\"ImageObject\",\"inLanguage\":\"nb-NO\",\"@id\":\"https:\\\/\\\/hysolv.eu\\\/no#\\\/schema\\\/logo\\\/image\\\/\",\"url\":\"https:\\\/\\\/hysolv.eu\\\/wp-content\\\/uploads\\\/LoginLogo-1.png\",\"contentUrl\":\"https:\\\/\\\/hysolv.eu\\\/wp-content\\\/uploads\\\/LoginLogo-1.png\",\"width\":480,\"height\":229,\"caption\":\"Hysolv GmbH\"},\"image\":{\"@id\":\"https:\\\/\\\/hysolv.eu\\\/no#\\\/schema\\\/logo\\\/image\\\/\"},\"sameAs\":[\"https:\\\/\\\/www.facebook.com\\\/HysolvLtd\",\"https:\\\/\\\/www.instagram.com\\\/hysolvlimited\\\/\",\"https:\\\/\\\/www.linkedin.com\\\/company\\\/hysolv-limited\\\/about\\\/\"]}]}<\/script>\n<!-- \/ Yoast SEO plugin. -->","yoast_head_json":{"title":"Biosikkerhetsl\u00f8sninger for akvakultur | Hysolv","description":"Profesjonelle biosikkerhetsl\u00f8sninger for fiskeoppdrett. Hygiene, overflatedesinfeksjon, sanering og rengj\u00f8ring av vannsystemer for stabil og sunn akvakulturproduksjon.","robots":{"index":"index","follow":"follow","max-snippet":"max-snippet:-1","max-image-preview":"max-image-preview:large","max-video-preview":"max-video-preview:-1"},"canonical":"https:\/\/hysolv.eu\/no\/produkter\/akvakultur","og_locale":"nb_NO","og_type":"article","og_title":"Biosikkerhetsl\u00f8sninger for akvakultur | Hysolv","og_description":"Profesjonelle biosikkerhetsl\u00f8sninger for fiskeoppdrett. Hygiene, overflatedesinfeksjon, sanering og rengj\u00f8ring av vannsystemer for stabil og sunn akvakulturproduksjon.","og_url":"https:\/\/hysolv.eu\/no\/produkter\/akvakultur","og_site_name":"Hysolv","article_publisher":"https:\/\/www.facebook.com\/HysolvLtd","article_modified_time":"2026-04-24T08:22:14+00:00","twitter_card":"summary_large_image","twitter_misc":{"Ansl. lesetid":"6 minutter"},"schema":{"@context":"https:\/\/schema.org","@graph":[{"@type":"WebPage","@id":"https:\/\/hysolv.eu\/no\/produkter\/akvakultur","url":"https:\/\/hysolv.eu\/no\/produkter\/akvakultur","name":"Biosikkerhetsl\u00f8sninger for akvakultur | Hysolv","isPartOf":{"@id":"https:\/\/hysolv.eu\/no#website"},"datePublished":"2026-02-06T06:56:11+00:00","dateModified":"2026-04-24T08:22:14+00:00","description":"Profesjonelle biosikkerhetsl\u00f8sninger for fiskeoppdrett. Hygiene, overflatedesinfeksjon, sanering og rengj\u00f8ring av vannsystemer for stabil og sunn akvakulturproduksjon.","breadcrumb":{"@id":"https:\/\/hysolv.eu\/no\/produkter\/akvakultur#breadcrumb"},"inLanguage":"nb-NO","potentialAction":[{"@type":"ReadAction","target":["https:\/\/hysolv.eu\/no\/produkter\/akvakultur"]}]},{"@type":"BreadcrumbList","@id":"https:\/\/hysolv.eu\/no\/produkter\/akvakultur#breadcrumb","itemListElement":[{"@type":"ListItem","position":1,"name":"Home","item":"https:\/\/hysolv.eu\/no"},{"@type":"ListItem","position":2,"name":"Produkter","item":"https:\/\/hysolv.eu\/no\/produkter"},{"@type":"ListItem","position":3,"name":"Akvakultur"}]},{"@type":"WebSite","@id":"https:\/\/hysolv.eu\/no#website","url":"https:\/\/hysolv.eu\/no","name":"Hysolv","description":"Supporting Animal Health &amp; Biosecurity","publisher":{"@id":"https:\/\/hysolv.eu\/no#organization"},"potentialAction":[{"@type":"SearchAction","target":{"@type":"EntryPoint","urlTemplate":"https:\/\/hysolv.eu\/no?s={search_term_string}"},"query-input":{"@type":"PropertyValueSpecification","valueRequired":true,"valueName":"search_term_string"}}],"inLanguage":"nb-NO"},{"@type":"Organization","@id":"https:\/\/hysolv.eu\/no#organization","name":"Hysolv GmbH","url":"https:\/\/hysolv.eu\/no","logo":{"@type":"ImageObject","inLanguage":"nb-NO","@id":"https:\/\/hysolv.eu\/no#\/schema\/logo\/image\/","url":"https:\/\/hysolv.eu\/wp-content\/uploads\/LoginLogo-1.png","contentUrl":"https:\/\/hysolv.eu\/wp-content\/uploads\/LoginLogo-1.png","width":480,"height":229,"caption":"Hysolv GmbH"},"image":{"@id":"https:\/\/hysolv.eu\/no#\/schema\/logo\/image\/"},"sameAs":["https:\/\/www.facebook.com\/HysolvLtd","https:\/\/www.instagram.com\/hysolvlimited\/","https:\/\/www.linkedin.com\/company\/hysolv-limited\/about\/"]}]}},"_links":{"self":[{"href":"https:\/\/hysolv.eu\/no\/wp-json\/wp\/v2\/pages\/4399","targetHints":{"allow":["GET"]}}],"collection":[{"href":"https:\/\/hysolv.eu\/no\/wp-json\/wp\/v2\/pages"}],"about":[{"href":"https:\/\/hysolv.eu\/no\/wp-json\/wp\/v2\/types\/page"}],"author":[{"embeddable":true,"href":"https:\/\/hysolv.eu\/no\/wp-json\/wp\/v2\/users\/9"}],"replies":[{"embeddable":true,"href":"https:\/\/hysolv.eu\/no\/wp-json\/wp\/v2\/comments?post=4399"}],"version-history":[{"count":1,"href":"https:\/\/hysolv.eu\/no\/wp-json\/wp\/v2\/pages\/4399\/revisions"}],"predecessor-version":[{"id":6988,"href":"https:\/\/hysolv.eu\/no\/wp-json\/wp\/v2\/pages\/4399\/revisions\/6988"}],"up":[{"embeddable":true,"href":"https:\/\/hysolv.eu\/no\/wp-json\/wp\/v2\/pages\/3815"}],"wp:attachment":[{"href":"https:\/\/hysolv.eu\/no\/wp-json\/wp\/v2\/media?parent=4399"}],"curies":[{"name":"wp","href":"https:\/\/api.w.org\/{rel}","templated":true}]}}