{"id":2984,"date":"2021-11-15T14:49:59","date_gmt":"2021-11-15T13:49:59","guid":{"rendered":"https:\/\/hysolv.eu\/product\/interdes-f"},"modified":"2026-04-03T12:04:29","modified_gmt":"2026-04-03T11:04:29","slug":"interdes-f","status":"publish","type":"product","link":"https:\/\/hysolv.eu\/no\/produkt\/interdes-f","title":{"rendered":"Interdes F"},"content":{"rendered":"<p>Desinfeksjonsmiddel for bruk i kommersielle milj\u00f8er som matlagring, rugerier, kj\u00f8lerom, slakterier, n\u00e6ringsmiddelproduksjon, pakkemilj\u00f8er og transportkj\u00f8ret\u00f8y.<\/p>\n<a  class=\"x-btn x-btn-real x-btn-rounded x-btn-mini\"  href=\"https:\/\/hysolv.eu\/wp-content\/uploads\/InterDes-F-Ltd-March-2021.pdf\" title=\"InterDes F Ltd Mars 2021\" target=\"_blank\" rel=\"noopener noreferrer\"   data-options=\"thumbnail: ''\">PRODUKTINFORMASJONSSJEMA<\/a>\n","protected":false},"excerpt":{"rendered":"<p>Desinfeksjonsmiddel for bruk i kommersielle milj\u00f8er som matlagring, rugerier, kj\u00f8lerom, slakterier, n\u00e6ringsmiddelproduksjon, pakkemilj\u00f8er og transportkj\u00f8ret\u00f8y.<\/p>\n","protected":false},"featured_media":2985,"template":"","meta":{"rs_blank_template":"","rs_page_bg_color":"","slide_template_v7":""},"product_brand":[],"product_cat":[677,662,1014,596,646,710,702,597],"product_tag":[],"class_list":{"0":"post-2984","1":"product","2":"type-product","3":"status-publish","4":"has-post-thumbnail","6":"product_cat-akvakultur","7":"product_cat-desinfeksjonsmidler","8":"product_cat-drovtyggere","9":"product_cat-fjaerfe","10":"product_cat-matvarebehandling-og-lagring","11":"product_cat-rengjoringsmidler","12":"product_cat-selskapsdyr","13":"product_cat-svin","16":"first","17":"instock","18":"shipping-taxable","19":"product-type-simple"},"yoast_head":"<!-- This site is optimized with the Yoast SEO plugin v27.5 - https:\/\/yoast.com\/product\/yoast-seo-wordpress\/ -->\n<title>Interdes F | Hysolv<\/title>\n<meta name=\"description\" content=\"Desinfeksjonsmiddel til bruk i kommersielle lokaler som n\u00e6ringsmiddellagre, rugerier, kj\u00f8lerom, slakterier, n\u00e6ringsmiddelforedling, pakkemilj\u00f8er og transportkj\u00f8ret\u00f8yer.\" \/>\n<meta name=\"robots\" content=\"index, follow, max-snippet:-1, max-image-preview:large, max-video-preview:-1\" \/>\n<link rel=\"canonical\" href=\"https:\/\/hysolv.eu\/no\/produkt\/interdes-f\" \/>\n<meta property=\"og:locale\" content=\"nb_NO\" \/>\n<meta property=\"og:type\" content=\"article\" \/>\n<meta property=\"og:title\" content=\"Interdes F | Hysolv\" \/>\n<meta property=\"og:description\" content=\"Desinfeksjonsmiddel til bruk i kommersielle lokaler som n\u00e6ringsmiddellagre, rugerier, kj\u00f8lerom, slakterier, n\u00e6ringsmiddelforedling, pakkemilj\u00f8er og transportkj\u00f8ret\u00f8yer.\" \/>\n<meta property=\"og:url\" content=\"https:\/\/hysolv.eu\/no\/produkt\/interdes-f\" \/>\n<meta property=\"og:site_name\" content=\"Hysolv\" \/>\n<meta property=\"article:publisher\" content=\"https:\/\/www.facebook.com\/HysolvLtd\" \/>\n<meta property=\"article:modified_time\" content=\"2026-04-03T11:04:29+00:00\" \/>\n<meta property=\"og:image\" content=\"https:\/\/hysolv.eu\/wp-content\/uploads\/interdes_f.jpg\" \/>\n\t<meta property=\"og:image:width\" content=\"1071\" \/>\n\t<meta property=\"og:image:height\" content=\"714\" \/>\n\t<meta property=\"og:image:type\" content=\"image\/jpeg\" \/>\n<meta name=\"twitter:card\" content=\"summary_large_image\" \/>\n<script type=\"application\/ld+json\" class=\"yoast-schema-graph\">{\"@context\":\"https:\\\/\\\/schema.org\",\"@graph\":[{\"@type\":\"WebPage\",\"@id\":\"https:\\\/\\\/hysolv.eu\\\/no\\\/produkt\\\/interdes-f\",\"url\":\"https:\\\/\\\/hysolv.eu\\\/no\\\/produkt\\\/interdes-f\",\"name\":\"Interdes F | Hysolv\",\"isPartOf\":{\"@id\":\"https:\\\/\\\/hysolv.eu\\\/no#website\"},\"primaryImageOfPage\":{\"@id\":\"https:\\\/\\\/hysolv.eu\\\/no\\\/produkt\\\/interdes-f#primaryimage\"},\"image\":{\"@id\":\"https:\\\/\\\/hysolv.eu\\\/no\\\/produkt\\\/interdes-f#primaryimage\"},\"thumbnailUrl\":\"https:\\\/\\\/hysolv.eu\\\/wp-content\\\/uploads\\\/interdes_f.jpg\",\"datePublished\":\"2021-11-15T13:49:59+00:00\",\"dateModified\":\"2026-04-03T11:04:29+00:00\",\"description\":\"Desinfeksjonsmiddel til bruk i kommersielle lokaler som n\u00e6ringsmiddellagre, rugerier, kj\u00f8lerom, slakterier, n\u00e6ringsmiddelforedling, pakkemilj\u00f8er og transportkj\u00f8ret\u00f8yer.\",\"breadcrumb\":{\"@id\":\"https:\\\/\\\/hysolv.eu\\\/no\\\/produkt\\\/interdes-f#breadcrumb\"},\"inLanguage\":\"nb-NO\",\"potentialAction\":[{\"@type\":\"ReadAction\",\"target\":[\"https:\\\/\\\/hysolv.eu\\\/no\\\/produkt\\\/interdes-f\"]}]},{\"@type\":\"ImageObject\",\"inLanguage\":\"nb-NO\",\"@id\":\"https:\\\/\\\/hysolv.eu\\\/no\\\/produkt\\\/interdes-f#primaryimage\",\"url\":\"https:\\\/\\\/hysolv.eu\\\/wp-content\\\/uploads\\\/interdes_f.jpg\",\"contentUrl\":\"https:\\\/\\\/hysolv.eu\\\/wp-content\\\/uploads\\\/interdes_f.jpg\",\"width\":1071,\"height\":714,\"caption\":\"Interdes F desinfeksjonsmiddel i bl\u00e5 beholder, 10 kg emballasje\"},{\"@type\":\"BreadcrumbList\",\"@id\":\"https:\\\/\\\/hysolv.eu\\\/no\\\/produkt\\\/interdes-f#breadcrumb\",\"itemListElement\":[{\"@type\":\"ListItem\",\"position\":1,\"name\":\"Home\",\"item\":\"https:\\\/\\\/hysolv.eu\\\/no\"},{\"@type\":\"ListItem\",\"position\":2,\"name\":\"Butikk\",\"item\":\"https:\\\/\\\/hysolv.eu\\\/butikk\"},{\"@type\":\"ListItem\",\"position\":3,\"name\":\"Interdes F\"}]},{\"@type\":\"WebSite\",\"@id\":\"https:\\\/\\\/hysolv.eu\\\/no#website\",\"url\":\"https:\\\/\\\/hysolv.eu\\\/no\",\"name\":\"Hysolv\",\"description\":\"Supporting Animal Health &amp; Biosecurity\",\"publisher\":{\"@id\":\"https:\\\/\\\/hysolv.eu\\\/no#organization\"},\"potentialAction\":[{\"@type\":\"SearchAction\",\"target\":{\"@type\":\"EntryPoint\",\"urlTemplate\":\"https:\\\/\\\/hysolv.eu\\\/no?s={search_term_string}\"},\"query-input\":{\"@type\":\"PropertyValueSpecification\",\"valueRequired\":true,\"valueName\":\"search_term_string\"}}],\"inLanguage\":\"nb-NO\"},{\"@type\":\"Organization\",\"@id\":\"https:\\\/\\\/hysolv.eu\\\/no#organization\",\"name\":\"Hysolv GmbH\",\"url\":\"https:\\\/\\\/hysolv.eu\\\/no\",\"logo\":{\"@type\":\"ImageObject\",\"inLanguage\":\"nb-NO\",\"@id\":\"https:\\\/\\\/hysolv.eu\\\/no#\\\/schema\\\/logo\\\/image\\\/\",\"url\":\"https:\\\/\\\/hysolv.eu\\\/wp-content\\\/uploads\\\/LoginLogo-1.png\",\"contentUrl\":\"https:\\\/\\\/hysolv.eu\\\/wp-content\\\/uploads\\\/LoginLogo-1.png\",\"width\":480,\"height\":229,\"caption\":\"Hysolv GmbH\"},\"image\":{\"@id\":\"https:\\\/\\\/hysolv.eu\\\/no#\\\/schema\\\/logo\\\/image\\\/\"},\"sameAs\":[\"https:\\\/\\\/www.facebook.com\\\/HysolvLtd\",\"https:\\\/\\\/www.instagram.com\\\/hysolvlimited\\\/\",\"https:\\\/\\\/www.linkedin.com\\\/company\\\/hysolv-limited\\\/about\\\/\"]}]}<\/script>\n<!-- \/ Yoast SEO plugin. -->","yoast_head_json":{"title":"Interdes F | Hysolv","description":"Desinfeksjonsmiddel til bruk i kommersielle lokaler som n\u00e6ringsmiddellagre, rugerier, kj\u00f8lerom, slakterier, n\u00e6ringsmiddelforedling, pakkemilj\u00f8er og transportkj\u00f8ret\u00f8yer.","robots":{"index":"index","follow":"follow","max-snippet":"max-snippet:-1","max-image-preview":"max-image-preview:large","max-video-preview":"max-video-preview:-1"},"canonical":"https:\/\/hysolv.eu\/no\/produkt\/interdes-f","og_locale":"nb_NO","og_type":"article","og_title":"Interdes F | Hysolv","og_description":"Desinfeksjonsmiddel til bruk i kommersielle lokaler som n\u00e6ringsmiddellagre, rugerier, kj\u00f8lerom, slakterier, n\u00e6ringsmiddelforedling, pakkemilj\u00f8er og transportkj\u00f8ret\u00f8yer.","og_url":"https:\/\/hysolv.eu\/no\/produkt\/interdes-f","og_site_name":"Hysolv","article_publisher":"https:\/\/www.facebook.com\/HysolvLtd","article_modified_time":"2026-04-03T11:04:29+00:00","og_image":[{"width":1071,"height":714,"url":"https:\/\/hysolv.eu\/wp-content\/uploads\/interdes_f.jpg","type":"image\/jpeg"}],"twitter_card":"summary_large_image","schema":{"@context":"https:\/\/schema.org","@graph":[{"@type":"WebPage","@id":"https:\/\/hysolv.eu\/no\/produkt\/interdes-f","url":"https:\/\/hysolv.eu\/no\/produkt\/interdes-f","name":"Interdes F | Hysolv","isPartOf":{"@id":"https:\/\/hysolv.eu\/no#website"},"primaryImageOfPage":{"@id":"https:\/\/hysolv.eu\/no\/produkt\/interdes-f#primaryimage"},"image":{"@id":"https:\/\/hysolv.eu\/no\/produkt\/interdes-f#primaryimage"},"thumbnailUrl":"https:\/\/hysolv.eu\/wp-content\/uploads\/interdes_f.jpg","datePublished":"2021-11-15T13:49:59+00:00","dateModified":"2026-04-03T11:04:29+00:00","description":"Desinfeksjonsmiddel til bruk i kommersielle lokaler som n\u00e6ringsmiddellagre, rugerier, kj\u00f8lerom, slakterier, n\u00e6ringsmiddelforedling, pakkemilj\u00f8er og transportkj\u00f8ret\u00f8yer.","breadcrumb":{"@id":"https:\/\/hysolv.eu\/no\/produkt\/interdes-f#breadcrumb"},"inLanguage":"nb-NO","potentialAction":[{"@type":"ReadAction","target":["https:\/\/hysolv.eu\/no\/produkt\/interdes-f"]}]},{"@type":"ImageObject","inLanguage":"nb-NO","@id":"https:\/\/hysolv.eu\/no\/produkt\/interdes-f#primaryimage","url":"https:\/\/hysolv.eu\/wp-content\/uploads\/interdes_f.jpg","contentUrl":"https:\/\/hysolv.eu\/wp-content\/uploads\/interdes_f.jpg","width":1071,"height":714,"caption":"Interdes F desinfeksjonsmiddel i bl\u00e5 beholder, 10 kg emballasje"},{"@type":"BreadcrumbList","@id":"https:\/\/hysolv.eu\/no\/produkt\/interdes-f#breadcrumb","itemListElement":[{"@type":"ListItem","position":1,"name":"Home","item":"https:\/\/hysolv.eu\/no"},{"@type":"ListItem","position":2,"name":"Butikk","item":"https:\/\/hysolv.eu\/butikk"},{"@type":"ListItem","position":3,"name":"Interdes F"}]},{"@type":"WebSite","@id":"https:\/\/hysolv.eu\/no#website","url":"https:\/\/hysolv.eu\/no","name":"Hysolv","description":"Supporting Animal Health &amp; Biosecurity","publisher":{"@id":"https:\/\/hysolv.eu\/no#organization"},"potentialAction":[{"@type":"SearchAction","target":{"@type":"EntryPoint","urlTemplate":"https:\/\/hysolv.eu\/no?s={search_term_string}"},"query-input":{"@type":"PropertyValueSpecification","valueRequired":true,"valueName":"search_term_string"}}],"inLanguage":"nb-NO"},{"@type":"Organization","@id":"https:\/\/hysolv.eu\/no#organization","name":"Hysolv GmbH","url":"https:\/\/hysolv.eu\/no","logo":{"@type":"ImageObject","inLanguage":"nb-NO","@id":"https:\/\/hysolv.eu\/no#\/schema\/logo\/image\/","url":"https:\/\/hysolv.eu\/wp-content\/uploads\/LoginLogo-1.png","contentUrl":"https:\/\/hysolv.eu\/wp-content\/uploads\/LoginLogo-1.png","width":480,"height":229,"caption":"Hysolv GmbH"},"image":{"@id":"https:\/\/hysolv.eu\/no#\/schema\/logo\/image\/"},"sameAs":["https:\/\/www.facebook.com\/HysolvLtd","https:\/\/www.instagram.com\/hysolvlimited\/","https:\/\/www.linkedin.com\/company\/hysolv-limited\/about\/"]}]}},"_links":{"self":[{"href":"https:\/\/hysolv.eu\/no\/wp-json\/wp\/v2\/product\/2984","targetHints":{"allow":["GET"]}}],"collection":[{"href":"https:\/\/hysolv.eu\/no\/wp-json\/wp\/v2\/product"}],"about":[{"href":"https:\/\/hysolv.eu\/no\/wp-json\/wp\/v2\/types\/product"}],"wp:featuredmedia":[{"embeddable":true,"href":"https:\/\/hysolv.eu\/no\/wp-json\/wp\/v2\/media\/2985"}],"wp:attachment":[{"href":"https:\/\/hysolv.eu\/no\/wp-json\/wp\/v2\/media?parent=2984"}],"wp:term":[{"taxonomy":"product_brand","embeddable":true,"href":"https:\/\/hysolv.eu\/no\/wp-json\/wp\/v2\/product_brand?post=2984"},{"taxonomy":"product_cat","embeddable":true,"href":"https:\/\/hysolv.eu\/no\/wp-json\/wp\/v2\/product_cat?post=2984"},{"taxonomy":"product_tag","embeddable":true,"href":"https:\/\/hysolv.eu\/no\/wp-json\/wp\/v2\/product_tag?post=2984"}],"curies":[{"name":"wp","href":"https:\/\/api.w.org\/{rel}","templated":true}]}}