{"id":3000,"date":"2021-11-08T12:36:46","date_gmt":"2021-11-08T11:36:46","guid":{"rendered":"https:\/\/hysolv.eu\/product\/alkalien"},"modified":"2026-04-03T12:22:42","modified_gmt":"2026-04-03T11:22:42","slug":"alkalien","status":"publish","type":"product","link":"https:\/\/hysolv.eu\/no\/produkt\/alkalien","title":{"rendered":"Alkalien"},"content":{"rendered":"<p>Alkaliene\u00ae er et kraftig, skummende kationisk rengj\u00f8ringsmiddel. Det er ideelt som f\u00f8rstetrinnsrengj\u00f8ring, reduserer vannforbruket, fjerner hardnakket smuss, er effektivt mot biofilm og har, spesielt ved h\u00f8yere konsentrasjoner, lang kontakttid. <\/p>\n<p>&nbsp;<\/p>\n<a  class=\"x-btn x-btn-real x-btn-rounded x-btn-mini\"  href=\"https:\/\/hysolv.eu\/wp-content\/uploads\/Alkaliene-Hysolv-Ltd-July-2021.pdf\" title=\"Alkaliene Hysolv Ltd Juli 2021\" target=\"_blank\" rel=\"noopener noreferrer\"   data-options=\"thumbnail: ''\">PRODUKTINFORMASJONSARK<\/a>\n","protected":false},"excerpt":{"rendered":"<p>Alkaliene\u00ae er et kraftig skummende kationisk rengj\u00f8ringsmiddel. Det er et ideelt f\u00f8rstetrinns rengj\u00f8ringsmiddel som reduserer vannbehovet, fjerner hardnakket smuss, er effektivt mot biofilm og har lang kontakttid, spesielt ved h\u00f8yere konsentrasjoner. <\/p>\n","protected":false},"featured_media":3001,"template":"","meta":{"rs_blank_template":"","rs_page_bg_color":"","slide_template_v7":""},"product_brand":[],"product_cat":[677,1014,596,646,710,702,597],"product_tag":[],"class_list":{"0":"post-3000","1":"product","2":"type-product","3":"status-publish","4":"has-post-thumbnail","6":"product_cat-akvakultur","7":"product_cat-drovtyggere","8":"product_cat-fjaerfe","9":"product_cat-matvarebehandling-og-lagring","10":"product_cat-rengjoringsmidler","11":"product_cat-selskapsdyr","12":"product_cat-svin","15":"first","16":"instock","17":"shipping-taxable","18":"product-type-simple"},"yoast_head":"<!-- This site is optimized with the Yoast SEO plugin v27.5 - https:\/\/yoast.com\/product\/yoast-seo-wordpress\/ -->\n<title>Alkalien | Hysolv<\/title>\n<meta name=\"description\" content=\"Alminnelig alkalisk rengj\u00f8ringsmiddel for harde overflater, for alle dyrehus, klekkerier, veterin\u00e6rklinikker og sykehus.\" \/>\n<meta name=\"robots\" content=\"index, follow, max-snippet:-1, max-image-preview:large, max-video-preview:-1\" \/>\n<link rel=\"canonical\" href=\"https:\/\/hysolv.eu\/no\/produkt\/alkalien\" \/>\n<meta property=\"og:locale\" content=\"nb_NO\" \/>\n<meta property=\"og:type\" content=\"article\" \/>\n<meta property=\"og:title\" content=\"Alkalien | Hysolv\" \/>\n<meta property=\"og:description\" content=\"Alminnelig alkalisk rengj\u00f8ringsmiddel for harde overflater, for alle dyrehus, klekkerier, veterin\u00e6rklinikker og sykehus.\" \/>\n<meta property=\"og:url\" content=\"https:\/\/hysolv.eu\/no\/produkt\/alkalien\" \/>\n<meta property=\"og:site_name\" content=\"Hysolv\" \/>\n<meta property=\"article:publisher\" content=\"https:\/\/www.facebook.com\/HysolvLtd\" \/>\n<meta property=\"article:modified_time\" content=\"2026-04-03T11:22:42+00:00\" \/>\n<meta property=\"og:image\" content=\"https:\/\/hysolv.eu\/wp-content\/uploads\/alkaliene.jpg\" \/>\n\t<meta property=\"og:image:width\" content=\"1071\" \/>\n\t<meta property=\"og:image:height\" content=\"714\" \/>\n\t<meta property=\"og:image:type\" content=\"image\/jpeg\" \/>\n<meta name=\"twitter:card\" content=\"summary_large_image\" \/>\n<script type=\"application\/ld+json\" class=\"yoast-schema-graph\">{\"@context\":\"https:\\\/\\\/schema.org\",\"@graph\":[{\"@type\":\"WebPage\",\"@id\":\"https:\\\/\\\/hysolv.eu\\\/no\\\/produkt\\\/alkalien\",\"url\":\"https:\\\/\\\/hysolv.eu\\\/no\\\/produkt\\\/alkalien\",\"name\":\"Alkalien | Hysolv\",\"isPartOf\":{\"@id\":\"https:\\\/\\\/hysolv.eu\\\/no#website\"},\"primaryImageOfPage\":{\"@id\":\"https:\\\/\\\/hysolv.eu\\\/no\\\/produkt\\\/alkalien#primaryimage\"},\"image\":{\"@id\":\"https:\\\/\\\/hysolv.eu\\\/no\\\/produkt\\\/alkalien#primaryimage\"},\"thumbnailUrl\":\"https:\\\/\\\/hysolv.eu\\\/wp-content\\\/uploads\\\/alkaliene.jpg\",\"datePublished\":\"2021-11-08T11:36:46+00:00\",\"dateModified\":\"2026-04-03T11:22:42+00:00\",\"description\":\"Alminnelig alkalisk rengj\u00f8ringsmiddel for harde overflater, for alle dyrehus, klekkerier, veterin\u00e6rklinikker og sykehus.\",\"breadcrumb\":{\"@id\":\"https:\\\/\\\/hysolv.eu\\\/no\\\/produkt\\\/alkalien#breadcrumb\"},\"inLanguage\":\"nb-NO\",\"potentialAction\":[{\"@type\":\"ReadAction\",\"target\":[\"https:\\\/\\\/hysolv.eu\\\/no\\\/produkt\\\/alkalien\"]}]},{\"@type\":\"ImageObject\",\"inLanguage\":\"nb-NO\",\"@id\":\"https:\\\/\\\/hysolv.eu\\\/no\\\/produkt\\\/alkalien#primaryimage\",\"url\":\"https:\\\/\\\/hysolv.eu\\\/wp-content\\\/uploads\\\/alkaliene.jpg\",\"contentUrl\":\"https:\\\/\\\/hysolv.eu\\\/wp-content\\\/uploads\\\/alkaliene.jpg\",\"width\":1071,\"height\":714,\"caption\":\"Alkalisk hurtigskummende rengj\u00f8ringsmiddel i hvit beholder for landbruks- og industrirengj\u00f8ring\"},{\"@type\":\"BreadcrumbList\",\"@id\":\"https:\\\/\\\/hysolv.eu\\\/no\\\/produkt\\\/alkalien#breadcrumb\",\"itemListElement\":[{\"@type\":\"ListItem\",\"position\":1,\"name\":\"Home\",\"item\":\"https:\\\/\\\/hysolv.eu\\\/no\"},{\"@type\":\"ListItem\",\"position\":2,\"name\":\"Butikk\",\"item\":\"https:\\\/\\\/hysolv.eu\\\/butikk\"},{\"@type\":\"ListItem\",\"position\":3,\"name\":\"Alkalien\"}]},{\"@type\":\"WebSite\",\"@id\":\"https:\\\/\\\/hysolv.eu\\\/no#website\",\"url\":\"https:\\\/\\\/hysolv.eu\\\/no\",\"name\":\"Hysolv\",\"description\":\"Supporting Animal Health &amp; Biosecurity\",\"publisher\":{\"@id\":\"https:\\\/\\\/hysolv.eu\\\/no#organization\"},\"potentialAction\":[{\"@type\":\"SearchAction\",\"target\":{\"@type\":\"EntryPoint\",\"urlTemplate\":\"https:\\\/\\\/hysolv.eu\\\/no?s={search_term_string}\"},\"query-input\":{\"@type\":\"PropertyValueSpecification\",\"valueRequired\":true,\"valueName\":\"search_term_string\"}}],\"inLanguage\":\"nb-NO\"},{\"@type\":\"Organization\",\"@id\":\"https:\\\/\\\/hysolv.eu\\\/no#organization\",\"name\":\"Hysolv GmbH\",\"url\":\"https:\\\/\\\/hysolv.eu\\\/no\",\"logo\":{\"@type\":\"ImageObject\",\"inLanguage\":\"nb-NO\",\"@id\":\"https:\\\/\\\/hysolv.eu\\\/no#\\\/schema\\\/logo\\\/image\\\/\",\"url\":\"https:\\\/\\\/hysolv.eu\\\/wp-content\\\/uploads\\\/LoginLogo-1.png\",\"contentUrl\":\"https:\\\/\\\/hysolv.eu\\\/wp-content\\\/uploads\\\/LoginLogo-1.png\",\"width\":480,\"height\":229,\"caption\":\"Hysolv GmbH\"},\"image\":{\"@id\":\"https:\\\/\\\/hysolv.eu\\\/no#\\\/schema\\\/logo\\\/image\\\/\"},\"sameAs\":[\"https:\\\/\\\/www.facebook.com\\\/HysolvLtd\",\"https:\\\/\\\/www.instagram.com\\\/hysolvlimited\\\/\",\"https:\\\/\\\/www.linkedin.com\\\/company\\\/hysolv-limited\\\/about\\\/\"]}]}<\/script>\n<!-- \/ Yoast SEO plugin. -->","yoast_head_json":{"title":"Alkalien | Hysolv","description":"Alminnelig alkalisk rengj\u00f8ringsmiddel for harde overflater, for alle dyrehus, klekkerier, veterin\u00e6rklinikker og sykehus.","robots":{"index":"index","follow":"follow","max-snippet":"max-snippet:-1","max-image-preview":"max-image-preview:large","max-video-preview":"max-video-preview:-1"},"canonical":"https:\/\/hysolv.eu\/no\/produkt\/alkalien","og_locale":"nb_NO","og_type":"article","og_title":"Alkalien | Hysolv","og_description":"Alminnelig alkalisk rengj\u00f8ringsmiddel for harde overflater, for alle dyrehus, klekkerier, veterin\u00e6rklinikker og sykehus.","og_url":"https:\/\/hysolv.eu\/no\/produkt\/alkalien","og_site_name":"Hysolv","article_publisher":"https:\/\/www.facebook.com\/HysolvLtd","article_modified_time":"2026-04-03T11:22:42+00:00","og_image":[{"width":1071,"height":714,"url":"https:\/\/hysolv.eu\/wp-content\/uploads\/alkaliene.jpg","type":"image\/jpeg"}],"twitter_card":"summary_large_image","schema":{"@context":"https:\/\/schema.org","@graph":[{"@type":"WebPage","@id":"https:\/\/hysolv.eu\/no\/produkt\/alkalien","url":"https:\/\/hysolv.eu\/no\/produkt\/alkalien","name":"Alkalien | Hysolv","isPartOf":{"@id":"https:\/\/hysolv.eu\/no#website"},"primaryImageOfPage":{"@id":"https:\/\/hysolv.eu\/no\/produkt\/alkalien#primaryimage"},"image":{"@id":"https:\/\/hysolv.eu\/no\/produkt\/alkalien#primaryimage"},"thumbnailUrl":"https:\/\/hysolv.eu\/wp-content\/uploads\/alkaliene.jpg","datePublished":"2021-11-08T11:36:46+00:00","dateModified":"2026-04-03T11:22:42+00:00","description":"Alminnelig alkalisk rengj\u00f8ringsmiddel for harde overflater, for alle dyrehus, klekkerier, veterin\u00e6rklinikker og sykehus.","breadcrumb":{"@id":"https:\/\/hysolv.eu\/no\/produkt\/alkalien#breadcrumb"},"inLanguage":"nb-NO","potentialAction":[{"@type":"ReadAction","target":["https:\/\/hysolv.eu\/no\/produkt\/alkalien"]}]},{"@type":"ImageObject","inLanguage":"nb-NO","@id":"https:\/\/hysolv.eu\/no\/produkt\/alkalien#primaryimage","url":"https:\/\/hysolv.eu\/wp-content\/uploads\/alkaliene.jpg","contentUrl":"https:\/\/hysolv.eu\/wp-content\/uploads\/alkaliene.jpg","width":1071,"height":714,"caption":"Alkalisk hurtigskummende rengj\u00f8ringsmiddel i hvit beholder for landbruks- og industrirengj\u00f8ring"},{"@type":"BreadcrumbList","@id":"https:\/\/hysolv.eu\/no\/produkt\/alkalien#breadcrumb","itemListElement":[{"@type":"ListItem","position":1,"name":"Home","item":"https:\/\/hysolv.eu\/no"},{"@type":"ListItem","position":2,"name":"Butikk","item":"https:\/\/hysolv.eu\/butikk"},{"@type":"ListItem","position":3,"name":"Alkalien"}]},{"@type":"WebSite","@id":"https:\/\/hysolv.eu\/no#website","url":"https:\/\/hysolv.eu\/no","name":"Hysolv","description":"Supporting Animal Health &amp; Biosecurity","publisher":{"@id":"https:\/\/hysolv.eu\/no#organization"},"potentialAction":[{"@type":"SearchAction","target":{"@type":"EntryPoint","urlTemplate":"https:\/\/hysolv.eu\/no?s={search_term_string}"},"query-input":{"@type":"PropertyValueSpecification","valueRequired":true,"valueName":"search_term_string"}}],"inLanguage":"nb-NO"},{"@type":"Organization","@id":"https:\/\/hysolv.eu\/no#organization","name":"Hysolv GmbH","url":"https:\/\/hysolv.eu\/no","logo":{"@type":"ImageObject","inLanguage":"nb-NO","@id":"https:\/\/hysolv.eu\/no#\/schema\/logo\/image\/","url":"https:\/\/hysolv.eu\/wp-content\/uploads\/LoginLogo-1.png","contentUrl":"https:\/\/hysolv.eu\/wp-content\/uploads\/LoginLogo-1.png","width":480,"height":229,"caption":"Hysolv GmbH"},"image":{"@id":"https:\/\/hysolv.eu\/no#\/schema\/logo\/image\/"},"sameAs":["https:\/\/www.facebook.com\/HysolvLtd","https:\/\/www.instagram.com\/hysolvlimited\/","https:\/\/www.linkedin.com\/company\/hysolv-limited\/about\/"]}]}},"_links":{"self":[{"href":"https:\/\/hysolv.eu\/no\/wp-json\/wp\/v2\/product\/3000","targetHints":{"allow":["GET"]}}],"collection":[{"href":"https:\/\/hysolv.eu\/no\/wp-json\/wp\/v2\/product"}],"about":[{"href":"https:\/\/hysolv.eu\/no\/wp-json\/wp\/v2\/types\/product"}],"wp:featuredmedia":[{"embeddable":true,"href":"https:\/\/hysolv.eu\/no\/wp-json\/wp\/v2\/media\/3001"}],"wp:attachment":[{"href":"https:\/\/hysolv.eu\/no\/wp-json\/wp\/v2\/media?parent=3000"}],"wp:term":[{"taxonomy":"product_brand","embeddable":true,"href":"https:\/\/hysolv.eu\/no\/wp-json\/wp\/v2\/product_brand?post=3000"},{"taxonomy":"product_cat","embeddable":true,"href":"https:\/\/hysolv.eu\/no\/wp-json\/wp\/v2\/product_cat?post=3000"},{"taxonomy":"product_tag","embeddable":true,"href":"https:\/\/hysolv.eu\/no\/wp-json\/wp\/v2\/product_tag?post=3000"}],"curies":[{"name":"wp","href":"https:\/\/api.w.org\/{rel}","templated":true}]}}