{"id":5117,"date":"2026-03-26T07:34:41","date_gmt":"2026-03-26T06:34:41","guid":{"rendered":"https:\/\/hysolv.eu\/product\/power-foam-cleaner"},"modified":"2026-03-26T07:34:41","modified_gmt":"2026-03-26T06:34:41","slug":"power-foam-cleaner","status":"publish","type":"product","link":"https:\/\/hysolv.eu\/no\/produkt\/power-foam-cleaner","title":{"rendered":"Power Foam Cleaner"},"content":{"rendered":"<p>Power Foam Cleaner er et profesjonelt, mildt alkalisk skumrengj\u00f8ringsmiddel utviklet for intensiv rengj\u00f8ring i landbruksmilj\u00f8er. Det danner et sv\u00e6rt stabilt og sterkt vedheftende skum som forlenger kontakttiden, forbedrer fjerningen av animalsk fett, oljer og proteiner, samtidig som produktforbruket reduseres. Produktet er kun beregnet for profesjonell bruk og gir optimale resultater n\u00e5r det p\u00e5f\u00f8res med skumutstyr.  <\/p>\n","protected":false},"excerpt":{"rendered":"<div class=\"flex flex-col text-sm pb-25\">\n<article class=\"text-token-text-primary w-full focus:outline-none [--shadow-height:45px] has-data-writing-block:pointer-events-none has-data-writing-block:-mt-(--shadow-height) has-data-writing-block:pt-(--shadow-height) [&amp;:has([data-writing-block])&gt;*]:pointer-events-auto scroll-mt-[calc(var(--header-height)+min(200px,max(70px,20svh)))]\" dir=\"auto\" tabindex=\"-1\" data-turn-id=\"05ebb37e-eef1-4f61-9374-c8f289c3a83d\" data-testid=\"conversation-turn-266\" data-scroll-anchor=\"true\" data-turn=\"assistant\">\n<div class=\"text-base my-auto mx-auto pb-10 [--thread-content-margin:--spacing(4)] @w-sm\/main:[--thread-content-margin:--spacing(6)] @w-lg\/main:[--thread-content-margin:--spacing(16)] px-(--thread-content-margin)\">\n<div class=\"[--thread-content-max-width:40rem] @w-lg\/main:[--thread-content-max-width:48rem] mx-auto max-w-(--thread-content-max-width) flex-1 group\/turn-messages focus-visible:outline-hidden relative flex w-full min-w-0 flex-col agent-turn\" tabindex=\"-1\">\n<div class=\"flex max-w-full flex-col grow\">\n<div class=\"min-h-8 text-message relative flex w-full flex-col items-end gap-2 text-start break-words whitespace-normal [.text-message+&amp;]:mt-1\" dir=\"auto\" data-message-author-role=\"assistant\" data-message-id=\"92326bd8-8aef-4c61-9520-e9862e4c4f6b\" data-message-model-slug=\"gpt-5-2\">\n<p data-start=\"1011\" data-end=\"1252\">Power Foam Cleaner er et profesjonelt alkalisk skumrengj\u00f8ringsmiddel for intensiv rengj\u00f8ring i dyrehus og landbruksanlegg. Det sv\u00e6rt klebende skummet fjerner effektivt animalsk fett, oljer og proteiner, samtidig som det reduserer produktforbruket. <\/p>\n<\/div>\n<\/div>\n<\/div>\n<\/div>\n<\/article>\n<\/div>\n","protected":false},"featured_media":3982,"template":"","meta":[],"product_brand":[],"product_cat":[677,1014,596,646,710,702,597],"product_tag":[],"class_list":{"0":"post-5117","1":"product","2":"type-product","3":"status-publish","4":"has-post-thumbnail","6":"product_cat-akvakultur","7":"product_cat-drovtyggere","8":"product_cat-fjaerfe","9":"product_cat-matvarebehandling-og-lagring","10":"product_cat-rengjoringsmidler","11":"product_cat-selskapsdyr","12":"product_cat-svin","15":"first","16":"instock","17":"shipping-taxable","18":"product-type-simple"},"yoast_head":"<!-- This site is optimized with the Yoast SEO plugin v27.3 - https:\/\/yoast.com\/product\/yoast-seo-wordpress\/ -->\n<title>Power Foam Cleaner | Hysolv<\/title>\n<meta name=\"description\" content=\"Power Foam Cleaner er et profesjonelt alkalisk skumrengj\u00f8ringsmiddel for intensiv rengj\u00f8ring av dyrehus. Skummet er sv\u00e6rt klebende og fjerner fett, oljer og proteiner.\" \/>\n<meta name=\"robots\" content=\"index, follow, max-snippet:-1, max-image-preview:large, max-video-preview:-1\" \/>\n<link rel=\"canonical\" href=\"https:\/\/hysolv.eu\/no\/produkt\/power-foam-cleaner\" \/>\n<meta property=\"og:locale\" content=\"nb_NO\" \/>\n<meta property=\"og:type\" content=\"article\" \/>\n<meta property=\"og:title\" content=\"Power Foam Cleaner | Hysolv\" \/>\n<meta property=\"og:description\" content=\"Power Foam Cleaner er et profesjonelt alkalisk skumrengj\u00f8ringsmiddel for intensiv rengj\u00f8ring av dyrehus. Skummet er sv\u00e6rt klebende og fjerner fett, oljer og proteiner.\" \/>\n<meta property=\"og:url\" content=\"https:\/\/hysolv.eu\/no\/produkt\/power-foam-cleaner\" \/>\n<meta property=\"og:site_name\" content=\"Hysolv\" \/>\n<meta property=\"article:publisher\" content=\"https:\/\/www.facebook.com\/HysolvLtd\" \/>\n<meta property=\"og:image\" content=\"https:\/\/hysolv.eu\/wp-content\/uploads\/power-foam-cleaner.jpg\" \/>\n\t<meta property=\"og:image:width\" content=\"1071\" \/>\n\t<meta property=\"og:image:height\" content=\"714\" \/>\n\t<meta property=\"og:image:type\" content=\"image\/jpeg\" \/>\n<meta name=\"twitter:card\" content=\"summary_large_image\" \/>\n<script type=\"application\/ld+json\" class=\"yoast-schema-graph\">{\"@context\":\"https:\\\/\\\/schema.org\",\"@graph\":[{\"@type\":\"WebPage\",\"@id\":\"https:\\\/\\\/hysolv.eu\\\/no\\\/produkt\\\/power-foam-cleaner\",\"url\":\"https:\\\/\\\/hysolv.eu\\\/no\\\/produkt\\\/power-foam-cleaner\",\"name\":\"Power Foam Cleaner | Hysolv\",\"isPartOf\":{\"@id\":\"https:\\\/\\\/hysolv.eu\\\/no#website\"},\"primaryImageOfPage\":{\"@id\":\"https:\\\/\\\/hysolv.eu\\\/no\\\/produkt\\\/power-foam-cleaner#primaryimage\"},\"image\":{\"@id\":\"https:\\\/\\\/hysolv.eu\\\/no\\\/produkt\\\/power-foam-cleaner#primaryimage\"},\"thumbnailUrl\":\"https:\\\/\\\/hysolv.eu\\\/wp-content\\\/uploads\\\/power-foam-cleaner.jpg\",\"datePublished\":\"2026-03-26T06:34:41+00:00\",\"description\":\"Power Foam Cleaner er et profesjonelt alkalisk skumrengj\u00f8ringsmiddel for intensiv rengj\u00f8ring av dyrehus. Skummet er sv\u00e6rt klebende og fjerner fett, oljer og proteiner.\",\"breadcrumb\":{\"@id\":\"https:\\\/\\\/hysolv.eu\\\/no\\\/produkt\\\/power-foam-cleaner#breadcrumb\"},\"inLanguage\":\"nb-NO\",\"potentialAction\":[{\"@type\":\"ReadAction\",\"target\":[\"https:\\\/\\\/hysolv.eu\\\/no\\\/produkt\\\/power-foam-cleaner\"]}]},{\"@type\":\"ImageObject\",\"inLanguage\":\"nb-NO\",\"@id\":\"https:\\\/\\\/hysolv.eu\\\/no\\\/produkt\\\/power-foam-cleaner#primaryimage\",\"url\":\"https:\\\/\\\/hysolv.eu\\\/wp-content\\\/uploads\\\/power-foam-cleaner.jpg\",\"contentUrl\":\"https:\\\/\\\/hysolv.eu\\\/wp-content\\\/uploads\\\/power-foam-cleaner.jpg\",\"width\":500,\"height\":600,\"caption\":\"Power Foam Cleaner alkalisk skumrengj\u00f8ringsmiddel i bl\u00e5 10 liters beholder for rengj\u00f8ring i landbruket\"},{\"@type\":\"BreadcrumbList\",\"@id\":\"https:\\\/\\\/hysolv.eu\\\/no\\\/produkt\\\/power-foam-cleaner#breadcrumb\",\"itemListElement\":[{\"@type\":\"ListItem\",\"position\":1,\"name\":\"Home\",\"item\":\"https:\\\/\\\/hysolv.eu\\\/no\\\/hjem\"},{\"@type\":\"ListItem\",\"position\":2,\"name\":\"Butikk\",\"item\":\"https:\\\/\\\/hysolv.eu\\\/butikk\"},{\"@type\":\"ListItem\",\"position\":3,\"name\":\"Power Foam Cleaner\"}]},{\"@type\":\"WebSite\",\"@id\":\"https:\\\/\\\/hysolv.eu\\\/no#website\",\"url\":\"https:\\\/\\\/hysolv.eu\\\/no\",\"name\":\"Hysolv\",\"description\":\"Supporting Animal Health &amp; Biosecurity\",\"publisher\":{\"@id\":\"https:\\\/\\\/hysolv.eu\\\/no#organization\"},\"potentialAction\":[{\"@type\":\"SearchAction\",\"target\":{\"@type\":\"EntryPoint\",\"urlTemplate\":\"https:\\\/\\\/hysolv.eu\\\/no?s={search_term_string}\"},\"query-input\":{\"@type\":\"PropertyValueSpecification\",\"valueRequired\":true,\"valueName\":\"search_term_string\"}}],\"inLanguage\":\"nb-NO\"},{\"@type\":\"Organization\",\"@id\":\"https:\\\/\\\/hysolv.eu\\\/no#organization\",\"name\":\"Hysolv GmbH\",\"url\":\"https:\\\/\\\/hysolv.eu\\\/no\",\"logo\":{\"@type\":\"ImageObject\",\"inLanguage\":\"nb-NO\",\"@id\":\"https:\\\/\\\/hysolv.eu\\\/no#\\\/schema\\\/logo\\\/image\\\/\",\"url\":\"https:\\\/\\\/hysolv.eu\\\/wp-content\\\/uploads\\\/LoginLogo-1.png\",\"contentUrl\":\"https:\\\/\\\/hysolv.eu\\\/wp-content\\\/uploads\\\/LoginLogo-1.png\",\"width\":480,\"height\":229,\"caption\":\"Hysolv GmbH\"},\"image\":{\"@id\":\"https:\\\/\\\/hysolv.eu\\\/no#\\\/schema\\\/logo\\\/image\\\/\"},\"sameAs\":[\"https:\\\/\\\/www.facebook.com\\\/HysolvLtd\",\"https:\\\/\\\/www.instagram.com\\\/hysolvlimited\\\/\",\"https:\\\/\\\/www.linkedin.com\\\/company\\\/hysolv-limited\\\/about\\\/\"]}]}<\/script>\n<!-- \/ Yoast SEO plugin. -->","yoast_head_json":{"title":"Power Foam Cleaner | Hysolv","description":"Power Foam Cleaner er et profesjonelt alkalisk skumrengj\u00f8ringsmiddel for intensiv rengj\u00f8ring av dyrehus. Skummet er sv\u00e6rt klebende og fjerner fett, oljer og proteiner.","robots":{"index":"index","follow":"follow","max-snippet":"max-snippet:-1","max-image-preview":"max-image-preview:large","max-video-preview":"max-video-preview:-1"},"canonical":"https:\/\/hysolv.eu\/no\/produkt\/power-foam-cleaner","og_locale":"nb_NO","og_type":"article","og_title":"Power Foam Cleaner | Hysolv","og_description":"Power Foam Cleaner er et profesjonelt alkalisk skumrengj\u00f8ringsmiddel for intensiv rengj\u00f8ring av dyrehus. Skummet er sv\u00e6rt klebende og fjerner fett, oljer og proteiner.","og_url":"https:\/\/hysolv.eu\/no\/produkt\/power-foam-cleaner","og_site_name":"Hysolv","article_publisher":"https:\/\/www.facebook.com\/HysolvLtd","og_image":[{"width":1071,"height":714,"url":"https:\/\/hysolv.eu\/wp-content\/uploads\/power-foam-cleaner.jpg","type":"image\/jpeg"}],"twitter_card":"summary_large_image","schema":{"@context":"https:\/\/schema.org","@graph":[{"@type":"WebPage","@id":"https:\/\/hysolv.eu\/no\/produkt\/power-foam-cleaner","url":"https:\/\/hysolv.eu\/no\/produkt\/power-foam-cleaner","name":"Power Foam Cleaner | Hysolv","isPartOf":{"@id":"https:\/\/hysolv.eu\/no#website"},"primaryImageOfPage":{"@id":"https:\/\/hysolv.eu\/no\/produkt\/power-foam-cleaner#primaryimage"},"image":{"@id":"https:\/\/hysolv.eu\/no\/produkt\/power-foam-cleaner#primaryimage"},"thumbnailUrl":"https:\/\/hysolv.eu\/wp-content\/uploads\/power-foam-cleaner.jpg","datePublished":"2026-03-26T06:34:41+00:00","description":"Power Foam Cleaner er et profesjonelt alkalisk skumrengj\u00f8ringsmiddel for intensiv rengj\u00f8ring av dyrehus. Skummet er sv\u00e6rt klebende og fjerner fett, oljer og proteiner.","breadcrumb":{"@id":"https:\/\/hysolv.eu\/no\/produkt\/power-foam-cleaner#breadcrumb"},"inLanguage":"nb-NO","potentialAction":[{"@type":"ReadAction","target":["https:\/\/hysolv.eu\/no\/produkt\/power-foam-cleaner"]}]},{"@type":"ImageObject","inLanguage":"nb-NO","@id":"https:\/\/hysolv.eu\/no\/produkt\/power-foam-cleaner#primaryimage","url":"https:\/\/hysolv.eu\/wp-content\/uploads\/power-foam-cleaner.jpg","contentUrl":"https:\/\/hysolv.eu\/wp-content\/uploads\/power-foam-cleaner.jpg","width":500,"height":600,"caption":"Power Foam Cleaner alkalisk skumrengj\u00f8ringsmiddel i bl\u00e5 10 liters beholder for rengj\u00f8ring i landbruket"},{"@type":"BreadcrumbList","@id":"https:\/\/hysolv.eu\/no\/produkt\/power-foam-cleaner#breadcrumb","itemListElement":[{"@type":"ListItem","position":1,"name":"Home","item":"https:\/\/hysolv.eu\/no\/hjem"},{"@type":"ListItem","position":2,"name":"Butikk","item":"https:\/\/hysolv.eu\/butikk"},{"@type":"ListItem","position":3,"name":"Power Foam Cleaner"}]},{"@type":"WebSite","@id":"https:\/\/hysolv.eu\/no#website","url":"https:\/\/hysolv.eu\/no","name":"Hysolv","description":"Supporting Animal Health &amp; Biosecurity","publisher":{"@id":"https:\/\/hysolv.eu\/no#organization"},"potentialAction":[{"@type":"SearchAction","target":{"@type":"EntryPoint","urlTemplate":"https:\/\/hysolv.eu\/no?s={search_term_string}"},"query-input":{"@type":"PropertyValueSpecification","valueRequired":true,"valueName":"search_term_string"}}],"inLanguage":"nb-NO"},{"@type":"Organization","@id":"https:\/\/hysolv.eu\/no#organization","name":"Hysolv GmbH","url":"https:\/\/hysolv.eu\/no","logo":{"@type":"ImageObject","inLanguage":"nb-NO","@id":"https:\/\/hysolv.eu\/no#\/schema\/logo\/image\/","url":"https:\/\/hysolv.eu\/wp-content\/uploads\/LoginLogo-1.png","contentUrl":"https:\/\/hysolv.eu\/wp-content\/uploads\/LoginLogo-1.png","width":480,"height":229,"caption":"Hysolv GmbH"},"image":{"@id":"https:\/\/hysolv.eu\/no#\/schema\/logo\/image\/"},"sameAs":["https:\/\/www.facebook.com\/HysolvLtd","https:\/\/www.instagram.com\/hysolvlimited\/","https:\/\/www.linkedin.com\/company\/hysolv-limited\/about\/"]}]}},"_links":{"self":[{"href":"https:\/\/hysolv.eu\/no\/wp-json\/wp\/v2\/product\/5117","targetHints":{"allow":["GET"]}}],"collection":[{"href":"https:\/\/hysolv.eu\/no\/wp-json\/wp\/v2\/product"}],"about":[{"href":"https:\/\/hysolv.eu\/no\/wp-json\/wp\/v2\/types\/product"}],"wp:featuredmedia":[{"embeddable":true,"href":"https:\/\/hysolv.eu\/no\/wp-json\/wp\/v2\/media\/3982"}],"wp:attachment":[{"href":"https:\/\/hysolv.eu\/no\/wp-json\/wp\/v2\/media?parent=5117"}],"wp:term":[{"taxonomy":"product_brand","embeddable":true,"href":"https:\/\/hysolv.eu\/no\/wp-json\/wp\/v2\/product_brand?post=5117"},{"taxonomy":"product_cat","embeddable":true,"href":"https:\/\/hysolv.eu\/no\/wp-json\/wp\/v2\/product_cat?post=5117"},{"taxonomy":"product_tag","embeddable":true,"href":"https:\/\/hysolv.eu\/no\/wp-json\/wp\/v2\/product_tag?post=5117"}],"curies":[{"name":"wp","href":"https:\/\/api.w.org\/{rel}","templated":true}]}}