{"id":5119,"date":"2026-03-26T07:19:24","date_gmt":"2026-03-26T06:19:24","guid":{"rendered":"https:\/\/hysolv.eu\/product\/interdor-dyrevask"},"modified":"2026-03-26T07:19:24","modified_gmt":"2026-03-26T06:19:24","slug":"interdor-dyrevask","status":"publish","type":"product","link":"https:\/\/hysolv.eu\/no\/produkt\/interdor-dyrevask","title":{"rendered":"Interdor dyrevask"},"content":{"rendered":"<p>Interdor Animal Wash er en konsentrert hygienel\u00f8sning for vask av husdyr og fjerning av organisk og uorganisk forurensning. Den reduserer bakterier, gj\u00e6r og sopp samtidig som den l\u00f8sner parasitter som klebrige ormeegg og midd. Produktet st\u00f8tter dyrehygiene og bidrar til forbedret dyrevelferd.  <\/p>\n<p>&nbsp;<\/p>\n<p>&nbsp;<\/p>\n","protected":false},"excerpt":{"rendered":"<div class=\"flex flex-col text-sm pb-25\">\n<article class=\"text-token-text-primary w-full focus:outline-none [--shadow-height:45px] has-data-writing-block:pointer-events-none has-data-writing-block:-mt-(--shadow-height) has-data-writing-block:pt-(--shadow-height) [&amp;:has([data-writing-block])&gt;*]:pointer-events-auto scroll-mt-[calc(var(--header-height)+min(200px,max(70px,20svh)))]\" dir=\"auto\" tabindex=\"-1\" data-turn-id=\"05ebb37e-eef1-4f61-9374-c8f289c3a83d\" data-testid=\"conversation-turn-266\" data-scroll-anchor=\"true\" data-turn=\"assistant\">\n<div class=\"text-base my-auto mx-auto pb-10 [--thread-content-margin:--spacing(4)] @w-sm\/main:[--thread-content-margin:--spacing(6)] @w-lg\/main:[--thread-content-margin:--spacing(16)] px-(--thread-content-margin)\">\n<div class=\"[--thread-content-max-width:40rem] @w-lg\/main:[--thread-content-max-width:48rem] mx-auto max-w-(--thread-content-max-width) flex-1 group\/turn-messages focus-visible:outline-hidden relative flex w-full min-w-0 flex-col agent-turn\" tabindex=\"-1\">\n<div class=\"flex max-w-full flex-col grow\">\n<div class=\"min-h-8 text-message relative flex w-full flex-col items-end gap-2 text-start break-words whitespace-normal [.text-message+&amp;]:mt-1\" dir=\"auto\" data-message-author-role=\"assistant\" data-message-id=\"92326bd8-8aef-4c61-9520-e9862e4c4f6b\" data-message-model-slug=\"gpt-5-2\">\n<div class=\"flex w-full flex-col gap-1 empty:hidden first:pt-[1px]\">Interdor Animal Wash er en konsentrert hygienel\u00f8sning for vask av husdyr, som reduserer bakterier, gj\u00e6rsopp og sopp, og fjerner organisk forurensning og parasitter.<\/div>\n<\/div>\n<\/div>\n<\/div>\n<\/div>\n<\/article>\n<\/div>\n<p>&nbsp;<\/p>\n<p>&nbsp;<\/p>\n","protected":false},"featured_media":4018,"template":"","meta":[],"product_brand":[],"product_cat":[710,597],"product_tag":[],"class_list":{"0":"post-5119","1":"product","2":"type-product","3":"status-publish","4":"has-post-thumbnail","6":"product_cat-rengjoringsmidler","7":"product_cat-svin","10":"first","11":"instock","12":"shipping-taxable","13":"product-type-simple"},"yoast_head":"<!-- This site is optimized with the Yoast SEO plugin v27.3 - https:\/\/yoast.com\/product\/yoast-seo-wordpress\/ -->\n<title>Interdor dyrevask | Hysolv<\/title>\n<meta name=\"description\" content=\"Interdor Animal Wash er en konsentrert hygienel\u00f8sning for husdyr som fjerner organisk og uorganisk forurensning. Den reduserer bakterier, gj\u00e6rsopp, sopp og parasitter samtidig som den bidrar til god hygiene og dyrevelferd.\" \/>\n<meta name=\"robots\" content=\"index, follow, max-snippet:-1, max-image-preview:large, max-video-preview:-1\" \/>\n<link rel=\"canonical\" href=\"https:\/\/hysolv.eu\/no\/produkt\/interdor-dyrevask\" \/>\n<meta property=\"og:locale\" content=\"nb_NO\" \/>\n<meta property=\"og:type\" content=\"article\" \/>\n<meta property=\"og:title\" content=\"Interdor dyrevask | Hysolv\" \/>\n<meta property=\"og:description\" content=\"Interdor Animal Wash er en konsentrert hygienel\u00f8sning for husdyr som fjerner organisk og uorganisk forurensning. Den reduserer bakterier, gj\u00e6rsopp, sopp og parasitter samtidig som den bidrar til god hygiene og dyrevelferd.\" \/>\n<meta property=\"og:url\" content=\"https:\/\/hysolv.eu\/no\/produkt\/interdor-dyrevask\" \/>\n<meta property=\"og:site_name\" content=\"Hysolv\" \/>\n<meta property=\"article:publisher\" content=\"https:\/\/www.facebook.com\/HysolvLtd\" \/>\n<meta property=\"og:image\" content=\"https:\/\/hysolv.eu\/wp-content\/uploads\/interdor-animal-wash.jpg\" \/>\n\t<meta property=\"og:image:width\" content=\"1071\" \/>\n\t<meta property=\"og:image:height\" content=\"714\" \/>\n\t<meta property=\"og:image:type\" content=\"image\/jpeg\" \/>\n<meta name=\"twitter:card\" content=\"summary_large_image\" \/>\n<script type=\"application\/ld+json\" class=\"yoast-schema-graph\">{\"@context\":\"https:\\\/\\\/schema.org\",\"@graph\":[{\"@type\":\"WebPage\",\"@id\":\"https:\\\/\\\/hysolv.eu\\\/no\\\/produkt\\\/interdor-dyrevask\",\"url\":\"https:\\\/\\\/hysolv.eu\\\/no\\\/produkt\\\/interdor-dyrevask\",\"name\":\"Interdor dyrevask | Hysolv\",\"isPartOf\":{\"@id\":\"https:\\\/\\\/hysolv.eu\\\/no#website\"},\"primaryImageOfPage\":{\"@id\":\"https:\\\/\\\/hysolv.eu\\\/no\\\/produkt\\\/interdor-dyrevask#primaryimage\"},\"image\":{\"@id\":\"https:\\\/\\\/hysolv.eu\\\/no\\\/produkt\\\/interdor-dyrevask#primaryimage\"},\"thumbnailUrl\":\"https:\\\/\\\/hysolv.eu\\\/wp-content\\\/uploads\\\/interdor-animal-wash.jpg\",\"datePublished\":\"2026-03-26T06:19:24+00:00\",\"description\":\"Interdor Animal Wash er en konsentrert hygienel\u00f8sning for husdyr som fjerner organisk og uorganisk forurensning. Den reduserer bakterier, gj\u00e6rsopp, sopp og parasitter samtidig som den bidrar til god hygiene og dyrevelferd.\",\"breadcrumb\":{\"@id\":\"https:\\\/\\\/hysolv.eu\\\/no\\\/produkt\\\/interdor-dyrevask#breadcrumb\"},\"inLanguage\":\"nb-NO\",\"potentialAction\":[{\"@type\":\"ReadAction\",\"target\":[\"https:\\\/\\\/hysolv.eu\\\/no\\\/produkt\\\/interdor-dyrevask\"]}]},{\"@type\":\"ImageObject\",\"inLanguage\":\"nb-NO\",\"@id\":\"https:\\\/\\\/hysolv.eu\\\/no\\\/produkt\\\/interdor-dyrevask#primaryimage\",\"url\":\"https:\\\/\\\/hysolv.eu\\\/wp-content\\\/uploads\\\/interdor-animal-wash.jpg\",\"contentUrl\":\"https:\\\/\\\/hysolv.eu\\\/wp-content\\\/uploads\\\/interdor-animal-wash.jpg\",\"width\":713,\"height\":948,\"caption\":\"Interdor Animal Wash hygienel\u00f8sning for husdyr i bl\u00e5 10 liters beholder\"},{\"@type\":\"BreadcrumbList\",\"@id\":\"https:\\\/\\\/hysolv.eu\\\/no\\\/produkt\\\/interdor-dyrevask#breadcrumb\",\"itemListElement\":[{\"@type\":\"ListItem\",\"position\":1,\"name\":\"Home\",\"item\":\"https:\\\/\\\/hysolv.eu\\\/no\\\/hjem\"},{\"@type\":\"ListItem\",\"position\":2,\"name\":\"Butikk\",\"item\":\"https:\\\/\\\/hysolv.eu\\\/butikk\"},{\"@type\":\"ListItem\",\"position\":3,\"name\":\"Interdor dyrevask\"}]},{\"@type\":\"WebSite\",\"@id\":\"https:\\\/\\\/hysolv.eu\\\/no#website\",\"url\":\"https:\\\/\\\/hysolv.eu\\\/no\",\"name\":\"Hysolv\",\"description\":\"Supporting Animal Health &amp; Biosecurity\",\"publisher\":{\"@id\":\"https:\\\/\\\/hysolv.eu\\\/no#organization\"},\"potentialAction\":[{\"@type\":\"SearchAction\",\"target\":{\"@type\":\"EntryPoint\",\"urlTemplate\":\"https:\\\/\\\/hysolv.eu\\\/no?s={search_term_string}\"},\"query-input\":{\"@type\":\"PropertyValueSpecification\",\"valueRequired\":true,\"valueName\":\"search_term_string\"}}],\"inLanguage\":\"nb-NO\"},{\"@type\":\"Organization\",\"@id\":\"https:\\\/\\\/hysolv.eu\\\/no#organization\",\"name\":\"Hysolv GmbH\",\"url\":\"https:\\\/\\\/hysolv.eu\\\/no\",\"logo\":{\"@type\":\"ImageObject\",\"inLanguage\":\"nb-NO\",\"@id\":\"https:\\\/\\\/hysolv.eu\\\/no#\\\/schema\\\/logo\\\/image\\\/\",\"url\":\"https:\\\/\\\/hysolv.eu\\\/wp-content\\\/uploads\\\/LoginLogo-1.png\",\"contentUrl\":\"https:\\\/\\\/hysolv.eu\\\/wp-content\\\/uploads\\\/LoginLogo-1.png\",\"width\":480,\"height\":229,\"caption\":\"Hysolv GmbH\"},\"image\":{\"@id\":\"https:\\\/\\\/hysolv.eu\\\/no#\\\/schema\\\/logo\\\/image\\\/\"},\"sameAs\":[\"https:\\\/\\\/www.facebook.com\\\/HysolvLtd\",\"https:\\\/\\\/www.instagram.com\\\/hysolvlimited\\\/\",\"https:\\\/\\\/www.linkedin.com\\\/company\\\/hysolv-limited\\\/about\\\/\"]}]}<\/script>\n<!-- \/ Yoast SEO plugin. -->","yoast_head_json":{"title":"Interdor dyrevask | Hysolv","description":"Interdor Animal Wash er en konsentrert hygienel\u00f8sning for husdyr som fjerner organisk og uorganisk forurensning. Den reduserer bakterier, gj\u00e6rsopp, sopp og parasitter samtidig som den bidrar til god hygiene og dyrevelferd.","robots":{"index":"index","follow":"follow","max-snippet":"max-snippet:-1","max-image-preview":"max-image-preview:large","max-video-preview":"max-video-preview:-1"},"canonical":"https:\/\/hysolv.eu\/no\/produkt\/interdor-dyrevask","og_locale":"nb_NO","og_type":"article","og_title":"Interdor dyrevask | Hysolv","og_description":"Interdor Animal Wash er en konsentrert hygienel\u00f8sning for husdyr som fjerner organisk og uorganisk forurensning. Den reduserer bakterier, gj\u00e6rsopp, sopp og parasitter samtidig som den bidrar til god hygiene og dyrevelferd.","og_url":"https:\/\/hysolv.eu\/no\/produkt\/interdor-dyrevask","og_site_name":"Hysolv","article_publisher":"https:\/\/www.facebook.com\/HysolvLtd","og_image":[{"width":1071,"height":714,"url":"https:\/\/hysolv.eu\/wp-content\/uploads\/interdor-animal-wash.jpg","type":"image\/jpeg"}],"twitter_card":"summary_large_image","schema":{"@context":"https:\/\/schema.org","@graph":[{"@type":"WebPage","@id":"https:\/\/hysolv.eu\/no\/produkt\/interdor-dyrevask","url":"https:\/\/hysolv.eu\/no\/produkt\/interdor-dyrevask","name":"Interdor dyrevask | Hysolv","isPartOf":{"@id":"https:\/\/hysolv.eu\/no#website"},"primaryImageOfPage":{"@id":"https:\/\/hysolv.eu\/no\/produkt\/interdor-dyrevask#primaryimage"},"image":{"@id":"https:\/\/hysolv.eu\/no\/produkt\/interdor-dyrevask#primaryimage"},"thumbnailUrl":"https:\/\/hysolv.eu\/wp-content\/uploads\/interdor-animal-wash.jpg","datePublished":"2026-03-26T06:19:24+00:00","description":"Interdor Animal Wash er en konsentrert hygienel\u00f8sning for husdyr som fjerner organisk og uorganisk forurensning. Den reduserer bakterier, gj\u00e6rsopp, sopp og parasitter samtidig som den bidrar til god hygiene og dyrevelferd.","breadcrumb":{"@id":"https:\/\/hysolv.eu\/no\/produkt\/interdor-dyrevask#breadcrumb"},"inLanguage":"nb-NO","potentialAction":[{"@type":"ReadAction","target":["https:\/\/hysolv.eu\/no\/produkt\/interdor-dyrevask"]}]},{"@type":"ImageObject","inLanguage":"nb-NO","@id":"https:\/\/hysolv.eu\/no\/produkt\/interdor-dyrevask#primaryimage","url":"https:\/\/hysolv.eu\/wp-content\/uploads\/interdor-animal-wash.jpg","contentUrl":"https:\/\/hysolv.eu\/wp-content\/uploads\/interdor-animal-wash.jpg","width":713,"height":948,"caption":"Interdor Animal Wash hygienel\u00f8sning for husdyr i bl\u00e5 10 liters beholder"},{"@type":"BreadcrumbList","@id":"https:\/\/hysolv.eu\/no\/produkt\/interdor-dyrevask#breadcrumb","itemListElement":[{"@type":"ListItem","position":1,"name":"Home","item":"https:\/\/hysolv.eu\/no\/hjem"},{"@type":"ListItem","position":2,"name":"Butikk","item":"https:\/\/hysolv.eu\/butikk"},{"@type":"ListItem","position":3,"name":"Interdor dyrevask"}]},{"@type":"WebSite","@id":"https:\/\/hysolv.eu\/no#website","url":"https:\/\/hysolv.eu\/no","name":"Hysolv","description":"Supporting Animal Health &amp; Biosecurity","publisher":{"@id":"https:\/\/hysolv.eu\/no#organization"},"potentialAction":[{"@type":"SearchAction","target":{"@type":"EntryPoint","urlTemplate":"https:\/\/hysolv.eu\/no?s={search_term_string}"},"query-input":{"@type":"PropertyValueSpecification","valueRequired":true,"valueName":"search_term_string"}}],"inLanguage":"nb-NO"},{"@type":"Organization","@id":"https:\/\/hysolv.eu\/no#organization","name":"Hysolv GmbH","url":"https:\/\/hysolv.eu\/no","logo":{"@type":"ImageObject","inLanguage":"nb-NO","@id":"https:\/\/hysolv.eu\/no#\/schema\/logo\/image\/","url":"https:\/\/hysolv.eu\/wp-content\/uploads\/LoginLogo-1.png","contentUrl":"https:\/\/hysolv.eu\/wp-content\/uploads\/LoginLogo-1.png","width":480,"height":229,"caption":"Hysolv GmbH"},"image":{"@id":"https:\/\/hysolv.eu\/no#\/schema\/logo\/image\/"},"sameAs":["https:\/\/www.facebook.com\/HysolvLtd","https:\/\/www.instagram.com\/hysolvlimited\/","https:\/\/www.linkedin.com\/company\/hysolv-limited\/about\/"]}]}},"_links":{"self":[{"href":"https:\/\/hysolv.eu\/no\/wp-json\/wp\/v2\/product\/5119","targetHints":{"allow":["GET"]}}],"collection":[{"href":"https:\/\/hysolv.eu\/no\/wp-json\/wp\/v2\/product"}],"about":[{"href":"https:\/\/hysolv.eu\/no\/wp-json\/wp\/v2\/types\/product"}],"wp:featuredmedia":[{"embeddable":true,"href":"https:\/\/hysolv.eu\/no\/wp-json\/wp\/v2\/media\/4018"}],"wp:attachment":[{"href":"https:\/\/hysolv.eu\/no\/wp-json\/wp\/v2\/media?parent=5119"}],"wp:term":[{"taxonomy":"product_brand","embeddable":true,"href":"https:\/\/hysolv.eu\/no\/wp-json\/wp\/v2\/product_brand?post=5119"},{"taxonomy":"product_cat","embeddable":true,"href":"https:\/\/hysolv.eu\/no\/wp-json\/wp\/v2\/product_cat?post=5119"},{"taxonomy":"product_tag","embeddable":true,"href":"https:\/\/hysolv.eu\/no\/wp-json\/wp\/v2\/product_tag?post=5119"}],"curies":[{"name":"wp","href":"https:\/\/api.w.org\/{rel}","templated":true}]}}