{"id":1647,"date":"2021-09-06T09:40:11","date_gmt":"2021-09-06T08:40:11","guid":{"rendered":"https:\/\/hysolv.eu\/dom"},"modified":"2026-04-13T03:39:36","modified_gmt":"2026-04-13T02:39:36","slug":"dom","status":"publish","type":"page","link":"https:\/\/hysolv.eu\/pl","title":{"rendered":"Dom"},"content":{"rendered":"<div id=\"cs-content\" class=\"cs-content\"><\/div>\n","protected":false},"excerpt":{"rendered":"<p>Search for:Search ButtonPrzyjazne dla \u015brodowiska \u015brodki dezynfekcyjne dla gospodarstwPoprawa zdrowia zwierz\u0105t i bioasekuracji dzi\u0119ki wydajnym produktomPrzyjazne dla \u015brodowiska \u015brodki dezynfekcyjne dla gospodarstwPoprawa zdrowia zwierz\u0105t i bioasekuracji dzi\u0119ki wydajnym produktomPrzyjazne dla \u015brodowiska \u015brodki dezynfekcyjne dla gospodarstwPoprawa zdrowia zwierz\u0105t i bioasekuracji dzi\u0119ki wydajnym produktomPrzyjazne dla \u015brodowiska \u015brodki dezynfekcyjne dla gospodarstwPoprawa zdrowia zwierz\u0105t i bioasekuracji dzi\u0119ki wydajnym produktomPrzyjazne dla \u015brodowiska \u015brodki dezynfekcyjne dla &#8230; <\/p>\n<div><a href=\"https:\/\/hysolv.eu\/pl\" class=\"more-link\">Read More<\/a><\/div>\n","protected":false},"author":8,"featured_media":0,"parent":0,"menu_order":10,"comment_status":"closed","ping_status":"closed","template":"template-blank-4.php","meta":{"footnotes":""},"class_list":["post-1647","page","type-page","status-publish","hentry","no-post-thumbnail"],"yoast_head":"<!-- This site is optimized with the Yoast SEO plugin v27.3 - https:\/\/yoast.com\/product\/yoast-seo-wordpress\/ -->\n<title>Hysolv | Wspieranie zdrowia zwierz\u0105t i bioasekuracji<\/title>\n<meta name=\"description\" content=\"Hysolv dostarcza bran\u017cy zdrowia zwierz\u0105t wysokiej jako\u015bci produkty, kt\u00f3re pomagaj\u0105 chroni\u0107 zdrowie i poprawia\u0107 wydajno\u015b\u0107.\" \/>\n<meta name=\"robots\" content=\"index, follow, max-snippet:-1, max-image-preview:large, max-video-preview:-1\" \/>\n<link rel=\"canonical\" href=\"https:\/\/hysolv.eu\/pl\" \/>\n<meta property=\"og:locale\" content=\"pl_PL\" \/>\n<meta property=\"og:type\" content=\"article\" \/>\n<meta property=\"og:title\" content=\"Hysolv | Wspieranie zdrowia zwierz\u0105t i bezpiecze\u0144stwa biologicznego\" \/>\n<meta property=\"og:description\" content=\"Hysolv dostarcza bran\u017cy zdrowia zwierz\u0105t wysokiej jako\u015bci produkty, kt\u00f3re pomagaj\u0105 chroni\u0107 zdrowie i poprawia\u0107 wydajno\u015b\u0107.\" \/>\n<meta property=\"og:url\" content=\"https:\/\/hysolv.eu\/pl\" \/>\n<meta property=\"og:site_name\" content=\"Hysolv\" \/>\n<meta property=\"article:publisher\" content=\"https:\/\/www.facebook.com\/HysolvLtd\" \/>\n<meta property=\"article:modified_time\" content=\"2026-04-13T02:39:36+00:00\" \/>\n<meta property=\"og:image\" content=\"https:\/\/hysolv.eu\/wp-content\/uploads\/HysolvLtdHeaderLogo.png\" \/>\n<meta name=\"twitter:card\" content=\"summary_large_image\" \/>\n<meta name=\"twitter:title\" content=\"Hysolv | Wspieranie zdrowia zwierz\u0105t i bezpiecze\u0144stwa biologicznego\" \/>\n<meta name=\"twitter:description\" content=\"Hysolv dostarcza bran\u017cy zdrowia zwierz\u0105t wysokiej jako\u015bci produkty, kt\u00f3re pomagaj\u0105 chroni\u0107 zdrowie i poprawia\u0107 wydajno\u015b\u0107.\" \/>\n<meta name=\"twitter:image\" content=\"https:\/\/hysolv.eu\/wp-content\/uploads\/HysolvLtdHeaderLogo.png\" \/>\n<meta name=\"twitter:label1\" content=\"Szacowany czas czytania\" \/>\n\t<meta name=\"twitter:data1\" content=\"11 minut\" \/>\n<script type=\"application\/ld+json\" class=\"yoast-schema-graph\">{\"@context\":\"https:\\\/\\\/schema.org\",\"@graph\":[{\"@type\":\"WebPage\",\"@id\":\"https:\\\/\\\/hysolv.eu\\\/pl\",\"url\":\"https:\\\/\\\/hysolv.eu\\\/pl\",\"name\":\"Hysolv | Wspieranie zdrowia zwierz\u0105t i bioasekuracji\",\"isPartOf\":{\"@id\":\"https:\\\/\\\/hysolv.eu\\\/pl#website\"},\"datePublished\":\"2021-09-06T08:40:11+00:00\",\"dateModified\":\"2026-04-13T02:39:36+00:00\",\"description\":\"Hysolv dostarcza bran\u017cy zdrowia zwierz\u0105t wysokiej jako\u015bci produkty, kt\u00f3re pomagaj\u0105 chroni\u0107 zdrowie i poprawia\u0107 wydajno\u015b\u0107.\",\"breadcrumb\":{\"@id\":\"https:\\\/\\\/hysolv.eu\\\/pl#breadcrumb\"},\"inLanguage\":\"pl-PL\",\"potentialAction\":[{\"@type\":\"ReadAction\",\"target\":[\"https:\\\/\\\/hysolv.eu\\\/pl\"]}]},{\"@type\":\"BreadcrumbList\",\"@id\":\"https:\\\/\\\/hysolv.eu\\\/pl#breadcrumb\",\"itemListElement\":[{\"@type\":\"ListItem\",\"position\":1,\"name\":\"Home\",\"item\":\"https:\\\/\\\/hysolv.eu\\\/pl\\\/dom\"},{\"@type\":\"ListItem\",\"position\":2,\"name\":\"Dom\"}]},{\"@type\":\"WebSite\",\"@id\":\"https:\\\/\\\/hysolv.eu\\\/pl#website\",\"url\":\"https:\\\/\\\/hysolv.eu\\\/pl\",\"name\":\"Hysolv\",\"description\":\"Supporting Animal Health &amp; Biosecurity\",\"publisher\":{\"@id\":\"https:\\\/\\\/hysolv.eu\\\/pl#organization\"},\"potentialAction\":[{\"@type\":\"SearchAction\",\"target\":{\"@type\":\"EntryPoint\",\"urlTemplate\":\"https:\\\/\\\/hysolv.eu\\\/pl?s={search_term_string}\"},\"query-input\":{\"@type\":\"PropertyValueSpecification\",\"valueRequired\":true,\"valueName\":\"search_term_string\"}}],\"inLanguage\":\"pl-PL\"},{\"@type\":\"Organization\",\"@id\":\"https:\\\/\\\/hysolv.eu\\\/pl#organization\",\"name\":\"Hysolv GmbH\",\"url\":\"https:\\\/\\\/hysolv.eu\\\/pl\",\"logo\":{\"@type\":\"ImageObject\",\"inLanguage\":\"pl-PL\",\"@id\":\"https:\\\/\\\/hysolv.eu\\\/pl#\\\/schema\\\/logo\\\/image\\\/\",\"url\":\"https:\\\/\\\/hysolv.eu\\\/wp-content\\\/uploads\\\/LoginLogo-1.png\",\"contentUrl\":\"https:\\\/\\\/hysolv.eu\\\/wp-content\\\/uploads\\\/LoginLogo-1.png\",\"width\":480,\"height\":229,\"caption\":\"Hysolv GmbH\"},\"image\":{\"@id\":\"https:\\\/\\\/hysolv.eu\\\/pl#\\\/schema\\\/logo\\\/image\\\/\"},\"sameAs\":[\"https:\\\/\\\/www.facebook.com\\\/HysolvLtd\",\"https:\\\/\\\/www.instagram.com\\\/hysolvlimited\\\/\",\"https:\\\/\\\/www.linkedin.com\\\/company\\\/hysolv-limited\\\/about\\\/\"]}]}<\/script>\n<!-- \/ Yoast SEO plugin. -->","yoast_head_json":{"title":"Hysolv | Wspieranie zdrowia zwierz\u0105t i bioasekuracji","description":"Hysolv dostarcza bran\u017cy zdrowia zwierz\u0105t wysokiej jako\u015bci produkty, kt\u00f3re pomagaj\u0105 chroni\u0107 zdrowie i poprawia\u0107 wydajno\u015b\u0107.","robots":{"index":"index","follow":"follow","max-snippet":"max-snippet:-1","max-image-preview":"max-image-preview:large","max-video-preview":"max-video-preview:-1"},"canonical":"https:\/\/hysolv.eu\/pl","og_locale":"pl_PL","og_type":"article","og_title":"Hysolv | Wspieranie zdrowia zwierz\u0105t i bezpiecze\u0144stwa biologicznego","og_description":"Hysolv dostarcza bran\u017cy zdrowia zwierz\u0105t wysokiej jako\u015bci produkty, kt\u00f3re pomagaj\u0105 chroni\u0107 zdrowie i poprawia\u0107 wydajno\u015b\u0107.","og_url":"https:\/\/hysolv.eu\/pl","og_site_name":"Hysolv","article_publisher":"https:\/\/www.facebook.com\/HysolvLtd","article_modified_time":"2026-04-13T02:39:36+00:00","og_image":[{"url":"https:\/\/hysolv.eu\/wp-content\/uploads\/HysolvLtdHeaderLogo.png","type":"","width":"","height":""}],"twitter_card":"summary_large_image","twitter_title":"Hysolv | Wspieranie zdrowia zwierz\u0105t i bezpiecze\u0144stwa biologicznego","twitter_description":"Hysolv dostarcza bran\u017cy zdrowia zwierz\u0105t wysokiej jako\u015bci produkty, kt\u00f3re pomagaj\u0105 chroni\u0107 zdrowie i poprawia\u0107 wydajno\u015b\u0107.","twitter_image":"https:\/\/hysolv.eu\/wp-content\/uploads\/HysolvLtdHeaderLogo.png","twitter_misc":{"Szacowany czas czytania":"11 minut"},"schema":{"@context":"https:\/\/schema.org","@graph":[{"@type":"WebPage","@id":"https:\/\/hysolv.eu\/pl","url":"https:\/\/hysolv.eu\/pl","name":"Hysolv | Wspieranie zdrowia zwierz\u0105t i bioasekuracji","isPartOf":{"@id":"https:\/\/hysolv.eu\/pl#website"},"datePublished":"2021-09-06T08:40:11+00:00","dateModified":"2026-04-13T02:39:36+00:00","description":"Hysolv dostarcza bran\u017cy zdrowia zwierz\u0105t wysokiej jako\u015bci produkty, kt\u00f3re pomagaj\u0105 chroni\u0107 zdrowie i poprawia\u0107 wydajno\u015b\u0107.","breadcrumb":{"@id":"https:\/\/hysolv.eu\/pl#breadcrumb"},"inLanguage":"pl-PL","potentialAction":[{"@type":"ReadAction","target":["https:\/\/hysolv.eu\/pl"]}]},{"@type":"BreadcrumbList","@id":"https:\/\/hysolv.eu\/pl#breadcrumb","itemListElement":[{"@type":"ListItem","position":1,"name":"Home","item":"https:\/\/hysolv.eu\/pl\/dom"},{"@type":"ListItem","position":2,"name":"Dom"}]},{"@type":"WebSite","@id":"https:\/\/hysolv.eu\/pl#website","url":"https:\/\/hysolv.eu\/pl","name":"Hysolv","description":"Supporting Animal Health &amp; Biosecurity","publisher":{"@id":"https:\/\/hysolv.eu\/pl#organization"},"potentialAction":[{"@type":"SearchAction","target":{"@type":"EntryPoint","urlTemplate":"https:\/\/hysolv.eu\/pl?s={search_term_string}"},"query-input":{"@type":"PropertyValueSpecification","valueRequired":true,"valueName":"search_term_string"}}],"inLanguage":"pl-PL"},{"@type":"Organization","@id":"https:\/\/hysolv.eu\/pl#organization","name":"Hysolv GmbH","url":"https:\/\/hysolv.eu\/pl","logo":{"@type":"ImageObject","inLanguage":"pl-PL","@id":"https:\/\/hysolv.eu\/pl#\/schema\/logo\/image\/","url":"https:\/\/hysolv.eu\/wp-content\/uploads\/LoginLogo-1.png","contentUrl":"https:\/\/hysolv.eu\/wp-content\/uploads\/LoginLogo-1.png","width":480,"height":229,"caption":"Hysolv GmbH"},"image":{"@id":"https:\/\/hysolv.eu\/pl#\/schema\/logo\/image\/"},"sameAs":["https:\/\/www.facebook.com\/HysolvLtd","https:\/\/www.instagram.com\/hysolvlimited\/","https:\/\/www.linkedin.com\/company\/hysolv-limited\/about\/"]}]}},"_links":{"self":[{"href":"https:\/\/hysolv.eu\/pl\/wp-json\/wp\/v2\/pages\/1647","targetHints":{"allow":["GET"]}}],"collection":[{"href":"https:\/\/hysolv.eu\/pl\/wp-json\/wp\/v2\/pages"}],"about":[{"href":"https:\/\/hysolv.eu\/pl\/wp-json\/wp\/v2\/types\/page"}],"author":[{"embeddable":true,"href":"https:\/\/hysolv.eu\/pl\/wp-json\/wp\/v2\/users\/8"}],"replies":[{"embeddable":true,"href":"https:\/\/hysolv.eu\/pl\/wp-json\/wp\/v2\/comments?post=1647"}],"version-history":[{"count":5,"href":"https:\/\/hysolv.eu\/pl\/wp-json\/wp\/v2\/pages\/1647\/revisions"}],"predecessor-version":[{"id":6076,"href":"https:\/\/hysolv.eu\/pl\/wp-json\/wp\/v2\/pages\/1647\/revisions\/6076"}],"wp:attachment":[{"href":"https:\/\/hysolv.eu\/pl\/wp-json\/wp\/v2\/media?parent=1647"}],"curies":[{"name":"wp","href":"https:\/\/api.w.org\/{rel}","templated":true}]}}