{"id":1725,"date":"2021-10-08T10:07:19","date_gmt":"2021-10-08T09:07:19","guid":{"rendered":"https:\/\/hysolv.eu\/o"},"modified":"2026-04-24T07:56:33","modified_gmt":"2026-04-24T06:56:33","slug":"o","status":"publish","type":"page","link":"https:\/\/hysolv.eu\/pl\/o","title":{"rendered":"O"},"content":{"rendered":"<div id=\"cs-content\" class=\"cs-content\"><\/div>\n","protected":false},"excerpt":{"rendered":"<p>o hysolv Praktyczna wiedza w zakresie bioasekuracji i higieny dla profesjonalnego zdrowia zwierz\u0105t Hysolv GmbH jest wyspecjalizowan\u0105 firm\u0105 w zakresie zdrowia zwierz\u0105t i higieny, wspieraj\u0105c\u0105 profesjonalne gospodarstwa hodowlane, \u015brodowiska weterynaryjne, systemy akwakultury oraz obiekty zwi\u0105zane z \u017cywno\u015bci\u0105 o wysokich wymaganiach higienicznych na ca\u0142ym \u015bwiecie. Pomagamy naszym klientom utrzyma\u0107 niezawodne standardy higieny, skuteczn\u0105 bioasekuracj\u0119 oraz stabiln\u0105 wydajno\u015b\u0107 produkcji w rzeczywistych warunkach &#8230; <\/p>\n<div><a href=\"https:\/\/hysolv.eu\/pl\/o\" class=\"more-link\">Read More<\/a><\/div>\n","protected":false},"author":8,"featured_media":0,"parent":0,"menu_order":200,"comment_status":"closed","ping_status":"closed","template":"template-blank-4.php","meta":{"rs_blank_template":"","rs_page_bg_color":"","slide_template_v7":"","footnotes":""},"class_list":["post-1725","page","type-page","status-publish","hentry","no-post-thumbnail"],"yoast_head":"<!-- This site is optimized with the Yoast SEO plugin v27.5 - https:\/\/yoast.com\/product\/yoast-seo-wordpress\/ -->\n<title>O Hysolv | Eksperci w zakresie zdrowia zwierz\u0105t, higieny gospodarstw i bioasekuracji<\/title>\n<meta name=\"description\" content=\"Dowiedz si\u0119 wi\u0119cej o Hysolv \u2013 Twoim partnerze w zakresie produkt\u00f3w zdrowia zwierz\u0105t, higieny gospodarstw i rozwi\u0105za\u0144 bioasekuracji wspieraj\u0105cych bezpieczn\u0105 i efektywn\u0105 produkcj\u0119 zwierz\u0119c\u0105.\" \/>\n<meta name=\"robots\" content=\"index, follow, max-snippet:-1, max-image-preview:large, max-video-preview:-1\" \/>\n<link rel=\"canonical\" href=\"https:\/\/hysolv.eu\/pl\/o\" \/>\n<meta property=\"og:locale\" content=\"pl_PL\" \/>\n<meta property=\"og:type\" content=\"article\" \/>\n<meta property=\"og:title\" content=\"O Hysolv | Eksperci w zakresie zdrowia zwierz\u0105t, higieny gospodarstw i bioasekuracji\" \/>\n<meta property=\"og:description\" content=\"Dowiedz si\u0119 wi\u0119cej o Hysolv \u2013 Twoim partnerze w zakresie produkt\u00f3w zdrowia zwierz\u0105t, higieny gospodarstw i rozwi\u0105za\u0144 bioasekuracji wspieraj\u0105cych bezpieczn\u0105 i efektywn\u0105 produkcj\u0119 zwierz\u0119c\u0105.\" \/>\n<meta property=\"og:url\" content=\"https:\/\/hysolv.eu\/pl\/o\" \/>\n<meta property=\"og:site_name\" content=\"Hysolv\" \/>\n<meta property=\"article:publisher\" content=\"https:\/\/www.facebook.com\/HysolvLtd\" \/>\n<meta property=\"article:modified_time\" content=\"2026-04-24T06:56:33+00:00\" \/>\n<meta name=\"twitter:card\" content=\"summary_large_image\" \/>\n<meta name=\"twitter:label1\" content=\"Szacowany czas czytania\" \/>\n\t<meta name=\"twitter:data1\" content=\"8 minut\" \/>\n<script type=\"application\/ld+json\" class=\"yoast-schema-graph\">{\"@context\":\"https:\\\/\\\/schema.org\",\"@graph\":[{\"@type\":\"WebPage\",\"@id\":\"https:\\\/\\\/hysolv.eu\\\/pl\\\/o\",\"url\":\"https:\\\/\\\/hysolv.eu\\\/pl\\\/o\",\"name\":\"O Hysolv | Eksperci w zakresie zdrowia zwierz\u0105t, higieny gospodarstw i bioasekuracji\",\"isPartOf\":{\"@id\":\"https:\\\/\\\/hysolv.eu\\\/pl#website\"},\"datePublished\":\"2021-10-08T09:07:19+00:00\",\"dateModified\":\"2026-04-24T06:56:33+00:00\",\"description\":\"Dowiedz si\u0119 wi\u0119cej o Hysolv \u2013 Twoim partnerze w zakresie produkt\u00f3w zdrowia zwierz\u0105t, higieny gospodarstw i rozwi\u0105za\u0144 bioasekuracji wspieraj\u0105cych bezpieczn\u0105 i efektywn\u0105 produkcj\u0119 zwierz\u0119c\u0105.\",\"breadcrumb\":{\"@id\":\"https:\\\/\\\/hysolv.eu\\\/pl\\\/o#breadcrumb\"},\"inLanguage\":\"pl-PL\",\"potentialAction\":[{\"@type\":\"ReadAction\",\"target\":[\"https:\\\/\\\/hysolv.eu\\\/pl\\\/o\"]}]},{\"@type\":\"BreadcrumbList\",\"@id\":\"https:\\\/\\\/hysolv.eu\\\/pl\\\/o#breadcrumb\",\"itemListElement\":[{\"@type\":\"ListItem\",\"position\":1,\"name\":\"Home\",\"item\":\"https:\\\/\\\/hysolv.eu\\\/pl\"},{\"@type\":\"ListItem\",\"position\":2,\"name\":\"O\"}]},{\"@type\":\"WebSite\",\"@id\":\"https:\\\/\\\/hysolv.eu\\\/pl#website\",\"url\":\"https:\\\/\\\/hysolv.eu\\\/pl\",\"name\":\"Hysolv\",\"description\":\"Supporting Animal Health &amp; Biosecurity\",\"publisher\":{\"@id\":\"https:\\\/\\\/hysolv.eu\\\/pl#organization\"},\"potentialAction\":[{\"@type\":\"SearchAction\",\"target\":{\"@type\":\"EntryPoint\",\"urlTemplate\":\"https:\\\/\\\/hysolv.eu\\\/pl?s={search_term_string}\"},\"query-input\":{\"@type\":\"PropertyValueSpecification\",\"valueRequired\":true,\"valueName\":\"search_term_string\"}}],\"inLanguage\":\"pl-PL\"},{\"@type\":\"Organization\",\"@id\":\"https:\\\/\\\/hysolv.eu\\\/pl#organization\",\"name\":\"Hysolv GmbH\",\"url\":\"https:\\\/\\\/hysolv.eu\\\/pl\",\"logo\":{\"@type\":\"ImageObject\",\"inLanguage\":\"pl-PL\",\"@id\":\"https:\\\/\\\/hysolv.eu\\\/pl#\\\/schema\\\/logo\\\/image\\\/\",\"url\":\"https:\\\/\\\/hysolv.eu\\\/wp-content\\\/uploads\\\/LoginLogo-1.png\",\"contentUrl\":\"https:\\\/\\\/hysolv.eu\\\/wp-content\\\/uploads\\\/LoginLogo-1.png\",\"width\":480,\"height\":229,\"caption\":\"Hysolv GmbH\"},\"image\":{\"@id\":\"https:\\\/\\\/hysolv.eu\\\/pl#\\\/schema\\\/logo\\\/image\\\/\"},\"sameAs\":[\"https:\\\/\\\/www.facebook.com\\\/HysolvLtd\",\"https:\\\/\\\/www.instagram.com\\\/hysolvlimited\\\/\",\"https:\\\/\\\/www.linkedin.com\\\/company\\\/hysolv-limited\\\/about\\\/\"]}]}<\/script>\n<!-- \/ Yoast SEO plugin. -->","yoast_head_json":{"title":"O Hysolv | Eksperci w zakresie zdrowia zwierz\u0105t, higieny gospodarstw i bioasekuracji","description":"Dowiedz si\u0119 wi\u0119cej o Hysolv \u2013 Twoim partnerze w zakresie produkt\u00f3w zdrowia zwierz\u0105t, higieny gospodarstw i rozwi\u0105za\u0144 bioasekuracji wspieraj\u0105cych bezpieczn\u0105 i efektywn\u0105 produkcj\u0119 zwierz\u0119c\u0105.","robots":{"index":"index","follow":"follow","max-snippet":"max-snippet:-1","max-image-preview":"max-image-preview:large","max-video-preview":"max-video-preview:-1"},"canonical":"https:\/\/hysolv.eu\/pl\/o","og_locale":"pl_PL","og_type":"article","og_title":"O Hysolv | Eksperci w zakresie zdrowia zwierz\u0105t, higieny gospodarstw i bioasekuracji","og_description":"Dowiedz si\u0119 wi\u0119cej o Hysolv \u2013 Twoim partnerze w zakresie produkt\u00f3w zdrowia zwierz\u0105t, higieny gospodarstw i rozwi\u0105za\u0144 bioasekuracji wspieraj\u0105cych bezpieczn\u0105 i efektywn\u0105 produkcj\u0119 zwierz\u0119c\u0105.","og_url":"https:\/\/hysolv.eu\/pl\/o","og_site_name":"Hysolv","article_publisher":"https:\/\/www.facebook.com\/HysolvLtd","article_modified_time":"2026-04-24T06:56:33+00:00","twitter_card":"summary_large_image","twitter_misc":{"Szacowany czas czytania":"8 minut"},"schema":{"@context":"https:\/\/schema.org","@graph":[{"@type":"WebPage","@id":"https:\/\/hysolv.eu\/pl\/o","url":"https:\/\/hysolv.eu\/pl\/o","name":"O Hysolv | Eksperci w zakresie zdrowia zwierz\u0105t, higieny gospodarstw i bioasekuracji","isPartOf":{"@id":"https:\/\/hysolv.eu\/pl#website"},"datePublished":"2021-10-08T09:07:19+00:00","dateModified":"2026-04-24T06:56:33+00:00","description":"Dowiedz si\u0119 wi\u0119cej o Hysolv \u2013 Twoim partnerze w zakresie produkt\u00f3w zdrowia zwierz\u0105t, higieny gospodarstw i rozwi\u0105za\u0144 bioasekuracji wspieraj\u0105cych bezpieczn\u0105 i efektywn\u0105 produkcj\u0119 zwierz\u0119c\u0105.","breadcrumb":{"@id":"https:\/\/hysolv.eu\/pl\/o#breadcrumb"},"inLanguage":"pl-PL","potentialAction":[{"@type":"ReadAction","target":["https:\/\/hysolv.eu\/pl\/o"]}]},{"@type":"BreadcrumbList","@id":"https:\/\/hysolv.eu\/pl\/o#breadcrumb","itemListElement":[{"@type":"ListItem","position":1,"name":"Home","item":"https:\/\/hysolv.eu\/pl"},{"@type":"ListItem","position":2,"name":"O"}]},{"@type":"WebSite","@id":"https:\/\/hysolv.eu\/pl#website","url":"https:\/\/hysolv.eu\/pl","name":"Hysolv","description":"Supporting Animal Health &amp; Biosecurity","publisher":{"@id":"https:\/\/hysolv.eu\/pl#organization"},"potentialAction":[{"@type":"SearchAction","target":{"@type":"EntryPoint","urlTemplate":"https:\/\/hysolv.eu\/pl?s={search_term_string}"},"query-input":{"@type":"PropertyValueSpecification","valueRequired":true,"valueName":"search_term_string"}}],"inLanguage":"pl-PL"},{"@type":"Organization","@id":"https:\/\/hysolv.eu\/pl#organization","name":"Hysolv GmbH","url":"https:\/\/hysolv.eu\/pl","logo":{"@type":"ImageObject","inLanguage":"pl-PL","@id":"https:\/\/hysolv.eu\/pl#\/schema\/logo\/image\/","url":"https:\/\/hysolv.eu\/wp-content\/uploads\/LoginLogo-1.png","contentUrl":"https:\/\/hysolv.eu\/wp-content\/uploads\/LoginLogo-1.png","width":480,"height":229,"caption":"Hysolv GmbH"},"image":{"@id":"https:\/\/hysolv.eu\/pl#\/schema\/logo\/image\/"},"sameAs":["https:\/\/www.facebook.com\/HysolvLtd","https:\/\/www.instagram.com\/hysolvlimited\/","https:\/\/www.linkedin.com\/company\/hysolv-limited\/about\/"]}]}},"_links":{"self":[{"href":"https:\/\/hysolv.eu\/pl\/wp-json\/wp\/v2\/pages\/1725","targetHints":{"allow":["GET"]}}],"collection":[{"href":"https:\/\/hysolv.eu\/pl\/wp-json\/wp\/v2\/pages"}],"about":[{"href":"https:\/\/hysolv.eu\/pl\/wp-json\/wp\/v2\/types\/page"}],"author":[{"embeddable":true,"href":"https:\/\/hysolv.eu\/pl\/wp-json\/wp\/v2\/users\/8"}],"replies":[{"embeddable":true,"href":"https:\/\/hysolv.eu\/pl\/wp-json\/wp\/v2\/comments?post=1725"}],"version-history":[{"count":3,"href":"https:\/\/hysolv.eu\/pl\/wp-json\/wp\/v2\/pages\/1725\/revisions"}],"predecessor-version":[{"id":6026,"href":"https:\/\/hysolv.eu\/pl\/wp-json\/wp\/v2\/pages\/1725\/revisions\/6026"}],"wp:attachment":[{"href":"https:\/\/hysolv.eu\/pl\/wp-json\/wp\/v2\/media?parent=1725"}],"curies":[{"name":"wp","href":"https:\/\/api.w.org\/{rel}","templated":true}]}}