{"id":1816,"date":"2021-10-08T10:16:35","date_gmt":"2021-10-08T09:16:35","guid":{"rendered":"https:\/\/hysolv.eu\/informacja-o-prywatnosci"},"modified":"2022-05-10T19:11:08","modified_gmt":"2022-05-10T18:11:08","slug":"informacja-o-prywatnosci","status":"publish","type":"page","link":"https:\/\/hysolv.eu\/pl\/informacja-o-prywatnosci","title":{"rendered":"Polityka prywatno\u015bci"},"content":{"rendered":"<div id=\"cs-content\" class=\"cs-content\"><\/div>\n","protected":false},"excerpt":{"rendered":"<p>informacja o prywatno\u015bcio\u015bwiadczenie o polityce prywatno\u015bciZawarto\u015b\u0107 &nbsp; Wst\u0119p i og\u00f3lne stwierdzenie Kim jeste\u015bmy i jak si\u0119 z nami skontaktowa\u0107 Jak zbieramy lub pozyskujemy informacje Informacje, kt\u00f3re przetwarzamy Jak wykorzystujemy informacje, kt\u00f3re posiadamy na Tw\u00f3j temat Udost\u0119pnianie informacji innym stronom lub firmom Marketing \u2013 wykorzystanie Twoich informacji Twoje prawa wynikaj\u0105ce z RODO Jak d\u0142ugo przechowujemy Twoje informacje Ochrona Twoich informacji i &#8230; <\/p>\n<div><a href=\"https:\/\/hysolv.eu\/pl\/informacja-o-prywatnosci\" class=\"more-link\">Read More<\/a><\/div>\n","protected":false},"author":8,"featured_media":0,"parent":0,"menu_order":1020,"comment_status":"closed","ping_status":"closed","template":"template-blank-4.php","meta":{"footnotes":""},"class_list":["post-1816","page","type-page","status-publish","hentry","no-post-thumbnail"],"yoast_head":"<!-- This site is optimized with the Yoast SEO plugin v27.3 - https:\/\/yoast.com\/product\/yoast-seo-wordpress\/ -->\n<title>Polityka prywatno\u015bci | Hysolv<\/title>\n<meta name=\"robots\" content=\"noindex, nofollow\" \/>\n<meta property=\"og:locale\" content=\"pl_PL\" \/>\n<meta property=\"og:type\" content=\"article\" \/>\n<meta property=\"og:title\" content=\"Polityka prywatno\u015bci | Hysolv\" \/>\n<meta property=\"og:description\" content=\"informacja o prywatno\u015bcio\u015bwiadczenie o polityce prywatno\u015bciZawarto\u015b\u0107 &nbsp; Wst\u0119p i og\u00f3lne stwierdzenie Kim jeste\u015bmy i jak si\u0119 z nami skontaktowa\u0107 Jak zbieramy lub pozyskujemy informacje Informacje, kt\u00f3re przetwarzamy Jak wykorzystujemy informacje, kt\u00f3re posiadamy na Tw\u00f3j temat Udost\u0119pnianie informacji innym stronom lub firmom Marketing \u2013 wykorzystanie Twoich informacji Twoje prawa wynikaj\u0105ce z RODO Jak d\u0142ugo przechowujemy Twoje informacje Ochrona Twoich informacji i ... Read More\" \/>\n<meta property=\"og:url\" content=\"https:\/\/hysolv.eu\/pl\/informacja-o-prywatnosci\" \/>\n<meta property=\"og:site_name\" content=\"Hysolv\" \/>\n<meta property=\"article:publisher\" content=\"https:\/\/www.facebook.com\/HysolvLtd\" \/>\n<meta property=\"article:modified_time\" content=\"2022-05-10T18:11:08+00:00\" \/>\n<meta name=\"twitter:card\" content=\"summary_large_image\" \/>\n<meta name=\"twitter:label1\" content=\"Szacowany czas czytania\" \/>\n\t<meta name=\"twitter:data1\" content=\"17 minut\" \/>\n<script type=\"application\/ld+json\" class=\"yoast-schema-graph\">{\"@context\":\"https:\\\/\\\/schema.org\",\"@graph\":[{\"@type\":\"WebPage\",\"@id\":\"https:\\\/\\\/hysolv.eu\\\/pl\\\/informacja-o-prywatnosci\",\"url\":\"https:\\\/\\\/hysolv.eu\\\/pl\\\/informacja-o-prywatnosci\",\"name\":\"Polityka prywatno\u015bci | Hysolv\",\"isPartOf\":{\"@id\":\"https:\\\/\\\/hysolv.eu\\\/pl#website\"},\"datePublished\":\"2021-10-08T09:16:35+00:00\",\"dateModified\":\"2022-05-10T18:11:08+00:00\",\"breadcrumb\":{\"@id\":\"https:\\\/\\\/hysolv.eu\\\/pl\\\/informacja-o-prywatnosci#breadcrumb\"},\"inLanguage\":\"pl-PL\",\"potentialAction\":[{\"@type\":\"ReadAction\",\"target\":[\"https:\\\/\\\/hysolv.eu\\\/pl\\\/informacja-o-prywatnosci\"]}]},{\"@type\":\"BreadcrumbList\",\"@id\":\"https:\\\/\\\/hysolv.eu\\\/pl\\\/informacja-o-prywatnosci#breadcrumb\",\"itemListElement\":[{\"@type\":\"ListItem\",\"position\":1,\"name\":\"Home\",\"item\":\"https:\\\/\\\/hysolv.eu\\\/pl\\\/dom\"},{\"@type\":\"ListItem\",\"position\":2,\"name\":\"Polityka prywatno\u015bci\"}]},{\"@type\":\"WebSite\",\"@id\":\"https:\\\/\\\/hysolv.eu\\\/pl#website\",\"url\":\"https:\\\/\\\/hysolv.eu\\\/pl\",\"name\":\"Hysolv\",\"description\":\"Supporting Animal Health &amp; Biosecurity\",\"publisher\":{\"@id\":\"https:\\\/\\\/hysolv.eu\\\/pl#organization\"},\"potentialAction\":[{\"@type\":\"SearchAction\",\"target\":{\"@type\":\"EntryPoint\",\"urlTemplate\":\"https:\\\/\\\/hysolv.eu\\\/pl?s={search_term_string}\"},\"query-input\":{\"@type\":\"PropertyValueSpecification\",\"valueRequired\":true,\"valueName\":\"search_term_string\"}}],\"inLanguage\":\"pl-PL\"},{\"@type\":\"Organization\",\"@id\":\"https:\\\/\\\/hysolv.eu\\\/pl#organization\",\"name\":\"Hysolv GmbH\",\"url\":\"https:\\\/\\\/hysolv.eu\\\/pl\",\"logo\":{\"@type\":\"ImageObject\",\"inLanguage\":\"pl-PL\",\"@id\":\"https:\\\/\\\/hysolv.eu\\\/pl#\\\/schema\\\/logo\\\/image\\\/\",\"url\":\"https:\\\/\\\/hysolv.eu\\\/wp-content\\\/uploads\\\/LoginLogo-1.png\",\"contentUrl\":\"https:\\\/\\\/hysolv.eu\\\/wp-content\\\/uploads\\\/LoginLogo-1.png\",\"width\":480,\"height\":229,\"caption\":\"Hysolv GmbH\"},\"image\":{\"@id\":\"https:\\\/\\\/hysolv.eu\\\/pl#\\\/schema\\\/logo\\\/image\\\/\"},\"sameAs\":[\"https:\\\/\\\/www.facebook.com\\\/HysolvLtd\",\"https:\\\/\\\/www.instagram.com\\\/hysolvlimited\\\/\",\"https:\\\/\\\/www.linkedin.com\\\/company\\\/hysolv-limited\\\/about\\\/\"]}]}<\/script>\n<!-- \/ Yoast SEO plugin. -->","yoast_head_json":{"title":"Polityka prywatno\u015bci | Hysolv","robots":{"index":"noindex","follow":"nofollow"},"og_locale":"pl_PL","og_type":"article","og_title":"Polityka prywatno\u015bci | Hysolv","og_description":"informacja o prywatno\u015bcio\u015bwiadczenie o polityce prywatno\u015bciZawarto\u015b\u0107 &nbsp; Wst\u0119p i og\u00f3lne stwierdzenie Kim jeste\u015bmy i jak si\u0119 z nami skontaktowa\u0107 Jak zbieramy lub pozyskujemy informacje Informacje, kt\u00f3re przetwarzamy Jak wykorzystujemy informacje, kt\u00f3re posiadamy na Tw\u00f3j temat Udost\u0119pnianie informacji innym stronom lub firmom Marketing \u2013 wykorzystanie Twoich informacji Twoje prawa wynikaj\u0105ce z RODO Jak d\u0142ugo przechowujemy Twoje informacje Ochrona Twoich informacji i ... Read More","og_url":"https:\/\/hysolv.eu\/pl\/informacja-o-prywatnosci","og_site_name":"Hysolv","article_publisher":"https:\/\/www.facebook.com\/HysolvLtd","article_modified_time":"2022-05-10T18:11:08+00:00","twitter_card":"summary_large_image","twitter_misc":{"Szacowany czas czytania":"17 minut"},"schema":{"@context":"https:\/\/schema.org","@graph":[{"@type":"WebPage","@id":"https:\/\/hysolv.eu\/pl\/informacja-o-prywatnosci","url":"https:\/\/hysolv.eu\/pl\/informacja-o-prywatnosci","name":"Polityka prywatno\u015bci | Hysolv","isPartOf":{"@id":"https:\/\/hysolv.eu\/pl#website"},"datePublished":"2021-10-08T09:16:35+00:00","dateModified":"2022-05-10T18:11:08+00:00","breadcrumb":{"@id":"https:\/\/hysolv.eu\/pl\/informacja-o-prywatnosci#breadcrumb"},"inLanguage":"pl-PL","potentialAction":[{"@type":"ReadAction","target":["https:\/\/hysolv.eu\/pl\/informacja-o-prywatnosci"]}]},{"@type":"BreadcrumbList","@id":"https:\/\/hysolv.eu\/pl\/informacja-o-prywatnosci#breadcrumb","itemListElement":[{"@type":"ListItem","position":1,"name":"Home","item":"https:\/\/hysolv.eu\/pl\/dom"},{"@type":"ListItem","position":2,"name":"Polityka prywatno\u015bci"}]},{"@type":"WebSite","@id":"https:\/\/hysolv.eu\/pl#website","url":"https:\/\/hysolv.eu\/pl","name":"Hysolv","description":"Supporting Animal Health &amp; Biosecurity","publisher":{"@id":"https:\/\/hysolv.eu\/pl#organization"},"potentialAction":[{"@type":"SearchAction","target":{"@type":"EntryPoint","urlTemplate":"https:\/\/hysolv.eu\/pl?s={search_term_string}"},"query-input":{"@type":"PropertyValueSpecification","valueRequired":true,"valueName":"search_term_string"}}],"inLanguage":"pl-PL"},{"@type":"Organization","@id":"https:\/\/hysolv.eu\/pl#organization","name":"Hysolv GmbH","url":"https:\/\/hysolv.eu\/pl","logo":{"@type":"ImageObject","inLanguage":"pl-PL","@id":"https:\/\/hysolv.eu\/pl#\/schema\/logo\/image\/","url":"https:\/\/hysolv.eu\/wp-content\/uploads\/LoginLogo-1.png","contentUrl":"https:\/\/hysolv.eu\/wp-content\/uploads\/LoginLogo-1.png","width":480,"height":229,"caption":"Hysolv GmbH"},"image":{"@id":"https:\/\/hysolv.eu\/pl#\/schema\/logo\/image\/"},"sameAs":["https:\/\/www.facebook.com\/HysolvLtd","https:\/\/www.instagram.com\/hysolvlimited\/","https:\/\/www.linkedin.com\/company\/hysolv-limited\/about\/"]}]}},"_links":{"self":[{"href":"https:\/\/hysolv.eu\/pl\/wp-json\/wp\/v2\/pages\/1816","targetHints":{"allow":["GET"]}}],"collection":[{"href":"https:\/\/hysolv.eu\/pl\/wp-json\/wp\/v2\/pages"}],"about":[{"href":"https:\/\/hysolv.eu\/pl\/wp-json\/wp\/v2\/types\/page"}],"author":[{"embeddable":true,"href":"https:\/\/hysolv.eu\/pl\/wp-json\/wp\/v2\/users\/8"}],"replies":[{"embeddable":true,"href":"https:\/\/hysolv.eu\/pl\/wp-json\/wp\/v2\/comments?post=1816"}],"version-history":[{"count":0,"href":"https:\/\/hysolv.eu\/pl\/wp-json\/wp\/v2\/pages\/1816\/revisions"}],"wp:attachment":[{"href":"https:\/\/hysolv.eu\/pl\/wp-json\/wp\/v2\/media?parent=1816"}],"curies":[{"name":"wp","href":"https:\/\/api.w.org\/{rel}","templated":true}]}}