{"id":1829,"date":"2021-10-08T10:09:51","date_gmt":"2021-10-08T09:09:51","guid":{"rendered":"https:\/\/hysolv.eu\/regulamin"},"modified":"2022-05-11T11:27:22","modified_gmt":"2022-05-11T10:27:22","slug":"regulamin","status":"publish","type":"page","link":"https:\/\/hysolv.eu\/pl\/regulamin","title":{"rendered":"Regulamin"},"content":{"rendered":"<div id=\"cs-content\" class=\"cs-content\"><\/div>\n","protected":false},"excerpt":{"rendered":"<p>Regulamin regulamin dla klient\u00f3w WARUNKI HANDLOWE Z HYSOLV GmbH (zwany dalej \u201eSp\u00f3\u0142k\u0105\u201d lub \u201eHysolv GmbH\u201d) 1)&nbsp; Wst\u0119p a) Niniejsze warunki stanowi\u0105 ca\u0142o\u015b\u0107 umowy pomi\u0119dzy Sp\u00f3\u0142k\u0105 a Kupuj\u0105cym. Sp\u00f3\u0142ka mo\u017ce, w drodze pisemnego powiadomienia Kupuj\u0105cego, od czasu do czasu zmienia\u0107 niniejsze warunki. b) Otrzymanie zam\u00f3wienia (zwane r\u00f3wnie\u017c \u201ezam\u00f3wieniem zakupu\u201d) od Kupuj\u0105cego b\u0119dzie r\u00f3wnoznaczne z przyj\u0119ciem przez Kupuj\u0105cego niniejszych Warunk\u00f3w, pomimo odmiennych &#8230; <\/p>\n<div><a href=\"https:\/\/hysolv.eu\/pl\/regulamin\" class=\"more-link\">Read More<\/a><\/div>\n","protected":false},"author":8,"featured_media":0,"parent":0,"menu_order":1010,"comment_status":"closed","ping_status":"closed","template":"template-blank-4.php","meta":{"rs_blank_template":"","rs_page_bg_color":"","slide_template_v7":"","footnotes":""},"class_list":["post-1829","page","type-page","status-publish","hentry","no-post-thumbnail"],"yoast_head":"<!-- This site is optimized with the Yoast SEO plugin v27.5 - https:\/\/yoast.com\/product\/yoast-seo-wordpress\/ -->\n<title>Regulamin | Hysolv<\/title>\n<meta name=\"robots\" content=\"noindex, nofollow\" \/>\n<meta property=\"og:locale\" content=\"pl_PL\" \/>\n<meta property=\"og:type\" content=\"article\" \/>\n<meta property=\"og:title\" content=\"Regulamin | Hysolv\" \/>\n<meta property=\"og:description\" content=\"Regulamin regulamin dla klient\u00f3w WARUNKI HANDLOWE Z HYSOLV GmbH (zwany dalej \u201eSp\u00f3\u0142k\u0105\u201d lub \u201eHysolv GmbH\u201d) 1)&nbsp; Wst\u0119p a) Niniejsze warunki stanowi\u0105 ca\u0142o\u015b\u0107 umowy pomi\u0119dzy Sp\u00f3\u0142k\u0105 a Kupuj\u0105cym. Sp\u00f3\u0142ka mo\u017ce, w drodze pisemnego powiadomienia Kupuj\u0105cego, od czasu do czasu zmienia\u0107 niniejsze warunki. b) Otrzymanie zam\u00f3wienia (zwane r\u00f3wnie\u017c \u201ezam\u00f3wieniem zakupu\u201d) od Kupuj\u0105cego b\u0119dzie r\u00f3wnoznaczne z przyj\u0119ciem przez Kupuj\u0105cego niniejszych Warunk\u00f3w, pomimo odmiennych ... Read More\" \/>\n<meta property=\"og:url\" content=\"https:\/\/hysolv.eu\/pl\/regulamin\" \/>\n<meta property=\"og:site_name\" content=\"Hysolv\" \/>\n<meta property=\"article:publisher\" content=\"https:\/\/www.facebook.com\/HysolvLtd\" \/>\n<meta property=\"article:modified_time\" content=\"2022-05-11T10:27:22+00:00\" \/>\n<meta name=\"twitter:card\" content=\"summary_large_image\" \/>\n<meta name=\"twitter:label1\" content=\"Szacowany czas czytania\" \/>\n\t<meta name=\"twitter:data1\" content=\"16 minut\" \/>\n<script type=\"application\/ld+json\" class=\"yoast-schema-graph\">{\"@context\":\"https:\\\/\\\/schema.org\",\"@graph\":[{\"@type\":\"WebPage\",\"@id\":\"https:\\\/\\\/hysolv.eu\\\/pl\\\/regulamin\",\"url\":\"https:\\\/\\\/hysolv.eu\\\/pl\\\/regulamin\",\"name\":\"Regulamin | Hysolv\",\"isPartOf\":{\"@id\":\"https:\\\/\\\/hysolv.eu\\\/pl#website\"},\"datePublished\":\"2021-10-08T09:09:51+00:00\",\"dateModified\":\"2022-05-11T10:27:22+00:00\",\"breadcrumb\":{\"@id\":\"https:\\\/\\\/hysolv.eu\\\/pl\\\/regulamin#breadcrumb\"},\"inLanguage\":\"pl-PL\",\"potentialAction\":[{\"@type\":\"ReadAction\",\"target\":[\"https:\\\/\\\/hysolv.eu\\\/pl\\\/regulamin\"]}]},{\"@type\":\"BreadcrumbList\",\"@id\":\"https:\\\/\\\/hysolv.eu\\\/pl\\\/regulamin#breadcrumb\",\"itemListElement\":[{\"@type\":\"ListItem\",\"position\":1,\"name\":\"Home\",\"item\":\"https:\\\/\\\/hysolv.eu\\\/pl\"},{\"@type\":\"ListItem\",\"position\":2,\"name\":\"Regulamin\"}]},{\"@type\":\"WebSite\",\"@id\":\"https:\\\/\\\/hysolv.eu\\\/pl#website\",\"url\":\"https:\\\/\\\/hysolv.eu\\\/pl\",\"name\":\"Hysolv\",\"description\":\"Supporting Animal Health &amp; Biosecurity\",\"publisher\":{\"@id\":\"https:\\\/\\\/hysolv.eu\\\/pl#organization\"},\"potentialAction\":[{\"@type\":\"SearchAction\",\"target\":{\"@type\":\"EntryPoint\",\"urlTemplate\":\"https:\\\/\\\/hysolv.eu\\\/pl?s={search_term_string}\"},\"query-input\":{\"@type\":\"PropertyValueSpecification\",\"valueRequired\":true,\"valueName\":\"search_term_string\"}}],\"inLanguage\":\"pl-PL\"},{\"@type\":\"Organization\",\"@id\":\"https:\\\/\\\/hysolv.eu\\\/pl#organization\",\"name\":\"Hysolv GmbH\",\"url\":\"https:\\\/\\\/hysolv.eu\\\/pl\",\"logo\":{\"@type\":\"ImageObject\",\"inLanguage\":\"pl-PL\",\"@id\":\"https:\\\/\\\/hysolv.eu\\\/pl#\\\/schema\\\/logo\\\/image\\\/\",\"url\":\"https:\\\/\\\/hysolv.eu\\\/wp-content\\\/uploads\\\/LoginLogo-1.png\",\"contentUrl\":\"https:\\\/\\\/hysolv.eu\\\/wp-content\\\/uploads\\\/LoginLogo-1.png\",\"width\":480,\"height\":229,\"caption\":\"Hysolv GmbH\"},\"image\":{\"@id\":\"https:\\\/\\\/hysolv.eu\\\/pl#\\\/schema\\\/logo\\\/image\\\/\"},\"sameAs\":[\"https:\\\/\\\/www.facebook.com\\\/HysolvLtd\",\"https:\\\/\\\/www.instagram.com\\\/hysolvlimited\\\/\",\"https:\\\/\\\/www.linkedin.com\\\/company\\\/hysolv-limited\\\/about\\\/\"]}]}<\/script>\n<!-- \/ Yoast SEO plugin. -->","yoast_head_json":{"title":"Regulamin | Hysolv","robots":{"index":"noindex","follow":"nofollow"},"og_locale":"pl_PL","og_type":"article","og_title":"Regulamin | Hysolv","og_description":"Regulamin regulamin dla klient\u00f3w WARUNKI HANDLOWE Z HYSOLV GmbH (zwany dalej \u201eSp\u00f3\u0142k\u0105\u201d lub \u201eHysolv GmbH\u201d) 1)&nbsp; Wst\u0119p a) Niniejsze warunki stanowi\u0105 ca\u0142o\u015b\u0107 umowy pomi\u0119dzy Sp\u00f3\u0142k\u0105 a Kupuj\u0105cym. Sp\u00f3\u0142ka mo\u017ce, w drodze pisemnego powiadomienia Kupuj\u0105cego, od czasu do czasu zmienia\u0107 niniejsze warunki. b) Otrzymanie zam\u00f3wienia (zwane r\u00f3wnie\u017c \u201ezam\u00f3wieniem zakupu\u201d) od Kupuj\u0105cego b\u0119dzie r\u00f3wnoznaczne z przyj\u0119ciem przez Kupuj\u0105cego niniejszych Warunk\u00f3w, pomimo odmiennych ... Read More","og_url":"https:\/\/hysolv.eu\/pl\/regulamin","og_site_name":"Hysolv","article_publisher":"https:\/\/www.facebook.com\/HysolvLtd","article_modified_time":"2022-05-11T10:27:22+00:00","twitter_card":"summary_large_image","twitter_misc":{"Szacowany czas czytania":"16 minut"},"schema":{"@context":"https:\/\/schema.org","@graph":[{"@type":"WebPage","@id":"https:\/\/hysolv.eu\/pl\/regulamin","url":"https:\/\/hysolv.eu\/pl\/regulamin","name":"Regulamin | Hysolv","isPartOf":{"@id":"https:\/\/hysolv.eu\/pl#website"},"datePublished":"2021-10-08T09:09:51+00:00","dateModified":"2022-05-11T10:27:22+00:00","breadcrumb":{"@id":"https:\/\/hysolv.eu\/pl\/regulamin#breadcrumb"},"inLanguage":"pl-PL","potentialAction":[{"@type":"ReadAction","target":["https:\/\/hysolv.eu\/pl\/regulamin"]}]},{"@type":"BreadcrumbList","@id":"https:\/\/hysolv.eu\/pl\/regulamin#breadcrumb","itemListElement":[{"@type":"ListItem","position":1,"name":"Home","item":"https:\/\/hysolv.eu\/pl"},{"@type":"ListItem","position":2,"name":"Regulamin"}]},{"@type":"WebSite","@id":"https:\/\/hysolv.eu\/pl#website","url":"https:\/\/hysolv.eu\/pl","name":"Hysolv","description":"Supporting Animal Health &amp; Biosecurity","publisher":{"@id":"https:\/\/hysolv.eu\/pl#organization"},"potentialAction":[{"@type":"SearchAction","target":{"@type":"EntryPoint","urlTemplate":"https:\/\/hysolv.eu\/pl?s={search_term_string}"},"query-input":{"@type":"PropertyValueSpecification","valueRequired":true,"valueName":"search_term_string"}}],"inLanguage":"pl-PL"},{"@type":"Organization","@id":"https:\/\/hysolv.eu\/pl#organization","name":"Hysolv GmbH","url":"https:\/\/hysolv.eu\/pl","logo":{"@type":"ImageObject","inLanguage":"pl-PL","@id":"https:\/\/hysolv.eu\/pl#\/schema\/logo\/image\/","url":"https:\/\/hysolv.eu\/wp-content\/uploads\/LoginLogo-1.png","contentUrl":"https:\/\/hysolv.eu\/wp-content\/uploads\/LoginLogo-1.png","width":480,"height":229,"caption":"Hysolv GmbH"},"image":{"@id":"https:\/\/hysolv.eu\/pl#\/schema\/logo\/image\/"},"sameAs":["https:\/\/www.facebook.com\/HysolvLtd","https:\/\/www.instagram.com\/hysolvlimited\/","https:\/\/www.linkedin.com\/company\/hysolv-limited\/about\/"]}]}},"_links":{"self":[{"href":"https:\/\/hysolv.eu\/pl\/wp-json\/wp\/v2\/pages\/1829","targetHints":{"allow":["GET"]}}],"collection":[{"href":"https:\/\/hysolv.eu\/pl\/wp-json\/wp\/v2\/pages"}],"about":[{"href":"https:\/\/hysolv.eu\/pl\/wp-json\/wp\/v2\/types\/page"}],"author":[{"embeddable":true,"href":"https:\/\/hysolv.eu\/pl\/wp-json\/wp\/v2\/users\/8"}],"replies":[{"embeddable":true,"href":"https:\/\/hysolv.eu\/pl\/wp-json\/wp\/v2\/comments?post=1829"}],"version-history":[{"count":0,"href":"https:\/\/hysolv.eu\/pl\/wp-json\/wp\/v2\/pages\/1829\/revisions"}],"wp:attachment":[{"href":"https:\/\/hysolv.eu\/pl\/wp-json\/wp\/v2\/media?parent=1829"}],"curies":[{"name":"wp","href":"https:\/\/api.w.org\/{rel}","templated":true}]}}