{"id":2110,"date":"2021-10-08T12:11:41","date_gmt":"2021-10-08T11:11:41","guid":{"rendered":"https:\/\/hysolv.eu\/linki"},"modified":"2026-04-24T09:29:46","modified_gmt":"2026-04-24T08:29:46","slug":"linki","status":"publish","type":"page","link":"https:\/\/hysolv.eu\/pl\/linki","title":{"rendered":"Linki"},"content":{"rendered":"<div id=\"cs-content\" class=\"cs-content\"><\/div>\n","protected":false},"excerpt":{"rendered":"<p>Linki Poni\u017csze linki prowadz\u0105 do oficjalnych instytucji regulacyjnych i bran\u017cowych, kt\u00f3re niezale\u017cnie testuj\u0105, weryfikuj\u0105 oraz publikuj\u0105 listy \u015brodk\u00f3w dezynfekcyjnych i produkt\u00f3w higienicznych przeznaczonych do profesjonalnego zastosowania w weterynarii, rolnictwie i przemy\u015ble spo\u017cywczym. Wpisy publikowane przez te organizacje zapewniaj\u0105 przejrzyste i publicznie dost\u0119pne potwierdzenie skuteczno\u015bci, bezpiecze\u0144stwa oraz zgodno\u015bci z przepisami. Umo\u017cliwiaj\u0105 klientom, lekarzom weterynarii i organom kontrolnym niezale\u017cn\u0105 weryfikacj\u0119 dopuszcze\u0144 produkt\u00f3w &#8230; <\/p>\n<div><a href=\"https:\/\/hysolv.eu\/pl\/linki\" class=\"more-link\">Read More<\/a><\/div>\n","protected":false},"author":8,"featured_media":0,"parent":0,"menu_order":300,"comment_status":"closed","ping_status":"closed","template":"template-blank-4.php","meta":{"rs_blank_template":"","rs_page_bg_color":"","slide_template_v7":"","footnotes":""},"class_list":["post-2110","page","type-page","status-publish","hentry","no-post-thumbnail"],"yoast_head":"<!-- This site is optimized with the Yoast SEO plugin v27.5 - https:\/\/yoast.com\/product\/yoast-seo-wordpress\/ -->\n<title>Linki bran\u017cowe i zasoby dotycz\u0105ce zdrowia zwierz\u0105t i bioasekuracji | Hysolv<\/title>\n<meta name=\"description\" content=\"Poznaj zaufane linki bran\u017cowe i zasoby dotycz\u0105ce zdrowia zwierz\u0105t, higieny gospodarstw i bioasekuracji w produkcji zwierz\u0119cej i rolnictwie.\" \/>\n<meta name=\"robots\" content=\"index, follow, max-snippet:-1, max-image-preview:large, max-video-preview:-1\" \/>\n<link rel=\"canonical\" href=\"https:\/\/hysolv.eu\/pl\/linki\" \/>\n<meta property=\"og:locale\" content=\"pl_PL\" \/>\n<meta property=\"og:type\" content=\"article\" \/>\n<meta property=\"og:title\" content=\"Linki bran\u017cowe i zasoby dotycz\u0105ce zdrowia zwierz\u0105t i bioasekuracji | Hysolv\" \/>\n<meta property=\"og:description\" content=\"Poznaj zaufane linki bran\u017cowe i zasoby dotycz\u0105ce zdrowia zwierz\u0105t, higieny gospodarstw i bioasekuracji w produkcji zwierz\u0119cej i rolnictwie.\" \/>\n<meta property=\"og:url\" content=\"https:\/\/hysolv.eu\/pl\/linki\" \/>\n<meta property=\"og:site_name\" content=\"Hysolv\" \/>\n<meta property=\"article:publisher\" content=\"https:\/\/www.facebook.com\/HysolvLtd\" \/>\n<meta property=\"article:modified_time\" content=\"2026-04-24T08:29:46+00:00\" \/>\n<meta name=\"twitter:card\" content=\"summary_large_image\" \/>\n<meta name=\"twitter:label1\" content=\"Szacowany czas czytania\" \/>\n\t<meta name=\"twitter:data1\" content=\"3 minuty\" \/>\n<script type=\"application\/ld+json\" class=\"yoast-schema-graph\">{\"@context\":\"https:\\\/\\\/schema.org\",\"@graph\":[{\"@type\":\"WebPage\",\"@id\":\"https:\\\/\\\/hysolv.eu\\\/pl\\\/linki\",\"url\":\"https:\\\/\\\/hysolv.eu\\\/pl\\\/linki\",\"name\":\"Linki bran\u017cowe i zasoby dotycz\u0105ce zdrowia zwierz\u0105t i bioasekuracji | Hysolv\",\"isPartOf\":{\"@id\":\"https:\\\/\\\/hysolv.eu\\\/pl#website\"},\"datePublished\":\"2021-10-08T11:11:41+00:00\",\"dateModified\":\"2026-04-24T08:29:46+00:00\",\"description\":\"Poznaj zaufane linki bran\u017cowe i zasoby dotycz\u0105ce zdrowia zwierz\u0105t, higieny gospodarstw i bioasekuracji w produkcji zwierz\u0119cej i rolnictwie.\",\"breadcrumb\":{\"@id\":\"https:\\\/\\\/hysolv.eu\\\/pl\\\/linki#breadcrumb\"},\"inLanguage\":\"pl-PL\",\"potentialAction\":[{\"@type\":\"ReadAction\",\"target\":[\"https:\\\/\\\/hysolv.eu\\\/pl\\\/linki\"]}]},{\"@type\":\"BreadcrumbList\",\"@id\":\"https:\\\/\\\/hysolv.eu\\\/pl\\\/linki#breadcrumb\",\"itemListElement\":[{\"@type\":\"ListItem\",\"position\":1,\"name\":\"Home\",\"item\":\"https:\\\/\\\/hysolv.eu\\\/pl\"},{\"@type\":\"ListItem\",\"position\":2,\"name\":\"Linki\"}]},{\"@type\":\"WebSite\",\"@id\":\"https:\\\/\\\/hysolv.eu\\\/pl#website\",\"url\":\"https:\\\/\\\/hysolv.eu\\\/pl\",\"name\":\"Hysolv\",\"description\":\"Supporting Animal Health &amp; Biosecurity\",\"publisher\":{\"@id\":\"https:\\\/\\\/hysolv.eu\\\/pl#organization\"},\"potentialAction\":[{\"@type\":\"SearchAction\",\"target\":{\"@type\":\"EntryPoint\",\"urlTemplate\":\"https:\\\/\\\/hysolv.eu\\\/pl?s={search_term_string}\"},\"query-input\":{\"@type\":\"PropertyValueSpecification\",\"valueRequired\":true,\"valueName\":\"search_term_string\"}}],\"inLanguage\":\"pl-PL\"},{\"@type\":\"Organization\",\"@id\":\"https:\\\/\\\/hysolv.eu\\\/pl#organization\",\"name\":\"Hysolv GmbH\",\"url\":\"https:\\\/\\\/hysolv.eu\\\/pl\",\"logo\":{\"@type\":\"ImageObject\",\"inLanguage\":\"pl-PL\",\"@id\":\"https:\\\/\\\/hysolv.eu\\\/pl#\\\/schema\\\/logo\\\/image\\\/\",\"url\":\"https:\\\/\\\/hysolv.eu\\\/wp-content\\\/uploads\\\/LoginLogo-1.png\",\"contentUrl\":\"https:\\\/\\\/hysolv.eu\\\/wp-content\\\/uploads\\\/LoginLogo-1.png\",\"width\":480,\"height\":229,\"caption\":\"Hysolv GmbH\"},\"image\":{\"@id\":\"https:\\\/\\\/hysolv.eu\\\/pl#\\\/schema\\\/logo\\\/image\\\/\"},\"sameAs\":[\"https:\\\/\\\/www.facebook.com\\\/HysolvLtd\",\"https:\\\/\\\/www.instagram.com\\\/hysolvlimited\\\/\",\"https:\\\/\\\/www.linkedin.com\\\/company\\\/hysolv-limited\\\/about\\\/\"]}]}<\/script>\n<!-- \/ Yoast SEO plugin. -->","yoast_head_json":{"title":"Linki bran\u017cowe i zasoby dotycz\u0105ce zdrowia zwierz\u0105t i bioasekuracji | Hysolv","description":"Poznaj zaufane linki bran\u017cowe i zasoby dotycz\u0105ce zdrowia zwierz\u0105t, higieny gospodarstw i bioasekuracji w produkcji zwierz\u0119cej i rolnictwie.","robots":{"index":"index","follow":"follow","max-snippet":"max-snippet:-1","max-image-preview":"max-image-preview:large","max-video-preview":"max-video-preview:-1"},"canonical":"https:\/\/hysolv.eu\/pl\/linki","og_locale":"pl_PL","og_type":"article","og_title":"Linki bran\u017cowe i zasoby dotycz\u0105ce zdrowia zwierz\u0105t i bioasekuracji | Hysolv","og_description":"Poznaj zaufane linki bran\u017cowe i zasoby dotycz\u0105ce zdrowia zwierz\u0105t, higieny gospodarstw i bioasekuracji w produkcji zwierz\u0119cej i rolnictwie.","og_url":"https:\/\/hysolv.eu\/pl\/linki","og_site_name":"Hysolv","article_publisher":"https:\/\/www.facebook.com\/HysolvLtd","article_modified_time":"2026-04-24T08:29:46+00:00","twitter_card":"summary_large_image","twitter_misc":{"Szacowany czas czytania":"3 minuty"},"schema":{"@context":"https:\/\/schema.org","@graph":[{"@type":"WebPage","@id":"https:\/\/hysolv.eu\/pl\/linki","url":"https:\/\/hysolv.eu\/pl\/linki","name":"Linki bran\u017cowe i zasoby dotycz\u0105ce zdrowia zwierz\u0105t i bioasekuracji | Hysolv","isPartOf":{"@id":"https:\/\/hysolv.eu\/pl#website"},"datePublished":"2021-10-08T11:11:41+00:00","dateModified":"2026-04-24T08:29:46+00:00","description":"Poznaj zaufane linki bran\u017cowe i zasoby dotycz\u0105ce zdrowia zwierz\u0105t, higieny gospodarstw i bioasekuracji w produkcji zwierz\u0119cej i rolnictwie.","breadcrumb":{"@id":"https:\/\/hysolv.eu\/pl\/linki#breadcrumb"},"inLanguage":"pl-PL","potentialAction":[{"@type":"ReadAction","target":["https:\/\/hysolv.eu\/pl\/linki"]}]},{"@type":"BreadcrumbList","@id":"https:\/\/hysolv.eu\/pl\/linki#breadcrumb","itemListElement":[{"@type":"ListItem","position":1,"name":"Home","item":"https:\/\/hysolv.eu\/pl"},{"@type":"ListItem","position":2,"name":"Linki"}]},{"@type":"WebSite","@id":"https:\/\/hysolv.eu\/pl#website","url":"https:\/\/hysolv.eu\/pl","name":"Hysolv","description":"Supporting Animal Health &amp; Biosecurity","publisher":{"@id":"https:\/\/hysolv.eu\/pl#organization"},"potentialAction":[{"@type":"SearchAction","target":{"@type":"EntryPoint","urlTemplate":"https:\/\/hysolv.eu\/pl?s={search_term_string}"},"query-input":{"@type":"PropertyValueSpecification","valueRequired":true,"valueName":"search_term_string"}}],"inLanguage":"pl-PL"},{"@type":"Organization","@id":"https:\/\/hysolv.eu\/pl#organization","name":"Hysolv GmbH","url":"https:\/\/hysolv.eu\/pl","logo":{"@type":"ImageObject","inLanguage":"pl-PL","@id":"https:\/\/hysolv.eu\/pl#\/schema\/logo\/image\/","url":"https:\/\/hysolv.eu\/wp-content\/uploads\/LoginLogo-1.png","contentUrl":"https:\/\/hysolv.eu\/wp-content\/uploads\/LoginLogo-1.png","width":480,"height":229,"caption":"Hysolv GmbH"},"image":{"@id":"https:\/\/hysolv.eu\/pl#\/schema\/logo\/image\/"},"sameAs":["https:\/\/www.facebook.com\/HysolvLtd","https:\/\/www.instagram.com\/hysolvlimited\/","https:\/\/www.linkedin.com\/company\/hysolv-limited\/about\/"]}]}},"_links":{"self":[{"href":"https:\/\/hysolv.eu\/pl\/wp-json\/wp\/v2\/pages\/2110","targetHints":{"allow":["GET"]}}],"collection":[{"href":"https:\/\/hysolv.eu\/pl\/wp-json\/wp\/v2\/pages"}],"about":[{"href":"https:\/\/hysolv.eu\/pl\/wp-json\/wp\/v2\/types\/page"}],"author":[{"embeddable":true,"href":"https:\/\/hysolv.eu\/pl\/wp-json\/wp\/v2\/users\/8"}],"replies":[{"embeddable":true,"href":"https:\/\/hysolv.eu\/pl\/wp-json\/wp\/v2\/comments?post=2110"}],"version-history":[{"count":4,"href":"https:\/\/hysolv.eu\/pl\/wp-json\/wp\/v2\/pages\/2110\/revisions"}],"predecessor-version":[{"id":6995,"href":"https:\/\/hysolv.eu\/pl\/wp-json\/wp\/v2\/pages\/2110\/revisions\/6995"}],"wp:attachment":[{"href":"https:\/\/hysolv.eu\/pl\/wp-json\/wp\/v2\/media?parent=2110"}],"curies":[{"name":"wp","href":"https:\/\/api.w.org\/{rel}","templated":true}]}}