{"id":4105,"date":"2026-02-06T06:52:28","date_gmt":"2026-02-06T05:52:28","guid":{"rendered":"https:\/\/hysolv.eu\/?page_id=4105"},"modified":"2026-04-12T17:03:30","modified_gmt":"2026-04-12T16:03:30","slug":"dezynfekcja","status":"publish","type":"page","link":"https:\/\/hysolv.eu\/pl\/produkty\/dezynfekcja","title":{"rendered":"\u015arodki dezynfekuj\u0105ce"},"content":{"rendered":"<div id=\"cs-content\" class=\"cs-content\"><\/div>\n","protected":false},"excerpt":{"rendered":"<p>Profesjonalne weterynaryjne \u015brodki dezynfekcyjne dla niezawodnej bioasekuracji gospodarstwSkuteczna dezynfekcja stanowi podstaw\u0119 solidnej bioasekuracji w produkcji zwierz\u0119cej, zapobiegaj\u0105c rozprzestrzenianiu si\u0119 patogen\u00f3w w obiektach dla zwierz\u0105t, systemach wodnych oraz \u015brodowiskach produkcyjnych. Hysolv oferuje wysokowydajne weterynaryjne \u015brodki dezynfekcyjne zaprojektowane w celu wspierania bezpiecznego, opartego na wiedzy naukowej zarz\u0105dzania higien\u0105 w nowoczesnym rolnictwie i \u015brodowiskach weterynaryjnych. Opracowane z my\u015bl\u0105 o z\u0142o\u017conych wymaganiach higienicznych hodowli &#8230; <\/p>\n<div><a href=\"https:\/\/hysolv.eu\/pl\/produkt\/interask\" class=\"more-link\">Read More<\/a><\/div>\n","protected":false},"author":9,"featured_media":0,"parent":3809,"menu_order":111,"comment_status":"closed","ping_status":"closed","template":"template-blank-4.php","meta":{"footnotes":""},"class_list":["post-4105","page","type-page","status-publish","hentry","no-post-thumbnail"],"yoast_head":"<!-- This site is optimized with the Yoast SEO plugin v27.3 - https:\/\/yoast.com\/product\/yoast-seo-wordpress\/ -->\n<title>Weterynaryjne \u015brodki dezynfekcyjne dla bioasekuracji gospodarstw | Hysolv<\/title>\n<meta name=\"description\" content=\"Profesjonalne weterynaryjne \u015brodki dezynfekcyjne do obiekt\u00f3w inwentarskich, system\u00f3w wodnych, urz\u0105dze\u0144 oraz obszar\u00f3w wysokiego ryzyka bioasekuracyjnego. Sprawdzone rozwi\u0105zania dezynfekcyjne wspieraj\u0105ce skuteczne zapobieganie chorobom.\" \/>\n<meta name=\"robots\" content=\"index, follow, max-snippet:-1, max-image-preview:large, max-video-preview:-1\" \/>\n<link rel=\"canonical\" href=\"https:\/\/hysolv.eu\/pl\/produkty\/dezynfekcja\" \/>\n<meta property=\"og:locale\" content=\"pl_PL\" \/>\n<meta property=\"og:type\" content=\"article\" \/>\n<meta property=\"og:title\" content=\"Weterynaryjne \u015brodki dezynfekcyjne dla bioasekuracji gospodarstw | Hysolv\" \/>\n<meta property=\"og:description\" content=\"Profesjonalne weterynaryjne \u015brodki dezynfekcyjne do obiekt\u00f3w inwentarskich, system\u00f3w wodnych, urz\u0105dze\u0144 oraz obszar\u00f3w wysokiego ryzyka bioasekuracyjnego. Sprawdzone rozwi\u0105zania dezynfekcyjne wspieraj\u0105ce skuteczne zapobieganie chorobom.\" \/>\n<meta property=\"og:url\" content=\"https:\/\/hysolv.eu\/pl\/produkty\/dezynfekcja\" \/>\n<meta property=\"og:site_name\" content=\"Hysolv\" \/>\n<meta property=\"article:publisher\" content=\"https:\/\/www.facebook.com\/HysolvLtd\" \/>\n<meta property=\"article:modified_time\" content=\"2026-04-12T16:03:30+00:00\" \/>\n<meta name=\"twitter:card\" content=\"summary_large_image\" \/>\n<meta name=\"twitter:label1\" content=\"Szacowany czas czytania\" \/>\n\t<meta name=\"twitter:data1\" content=\"5 minut\" \/>\n<script type=\"application\/ld+json\" class=\"yoast-schema-graph\">{\"@context\":\"https:\\\/\\\/schema.org\",\"@graph\":[{\"@type\":\"WebPage\",\"@id\":\"https:\\\/\\\/hysolv.eu\\\/pl\\\/produkty\\\/dezynfekcja\",\"url\":\"https:\\\/\\\/hysolv.eu\\\/pl\\\/produkty\\\/dezynfekcja\",\"name\":\"Weterynaryjne \u015brodki dezynfekcyjne dla bioasekuracji gospodarstw | Hysolv\",\"isPartOf\":{\"@id\":\"https:\\\/\\\/hysolv.eu\\\/pl#website\"},\"datePublished\":\"2026-02-06T05:52:28+00:00\",\"dateModified\":\"2026-04-12T16:03:30+00:00\",\"description\":\"Profesjonalne weterynaryjne \u015brodki dezynfekcyjne do obiekt\u00f3w inwentarskich, system\u00f3w wodnych, urz\u0105dze\u0144 oraz obszar\u00f3w wysokiego ryzyka bioasekuracyjnego. Sprawdzone rozwi\u0105zania dezynfekcyjne wspieraj\u0105ce skuteczne zapobieganie chorobom.\",\"breadcrumb\":{\"@id\":\"https:\\\/\\\/hysolv.eu\\\/pl\\\/produkty\\\/dezynfekcja#breadcrumb\"},\"inLanguage\":\"pl-PL\",\"potentialAction\":[{\"@type\":\"ReadAction\",\"target\":[\"https:\\\/\\\/hysolv.eu\\\/pl\\\/produkty\\\/dezynfekcja\"]}]},{\"@type\":\"BreadcrumbList\",\"@id\":\"https:\\\/\\\/hysolv.eu\\\/pl\\\/produkty\\\/dezynfekcja#breadcrumb\",\"itemListElement\":[{\"@type\":\"ListItem\",\"position\":1,\"name\":\"Home\",\"item\":\"https:\\\/\\\/hysolv.eu\\\/pl\\\/dom\"},{\"@type\":\"ListItem\",\"position\":2,\"name\":\"Produkty\",\"item\":\"https:\\\/\\\/hysolv.eu\\\/pl\\\/produkty\"},{\"@type\":\"ListItem\",\"position\":3,\"name\":\"\u015arodki dezynfekuj\u0105ce\"}]},{\"@type\":\"WebSite\",\"@id\":\"https:\\\/\\\/hysolv.eu\\\/pl#website\",\"url\":\"https:\\\/\\\/hysolv.eu\\\/pl\",\"name\":\"Hysolv\",\"description\":\"Supporting Animal Health &amp; Biosecurity\",\"publisher\":{\"@id\":\"https:\\\/\\\/hysolv.eu\\\/pl#organization\"},\"potentialAction\":[{\"@type\":\"SearchAction\",\"target\":{\"@type\":\"EntryPoint\",\"urlTemplate\":\"https:\\\/\\\/hysolv.eu\\\/pl?s={search_term_string}\"},\"query-input\":{\"@type\":\"PropertyValueSpecification\",\"valueRequired\":true,\"valueName\":\"search_term_string\"}}],\"inLanguage\":\"pl-PL\"},{\"@type\":\"Organization\",\"@id\":\"https:\\\/\\\/hysolv.eu\\\/pl#organization\",\"name\":\"Hysolv GmbH\",\"url\":\"https:\\\/\\\/hysolv.eu\\\/pl\",\"logo\":{\"@type\":\"ImageObject\",\"inLanguage\":\"pl-PL\",\"@id\":\"https:\\\/\\\/hysolv.eu\\\/pl#\\\/schema\\\/logo\\\/image\\\/\",\"url\":\"https:\\\/\\\/hysolv.eu\\\/wp-content\\\/uploads\\\/LoginLogo-1.png\",\"contentUrl\":\"https:\\\/\\\/hysolv.eu\\\/wp-content\\\/uploads\\\/LoginLogo-1.png\",\"width\":480,\"height\":229,\"caption\":\"Hysolv GmbH\"},\"image\":{\"@id\":\"https:\\\/\\\/hysolv.eu\\\/pl#\\\/schema\\\/logo\\\/image\\\/\"},\"sameAs\":[\"https:\\\/\\\/www.facebook.com\\\/HysolvLtd\",\"https:\\\/\\\/www.instagram.com\\\/hysolvlimited\\\/\",\"https:\\\/\\\/www.linkedin.com\\\/company\\\/hysolv-limited\\\/about\\\/\"]}]}<\/script>\n<!-- \/ Yoast SEO plugin. -->","yoast_head_json":{"title":"Weterynaryjne \u015brodki dezynfekcyjne dla bioasekuracji gospodarstw | Hysolv","description":"Profesjonalne weterynaryjne \u015brodki dezynfekcyjne do obiekt\u00f3w inwentarskich, system\u00f3w wodnych, urz\u0105dze\u0144 oraz obszar\u00f3w wysokiego ryzyka bioasekuracyjnego. Sprawdzone rozwi\u0105zania dezynfekcyjne wspieraj\u0105ce skuteczne zapobieganie chorobom.","robots":{"index":"index","follow":"follow","max-snippet":"max-snippet:-1","max-image-preview":"max-image-preview:large","max-video-preview":"max-video-preview:-1"},"canonical":"https:\/\/hysolv.eu\/pl\/produkty\/dezynfekcja","og_locale":"pl_PL","og_type":"article","og_title":"Weterynaryjne \u015brodki dezynfekcyjne dla bioasekuracji gospodarstw | Hysolv","og_description":"Profesjonalne weterynaryjne \u015brodki dezynfekcyjne do obiekt\u00f3w inwentarskich, system\u00f3w wodnych, urz\u0105dze\u0144 oraz obszar\u00f3w wysokiego ryzyka bioasekuracyjnego. Sprawdzone rozwi\u0105zania dezynfekcyjne wspieraj\u0105ce skuteczne zapobieganie chorobom.","og_url":"https:\/\/hysolv.eu\/pl\/produkty\/dezynfekcja","og_site_name":"Hysolv","article_publisher":"https:\/\/www.facebook.com\/HysolvLtd","article_modified_time":"2026-04-12T16:03:30+00:00","twitter_card":"summary_large_image","twitter_misc":{"Szacowany czas czytania":"5 minut"},"schema":{"@context":"https:\/\/schema.org","@graph":[{"@type":"WebPage","@id":"https:\/\/hysolv.eu\/pl\/produkty\/dezynfekcja","url":"https:\/\/hysolv.eu\/pl\/produkty\/dezynfekcja","name":"Weterynaryjne \u015brodki dezynfekcyjne dla bioasekuracji gospodarstw | Hysolv","isPartOf":{"@id":"https:\/\/hysolv.eu\/pl#website"},"datePublished":"2026-02-06T05:52:28+00:00","dateModified":"2026-04-12T16:03:30+00:00","description":"Profesjonalne weterynaryjne \u015brodki dezynfekcyjne do obiekt\u00f3w inwentarskich, system\u00f3w wodnych, urz\u0105dze\u0144 oraz obszar\u00f3w wysokiego ryzyka bioasekuracyjnego. Sprawdzone rozwi\u0105zania dezynfekcyjne wspieraj\u0105ce skuteczne zapobieganie chorobom.","breadcrumb":{"@id":"https:\/\/hysolv.eu\/pl\/produkty\/dezynfekcja#breadcrumb"},"inLanguage":"pl-PL","potentialAction":[{"@type":"ReadAction","target":["https:\/\/hysolv.eu\/pl\/produkty\/dezynfekcja"]}]},{"@type":"BreadcrumbList","@id":"https:\/\/hysolv.eu\/pl\/produkty\/dezynfekcja#breadcrumb","itemListElement":[{"@type":"ListItem","position":1,"name":"Home","item":"https:\/\/hysolv.eu\/pl\/dom"},{"@type":"ListItem","position":2,"name":"Produkty","item":"https:\/\/hysolv.eu\/pl\/produkty"},{"@type":"ListItem","position":3,"name":"\u015arodki dezynfekuj\u0105ce"}]},{"@type":"WebSite","@id":"https:\/\/hysolv.eu\/pl#website","url":"https:\/\/hysolv.eu\/pl","name":"Hysolv","description":"Supporting Animal Health &amp; Biosecurity","publisher":{"@id":"https:\/\/hysolv.eu\/pl#organization"},"potentialAction":[{"@type":"SearchAction","target":{"@type":"EntryPoint","urlTemplate":"https:\/\/hysolv.eu\/pl?s={search_term_string}"},"query-input":{"@type":"PropertyValueSpecification","valueRequired":true,"valueName":"search_term_string"}}],"inLanguage":"pl-PL"},{"@type":"Organization","@id":"https:\/\/hysolv.eu\/pl#organization","name":"Hysolv GmbH","url":"https:\/\/hysolv.eu\/pl","logo":{"@type":"ImageObject","inLanguage":"pl-PL","@id":"https:\/\/hysolv.eu\/pl#\/schema\/logo\/image\/","url":"https:\/\/hysolv.eu\/wp-content\/uploads\/LoginLogo-1.png","contentUrl":"https:\/\/hysolv.eu\/wp-content\/uploads\/LoginLogo-1.png","width":480,"height":229,"caption":"Hysolv GmbH"},"image":{"@id":"https:\/\/hysolv.eu\/pl#\/schema\/logo\/image\/"},"sameAs":["https:\/\/www.facebook.com\/HysolvLtd","https:\/\/www.instagram.com\/hysolvlimited\/","https:\/\/www.linkedin.com\/company\/hysolv-limited\/about\/"]}]}},"_links":{"self":[{"href":"https:\/\/hysolv.eu\/pl\/wp-json\/wp\/v2\/pages\/4105","targetHints":{"allow":["GET"]}}],"collection":[{"href":"https:\/\/hysolv.eu\/pl\/wp-json\/wp\/v2\/pages"}],"about":[{"href":"https:\/\/hysolv.eu\/pl\/wp-json\/wp\/v2\/types\/page"}],"author":[{"embeddable":true,"href":"https:\/\/hysolv.eu\/pl\/wp-json\/wp\/v2\/users\/9"}],"replies":[{"embeddable":true,"href":"https:\/\/hysolv.eu\/pl\/wp-json\/wp\/v2\/comments?post=4105"}],"version-history":[{"count":5,"href":"https:\/\/hysolv.eu\/pl\/wp-json\/wp\/v2\/pages\/4105\/revisions"}],"predecessor-version":[{"id":6017,"href":"https:\/\/hysolv.eu\/pl\/wp-json\/wp\/v2\/pages\/4105\/revisions\/6017"}],"up":[{"embeddable":true,"href":"https:\/\/hysolv.eu\/pl\/wp-json\/wp\/v2\/pages\/3809"}],"wp:attachment":[{"href":"https:\/\/hysolv.eu\/pl\/wp-json\/wp\/v2\/media?parent=4105"}],"curies":[{"name":"wp","href":"https:\/\/api.w.org\/{rel}","templated":true}]}}