{"id":4131,"date":"2026-02-06T06:47:40","date_gmt":"2026-02-06T05:47:40","guid":{"rendered":"https:\/\/hysolv.eu\/?page_id=4131"},"modified":"2026-04-12T18:00:42","modified_gmt":"2026-04-12T17:00:42","slug":"wedlug-kategorii","status":"publish","type":"page","link":"https:\/\/hysolv.eu\/pl\/wedlug-kategorii","title":{"rendered":"Wed\u0142ug kategorii"},"content":{"rendered":"<div id=\"cs-content\" class=\"cs-content\"><\/div>\n","protected":false},"excerpt":{"rendered":"<p>Kategorie bioasekuracji gospodarstw dla profesjonalnego zdrowia i bezpiecze\u0144stwa zwierz\u0105tSkuteczna bioasekuracja gospodarstw jest kluczowa dla ochrony zdrowia zwierz\u0105t, ograniczania ryzyka chor\u00f3b oraz zapewnienia zr\u00f3wnowa\u017conej produkcji rolniczej. Hysolv oferuje kompleksowe portfolio rozwi\u0105za\u0144 w zakresie higieny, dezynfekcji, zwalczania szkodnik\u00f3w, higieny pasz oraz przetw\u00f3rstwa \u017cywno\u015bci, przejrzy\u015bcie uporz\u0105dkowane wed\u0142ug kategorii, aby pom\u00f3c gospodarstwom i przedsi\u0119biorstwom rolniczym w wyborze odpowiednich produkt\u00f3w dopasowanych do ich potrzeb. Nasze &#8230; <\/p>\n<div><a href=\"https:\/\/hysolv.eu\/pl\/wedlug-kategorii\" class=\"more-link\">Read More<\/a><\/div>\n","protected":false},"author":9,"featured_media":0,"parent":0,"menu_order":110,"comment_status":"closed","ping_status":"closed","template":"template-blank-4.php","meta":{"footnotes":""},"class_list":["post-4131","page","type-page","status-publish","hentry","no-post-thumbnail"],"yoast_head":"<!-- This site is optimized with the Yoast SEO plugin v27.3 - https:\/\/yoast.com\/product\/yoast-seo-wordpress\/ -->\n<title>Kategorie bioasekuracji gospodarstw | Higiena i zapobieganie chorobom | Hysolv<\/title>\n<meta name=\"description\" content=\"Poznaj kategorie bioasekuracji Hysolv obejmuj\u0105ce dezynfekcj\u0119, czyszczenie, zwalczanie szkodnik\u00f3w, higien\u0119 pasz oraz higien\u0119 w przetw\u00f3rstwie \u017cywno\u015bci. Uporz\u0105dkowane rozwi\u0105zania dla profesjonalnego zdrowia zwierz\u0105t i zarz\u0105dzania higien\u0105.\" \/>\n<meta name=\"robots\" content=\"index, follow, max-snippet:-1, max-image-preview:large, max-video-preview:-1\" \/>\n<link rel=\"canonical\" href=\"https:\/\/hysolv.eu\/pl\/wedlug-kategorii\" \/>\n<meta property=\"og:locale\" content=\"pl_PL\" \/>\n<meta property=\"og:type\" content=\"article\" \/>\n<meta property=\"og:title\" content=\"Kategorie bioasekuracji gospodarstw | Higiena i zapobieganie chorobom | Hysolv\" \/>\n<meta property=\"og:description\" content=\"Poznaj kategorie bioasekuracji Hysolv obejmuj\u0105ce dezynfekcj\u0119, czyszczenie, zwalczanie szkodnik\u00f3w, higien\u0119 pasz oraz higien\u0119 w przetw\u00f3rstwie \u017cywno\u015bci. Uporz\u0105dkowane rozwi\u0105zania dla profesjonalnego zdrowia zwierz\u0105t i zarz\u0105dzania higien\u0105.\" \/>\n<meta property=\"og:url\" content=\"https:\/\/hysolv.eu\/pl\/wedlug-kategorii\" \/>\n<meta property=\"og:site_name\" content=\"Hysolv\" \/>\n<meta property=\"article:publisher\" content=\"https:\/\/www.facebook.com\/HysolvLtd\" \/>\n<meta property=\"article:modified_time\" content=\"2026-04-12T17:00:42+00:00\" \/>\n<meta name=\"twitter:card\" content=\"summary_large_image\" \/>\n<meta name=\"twitter:label1\" content=\"Szacowany czas czytania\" \/>\n\t<meta name=\"twitter:data1\" content=\"5 minut\" \/>\n<script type=\"application\/ld+json\" class=\"yoast-schema-graph\">{\"@context\":\"https:\\\/\\\/schema.org\",\"@graph\":[{\"@type\":\"WebPage\",\"@id\":\"https:\\\/\\\/hysolv.eu\\\/pl\\\/wedlug-kategorii\",\"url\":\"https:\\\/\\\/hysolv.eu\\\/pl\\\/wedlug-kategorii\",\"name\":\"Kategorie bioasekuracji gospodarstw | Higiena i zapobieganie chorobom | Hysolv\",\"isPartOf\":{\"@id\":\"https:\\\/\\\/hysolv.eu\\\/pl#website\"},\"datePublished\":\"2026-02-06T05:47:40+00:00\",\"dateModified\":\"2026-04-12T17:00:42+00:00\",\"description\":\"Poznaj kategorie bioasekuracji Hysolv obejmuj\u0105ce dezynfekcj\u0119, czyszczenie, zwalczanie szkodnik\u00f3w, higien\u0119 pasz oraz higien\u0119 w przetw\u00f3rstwie \u017cywno\u015bci. Uporz\u0105dkowane rozwi\u0105zania dla profesjonalnego zdrowia zwierz\u0105t i zarz\u0105dzania higien\u0105.\",\"breadcrumb\":{\"@id\":\"https:\\\/\\\/hysolv.eu\\\/pl\\\/wedlug-kategorii#breadcrumb\"},\"inLanguage\":\"pl-PL\",\"potentialAction\":[{\"@type\":\"ReadAction\",\"target\":[\"https:\\\/\\\/hysolv.eu\\\/pl\\\/wedlug-kategorii\"]}]},{\"@type\":\"BreadcrumbList\",\"@id\":\"https:\\\/\\\/hysolv.eu\\\/pl\\\/wedlug-kategorii#breadcrumb\",\"itemListElement\":[{\"@type\":\"ListItem\",\"position\":1,\"name\":\"Home\",\"item\":\"https:\\\/\\\/hysolv.eu\\\/pl\\\/dom\"},{\"@type\":\"ListItem\",\"position\":2,\"name\":\"Wed\u0142ug kategorii\"}]},{\"@type\":\"WebSite\",\"@id\":\"https:\\\/\\\/hysolv.eu\\\/pl#website\",\"url\":\"https:\\\/\\\/hysolv.eu\\\/pl\",\"name\":\"Hysolv\",\"description\":\"Supporting Animal Health &amp; Biosecurity\",\"publisher\":{\"@id\":\"https:\\\/\\\/hysolv.eu\\\/pl#organization\"},\"potentialAction\":[{\"@type\":\"SearchAction\",\"target\":{\"@type\":\"EntryPoint\",\"urlTemplate\":\"https:\\\/\\\/hysolv.eu\\\/pl?s={search_term_string}\"},\"query-input\":{\"@type\":\"PropertyValueSpecification\",\"valueRequired\":true,\"valueName\":\"search_term_string\"}}],\"inLanguage\":\"pl-PL\"},{\"@type\":\"Organization\",\"@id\":\"https:\\\/\\\/hysolv.eu\\\/pl#organization\",\"name\":\"Hysolv GmbH\",\"url\":\"https:\\\/\\\/hysolv.eu\\\/pl\",\"logo\":{\"@type\":\"ImageObject\",\"inLanguage\":\"pl-PL\",\"@id\":\"https:\\\/\\\/hysolv.eu\\\/pl#\\\/schema\\\/logo\\\/image\\\/\",\"url\":\"https:\\\/\\\/hysolv.eu\\\/wp-content\\\/uploads\\\/LoginLogo-1.png\",\"contentUrl\":\"https:\\\/\\\/hysolv.eu\\\/wp-content\\\/uploads\\\/LoginLogo-1.png\",\"width\":480,\"height\":229,\"caption\":\"Hysolv GmbH\"},\"image\":{\"@id\":\"https:\\\/\\\/hysolv.eu\\\/pl#\\\/schema\\\/logo\\\/image\\\/\"},\"sameAs\":[\"https:\\\/\\\/www.facebook.com\\\/HysolvLtd\",\"https:\\\/\\\/www.instagram.com\\\/hysolvlimited\\\/\",\"https:\\\/\\\/www.linkedin.com\\\/company\\\/hysolv-limited\\\/about\\\/\"]}]}<\/script>\n<!-- \/ Yoast SEO plugin. -->","yoast_head_json":{"title":"Kategorie bioasekuracji gospodarstw | Higiena i zapobieganie chorobom | Hysolv","description":"Poznaj kategorie bioasekuracji Hysolv obejmuj\u0105ce dezynfekcj\u0119, czyszczenie, zwalczanie szkodnik\u00f3w, higien\u0119 pasz oraz higien\u0119 w przetw\u00f3rstwie \u017cywno\u015bci. Uporz\u0105dkowane rozwi\u0105zania dla profesjonalnego zdrowia zwierz\u0105t i zarz\u0105dzania higien\u0105.","robots":{"index":"index","follow":"follow","max-snippet":"max-snippet:-1","max-image-preview":"max-image-preview:large","max-video-preview":"max-video-preview:-1"},"canonical":"https:\/\/hysolv.eu\/pl\/wedlug-kategorii","og_locale":"pl_PL","og_type":"article","og_title":"Kategorie bioasekuracji gospodarstw | Higiena i zapobieganie chorobom | Hysolv","og_description":"Poznaj kategorie bioasekuracji Hysolv obejmuj\u0105ce dezynfekcj\u0119, czyszczenie, zwalczanie szkodnik\u00f3w, higien\u0119 pasz oraz higien\u0119 w przetw\u00f3rstwie \u017cywno\u015bci. Uporz\u0105dkowane rozwi\u0105zania dla profesjonalnego zdrowia zwierz\u0105t i zarz\u0105dzania higien\u0105.","og_url":"https:\/\/hysolv.eu\/pl\/wedlug-kategorii","og_site_name":"Hysolv","article_publisher":"https:\/\/www.facebook.com\/HysolvLtd","article_modified_time":"2026-04-12T17:00:42+00:00","twitter_card":"summary_large_image","twitter_misc":{"Szacowany czas czytania":"5 minut"},"schema":{"@context":"https:\/\/schema.org","@graph":[{"@type":"WebPage","@id":"https:\/\/hysolv.eu\/pl\/wedlug-kategorii","url":"https:\/\/hysolv.eu\/pl\/wedlug-kategorii","name":"Kategorie bioasekuracji gospodarstw | Higiena i zapobieganie chorobom | Hysolv","isPartOf":{"@id":"https:\/\/hysolv.eu\/pl#website"},"datePublished":"2026-02-06T05:47:40+00:00","dateModified":"2026-04-12T17:00:42+00:00","description":"Poznaj kategorie bioasekuracji Hysolv obejmuj\u0105ce dezynfekcj\u0119, czyszczenie, zwalczanie szkodnik\u00f3w, higien\u0119 pasz oraz higien\u0119 w przetw\u00f3rstwie \u017cywno\u015bci. Uporz\u0105dkowane rozwi\u0105zania dla profesjonalnego zdrowia zwierz\u0105t i zarz\u0105dzania higien\u0105.","breadcrumb":{"@id":"https:\/\/hysolv.eu\/pl\/wedlug-kategorii#breadcrumb"},"inLanguage":"pl-PL","potentialAction":[{"@type":"ReadAction","target":["https:\/\/hysolv.eu\/pl\/wedlug-kategorii"]}]},{"@type":"BreadcrumbList","@id":"https:\/\/hysolv.eu\/pl\/wedlug-kategorii#breadcrumb","itemListElement":[{"@type":"ListItem","position":1,"name":"Home","item":"https:\/\/hysolv.eu\/pl\/dom"},{"@type":"ListItem","position":2,"name":"Wed\u0142ug kategorii"}]},{"@type":"WebSite","@id":"https:\/\/hysolv.eu\/pl#website","url":"https:\/\/hysolv.eu\/pl","name":"Hysolv","description":"Supporting Animal Health &amp; Biosecurity","publisher":{"@id":"https:\/\/hysolv.eu\/pl#organization"},"potentialAction":[{"@type":"SearchAction","target":{"@type":"EntryPoint","urlTemplate":"https:\/\/hysolv.eu\/pl?s={search_term_string}"},"query-input":{"@type":"PropertyValueSpecification","valueRequired":true,"valueName":"search_term_string"}}],"inLanguage":"pl-PL"},{"@type":"Organization","@id":"https:\/\/hysolv.eu\/pl#organization","name":"Hysolv GmbH","url":"https:\/\/hysolv.eu\/pl","logo":{"@type":"ImageObject","inLanguage":"pl-PL","@id":"https:\/\/hysolv.eu\/pl#\/schema\/logo\/image\/","url":"https:\/\/hysolv.eu\/wp-content\/uploads\/LoginLogo-1.png","contentUrl":"https:\/\/hysolv.eu\/wp-content\/uploads\/LoginLogo-1.png","width":480,"height":229,"caption":"Hysolv GmbH"},"image":{"@id":"https:\/\/hysolv.eu\/pl#\/schema\/logo\/image\/"},"sameAs":["https:\/\/www.facebook.com\/HysolvLtd","https:\/\/www.instagram.com\/hysolvlimited\/","https:\/\/www.linkedin.com\/company\/hysolv-limited\/about\/"]}]}},"_links":{"self":[{"href":"https:\/\/hysolv.eu\/pl\/wp-json\/wp\/v2\/pages\/4131","targetHints":{"allow":["GET"]}}],"collection":[{"href":"https:\/\/hysolv.eu\/pl\/wp-json\/wp\/v2\/pages"}],"about":[{"href":"https:\/\/hysolv.eu\/pl\/wp-json\/wp\/v2\/types\/page"}],"author":[{"embeddable":true,"href":"https:\/\/hysolv.eu\/pl\/wp-json\/wp\/v2\/users\/9"}],"replies":[{"embeddable":true,"href":"https:\/\/hysolv.eu\/pl\/wp-json\/wp\/v2\/comments?post=4131"}],"version-history":[{"count":5,"href":"https:\/\/hysolv.eu\/pl\/wp-json\/wp\/v2\/pages\/4131\/revisions"}],"predecessor-version":[{"id":6025,"href":"https:\/\/hysolv.eu\/pl\/wp-json\/wp\/v2\/pages\/4131\/revisions\/6025"}],"wp:attachment":[{"href":"https:\/\/hysolv.eu\/pl\/wp-json\/wp\/v2\/media?parent=4131"}],"curies":[{"name":"wp","href":"https:\/\/api.w.org\/{rel}","templated":true}]}}