{"id":4194,"date":"2026-02-06T06:55:54","date_gmt":"2026-02-06T05:55:54","guid":{"rendered":"https:\/\/hysolv.eu\/?page_id=4194"},"modified":"2026-04-11T02:00:02","modified_gmt":"2026-04-11T01:00:02","slug":"higiena-pasz","status":"publish","type":"page","link":"https:\/\/hysolv.eu\/pl\/produkty\/higiena-pasz","title":{"rendered":"Higiena pasz i dodatki"},"content":{"rendered":"<div id=\"cs-content\" class=\"cs-content\"><\/div>\n","protected":false},"excerpt":{"rendered":"<p>Rozwi\u0105zania higieny pasz dla bezpiecznej, czystej i wysokiej jako\u015bci paszy dla zwierz\u0105tSkuteczna higiena pasz stanowi kluczowy filar zdrowia zwierz\u0105t, wydajno\u015bci gospodarstwa oraz og\u00f3lnej bioasekuracji. Czysta i w\u0142a\u015bciwie zarz\u0105dzana pasza ogranicza ryzyko mikrobiologiczne, wspiera zdrowie jelit oraz pomaga utrzyma\u0107 stabiln\u0105 wydajno\u015b\u0107 produkcji w nowoczesnych systemach hodowlanych. Hysolv oferuje profesjonalne rozwi\u0105zania w zakresie higieny pasz, zaprojektowane w celu ochrony jako\u015bci paszy, ograniczenia &#8230; <\/p>\n<div><a href=\"https:\/\/hysolv.eu\/pl\/produkt\/alquernat-zycox\" class=\"more-link\">Read More<\/a><\/div>\n","protected":false},"author":9,"featured_media":0,"parent":3809,"menu_order":114,"comment_status":"closed","ping_status":"closed","template":"template-blank-4.php","meta":{"footnotes":""},"class_list":["post-4194","page","type-page","status-publish","hentry","no-post-thumbnail"],"yoast_head":"<!-- This site is optimized with the Yoast SEO plugin v27.3 - https:\/\/yoast.com\/product\/yoast-seo-wordpress\/ -->\n<title>Rozwi\u0105zania higieny pasz i dodatk\u00f3w paszowych dla zdrowia zwierz\u0105t | Hysolv<\/title>\n<meta name=\"description\" content=\"Profesjonalne rozwi\u0105zania higieny pasz oraz dodatki paszowe wspieraj\u0105ce zdrowie jelit, bezpieczne \u017cywienie zwierz\u0105t i bioasekuracj\u0119 w nowoczesnych systemach produkcji zwierz\u0119cej.\" \/>\n<meta name=\"robots\" content=\"index, follow, max-snippet:-1, max-image-preview:large, max-video-preview:-1\" \/>\n<link rel=\"canonical\" href=\"https:\/\/hysolv.eu\/pl\/produkty\/higiena-pasz\" \/>\n<meta property=\"og:locale\" content=\"pl_PL\" \/>\n<meta property=\"og:type\" content=\"article\" \/>\n<meta property=\"og:title\" content=\"Rozwi\u0105zania higieny pasz i dodatk\u00f3w paszowych dla zdrowia zwierz\u0105t | Hysolv\" \/>\n<meta property=\"og:description\" content=\"Profesjonalne rozwi\u0105zania higieny pasz oraz dodatki paszowe wspieraj\u0105ce zdrowie jelit, bezpieczne \u017cywienie zwierz\u0105t i bioasekuracj\u0119 w nowoczesnych systemach produkcji zwierz\u0119cej.\" \/>\n<meta property=\"og:url\" content=\"https:\/\/hysolv.eu\/pl\/produkty\/higiena-pasz\" \/>\n<meta property=\"og:site_name\" content=\"Hysolv\" \/>\n<meta property=\"article:publisher\" content=\"https:\/\/www.facebook.com\/HysolvLtd\" \/>\n<meta property=\"article:modified_time\" content=\"2026-04-11T01:00:02+00:00\" \/>\n<meta name=\"twitter:card\" content=\"summary_large_image\" \/>\n<meta name=\"twitter:label1\" content=\"Szacowany czas czytania\" \/>\n\t<meta name=\"twitter:data1\" content=\"5 minut\" \/>\n<script type=\"application\/ld+json\" class=\"yoast-schema-graph\">{\"@context\":\"https:\\\/\\\/schema.org\",\"@graph\":[{\"@type\":\"WebPage\",\"@id\":\"https:\\\/\\\/hysolv.eu\\\/pl\\\/produkty\\\/higiena-pasz\",\"url\":\"https:\\\/\\\/hysolv.eu\\\/pl\\\/produkty\\\/higiena-pasz\",\"name\":\"Rozwi\u0105zania higieny pasz i dodatk\u00f3w paszowych dla zdrowia zwierz\u0105t | Hysolv\",\"isPartOf\":{\"@id\":\"https:\\\/\\\/hysolv.eu\\\/pl#website\"},\"datePublished\":\"2026-02-06T05:55:54+00:00\",\"dateModified\":\"2026-04-11T01:00:02+00:00\",\"description\":\"Profesjonalne rozwi\u0105zania higieny pasz oraz dodatki paszowe wspieraj\u0105ce zdrowie jelit, bezpieczne \u017cywienie zwierz\u0105t i bioasekuracj\u0119 w nowoczesnych systemach produkcji zwierz\u0119cej.\",\"breadcrumb\":{\"@id\":\"https:\\\/\\\/hysolv.eu\\\/pl\\\/produkty\\\/higiena-pasz#breadcrumb\"},\"inLanguage\":\"pl-PL\",\"potentialAction\":[{\"@type\":\"ReadAction\",\"target\":[\"https:\\\/\\\/hysolv.eu\\\/pl\\\/produkty\\\/higiena-pasz\"]}]},{\"@type\":\"BreadcrumbList\",\"@id\":\"https:\\\/\\\/hysolv.eu\\\/pl\\\/produkty\\\/higiena-pasz#breadcrumb\",\"itemListElement\":[{\"@type\":\"ListItem\",\"position\":1,\"name\":\"Home\",\"item\":\"https:\\\/\\\/hysolv.eu\\\/pl\\\/dom\"},{\"@type\":\"ListItem\",\"position\":2,\"name\":\"Produkty\",\"item\":\"https:\\\/\\\/hysolv.eu\\\/pl\\\/produkty\"},{\"@type\":\"ListItem\",\"position\":3,\"name\":\"Higiena pasz i dodatki\"}]},{\"@type\":\"WebSite\",\"@id\":\"https:\\\/\\\/hysolv.eu\\\/pl#website\",\"url\":\"https:\\\/\\\/hysolv.eu\\\/pl\",\"name\":\"Hysolv\",\"description\":\"Supporting Animal Health &amp; Biosecurity\",\"publisher\":{\"@id\":\"https:\\\/\\\/hysolv.eu\\\/pl#organization\"},\"potentialAction\":[{\"@type\":\"SearchAction\",\"target\":{\"@type\":\"EntryPoint\",\"urlTemplate\":\"https:\\\/\\\/hysolv.eu\\\/pl?s={search_term_string}\"},\"query-input\":{\"@type\":\"PropertyValueSpecification\",\"valueRequired\":true,\"valueName\":\"search_term_string\"}}],\"inLanguage\":\"pl-PL\"},{\"@type\":\"Organization\",\"@id\":\"https:\\\/\\\/hysolv.eu\\\/pl#organization\",\"name\":\"Hysolv GmbH\",\"url\":\"https:\\\/\\\/hysolv.eu\\\/pl\",\"logo\":{\"@type\":\"ImageObject\",\"inLanguage\":\"pl-PL\",\"@id\":\"https:\\\/\\\/hysolv.eu\\\/pl#\\\/schema\\\/logo\\\/image\\\/\",\"url\":\"https:\\\/\\\/hysolv.eu\\\/wp-content\\\/uploads\\\/LoginLogo-1.png\",\"contentUrl\":\"https:\\\/\\\/hysolv.eu\\\/wp-content\\\/uploads\\\/LoginLogo-1.png\",\"width\":480,\"height\":229,\"caption\":\"Hysolv GmbH\"},\"image\":{\"@id\":\"https:\\\/\\\/hysolv.eu\\\/pl#\\\/schema\\\/logo\\\/image\\\/\"},\"sameAs\":[\"https:\\\/\\\/www.facebook.com\\\/HysolvLtd\",\"https:\\\/\\\/www.instagram.com\\\/hysolvlimited\\\/\",\"https:\\\/\\\/www.linkedin.com\\\/company\\\/hysolv-limited\\\/about\\\/\"]}]}<\/script>\n<!-- \/ Yoast SEO plugin. -->","yoast_head_json":{"title":"Rozwi\u0105zania higieny pasz i dodatk\u00f3w paszowych dla zdrowia zwierz\u0105t | Hysolv","description":"Profesjonalne rozwi\u0105zania higieny pasz oraz dodatki paszowe wspieraj\u0105ce zdrowie jelit, bezpieczne \u017cywienie zwierz\u0105t i bioasekuracj\u0119 w nowoczesnych systemach produkcji zwierz\u0119cej.","robots":{"index":"index","follow":"follow","max-snippet":"max-snippet:-1","max-image-preview":"max-image-preview:large","max-video-preview":"max-video-preview:-1"},"canonical":"https:\/\/hysolv.eu\/pl\/produkty\/higiena-pasz","og_locale":"pl_PL","og_type":"article","og_title":"Rozwi\u0105zania higieny pasz i dodatk\u00f3w paszowych dla zdrowia zwierz\u0105t | Hysolv","og_description":"Profesjonalne rozwi\u0105zania higieny pasz oraz dodatki paszowe wspieraj\u0105ce zdrowie jelit, bezpieczne \u017cywienie zwierz\u0105t i bioasekuracj\u0119 w nowoczesnych systemach produkcji zwierz\u0119cej.","og_url":"https:\/\/hysolv.eu\/pl\/produkty\/higiena-pasz","og_site_name":"Hysolv","article_publisher":"https:\/\/www.facebook.com\/HysolvLtd","article_modified_time":"2026-04-11T01:00:02+00:00","twitter_card":"summary_large_image","twitter_misc":{"Szacowany czas czytania":"5 minut"},"schema":{"@context":"https:\/\/schema.org","@graph":[{"@type":"WebPage","@id":"https:\/\/hysolv.eu\/pl\/produkty\/higiena-pasz","url":"https:\/\/hysolv.eu\/pl\/produkty\/higiena-pasz","name":"Rozwi\u0105zania higieny pasz i dodatk\u00f3w paszowych dla zdrowia zwierz\u0105t | Hysolv","isPartOf":{"@id":"https:\/\/hysolv.eu\/pl#website"},"datePublished":"2026-02-06T05:55:54+00:00","dateModified":"2026-04-11T01:00:02+00:00","description":"Profesjonalne rozwi\u0105zania higieny pasz oraz dodatki paszowe wspieraj\u0105ce zdrowie jelit, bezpieczne \u017cywienie zwierz\u0105t i bioasekuracj\u0119 w nowoczesnych systemach produkcji zwierz\u0119cej.","breadcrumb":{"@id":"https:\/\/hysolv.eu\/pl\/produkty\/higiena-pasz#breadcrumb"},"inLanguage":"pl-PL","potentialAction":[{"@type":"ReadAction","target":["https:\/\/hysolv.eu\/pl\/produkty\/higiena-pasz"]}]},{"@type":"BreadcrumbList","@id":"https:\/\/hysolv.eu\/pl\/produkty\/higiena-pasz#breadcrumb","itemListElement":[{"@type":"ListItem","position":1,"name":"Home","item":"https:\/\/hysolv.eu\/pl\/dom"},{"@type":"ListItem","position":2,"name":"Produkty","item":"https:\/\/hysolv.eu\/pl\/produkty"},{"@type":"ListItem","position":3,"name":"Higiena pasz i dodatki"}]},{"@type":"WebSite","@id":"https:\/\/hysolv.eu\/pl#website","url":"https:\/\/hysolv.eu\/pl","name":"Hysolv","description":"Supporting Animal Health &amp; Biosecurity","publisher":{"@id":"https:\/\/hysolv.eu\/pl#organization"},"potentialAction":[{"@type":"SearchAction","target":{"@type":"EntryPoint","urlTemplate":"https:\/\/hysolv.eu\/pl?s={search_term_string}"},"query-input":{"@type":"PropertyValueSpecification","valueRequired":true,"valueName":"search_term_string"}}],"inLanguage":"pl-PL"},{"@type":"Organization","@id":"https:\/\/hysolv.eu\/pl#organization","name":"Hysolv GmbH","url":"https:\/\/hysolv.eu\/pl","logo":{"@type":"ImageObject","inLanguage":"pl-PL","@id":"https:\/\/hysolv.eu\/pl#\/schema\/logo\/image\/","url":"https:\/\/hysolv.eu\/wp-content\/uploads\/LoginLogo-1.png","contentUrl":"https:\/\/hysolv.eu\/wp-content\/uploads\/LoginLogo-1.png","width":480,"height":229,"caption":"Hysolv GmbH"},"image":{"@id":"https:\/\/hysolv.eu\/pl#\/schema\/logo\/image\/"},"sameAs":["https:\/\/www.facebook.com\/HysolvLtd","https:\/\/www.instagram.com\/hysolvlimited\/","https:\/\/www.linkedin.com\/company\/hysolv-limited\/about\/"]}]}},"_links":{"self":[{"href":"https:\/\/hysolv.eu\/pl\/wp-json\/wp\/v2\/pages\/4194","targetHints":{"allow":["GET"]}}],"collection":[{"href":"https:\/\/hysolv.eu\/pl\/wp-json\/wp\/v2\/pages"}],"about":[{"href":"https:\/\/hysolv.eu\/pl\/wp-json\/wp\/v2\/types\/page"}],"author":[{"embeddable":true,"href":"https:\/\/hysolv.eu\/pl\/wp-json\/wp\/v2\/users\/9"}],"replies":[{"embeddable":true,"href":"https:\/\/hysolv.eu\/pl\/wp-json\/wp\/v2\/comments?post=4194"}],"version-history":[{"count":5,"href":"https:\/\/hysolv.eu\/pl\/wp-json\/wp\/v2\/pages\/4194\/revisions"}],"predecessor-version":[{"id":5965,"href":"https:\/\/hysolv.eu\/pl\/wp-json\/wp\/v2\/pages\/4194\/revisions\/5965"}],"up":[{"embeddable":true,"href":"https:\/\/hysolv.eu\/pl\/wp-json\/wp\/v2\/pages\/3809"}],"wp:attachment":[{"href":"https:\/\/hysolv.eu\/pl\/wp-json\/wp\/v2\/media?parent=4194"}],"curies":[{"name":"wp","href":"https:\/\/api.w.org\/{rel}","templated":true}]}}