{"id":4264,"date":"2026-02-06T07:52:18","date_gmt":"2026-02-06T06:52:18","guid":{"rendered":"https:\/\/hysolv.eu\/?page_id=4264"},"modified":"2026-04-12T17:55:29","modified_gmt":"2026-04-12T16:55:29","slug":"wedlug-zwierzat","status":"publish","type":"page","link":"https:\/\/hysolv.eu\/pl\/wedlug-zwierzat","title":{"rendered":"Wed\u0142ug gatunk\u00f3w zwierz\u0105t"},"content":{"rendered":"<div id=\"cs-content\" class=\"cs-content\"><\/div>\n","protected":false},"excerpt":{"rendered":"<p>Rozwi\u0105zania bioasekuracji dla produkcji zwierz\u0119cej wed\u0142ug gatunk\u00f3wProgramy bioasekuracji w produkcji zwierz\u0119cej dzia\u0142aj\u0105 najskuteczniej, gdy procedury higieniczne s\u0105 dopasowane do biologii, warunk\u00f3w utrzymania oraz ryzyka chor\u00f3b dla ka\u017cdego gatunku. Hysolv oferuje bioasekuracj\u0119 gospodarstw wed\u0142ug gatunk\u00f3w zwierz\u0105t poprzez uporz\u0105dkowane rozwi\u0105zania wspieraj\u0105ce zdrowie zwierz\u0105t i rozwi\u0105zania higieniczne w produkcji drobiu, trzody chlewnej, prze\u017cuwaczy, akwakulturze oraz obiektach dla zwierz\u0105t towarzysz\u0105cych. Nasze podej\u015bcie \u0142\u0105czy produkty &#8230; <\/p>\n<div><a href=\"https:\/\/hysolv.eu\/pl\/wedlug-zwierzat\" class=\"more-link\">Read More<\/a><\/div>\n","protected":false},"author":9,"featured_media":0,"parent":0,"menu_order":120,"comment_status":"closed","ping_status":"closed","template":"template-blank-4.php","meta":{"footnotes":""},"class_list":["post-4264","page","type-page","status-publish","hentry","no-post-thumbnail"],"yoast_head":"<!-- This site is optimized with the Yoast SEO plugin v27.3 - https:\/\/yoast.com\/product\/yoast-seo-wordpress\/ -->\n<title>Rozwi\u0105zania bioasekuracji dla produkcji zwierz\u0119cej wed\u0142ug gatunk\u00f3w | Hysolv<\/title>\n<meta name=\"description\" content=\"Rozwi\u0105zania bioasekuracji dostosowane do gatunk\u00f3w dla drobiu, trzody chlewnej, prze\u017cuwaczy, akwakultury i zwierz\u0105t towarzysz\u0105cych. Profesjonalne koncepcje higieniczne wspieraj\u0105ce zdrowie zwierz\u0105t i bioasekuracj\u0119 gospodarstw.\" \/>\n<meta name=\"robots\" content=\"index, follow, max-snippet:-1, max-image-preview:large, max-video-preview:-1\" \/>\n<link rel=\"canonical\" href=\"https:\/\/hysolv.eu\/pl\/wedlug-zwierzat\" \/>\n<meta property=\"og:locale\" content=\"pl_PL\" \/>\n<meta property=\"og:type\" content=\"article\" \/>\n<meta property=\"og:title\" content=\"Rozwi\u0105zania bioasekuracji dla produkcji zwierz\u0119cej wed\u0142ug gatunk\u00f3w | Hysolv\" \/>\n<meta property=\"og:description\" content=\"Rozwi\u0105zania bioasekuracji dostosowane do gatunk\u00f3w dla drobiu, trzody chlewnej, prze\u017cuwaczy, akwakultury i zwierz\u0105t towarzysz\u0105cych. Profesjonalne koncepcje higieniczne wspieraj\u0105ce zdrowie zwierz\u0105t i bioasekuracj\u0119 gospodarstw.\" \/>\n<meta property=\"og:url\" content=\"https:\/\/hysolv.eu\/pl\/wedlug-zwierzat\" \/>\n<meta property=\"og:site_name\" content=\"Hysolv\" \/>\n<meta property=\"article:publisher\" content=\"https:\/\/www.facebook.com\/HysolvLtd\" \/>\n<meta property=\"article:modified_time\" content=\"2026-04-12T16:55:29+00:00\" \/>\n<meta name=\"twitter:card\" content=\"summary_large_image\" \/>\n<meta name=\"twitter:label1\" content=\"Szacowany czas czytania\" \/>\n\t<meta name=\"twitter:data1\" content=\"6 minut\" \/>\n<script type=\"application\/ld+json\" class=\"yoast-schema-graph\">{\"@context\":\"https:\\\/\\\/schema.org\",\"@graph\":[{\"@type\":\"WebPage\",\"@id\":\"https:\\\/\\\/hysolv.eu\\\/pl\\\/wedlug-zwierzat\",\"url\":\"https:\\\/\\\/hysolv.eu\\\/pl\\\/wedlug-zwierzat\",\"name\":\"Rozwi\u0105zania bioasekuracji dla produkcji zwierz\u0119cej wed\u0142ug gatunk\u00f3w | Hysolv\",\"isPartOf\":{\"@id\":\"https:\\\/\\\/hysolv.eu\\\/pl#website\"},\"datePublished\":\"2026-02-06T06:52:18+00:00\",\"dateModified\":\"2026-04-12T16:55:29+00:00\",\"description\":\"Rozwi\u0105zania bioasekuracji dostosowane do gatunk\u00f3w dla drobiu, trzody chlewnej, prze\u017cuwaczy, akwakultury i zwierz\u0105t towarzysz\u0105cych. Profesjonalne koncepcje higieniczne wspieraj\u0105ce zdrowie zwierz\u0105t i bioasekuracj\u0119 gospodarstw.\",\"breadcrumb\":{\"@id\":\"https:\\\/\\\/hysolv.eu\\\/pl\\\/wedlug-zwierzat#breadcrumb\"},\"inLanguage\":\"pl-PL\",\"potentialAction\":[{\"@type\":\"ReadAction\",\"target\":[\"https:\\\/\\\/hysolv.eu\\\/pl\\\/wedlug-zwierzat\"]}]},{\"@type\":\"BreadcrumbList\",\"@id\":\"https:\\\/\\\/hysolv.eu\\\/pl\\\/wedlug-zwierzat#breadcrumb\",\"itemListElement\":[{\"@type\":\"ListItem\",\"position\":1,\"name\":\"Home\",\"item\":\"https:\\\/\\\/hysolv.eu\\\/pl\\\/dom\"},{\"@type\":\"ListItem\",\"position\":2,\"name\":\"Wed\u0142ug gatunk\u00f3w zwierz\u0105t\"}]},{\"@type\":\"WebSite\",\"@id\":\"https:\\\/\\\/hysolv.eu\\\/pl#website\",\"url\":\"https:\\\/\\\/hysolv.eu\\\/pl\",\"name\":\"Hysolv\",\"description\":\"Supporting Animal Health &amp; Biosecurity\",\"publisher\":{\"@id\":\"https:\\\/\\\/hysolv.eu\\\/pl#organization\"},\"potentialAction\":[{\"@type\":\"SearchAction\",\"target\":{\"@type\":\"EntryPoint\",\"urlTemplate\":\"https:\\\/\\\/hysolv.eu\\\/pl?s={search_term_string}\"},\"query-input\":{\"@type\":\"PropertyValueSpecification\",\"valueRequired\":true,\"valueName\":\"search_term_string\"}}],\"inLanguage\":\"pl-PL\"},{\"@type\":\"Organization\",\"@id\":\"https:\\\/\\\/hysolv.eu\\\/pl#organization\",\"name\":\"Hysolv GmbH\",\"url\":\"https:\\\/\\\/hysolv.eu\\\/pl\",\"logo\":{\"@type\":\"ImageObject\",\"inLanguage\":\"pl-PL\",\"@id\":\"https:\\\/\\\/hysolv.eu\\\/pl#\\\/schema\\\/logo\\\/image\\\/\",\"url\":\"https:\\\/\\\/hysolv.eu\\\/wp-content\\\/uploads\\\/LoginLogo-1.png\",\"contentUrl\":\"https:\\\/\\\/hysolv.eu\\\/wp-content\\\/uploads\\\/LoginLogo-1.png\",\"width\":480,\"height\":229,\"caption\":\"Hysolv GmbH\"},\"image\":{\"@id\":\"https:\\\/\\\/hysolv.eu\\\/pl#\\\/schema\\\/logo\\\/image\\\/\"},\"sameAs\":[\"https:\\\/\\\/www.facebook.com\\\/HysolvLtd\",\"https:\\\/\\\/www.instagram.com\\\/hysolvlimited\\\/\",\"https:\\\/\\\/www.linkedin.com\\\/company\\\/hysolv-limited\\\/about\\\/\"]}]}<\/script>\n<!-- \/ Yoast SEO plugin. -->","yoast_head_json":{"title":"Rozwi\u0105zania bioasekuracji dla produkcji zwierz\u0119cej wed\u0142ug gatunk\u00f3w | Hysolv","description":"Rozwi\u0105zania bioasekuracji dostosowane do gatunk\u00f3w dla drobiu, trzody chlewnej, prze\u017cuwaczy, akwakultury i zwierz\u0105t towarzysz\u0105cych. Profesjonalne koncepcje higieniczne wspieraj\u0105ce zdrowie zwierz\u0105t i bioasekuracj\u0119 gospodarstw.","robots":{"index":"index","follow":"follow","max-snippet":"max-snippet:-1","max-image-preview":"max-image-preview:large","max-video-preview":"max-video-preview:-1"},"canonical":"https:\/\/hysolv.eu\/pl\/wedlug-zwierzat","og_locale":"pl_PL","og_type":"article","og_title":"Rozwi\u0105zania bioasekuracji dla produkcji zwierz\u0119cej wed\u0142ug gatunk\u00f3w | Hysolv","og_description":"Rozwi\u0105zania bioasekuracji dostosowane do gatunk\u00f3w dla drobiu, trzody chlewnej, prze\u017cuwaczy, akwakultury i zwierz\u0105t towarzysz\u0105cych. Profesjonalne koncepcje higieniczne wspieraj\u0105ce zdrowie zwierz\u0105t i bioasekuracj\u0119 gospodarstw.","og_url":"https:\/\/hysolv.eu\/pl\/wedlug-zwierzat","og_site_name":"Hysolv","article_publisher":"https:\/\/www.facebook.com\/HysolvLtd","article_modified_time":"2026-04-12T16:55:29+00:00","twitter_card":"summary_large_image","twitter_misc":{"Szacowany czas czytania":"6 minut"},"schema":{"@context":"https:\/\/schema.org","@graph":[{"@type":"WebPage","@id":"https:\/\/hysolv.eu\/pl\/wedlug-zwierzat","url":"https:\/\/hysolv.eu\/pl\/wedlug-zwierzat","name":"Rozwi\u0105zania bioasekuracji dla produkcji zwierz\u0119cej wed\u0142ug gatunk\u00f3w | Hysolv","isPartOf":{"@id":"https:\/\/hysolv.eu\/pl#website"},"datePublished":"2026-02-06T06:52:18+00:00","dateModified":"2026-04-12T16:55:29+00:00","description":"Rozwi\u0105zania bioasekuracji dostosowane do gatunk\u00f3w dla drobiu, trzody chlewnej, prze\u017cuwaczy, akwakultury i zwierz\u0105t towarzysz\u0105cych. Profesjonalne koncepcje higieniczne wspieraj\u0105ce zdrowie zwierz\u0105t i bioasekuracj\u0119 gospodarstw.","breadcrumb":{"@id":"https:\/\/hysolv.eu\/pl\/wedlug-zwierzat#breadcrumb"},"inLanguage":"pl-PL","potentialAction":[{"@type":"ReadAction","target":["https:\/\/hysolv.eu\/pl\/wedlug-zwierzat"]}]},{"@type":"BreadcrumbList","@id":"https:\/\/hysolv.eu\/pl\/wedlug-zwierzat#breadcrumb","itemListElement":[{"@type":"ListItem","position":1,"name":"Home","item":"https:\/\/hysolv.eu\/pl\/dom"},{"@type":"ListItem","position":2,"name":"Wed\u0142ug gatunk\u00f3w zwierz\u0105t"}]},{"@type":"WebSite","@id":"https:\/\/hysolv.eu\/pl#website","url":"https:\/\/hysolv.eu\/pl","name":"Hysolv","description":"Supporting Animal Health &amp; Biosecurity","publisher":{"@id":"https:\/\/hysolv.eu\/pl#organization"},"potentialAction":[{"@type":"SearchAction","target":{"@type":"EntryPoint","urlTemplate":"https:\/\/hysolv.eu\/pl?s={search_term_string}"},"query-input":{"@type":"PropertyValueSpecification","valueRequired":true,"valueName":"search_term_string"}}],"inLanguage":"pl-PL"},{"@type":"Organization","@id":"https:\/\/hysolv.eu\/pl#organization","name":"Hysolv GmbH","url":"https:\/\/hysolv.eu\/pl","logo":{"@type":"ImageObject","inLanguage":"pl-PL","@id":"https:\/\/hysolv.eu\/pl#\/schema\/logo\/image\/","url":"https:\/\/hysolv.eu\/wp-content\/uploads\/LoginLogo-1.png","contentUrl":"https:\/\/hysolv.eu\/wp-content\/uploads\/LoginLogo-1.png","width":480,"height":229,"caption":"Hysolv GmbH"},"image":{"@id":"https:\/\/hysolv.eu\/pl#\/schema\/logo\/image\/"},"sameAs":["https:\/\/www.facebook.com\/HysolvLtd","https:\/\/www.instagram.com\/hysolvlimited\/","https:\/\/www.linkedin.com\/company\/hysolv-limited\/about\/"]}]}},"_links":{"self":[{"href":"https:\/\/hysolv.eu\/pl\/wp-json\/wp\/v2\/pages\/4264","targetHints":{"allow":["GET"]}}],"collection":[{"href":"https:\/\/hysolv.eu\/pl\/wp-json\/wp\/v2\/pages"}],"about":[{"href":"https:\/\/hysolv.eu\/pl\/wp-json\/wp\/v2\/types\/page"}],"author":[{"embeddable":true,"href":"https:\/\/hysolv.eu\/pl\/wp-json\/wp\/v2\/users\/9"}],"replies":[{"embeddable":true,"href":"https:\/\/hysolv.eu\/pl\/wp-json\/wp\/v2\/comments?post=4264"}],"version-history":[{"count":2,"href":"https:\/\/hysolv.eu\/pl\/wp-json\/wp\/v2\/pages\/4264\/revisions"}],"predecessor-version":[{"id":5988,"href":"https:\/\/hysolv.eu\/pl\/wp-json\/wp\/v2\/pages\/4264\/revisions\/5988"}],"wp:attachment":[{"href":"https:\/\/hysolv.eu\/pl\/wp-json\/wp\/v2\/media?parent=4264"}],"curies":[{"name":"wp","href":"https:\/\/api.w.org\/{rel}","templated":true}]}}