{"id":4327,"date":"2026-02-06T07:56:53","date_gmt":"2026-02-06T06:56:53","guid":{"rendered":"https:\/\/hysolv.eu\/?page_id=4327"},"modified":"2026-04-12T17:10:52","modified_gmt":"2026-04-12T16:10:52","slug":"zwierzeta-towarzyszace","status":"publish","type":"page","link":"https:\/\/hysolv.eu\/pl\/produkty\/zwierzeta-towarzyszace","title":{"rendered":"Zwierz\u0119ta towarzysz\u0105ce"},"content":{"rendered":"<div id=\"cs-content\" class=\"cs-content\"><\/div>\n","protected":false},"excerpt":{"rendered":"<p>\u015arodki dezynfekcyjne bezpieczne dla zwierz\u0105t towarzysz\u0105cych oraz rozwi\u0105zania higieniczneCzyste i higieniczne \u015brodowiska s\u0105 niezb\u0119dne wsz\u0119dzie tam, gdzie zwierz\u0119ta towarzysz\u0105ce s\u0105 utrzymywane, leczone lub piel\u0119gnowane. Profesjonalne zarz\u0105dzanie higien\u0105 pomaga ograniczy\u0107 presj\u0119 patogen\u00f3w i paso\u017cyt\u00f3w, jednocze\u015bnie zapewniaj\u0105c bezpiecze\u0144stwo, komfort i dobrostan zwierz\u0105t. Hysolv oferuje opracowane naukowo \u015brodki dezynfekcyjne bezpieczne dla zwierz\u0105t, rozwi\u0105zania do kontroli paso\u017cyt\u00f3w oraz zarz\u0105dzania szkodnikami dla hodowli, salon\u00f3w piel\u0119gnacji, &#8230; <\/p>\n<div><a href=\"https:\/\/hysolv.eu\/pl\/produkt\/alkaliczny\" class=\"more-link\">Read More<\/a><\/div>\n","protected":false},"author":9,"featured_media":0,"parent":3809,"menu_order":125,"comment_status":"closed","ping_status":"closed","template":"template-blank-4.php","meta":{"footnotes":""},"class_list":["post-4327","page","type-page","status-publish","hentry","no-post-thumbnail"],"yoast_head":"<!-- This site is optimized with the Yoast SEO plugin v27.3 - https:\/\/yoast.com\/product\/yoast-seo-wordpress\/ -->\n<title>\u015arodki dezynfekcyjne bezpieczne dla zwierz\u0105t towarzysz\u0105cych | Hysolv<\/title>\n<meta name=\"description\" content=\"\u015arodki dezynfekcyjne bezpieczne dla zwierz\u0105t oraz rozwi\u0105zania higieniczne dla obiekt\u00f3w dla zwierz\u0105t towarzysz\u0105cych. Profesjonalna higiena, kontrola paso\u017cyt\u00f3w i bioasekuracja dla klinik weterynaryjnych, kojc\u00f3w i schronisk.\" \/>\n<meta name=\"robots\" content=\"index, follow, max-snippet:-1, max-image-preview:large, max-video-preview:-1\" \/>\n<link rel=\"canonical\" href=\"https:\/\/hysolv.eu\/pl\/produkty\/zwierzeta-towarzyszace\" \/>\n<meta property=\"og:locale\" content=\"pl_PL\" \/>\n<meta property=\"og:type\" content=\"article\" \/>\n<meta property=\"og:title\" content=\"\u015arodki dezynfekcyjne bezpieczne dla zwierz\u0105t towarzysz\u0105cych | Hysolv\" \/>\n<meta property=\"og:description\" content=\"\u015arodki dezynfekcyjne bezpieczne dla zwierz\u0105t oraz rozwi\u0105zania higieniczne dla obiekt\u00f3w dla zwierz\u0105t towarzysz\u0105cych. Profesjonalna higiena, kontrola paso\u017cyt\u00f3w i bioasekuracja dla klinik weterynaryjnych, kojc\u00f3w i schronisk.\" \/>\n<meta property=\"og:url\" content=\"https:\/\/hysolv.eu\/pl\/produkty\/zwierzeta-towarzyszace\" \/>\n<meta property=\"og:site_name\" content=\"Hysolv\" \/>\n<meta property=\"article:publisher\" content=\"https:\/\/www.facebook.com\/HysolvLtd\" \/>\n<meta property=\"article:modified_time\" content=\"2026-04-12T16:10:52+00:00\" \/>\n<meta name=\"twitter:card\" content=\"summary_large_image\" \/>\n<meta name=\"twitter:label1\" content=\"Szacowany czas czytania\" \/>\n\t<meta name=\"twitter:data1\" content=\"6 minut\" \/>\n<script type=\"application\/ld+json\" class=\"yoast-schema-graph\">{\"@context\":\"https:\\\/\\\/schema.org\",\"@graph\":[{\"@type\":\"WebPage\",\"@id\":\"https:\\\/\\\/hysolv.eu\\\/pl\\\/produkty\\\/zwierzeta-towarzyszace\",\"url\":\"https:\\\/\\\/hysolv.eu\\\/pl\\\/produkty\\\/zwierzeta-towarzyszace\",\"name\":\"\u015arodki dezynfekcyjne bezpieczne dla zwierz\u0105t towarzysz\u0105cych | Hysolv\",\"isPartOf\":{\"@id\":\"https:\\\/\\\/hysolv.eu\\\/pl#website\"},\"datePublished\":\"2026-02-06T06:56:53+00:00\",\"dateModified\":\"2026-04-12T16:10:52+00:00\",\"description\":\"\u015arodki dezynfekcyjne bezpieczne dla zwierz\u0105t oraz rozwi\u0105zania higieniczne dla obiekt\u00f3w dla zwierz\u0105t towarzysz\u0105cych. Profesjonalna higiena, kontrola paso\u017cyt\u00f3w i bioasekuracja dla klinik weterynaryjnych, kojc\u00f3w i schronisk.\",\"breadcrumb\":{\"@id\":\"https:\\\/\\\/hysolv.eu\\\/pl\\\/produkty\\\/zwierzeta-towarzyszace#breadcrumb\"},\"inLanguage\":\"pl-PL\",\"potentialAction\":[{\"@type\":\"ReadAction\",\"target\":[\"https:\\\/\\\/hysolv.eu\\\/pl\\\/produkty\\\/zwierzeta-towarzyszace\"]}]},{\"@type\":\"BreadcrumbList\",\"@id\":\"https:\\\/\\\/hysolv.eu\\\/pl\\\/produkty\\\/zwierzeta-towarzyszace#breadcrumb\",\"itemListElement\":[{\"@type\":\"ListItem\",\"position\":1,\"name\":\"Home\",\"item\":\"https:\\\/\\\/hysolv.eu\\\/pl\\\/dom\"},{\"@type\":\"ListItem\",\"position\":2,\"name\":\"Produkty\",\"item\":\"https:\\\/\\\/hysolv.eu\\\/pl\\\/produkty\"},{\"@type\":\"ListItem\",\"position\":3,\"name\":\"Zwierz\u0119ta towarzysz\u0105ce\"}]},{\"@type\":\"WebSite\",\"@id\":\"https:\\\/\\\/hysolv.eu\\\/pl#website\",\"url\":\"https:\\\/\\\/hysolv.eu\\\/pl\",\"name\":\"Hysolv\",\"description\":\"Supporting Animal Health &amp; Biosecurity\",\"publisher\":{\"@id\":\"https:\\\/\\\/hysolv.eu\\\/pl#organization\"},\"potentialAction\":[{\"@type\":\"SearchAction\",\"target\":{\"@type\":\"EntryPoint\",\"urlTemplate\":\"https:\\\/\\\/hysolv.eu\\\/pl?s={search_term_string}\"},\"query-input\":{\"@type\":\"PropertyValueSpecification\",\"valueRequired\":true,\"valueName\":\"search_term_string\"}}],\"inLanguage\":\"pl-PL\"},{\"@type\":\"Organization\",\"@id\":\"https:\\\/\\\/hysolv.eu\\\/pl#organization\",\"name\":\"Hysolv GmbH\",\"url\":\"https:\\\/\\\/hysolv.eu\\\/pl\",\"logo\":{\"@type\":\"ImageObject\",\"inLanguage\":\"pl-PL\",\"@id\":\"https:\\\/\\\/hysolv.eu\\\/pl#\\\/schema\\\/logo\\\/image\\\/\",\"url\":\"https:\\\/\\\/hysolv.eu\\\/wp-content\\\/uploads\\\/LoginLogo-1.png\",\"contentUrl\":\"https:\\\/\\\/hysolv.eu\\\/wp-content\\\/uploads\\\/LoginLogo-1.png\",\"width\":480,\"height\":229,\"caption\":\"Hysolv GmbH\"},\"image\":{\"@id\":\"https:\\\/\\\/hysolv.eu\\\/pl#\\\/schema\\\/logo\\\/image\\\/\"},\"sameAs\":[\"https:\\\/\\\/www.facebook.com\\\/HysolvLtd\",\"https:\\\/\\\/www.instagram.com\\\/hysolvlimited\\\/\",\"https:\\\/\\\/www.linkedin.com\\\/company\\\/hysolv-limited\\\/about\\\/\"]}]}<\/script>\n<!-- \/ Yoast SEO plugin. -->","yoast_head_json":{"title":"\u015arodki dezynfekcyjne bezpieczne dla zwierz\u0105t towarzysz\u0105cych | Hysolv","description":"\u015arodki dezynfekcyjne bezpieczne dla zwierz\u0105t oraz rozwi\u0105zania higieniczne dla obiekt\u00f3w dla zwierz\u0105t towarzysz\u0105cych. Profesjonalna higiena, kontrola paso\u017cyt\u00f3w i bioasekuracja dla klinik weterynaryjnych, kojc\u00f3w i schronisk.","robots":{"index":"index","follow":"follow","max-snippet":"max-snippet:-1","max-image-preview":"max-image-preview:large","max-video-preview":"max-video-preview:-1"},"canonical":"https:\/\/hysolv.eu\/pl\/produkty\/zwierzeta-towarzyszace","og_locale":"pl_PL","og_type":"article","og_title":"\u015arodki dezynfekcyjne bezpieczne dla zwierz\u0105t towarzysz\u0105cych | Hysolv","og_description":"\u015arodki dezynfekcyjne bezpieczne dla zwierz\u0105t oraz rozwi\u0105zania higieniczne dla obiekt\u00f3w dla zwierz\u0105t towarzysz\u0105cych. Profesjonalna higiena, kontrola paso\u017cyt\u00f3w i bioasekuracja dla klinik weterynaryjnych, kojc\u00f3w i schronisk.","og_url":"https:\/\/hysolv.eu\/pl\/produkty\/zwierzeta-towarzyszace","og_site_name":"Hysolv","article_publisher":"https:\/\/www.facebook.com\/HysolvLtd","article_modified_time":"2026-04-12T16:10:52+00:00","twitter_card":"summary_large_image","twitter_misc":{"Szacowany czas czytania":"6 minut"},"schema":{"@context":"https:\/\/schema.org","@graph":[{"@type":"WebPage","@id":"https:\/\/hysolv.eu\/pl\/produkty\/zwierzeta-towarzyszace","url":"https:\/\/hysolv.eu\/pl\/produkty\/zwierzeta-towarzyszace","name":"\u015arodki dezynfekcyjne bezpieczne dla zwierz\u0105t towarzysz\u0105cych | Hysolv","isPartOf":{"@id":"https:\/\/hysolv.eu\/pl#website"},"datePublished":"2026-02-06T06:56:53+00:00","dateModified":"2026-04-12T16:10:52+00:00","description":"\u015arodki dezynfekcyjne bezpieczne dla zwierz\u0105t oraz rozwi\u0105zania higieniczne dla obiekt\u00f3w dla zwierz\u0105t towarzysz\u0105cych. Profesjonalna higiena, kontrola paso\u017cyt\u00f3w i bioasekuracja dla klinik weterynaryjnych, kojc\u00f3w i schronisk.","breadcrumb":{"@id":"https:\/\/hysolv.eu\/pl\/produkty\/zwierzeta-towarzyszace#breadcrumb"},"inLanguage":"pl-PL","potentialAction":[{"@type":"ReadAction","target":["https:\/\/hysolv.eu\/pl\/produkty\/zwierzeta-towarzyszace"]}]},{"@type":"BreadcrumbList","@id":"https:\/\/hysolv.eu\/pl\/produkty\/zwierzeta-towarzyszace#breadcrumb","itemListElement":[{"@type":"ListItem","position":1,"name":"Home","item":"https:\/\/hysolv.eu\/pl\/dom"},{"@type":"ListItem","position":2,"name":"Produkty","item":"https:\/\/hysolv.eu\/pl\/produkty"},{"@type":"ListItem","position":3,"name":"Zwierz\u0119ta towarzysz\u0105ce"}]},{"@type":"WebSite","@id":"https:\/\/hysolv.eu\/pl#website","url":"https:\/\/hysolv.eu\/pl","name":"Hysolv","description":"Supporting Animal Health &amp; Biosecurity","publisher":{"@id":"https:\/\/hysolv.eu\/pl#organization"},"potentialAction":[{"@type":"SearchAction","target":{"@type":"EntryPoint","urlTemplate":"https:\/\/hysolv.eu\/pl?s={search_term_string}"},"query-input":{"@type":"PropertyValueSpecification","valueRequired":true,"valueName":"search_term_string"}}],"inLanguage":"pl-PL"},{"@type":"Organization","@id":"https:\/\/hysolv.eu\/pl#organization","name":"Hysolv GmbH","url":"https:\/\/hysolv.eu\/pl","logo":{"@type":"ImageObject","inLanguage":"pl-PL","@id":"https:\/\/hysolv.eu\/pl#\/schema\/logo\/image\/","url":"https:\/\/hysolv.eu\/wp-content\/uploads\/LoginLogo-1.png","contentUrl":"https:\/\/hysolv.eu\/wp-content\/uploads\/LoginLogo-1.png","width":480,"height":229,"caption":"Hysolv GmbH"},"image":{"@id":"https:\/\/hysolv.eu\/pl#\/schema\/logo\/image\/"},"sameAs":["https:\/\/www.facebook.com\/HysolvLtd","https:\/\/www.instagram.com\/hysolvlimited\/","https:\/\/www.linkedin.com\/company\/hysolv-limited\/about\/"]}]}},"_links":{"self":[{"href":"https:\/\/hysolv.eu\/pl\/wp-json\/wp\/v2\/pages\/4327","targetHints":{"allow":["GET"]}}],"collection":[{"href":"https:\/\/hysolv.eu\/pl\/wp-json\/wp\/v2\/pages"}],"about":[{"href":"https:\/\/hysolv.eu\/pl\/wp-json\/wp\/v2\/types\/page"}],"author":[{"embeddable":true,"href":"https:\/\/hysolv.eu\/pl\/wp-json\/wp\/v2\/users\/9"}],"replies":[{"embeddable":true,"href":"https:\/\/hysolv.eu\/pl\/wp-json\/wp\/v2\/comments?post=4327"}],"version-history":[{"count":4,"href":"https:\/\/hysolv.eu\/pl\/wp-json\/wp\/v2\/pages\/4327\/revisions"}],"predecessor-version":[{"id":6020,"href":"https:\/\/hysolv.eu\/pl\/wp-json\/wp\/v2\/pages\/4327\/revisions\/6020"}],"up":[{"embeddable":true,"href":"https:\/\/hysolv.eu\/pl\/wp-json\/wp\/v2\/pages\/3809"}],"wp:attachment":[{"href":"https:\/\/hysolv.eu\/pl\/wp-json\/wp\/v2\/media?parent=4327"}],"curies":[{"name":"wp","href":"https:\/\/api.w.org\/{rel}","templated":true}]}}