{"id":6607,"date":"2023-12-05T13:44:20","date_gmt":"2023-12-05T12:44:20","guid":{"rendered":"https:\/\/hysolv.eu\/nota-prawna"},"modified":"2026-04-21T09:59:05","modified_gmt":"2026-04-21T08:59:05","slug":"nota-prawna","status":"publish","type":"page","link":"https:\/\/hysolv.eu\/pl\/nota-prawna","title":{"rendered":"Nota prawna"},"content":{"rendered":"<div id=\"cs-content\" class=\"cs-content\"><\/div>\n","protected":false},"excerpt":{"rendered":"<p>Nota prawnaHysolv GmbH Am Bahnhof 7 39264 Zerbst OT J&uuml;trichau Rejestr handlowy: HRB 27851 S\u0105d rejestrowy: Amtsgericht Stendal Reprezentowany przez: Frank Karnatz Kontakt Telefon: +49 3923 620 96 47 E-mail: info@hysolv.eu Numer VAT Numer identyfikacji podatkowej VAT zgodnie z \u00a7 27 a ustawy o podatku od towar\u00f3w i us\u0142ug: DE327634109 Rozwi\u0105zywanie spor\u00f3w w UE Komisja Europejska udost\u0119pnia platform\u0119 do internetowego &#8230; <\/p>\n<div><a href=\"https:\/\/hysolv.eu\/pl\/nota-prawna\" class=\"more-link\">Read More<\/a><\/div>\n","protected":false},"author":4,"featured_media":0,"parent":0,"menu_order":1000,"comment_status":"closed","ping_status":"closed","template":"template-blank-4.php","meta":{"footnotes":""},"class_list":["post-6607","page","type-page","status-publish","hentry","no-post-thumbnail"],"yoast_head":"<!-- This site is optimized with the Yoast SEO plugin v27.4 - https:\/\/yoast.com\/product\/yoast-seo-wordpress\/ -->\n<title>Nota prawna | Hysolv<\/title>\n<meta name=\"robots\" content=\"noindex, nofollow\" \/>\n<meta property=\"og:locale\" content=\"pl_PL\" \/>\n<meta property=\"og:type\" content=\"article\" \/>\n<meta property=\"og:title\" content=\"Nota prawna | Hysolv\" \/>\n<meta property=\"og:description\" content=\"Nota prawnaHysolv GmbH Am Bahnhof 7 39264 Zerbst OT J&uuml;trichau Rejestr handlowy: HRB 27851 S\u0105d rejestrowy: Amtsgericht Stendal Reprezentowany przez: Frank Karnatz Kontakt Telefon: +49 3923 620 96 47 E-mail: info@hysolv.eu Numer VAT Numer identyfikacji podatkowej VAT zgodnie z \u00a7 27 a ustawy o podatku od towar\u00f3w i us\u0142ug: DE327634109 Rozwi\u0105zywanie spor\u00f3w w UE Komisja Europejska udost\u0119pnia platform\u0119 do internetowego ... Read More\" \/>\n<meta property=\"og:url\" content=\"https:\/\/hysolv.eu\/pl\/nota-prawna\" \/>\n<meta property=\"og:site_name\" content=\"Hysolv\" \/>\n<meta property=\"article:publisher\" content=\"https:\/\/www.facebook.com\/HysolvLtd\" \/>\n<meta property=\"article:modified_time\" content=\"2026-04-21T08:59:05+00:00\" \/>\n<meta name=\"twitter:card\" content=\"summary_large_image\" \/>\n<meta name=\"twitter:label1\" content=\"Szacowany czas czytania\" \/>\n\t<meta name=\"twitter:data1\" content=\"1 minuta\" \/>\n<script type=\"application\/ld+json\" class=\"yoast-schema-graph\">{\"@context\":\"https:\\\/\\\/schema.org\",\"@graph\":[{\"@type\":\"WebPage\",\"@id\":\"https:\\\/\\\/hysolv.eu\\\/pl\\\/nota-prawna\",\"url\":\"https:\\\/\\\/hysolv.eu\\\/pl\\\/nota-prawna\",\"name\":\"Nota prawna | Hysolv\",\"isPartOf\":{\"@id\":\"https:\\\/\\\/hysolv.eu\\\/pl#website\"},\"datePublished\":\"2023-12-05T12:44:20+00:00\",\"dateModified\":\"2026-04-21T08:59:05+00:00\",\"breadcrumb\":{\"@id\":\"https:\\\/\\\/hysolv.eu\\\/pl\\\/nota-prawna#breadcrumb\"},\"inLanguage\":\"pl-PL\",\"potentialAction\":[{\"@type\":\"ReadAction\",\"target\":[\"https:\\\/\\\/hysolv.eu\\\/pl\\\/nota-prawna\"]}]},{\"@type\":\"BreadcrumbList\",\"@id\":\"https:\\\/\\\/hysolv.eu\\\/pl\\\/nota-prawna#breadcrumb\",\"itemListElement\":[{\"@type\":\"ListItem\",\"position\":1,\"name\":\"Home\",\"item\":\"https:\\\/\\\/hysolv.eu\\\/pl\"},{\"@type\":\"ListItem\",\"position\":2,\"name\":\"Nota prawna\"}]},{\"@type\":\"WebSite\",\"@id\":\"https:\\\/\\\/hysolv.eu\\\/pl#website\",\"url\":\"https:\\\/\\\/hysolv.eu\\\/pl\",\"name\":\"Hysolv\",\"description\":\"Supporting Animal Health &amp; Biosecurity\",\"publisher\":{\"@id\":\"https:\\\/\\\/hysolv.eu\\\/pl#organization\"},\"potentialAction\":[{\"@type\":\"SearchAction\",\"target\":{\"@type\":\"EntryPoint\",\"urlTemplate\":\"https:\\\/\\\/hysolv.eu\\\/pl?s={search_term_string}\"},\"query-input\":{\"@type\":\"PropertyValueSpecification\",\"valueRequired\":true,\"valueName\":\"search_term_string\"}}],\"inLanguage\":\"pl-PL\"},{\"@type\":\"Organization\",\"@id\":\"https:\\\/\\\/hysolv.eu\\\/pl#organization\",\"name\":\"Hysolv GmbH\",\"url\":\"https:\\\/\\\/hysolv.eu\\\/pl\",\"logo\":{\"@type\":\"ImageObject\",\"inLanguage\":\"pl-PL\",\"@id\":\"https:\\\/\\\/hysolv.eu\\\/pl#\\\/schema\\\/logo\\\/image\\\/\",\"url\":\"https:\\\/\\\/hysolv.eu\\\/wp-content\\\/uploads\\\/LoginLogo-1.png\",\"contentUrl\":\"https:\\\/\\\/hysolv.eu\\\/wp-content\\\/uploads\\\/LoginLogo-1.png\",\"width\":480,\"height\":229,\"caption\":\"Hysolv GmbH\"},\"image\":{\"@id\":\"https:\\\/\\\/hysolv.eu\\\/pl#\\\/schema\\\/logo\\\/image\\\/\"},\"sameAs\":[\"https:\\\/\\\/www.facebook.com\\\/HysolvLtd\",\"https:\\\/\\\/www.instagram.com\\\/hysolvlimited\\\/\",\"https:\\\/\\\/www.linkedin.com\\\/company\\\/hysolv-limited\\\/about\\\/\"]}]}<\/script>\n<!-- \/ Yoast SEO plugin. -->","yoast_head_json":{"title":"Nota prawna | Hysolv","robots":{"index":"noindex","follow":"nofollow"},"og_locale":"pl_PL","og_type":"article","og_title":"Nota prawna | Hysolv","og_description":"Nota prawnaHysolv GmbH Am Bahnhof 7 39264 Zerbst OT J&uuml;trichau Rejestr handlowy: HRB 27851 S\u0105d rejestrowy: Amtsgericht Stendal Reprezentowany przez: Frank Karnatz Kontakt Telefon: +49 3923 620 96 47 E-mail: info@hysolv.eu Numer VAT Numer identyfikacji podatkowej VAT zgodnie z \u00a7 27 a ustawy o podatku od towar\u00f3w i us\u0142ug: DE327634109 Rozwi\u0105zywanie spor\u00f3w w UE Komisja Europejska udost\u0119pnia platform\u0119 do internetowego ... Read More","og_url":"https:\/\/hysolv.eu\/pl\/nota-prawna","og_site_name":"Hysolv","article_publisher":"https:\/\/www.facebook.com\/HysolvLtd","article_modified_time":"2026-04-21T08:59:05+00:00","twitter_card":"summary_large_image","twitter_misc":{"Szacowany czas czytania":"1 minuta"},"schema":{"@context":"https:\/\/schema.org","@graph":[{"@type":"WebPage","@id":"https:\/\/hysolv.eu\/pl\/nota-prawna","url":"https:\/\/hysolv.eu\/pl\/nota-prawna","name":"Nota prawna | Hysolv","isPartOf":{"@id":"https:\/\/hysolv.eu\/pl#website"},"datePublished":"2023-12-05T12:44:20+00:00","dateModified":"2026-04-21T08:59:05+00:00","breadcrumb":{"@id":"https:\/\/hysolv.eu\/pl\/nota-prawna#breadcrumb"},"inLanguage":"pl-PL","potentialAction":[{"@type":"ReadAction","target":["https:\/\/hysolv.eu\/pl\/nota-prawna"]}]},{"@type":"BreadcrumbList","@id":"https:\/\/hysolv.eu\/pl\/nota-prawna#breadcrumb","itemListElement":[{"@type":"ListItem","position":1,"name":"Home","item":"https:\/\/hysolv.eu\/pl"},{"@type":"ListItem","position":2,"name":"Nota prawna"}]},{"@type":"WebSite","@id":"https:\/\/hysolv.eu\/pl#website","url":"https:\/\/hysolv.eu\/pl","name":"Hysolv","description":"Supporting Animal Health &amp; Biosecurity","publisher":{"@id":"https:\/\/hysolv.eu\/pl#organization"},"potentialAction":[{"@type":"SearchAction","target":{"@type":"EntryPoint","urlTemplate":"https:\/\/hysolv.eu\/pl?s={search_term_string}"},"query-input":{"@type":"PropertyValueSpecification","valueRequired":true,"valueName":"search_term_string"}}],"inLanguage":"pl-PL"},{"@type":"Organization","@id":"https:\/\/hysolv.eu\/pl#organization","name":"Hysolv GmbH","url":"https:\/\/hysolv.eu\/pl","logo":{"@type":"ImageObject","inLanguage":"pl-PL","@id":"https:\/\/hysolv.eu\/pl#\/schema\/logo\/image\/","url":"https:\/\/hysolv.eu\/wp-content\/uploads\/LoginLogo-1.png","contentUrl":"https:\/\/hysolv.eu\/wp-content\/uploads\/LoginLogo-1.png","width":480,"height":229,"caption":"Hysolv GmbH"},"image":{"@id":"https:\/\/hysolv.eu\/pl#\/schema\/logo\/image\/"},"sameAs":["https:\/\/www.facebook.com\/HysolvLtd","https:\/\/www.instagram.com\/hysolvlimited\/","https:\/\/www.linkedin.com\/company\/hysolv-limited\/about\/"]}]}},"_links":{"self":[{"href":"https:\/\/hysolv.eu\/pl\/wp-json\/wp\/v2\/pages\/6607","targetHints":{"allow":["GET"]}}],"collection":[{"href":"https:\/\/hysolv.eu\/pl\/wp-json\/wp\/v2\/pages"}],"about":[{"href":"https:\/\/hysolv.eu\/pl\/wp-json\/wp\/v2\/types\/page"}],"author":[{"embeddable":true,"href":"https:\/\/hysolv.eu\/pl\/wp-json\/wp\/v2\/users\/4"}],"replies":[{"embeddable":true,"href":"https:\/\/hysolv.eu\/pl\/wp-json\/wp\/v2\/comments?post=6607"}],"version-history":[{"count":3,"href":"https:\/\/hysolv.eu\/pl\/wp-json\/wp\/v2\/pages\/6607\/revisions"}],"predecessor-version":[{"id":6628,"href":"https:\/\/hysolv.eu\/pl\/wp-json\/wp\/v2\/pages\/6607\/revisions\/6628"}],"wp:attachment":[{"href":"https:\/\/hysolv.eu\/pl\/wp-json\/wp\/v2\/media?parent=6607"}],"curies":[{"name":"wp","href":"https:\/\/api.w.org\/{rel}","templated":true}]}}