{"id":5922,"date":"2026-03-26T07:25:46","date_gmt":"2026-03-26T06:25:46","guid":{"rendered":"https:\/\/hysolv.eu\/product\/interdor-perfume"},"modified":"2026-03-26T07:25:46","modified_gmt":"2026-03-26T06:25:46","slug":"interdor-perfume","status":"publish","type":"product","link":"https:\/\/hysolv.eu\/pl\/produkt\/interdor-perfume","title":{"rendered":"Interdor Perfume"},"content":{"rendered":"<p>Interdor Perfume to maskuj\u0105cy preparat zapachowy zaprojektowany w celu redukcji stresu i agresywnego zachowania u zwierz\u0105t. Maskuj\u0105c naturalny zapach r\u00f3\u017cnych grup zwierz\u0105t, pomaga zapobiega\u0107 walkom hierarchicznym, szczeg\u00f3lnie u \u015bwi\u0144. Wspiera to spokojniejsz\u0105 integracj\u0119 oraz popraw\u0119 dobrostanu zwierz\u0105t.  <\/p>\n","protected":false},"excerpt":{"rendered":"<div class=\"flex flex-col text-sm pb-25\">\n<article class=\"text-token-text-primary w-full focus:outline-none [--shadow-height:45px] has-data-writing-block:pointer-events-none has-data-writing-block:-mt-(--shadow-height) has-data-writing-block:pt-(--shadow-height) [&amp;:has([data-writing-block])&gt;*]:pointer-events-auto scroll-mt-[calc(var(--header-height)+min(200px,max(70px,20svh)))]\" dir=\"auto\" tabindex=\"-1\" data-turn-id=\"05ebb37e-eef1-4f61-9374-c8f289c3a83d\" data-testid=\"conversation-turn-266\" data-scroll-anchor=\"true\" data-turn=\"assistant\">\n<div class=\"text-base my-auto mx-auto pb-10 [--thread-content-margin:--spacing(4)] @w-sm\/main:[--thread-content-margin:--spacing(6)] @w-lg\/main:[--thread-content-margin:--spacing(16)] px-(--thread-content-margin)\">\n<div class=\"[--thread-content-max-width:40rem] @w-lg\/main:[--thread-content-max-width:48rem] mx-auto max-w-(--thread-content-max-width) flex-1 group\/turn-messages focus-visible:outline-hidden relative flex w-full min-w-0 flex-col agent-turn\" tabindex=\"-1\">\n<div class=\"flex max-w-full flex-col grow\">\n<div class=\"min-h-8 text-message relative flex w-full flex-col items-end gap-2 text-start break-words whitespace-normal [.text-message+&amp;]:mt-1\" dir=\"auto\" data-message-author-role=\"assistant\" data-message-id=\"92326bd8-8aef-4c61-9520-e9862e4c4f6b\" data-message-model-slug=\"gpt-5-2\">\n<div class=\"flex w-full flex-col gap-1 empty:hidden first:pt-[1px]\">Interdor Perfume to maskuj\u0105cy preparat zapachowy, kt\u00f3ry redukuje stres, agresj\u0119 i walki hierarchiczne u zwierz\u0105t, zw\u0142aszcza u \u015bwi\u0144, poprzez maskowanie zapach\u00f3w grupowych podczas \u0142\u0105czenia i transportu.<\/div>\n<\/div>\n<\/div>\n<\/div>\n<\/div>\n<\/article>\n<\/div>\n","protected":false},"featured_media":3995,"template":"","meta":[],"product_brand":[],"product_cat":[211,1033],"product_tag":[],"class_list":{"0":"post-5922","1":"product","2":"type-product","3":"status-publish","4":"has-post-thumbnail","6":"product_cat-srodki-czyszczace","7":"product_cat-trzoda-chlewna","10":"first","11":"instock","12":"shipping-taxable","13":"product-type-simple"},"yoast_head":"<!-- This site is optimized with the Yoast SEO plugin v27.3 - https:\/\/yoast.com\/product\/yoast-seo-wordpress\/ -->\n<title>Interdor Perfume | Hysolv<\/title>\n<meta name=\"description\" content=\"Interdor Perfume to maskuj\u0105cy preparat zapachowy, kt\u00f3ry redukuje stres, gryzienie oraz walki hierarchiczne u zwierz\u0105t, szczeg\u00f3lnie u \u015bwi\u0144, podczas ponownego \u0142\u0105czenia grup.\" \/>\n<meta name=\"robots\" content=\"index, follow, max-snippet:-1, max-image-preview:large, max-video-preview:-1\" \/>\n<link rel=\"canonical\" href=\"https:\/\/hysolv.eu\/pl\/produkt\/interdor-perfume\" \/>\n<meta property=\"og:locale\" content=\"pl_PL\" \/>\n<meta property=\"og:type\" content=\"article\" \/>\n<meta property=\"og:title\" content=\"Interdor Perfume | Hysolv\" \/>\n<meta property=\"og:description\" content=\"Interdor Perfume to maskuj\u0105cy preparat zapachowy, kt\u00f3ry redukuje stres, gryzienie oraz walki hierarchiczne u zwierz\u0105t, szczeg\u00f3lnie u \u015bwi\u0144, podczas ponownego \u0142\u0105czenia grup.\" \/>\n<meta property=\"og:url\" content=\"https:\/\/hysolv.eu\/pl\/produkt\/interdor-perfume\" \/>\n<meta property=\"og:site_name\" content=\"Hysolv\" \/>\n<meta property=\"article:publisher\" content=\"https:\/\/www.facebook.com\/HysolvLtd\" \/>\n<meta property=\"og:image\" content=\"https:\/\/hysolv.eu\/wp-content\/uploads\/interdor-perfume.jpg\" \/>\n\t<meta property=\"og:image:width\" content=\"1071\" \/>\n\t<meta property=\"og:image:height\" content=\"714\" \/>\n\t<meta property=\"og:image:type\" content=\"image\/jpeg\" \/>\n<meta name=\"twitter:card\" content=\"summary_large_image\" \/>\n<script type=\"application\/ld+json\" class=\"yoast-schema-graph\">{\"@context\":\"https:\\\/\\\/schema.org\",\"@graph\":[{\"@type\":\"WebPage\",\"@id\":\"https:\\\/\\\/hysolv.eu\\\/pl\\\/produkt\\\/interdor-perfume\",\"url\":\"https:\\\/\\\/hysolv.eu\\\/pl\\\/produkt\\\/interdor-perfume\",\"name\":\"Interdor Perfume | Hysolv\",\"isPartOf\":{\"@id\":\"https:\\\/\\\/hysolv.eu\\\/pl#website\"},\"primaryImageOfPage\":{\"@id\":\"https:\\\/\\\/hysolv.eu\\\/pl\\\/produkt\\\/interdor-perfume#primaryimage\"},\"image\":{\"@id\":\"https:\\\/\\\/hysolv.eu\\\/pl\\\/produkt\\\/interdor-perfume#primaryimage\"},\"thumbnailUrl\":\"https:\\\/\\\/hysolv.eu\\\/wp-content\\\/uploads\\\/interdor-perfume.jpg\",\"datePublished\":\"2026-03-26T06:25:46+00:00\",\"description\":\"Interdor Perfume to maskuj\u0105cy preparat zapachowy, kt\u00f3ry redukuje stres, gryzienie oraz walki hierarchiczne u zwierz\u0105t, szczeg\u00f3lnie u \u015bwi\u0144, podczas ponownego \u0142\u0105czenia grup.\",\"breadcrumb\":{\"@id\":\"https:\\\/\\\/hysolv.eu\\\/pl\\\/produkt\\\/interdor-perfume#breadcrumb\"},\"inLanguage\":\"pl-PL\",\"potentialAction\":[{\"@type\":\"ReadAction\",\"target\":[\"https:\\\/\\\/hysolv.eu\\\/pl\\\/produkt\\\/interdor-perfume\"]}]},{\"@type\":\"ImageObject\",\"inLanguage\":\"pl-PL\",\"@id\":\"https:\\\/\\\/hysolv.eu\\\/pl\\\/produkt\\\/interdor-perfume#primaryimage\",\"url\":\"https:\\\/\\\/hysolv.eu\\\/wp-content\\\/uploads\\\/interdor-perfume.jpg\",\"contentUrl\":\"https:\\\/\\\/hysolv.eu\\\/wp-content\\\/uploads\\\/interdor-perfume.jpg\",\"width\":612,\"height\":1200,\"caption\":\"Interdor Perfume to maskuj\u0105cy preparat zapachowy zaprojektowany w celu redukcji stresu i agresywnego zachowania u zwierz\u0105t. Maskuj\u0105c naturalny zapach r\u00f3\u017cnych grup zwierz\u0105t, pomaga zapobiega\u0107 walkom hierarchicznym, szczeg\u00f3lnie u \u015bwi\u0144. Wspiera to spokojniejsz\u0105 integracj\u0119 oraz popraw\u0119 dobrostanu zwierz\u0105t.\"},{\"@type\":\"BreadcrumbList\",\"@id\":\"https:\\\/\\\/hysolv.eu\\\/pl\\\/produkt\\\/interdor-perfume#breadcrumb\",\"itemListElement\":[{\"@type\":\"ListItem\",\"position\":1,\"name\":\"Home\",\"item\":\"https:\\\/\\\/hysolv.eu\\\/pl\\\/dom\"},{\"@type\":\"ListItem\",\"position\":2,\"name\":\"Sklep\",\"item\":\"https:\\\/\\\/hysolv.eu\\\/pl\\\/sklep\"},{\"@type\":\"ListItem\",\"position\":3,\"name\":\"Interdor Perfume\"}]},{\"@type\":\"WebSite\",\"@id\":\"https:\\\/\\\/hysolv.eu\\\/pl#website\",\"url\":\"https:\\\/\\\/hysolv.eu\\\/pl\",\"name\":\"Hysolv\",\"description\":\"Supporting Animal Health &amp; Biosecurity\",\"publisher\":{\"@id\":\"https:\\\/\\\/hysolv.eu\\\/pl#organization\"},\"potentialAction\":[{\"@type\":\"SearchAction\",\"target\":{\"@type\":\"EntryPoint\",\"urlTemplate\":\"https:\\\/\\\/hysolv.eu\\\/pl?s={search_term_string}\"},\"query-input\":{\"@type\":\"PropertyValueSpecification\",\"valueRequired\":true,\"valueName\":\"search_term_string\"}}],\"inLanguage\":\"pl-PL\"},{\"@type\":\"Organization\",\"@id\":\"https:\\\/\\\/hysolv.eu\\\/pl#organization\",\"name\":\"Hysolv GmbH\",\"url\":\"https:\\\/\\\/hysolv.eu\\\/pl\",\"logo\":{\"@type\":\"ImageObject\",\"inLanguage\":\"pl-PL\",\"@id\":\"https:\\\/\\\/hysolv.eu\\\/pl#\\\/schema\\\/logo\\\/image\\\/\",\"url\":\"https:\\\/\\\/hysolv.eu\\\/wp-content\\\/uploads\\\/LoginLogo-1.png\",\"contentUrl\":\"https:\\\/\\\/hysolv.eu\\\/wp-content\\\/uploads\\\/LoginLogo-1.png\",\"width\":480,\"height\":229,\"caption\":\"Hysolv GmbH\"},\"image\":{\"@id\":\"https:\\\/\\\/hysolv.eu\\\/pl#\\\/schema\\\/logo\\\/image\\\/\"},\"sameAs\":[\"https:\\\/\\\/www.facebook.com\\\/HysolvLtd\",\"https:\\\/\\\/www.instagram.com\\\/hysolvlimited\\\/\",\"https:\\\/\\\/www.linkedin.com\\\/company\\\/hysolv-limited\\\/about\\\/\"]}]}<\/script>\n<!-- \/ Yoast SEO plugin. -->","yoast_head_json":{"title":"Interdor Perfume | Hysolv","description":"Interdor Perfume to maskuj\u0105cy preparat zapachowy, kt\u00f3ry redukuje stres, gryzienie oraz walki hierarchiczne u zwierz\u0105t, szczeg\u00f3lnie u \u015bwi\u0144, podczas ponownego \u0142\u0105czenia grup.","robots":{"index":"index","follow":"follow","max-snippet":"max-snippet:-1","max-image-preview":"max-image-preview:large","max-video-preview":"max-video-preview:-1"},"canonical":"https:\/\/hysolv.eu\/pl\/produkt\/interdor-perfume","og_locale":"pl_PL","og_type":"article","og_title":"Interdor Perfume | Hysolv","og_description":"Interdor Perfume to maskuj\u0105cy preparat zapachowy, kt\u00f3ry redukuje stres, gryzienie oraz walki hierarchiczne u zwierz\u0105t, szczeg\u00f3lnie u \u015bwi\u0144, podczas ponownego \u0142\u0105czenia grup.","og_url":"https:\/\/hysolv.eu\/pl\/produkt\/interdor-perfume","og_site_name":"Hysolv","article_publisher":"https:\/\/www.facebook.com\/HysolvLtd","og_image":[{"width":1071,"height":714,"url":"https:\/\/hysolv.eu\/wp-content\/uploads\/interdor-perfume.jpg","type":"image\/jpeg"}],"twitter_card":"summary_large_image","schema":{"@context":"https:\/\/schema.org","@graph":[{"@type":"WebPage","@id":"https:\/\/hysolv.eu\/pl\/produkt\/interdor-perfume","url":"https:\/\/hysolv.eu\/pl\/produkt\/interdor-perfume","name":"Interdor Perfume | Hysolv","isPartOf":{"@id":"https:\/\/hysolv.eu\/pl#website"},"primaryImageOfPage":{"@id":"https:\/\/hysolv.eu\/pl\/produkt\/interdor-perfume#primaryimage"},"image":{"@id":"https:\/\/hysolv.eu\/pl\/produkt\/interdor-perfume#primaryimage"},"thumbnailUrl":"https:\/\/hysolv.eu\/wp-content\/uploads\/interdor-perfume.jpg","datePublished":"2026-03-26T06:25:46+00:00","description":"Interdor Perfume to maskuj\u0105cy preparat zapachowy, kt\u00f3ry redukuje stres, gryzienie oraz walki hierarchiczne u zwierz\u0105t, szczeg\u00f3lnie u \u015bwi\u0144, podczas ponownego \u0142\u0105czenia grup.","breadcrumb":{"@id":"https:\/\/hysolv.eu\/pl\/produkt\/interdor-perfume#breadcrumb"},"inLanguage":"pl-PL","potentialAction":[{"@type":"ReadAction","target":["https:\/\/hysolv.eu\/pl\/produkt\/interdor-perfume"]}]},{"@type":"ImageObject","inLanguage":"pl-PL","@id":"https:\/\/hysolv.eu\/pl\/produkt\/interdor-perfume#primaryimage","url":"https:\/\/hysolv.eu\/wp-content\/uploads\/interdor-perfume.jpg","contentUrl":"https:\/\/hysolv.eu\/wp-content\/uploads\/interdor-perfume.jpg","width":612,"height":1200,"caption":"Interdor Perfume to maskuj\u0105cy preparat zapachowy zaprojektowany w celu redukcji stresu i agresywnego zachowania u zwierz\u0105t. Maskuj\u0105c naturalny zapach r\u00f3\u017cnych grup zwierz\u0105t, pomaga zapobiega\u0107 walkom hierarchicznym, szczeg\u00f3lnie u \u015bwi\u0144. Wspiera to spokojniejsz\u0105 integracj\u0119 oraz popraw\u0119 dobrostanu zwierz\u0105t."},{"@type":"BreadcrumbList","@id":"https:\/\/hysolv.eu\/pl\/produkt\/interdor-perfume#breadcrumb","itemListElement":[{"@type":"ListItem","position":1,"name":"Home","item":"https:\/\/hysolv.eu\/pl\/dom"},{"@type":"ListItem","position":2,"name":"Sklep","item":"https:\/\/hysolv.eu\/pl\/sklep"},{"@type":"ListItem","position":3,"name":"Interdor Perfume"}]},{"@type":"WebSite","@id":"https:\/\/hysolv.eu\/pl#website","url":"https:\/\/hysolv.eu\/pl","name":"Hysolv","description":"Supporting Animal Health &amp; Biosecurity","publisher":{"@id":"https:\/\/hysolv.eu\/pl#organization"},"potentialAction":[{"@type":"SearchAction","target":{"@type":"EntryPoint","urlTemplate":"https:\/\/hysolv.eu\/pl?s={search_term_string}"},"query-input":{"@type":"PropertyValueSpecification","valueRequired":true,"valueName":"search_term_string"}}],"inLanguage":"pl-PL"},{"@type":"Organization","@id":"https:\/\/hysolv.eu\/pl#organization","name":"Hysolv GmbH","url":"https:\/\/hysolv.eu\/pl","logo":{"@type":"ImageObject","inLanguage":"pl-PL","@id":"https:\/\/hysolv.eu\/pl#\/schema\/logo\/image\/","url":"https:\/\/hysolv.eu\/wp-content\/uploads\/LoginLogo-1.png","contentUrl":"https:\/\/hysolv.eu\/wp-content\/uploads\/LoginLogo-1.png","width":480,"height":229,"caption":"Hysolv GmbH"},"image":{"@id":"https:\/\/hysolv.eu\/pl#\/schema\/logo\/image\/"},"sameAs":["https:\/\/www.facebook.com\/HysolvLtd","https:\/\/www.instagram.com\/hysolvlimited\/","https:\/\/www.linkedin.com\/company\/hysolv-limited\/about\/"]}]}},"_links":{"self":[{"href":"https:\/\/hysolv.eu\/pl\/wp-json\/wp\/v2\/product\/5922","targetHints":{"allow":["GET"]}}],"collection":[{"href":"https:\/\/hysolv.eu\/pl\/wp-json\/wp\/v2\/product"}],"about":[{"href":"https:\/\/hysolv.eu\/pl\/wp-json\/wp\/v2\/types\/product"}],"wp:featuredmedia":[{"embeddable":true,"href":"https:\/\/hysolv.eu\/pl\/wp-json\/wp\/v2\/media\/3995"}],"wp:attachment":[{"href":"https:\/\/hysolv.eu\/pl\/wp-json\/wp\/v2\/media?parent=5922"}],"wp:term":[{"taxonomy":"product_brand","embeddable":true,"href":"https:\/\/hysolv.eu\/pl\/wp-json\/wp\/v2\/product_brand?post=5922"},{"taxonomy":"product_cat","embeddable":true,"href":"https:\/\/hysolv.eu\/pl\/wp-json\/wp\/v2\/product_cat?post=5922"},{"taxonomy":"product_tag","embeddable":true,"href":"https:\/\/hysolv.eu\/pl\/wp-json\/wp\/v2\/product_tag?post=5922"}],"curies":[{"name":"wp","href":"https:\/\/api.w.org\/{rel}","templated":true}]}}