{"id":5924,"date":"2026-04-02T06:36:18","date_gmt":"2026-04-02T05:36:18","guid":{"rendered":"https:\/\/hysolv.eu\/product\/intermitox"},"modified":"2026-04-02T06:36:18","modified_gmt":"2026-04-02T05:36:18","slug":"intermitox","status":"publish","type":"product","link":"https:\/\/hysolv.eu\/pl\/produkt\/intermitox","title":{"rendered":"Intermitox"},"content":{"rendered":"<p>Intermitox to sprawdzony produkt do zwalczania ektopaso\u017cyt\u00f3w i roztoczy na powierzchniach w obiektach inwentarskich, zapewniaj\u0105cy szybkie, niezawodne i d\u0142ugotrwa\u0142e (resztkowe) dzia\u0142anie. Skutecznie zwalcza roztocza i inne ektopaso\u017cyty, takie jak czerwone roztocze drobiu, roztocza \u015bwierzbu, kleszcze, wszy, pch\u0142y oraz muchy. Odpowiedni do stosowania zar\u00f3wno w zaj\u0119tych, jak i pustych obiektach inwentarskich przy prawid\u0142owej aplikacji.  <\/p>\n","protected":false},"excerpt":{"rendered":"<div class=\"flex flex-col text-sm pb-25\">\n<article class=\"text-token-text-primary w-full focus:outline-none [--shadow-height:45px] has-data-writing-block:pointer-events-none has-data-writing-block:-mt-(--shadow-height) has-data-writing-block:pt-(--shadow-height) [&amp;:has([data-writing-block])&gt;*]:pointer-events-auto scroll-mt-[calc(var(--header-height)+min(200px,max(70px,20svh)))]\" dir=\"auto\" tabindex=\"-1\" data-turn-id=\"05ebb37e-eef1-4f61-9374-c8f289c3a83d\" data-testid=\"conversation-turn-266\" data-scroll-anchor=\"true\" data-turn=\"assistant\">\n<div class=\"text-base my-auto mx-auto pb-10 [--thread-content-margin:--spacing(4)] @w-sm\/main:[--thread-content-margin:--spacing(6)] @w-lg\/main:[--thread-content-margin:--spacing(16)] px-(--thread-content-margin)\">\n<div class=\"[--thread-content-max-width:40rem] @w-lg\/main:[--thread-content-max-width:48rem] mx-auto max-w-(--thread-content-max-width) flex-1 group\/turn-messages focus-visible:outline-hidden relative flex w-full min-w-0 flex-col agent-turn\" tabindex=\"-1\">\n<div class=\"flex max-w-full flex-col grow\">\n<div class=\"min-h-8 text-message relative flex w-full flex-col items-end gap-2 text-start break-words whitespace-normal [.text-message+&amp;]:mt-1\" dir=\"auto\" data-message-author-role=\"assistant\" data-message-id=\"92326bd8-8aef-4c61-9520-e9862e4c4f6b\" data-message-model-slug=\"gpt-5-2\">\n<div class=\"flex w-full flex-col gap-1 empty:hidden first:pt-[1px]\">Intermitox to szybko dzia\u0142aj\u0105cy, d\u0142ugotrwa\u0142y produkt do zwalczania ektopaso\u017cyt\u00f3w w obiektach drobiarskich i hodowlanych. Skutecznie zwalcza roztocza, kleszcze, wszy, pch\u0142y i muchy na powierzchniach i wyposa\u017ceniu, a tak\u017ce mo\u017ce by\u0107 stosowany zar\u00f3wno w zaj\u0119tych, jak i pustych obiektach. <\/div>\n<\/div>\n<\/div>\n<\/div>\n<\/div>\n<\/article>\n<\/div>\n","protected":false},"featured_media":4068,"template":"","meta":[],"product_brand":[],"product_cat":[1034,1032,179,1033,209,181],"product_tag":[],"class_list":{"0":"post-5924","1":"product","2":"type-product","3":"status-publish","4":"has-post-thumbnail","6":"product_cat-akwakultura","7":"product_cat-drob","8":"product_cat-mleczarnia","9":"product_cat-trzoda-chlewna","10":"product_cat-zwalczanie-szkodnikow","11":"product_cat-zwierzeta-towarzyszace","14":"first","15":"instock","16":"shipping-taxable","17":"product-type-simple"},"yoast_head":"<!-- This site is optimized with the Yoast SEO plugin v27.3 - https:\/\/yoast.com\/product\/yoast-seo-wordpress\/ -->\n<title>Intermitox | Hysolv<\/title>\n<meta name=\"description\" content=\"Intermitox to produkt na bazie cypermetryny do zwalczania ektopaso\u017cyt\u00f3w, takich jak roztocza, kleszcze, wszy i muchy w obiektach drobiarskich i hodowlanych.\" \/>\n<meta name=\"robots\" content=\"index, follow, max-snippet:-1, max-image-preview:large, max-video-preview:-1\" \/>\n<link rel=\"canonical\" href=\"https:\/\/hysolv.eu\/pl\/produkt\/intermitox\" \/>\n<meta property=\"og:locale\" content=\"pl_PL\" \/>\n<meta property=\"og:type\" content=\"article\" \/>\n<meta property=\"og:title\" content=\"Intermitox | Hysolv\" \/>\n<meta property=\"og:description\" content=\"Intermitox to produkt na bazie cypermetryny do zwalczania ektopaso\u017cyt\u00f3w, takich jak roztocza, kleszcze, wszy i muchy w obiektach drobiarskich i hodowlanych.\" \/>\n<meta property=\"og:url\" content=\"https:\/\/hysolv.eu\/pl\/produkt\/intermitox\" \/>\n<meta property=\"og:site_name\" content=\"Hysolv\" \/>\n<meta property=\"article:publisher\" content=\"https:\/\/www.facebook.com\/HysolvLtd\" \/>\n<meta property=\"og:image\" content=\"https:\/\/hysolv.eu\/wp-content\/uploads\/intermitox.jpg\" \/>\n\t<meta property=\"og:image:width\" content=\"1071\" \/>\n\t<meta property=\"og:image:height\" content=\"714\" \/>\n\t<meta property=\"og:image:type\" content=\"image\/jpeg\" \/>\n<meta name=\"twitter:card\" content=\"summary_large_image\" \/>\n<script type=\"application\/ld+json\" class=\"yoast-schema-graph\">{\"@context\":\"https:\\\/\\\/schema.org\",\"@graph\":[{\"@type\":\"WebPage\",\"@id\":\"https:\\\/\\\/hysolv.eu\\\/pl\\\/produkt\\\/intermitox\",\"url\":\"https:\\\/\\\/hysolv.eu\\\/pl\\\/produkt\\\/intermitox\",\"name\":\"Intermitox | Hysolv\",\"isPartOf\":{\"@id\":\"https:\\\/\\\/hysolv.eu\\\/pl#website\"},\"primaryImageOfPage\":{\"@id\":\"https:\\\/\\\/hysolv.eu\\\/pl\\\/produkt\\\/intermitox#primaryimage\"},\"image\":{\"@id\":\"https:\\\/\\\/hysolv.eu\\\/pl\\\/produkt\\\/intermitox#primaryimage\"},\"thumbnailUrl\":\"https:\\\/\\\/hysolv.eu\\\/wp-content\\\/uploads\\\/intermitox.jpg\",\"datePublished\":\"2026-04-02T05:36:18+00:00\",\"description\":\"Intermitox to produkt na bazie cypermetryny do zwalczania ektopaso\u017cyt\u00f3w, takich jak roztocza, kleszcze, wszy i muchy w obiektach drobiarskich i hodowlanych.\",\"breadcrumb\":{\"@id\":\"https:\\\/\\\/hysolv.eu\\\/pl\\\/produkt\\\/intermitox#breadcrumb\"},\"inLanguage\":\"pl-PL\",\"potentialAction\":[{\"@type\":\"ReadAction\",\"target\":[\"https:\\\/\\\/hysolv.eu\\\/pl\\\/produkt\\\/intermitox\"]}]},{\"@type\":\"ImageObject\",\"inLanguage\":\"pl-PL\",\"@id\":\"https:\\\/\\\/hysolv.eu\\\/pl\\\/produkt\\\/intermitox#primaryimage\",\"url\":\"https:\\\/\\\/hysolv.eu\\\/wp-content\\\/uploads\\\/intermitox.jpg\",\"contentUrl\":\"https:\\\/\\\/hysolv.eu\\\/wp-content\\\/uploads\\\/intermitox.jpg\",\"width\":760,\"height\":953,\"caption\":\"Intermitox \u2013 preparat na bazie cypermetryny do zwalczania ektopaso\u017cyt\u00f3w i roztoczy w obiektach drobiarskich i hodowlanych\"},{\"@type\":\"BreadcrumbList\",\"@id\":\"https:\\\/\\\/hysolv.eu\\\/pl\\\/produkt\\\/intermitox#breadcrumb\",\"itemListElement\":[{\"@type\":\"ListItem\",\"position\":1,\"name\":\"Home\",\"item\":\"https:\\\/\\\/hysolv.eu\\\/pl\\\/dom\"},{\"@type\":\"ListItem\",\"position\":2,\"name\":\"Sklep\",\"item\":\"https:\\\/\\\/hysolv.eu\\\/pl\\\/sklep\"},{\"@type\":\"ListItem\",\"position\":3,\"name\":\"Intermitox\"}]},{\"@type\":\"WebSite\",\"@id\":\"https:\\\/\\\/hysolv.eu\\\/pl#website\",\"url\":\"https:\\\/\\\/hysolv.eu\\\/pl\",\"name\":\"Hysolv\",\"description\":\"Supporting Animal Health &amp; Biosecurity\",\"publisher\":{\"@id\":\"https:\\\/\\\/hysolv.eu\\\/pl#organization\"},\"potentialAction\":[{\"@type\":\"SearchAction\",\"target\":{\"@type\":\"EntryPoint\",\"urlTemplate\":\"https:\\\/\\\/hysolv.eu\\\/pl?s={search_term_string}\"},\"query-input\":{\"@type\":\"PropertyValueSpecification\",\"valueRequired\":true,\"valueName\":\"search_term_string\"}}],\"inLanguage\":\"pl-PL\"},{\"@type\":\"Organization\",\"@id\":\"https:\\\/\\\/hysolv.eu\\\/pl#organization\",\"name\":\"Hysolv GmbH\",\"url\":\"https:\\\/\\\/hysolv.eu\\\/pl\",\"logo\":{\"@type\":\"ImageObject\",\"inLanguage\":\"pl-PL\",\"@id\":\"https:\\\/\\\/hysolv.eu\\\/pl#\\\/schema\\\/logo\\\/image\\\/\",\"url\":\"https:\\\/\\\/hysolv.eu\\\/wp-content\\\/uploads\\\/LoginLogo-1.png\",\"contentUrl\":\"https:\\\/\\\/hysolv.eu\\\/wp-content\\\/uploads\\\/LoginLogo-1.png\",\"width\":480,\"height\":229,\"caption\":\"Hysolv GmbH\"},\"image\":{\"@id\":\"https:\\\/\\\/hysolv.eu\\\/pl#\\\/schema\\\/logo\\\/image\\\/\"},\"sameAs\":[\"https:\\\/\\\/www.facebook.com\\\/HysolvLtd\",\"https:\\\/\\\/www.instagram.com\\\/hysolvlimited\\\/\",\"https:\\\/\\\/www.linkedin.com\\\/company\\\/hysolv-limited\\\/about\\\/\"]}]}<\/script>\n<!-- \/ Yoast SEO plugin. -->","yoast_head_json":{"title":"Intermitox | Hysolv","description":"Intermitox to produkt na bazie cypermetryny do zwalczania ektopaso\u017cyt\u00f3w, takich jak roztocza, kleszcze, wszy i muchy w obiektach drobiarskich i hodowlanych.","robots":{"index":"index","follow":"follow","max-snippet":"max-snippet:-1","max-image-preview":"max-image-preview:large","max-video-preview":"max-video-preview:-1"},"canonical":"https:\/\/hysolv.eu\/pl\/produkt\/intermitox","og_locale":"pl_PL","og_type":"article","og_title":"Intermitox | Hysolv","og_description":"Intermitox to produkt na bazie cypermetryny do zwalczania ektopaso\u017cyt\u00f3w, takich jak roztocza, kleszcze, wszy i muchy w obiektach drobiarskich i hodowlanych.","og_url":"https:\/\/hysolv.eu\/pl\/produkt\/intermitox","og_site_name":"Hysolv","article_publisher":"https:\/\/www.facebook.com\/HysolvLtd","og_image":[{"width":1071,"height":714,"url":"https:\/\/hysolv.eu\/wp-content\/uploads\/intermitox.jpg","type":"image\/jpeg"}],"twitter_card":"summary_large_image","schema":{"@context":"https:\/\/schema.org","@graph":[{"@type":"WebPage","@id":"https:\/\/hysolv.eu\/pl\/produkt\/intermitox","url":"https:\/\/hysolv.eu\/pl\/produkt\/intermitox","name":"Intermitox | Hysolv","isPartOf":{"@id":"https:\/\/hysolv.eu\/pl#website"},"primaryImageOfPage":{"@id":"https:\/\/hysolv.eu\/pl\/produkt\/intermitox#primaryimage"},"image":{"@id":"https:\/\/hysolv.eu\/pl\/produkt\/intermitox#primaryimage"},"thumbnailUrl":"https:\/\/hysolv.eu\/wp-content\/uploads\/intermitox.jpg","datePublished":"2026-04-02T05:36:18+00:00","description":"Intermitox to produkt na bazie cypermetryny do zwalczania ektopaso\u017cyt\u00f3w, takich jak roztocza, kleszcze, wszy i muchy w obiektach drobiarskich i hodowlanych.","breadcrumb":{"@id":"https:\/\/hysolv.eu\/pl\/produkt\/intermitox#breadcrumb"},"inLanguage":"pl-PL","potentialAction":[{"@type":"ReadAction","target":["https:\/\/hysolv.eu\/pl\/produkt\/intermitox"]}]},{"@type":"ImageObject","inLanguage":"pl-PL","@id":"https:\/\/hysolv.eu\/pl\/produkt\/intermitox#primaryimage","url":"https:\/\/hysolv.eu\/wp-content\/uploads\/intermitox.jpg","contentUrl":"https:\/\/hysolv.eu\/wp-content\/uploads\/intermitox.jpg","width":760,"height":953,"caption":"Intermitox \u2013 preparat na bazie cypermetryny do zwalczania ektopaso\u017cyt\u00f3w i roztoczy w obiektach drobiarskich i hodowlanych"},{"@type":"BreadcrumbList","@id":"https:\/\/hysolv.eu\/pl\/produkt\/intermitox#breadcrumb","itemListElement":[{"@type":"ListItem","position":1,"name":"Home","item":"https:\/\/hysolv.eu\/pl\/dom"},{"@type":"ListItem","position":2,"name":"Sklep","item":"https:\/\/hysolv.eu\/pl\/sklep"},{"@type":"ListItem","position":3,"name":"Intermitox"}]},{"@type":"WebSite","@id":"https:\/\/hysolv.eu\/pl#website","url":"https:\/\/hysolv.eu\/pl","name":"Hysolv","description":"Supporting Animal Health &amp; Biosecurity","publisher":{"@id":"https:\/\/hysolv.eu\/pl#organization"},"potentialAction":[{"@type":"SearchAction","target":{"@type":"EntryPoint","urlTemplate":"https:\/\/hysolv.eu\/pl?s={search_term_string}"},"query-input":{"@type":"PropertyValueSpecification","valueRequired":true,"valueName":"search_term_string"}}],"inLanguage":"pl-PL"},{"@type":"Organization","@id":"https:\/\/hysolv.eu\/pl#organization","name":"Hysolv GmbH","url":"https:\/\/hysolv.eu\/pl","logo":{"@type":"ImageObject","inLanguage":"pl-PL","@id":"https:\/\/hysolv.eu\/pl#\/schema\/logo\/image\/","url":"https:\/\/hysolv.eu\/wp-content\/uploads\/LoginLogo-1.png","contentUrl":"https:\/\/hysolv.eu\/wp-content\/uploads\/LoginLogo-1.png","width":480,"height":229,"caption":"Hysolv GmbH"},"image":{"@id":"https:\/\/hysolv.eu\/pl#\/schema\/logo\/image\/"},"sameAs":["https:\/\/www.facebook.com\/HysolvLtd","https:\/\/www.instagram.com\/hysolvlimited\/","https:\/\/www.linkedin.com\/company\/hysolv-limited\/about\/"]}]}},"_links":{"self":[{"href":"https:\/\/hysolv.eu\/pl\/wp-json\/wp\/v2\/product\/5924","targetHints":{"allow":["GET"]}}],"collection":[{"href":"https:\/\/hysolv.eu\/pl\/wp-json\/wp\/v2\/product"}],"about":[{"href":"https:\/\/hysolv.eu\/pl\/wp-json\/wp\/v2\/types\/product"}],"wp:featuredmedia":[{"embeddable":true,"href":"https:\/\/hysolv.eu\/pl\/wp-json\/wp\/v2\/media\/4068"}],"wp:attachment":[{"href":"https:\/\/hysolv.eu\/pl\/wp-json\/wp\/v2\/media?parent=5924"}],"wp:term":[{"taxonomy":"product_brand","embeddable":true,"href":"https:\/\/hysolv.eu\/pl\/wp-json\/wp\/v2\/product_brand?post=5924"},{"taxonomy":"product_cat","embeddable":true,"href":"https:\/\/hysolv.eu\/pl\/wp-json\/wp\/v2\/product_cat?post=5924"},{"taxonomy":"product_tag","embeddable":true,"href":"https:\/\/hysolv.eu\/pl\/wp-json\/wp\/v2\/product_tag?post=5924"}],"curies":[{"name":"wp","href":"https:\/\/api.w.org\/{rel}","templated":true}]}}