{"id":5928,"date":"2026-03-26T07:41:47","date_gmt":"2026-03-26T06:41:47","guid":{"rendered":"https:\/\/hysolv.eu\/product\/rhodasept"},"modified":"2026-03-26T07:41:47","modified_gmt":"2026-03-26T06:41:47","slug":"rhodasept","status":"publish","type":"product","link":"https:\/\/hysolv.eu\/pl\/produkt\/rhodasept","title":{"rendered":"Rhodasept"},"content":{"rendered":"<p>Rhodasept to sprawdzony \u015brodek dezynfekcyjny i czyszcz\u0105cy do obiekt\u00f3w inwentarskich, klatek dla ma\u0142ych zwierz\u0105t oraz obszar\u00f3w przemys\u0142owych i publicznych. Jest skuteczny przeciwko bakteriom, grzybom\/dro\u017cd\u017com oraz wirusom os\u0142onkowym i bezos\u0142onkowym, w tym wirusowi grypy ptak\u00f3w i afryka\u0144skiego pomoru \u015bwi\u0144, nawet w niskich temperaturach. Formulacja jest wolna od formaldehydu, o zredukowanym zapachu i znajduje si\u0119 na li\u015bcie IHO.  <\/p>\n<p>&nbsp;<\/p>\n","protected":false},"excerpt":{"rendered":"<div class=\"flex flex-col text-sm pb-25\">\n<article class=\"text-token-text-primary w-full focus:outline-none [--shadow-height:45px] has-data-writing-block:pointer-events-none has-data-writing-block:-mt-(--shadow-height) has-data-writing-block:pt-(--shadow-height) [&amp;:has([data-writing-block])&gt;*]:pointer-events-auto scroll-mt-[calc(var(--header-height)+min(200px,max(70px,20svh)))]\" dir=\"auto\" tabindex=\"-1\" data-turn-id=\"05ebb37e-eef1-4f61-9374-c8f289c3a83d\" data-testid=\"conversation-turn-266\" data-scroll-anchor=\"true\" data-turn=\"assistant\">\n<div class=\"text-base my-auto mx-auto pb-10 [--thread-content-margin:--spacing(4)] @w-sm\/main:[--thread-content-margin:--spacing(6)] @w-lg\/main:[--thread-content-margin:--spacing(16)] px-(--thread-content-margin)\">\n<div class=\"[--thread-content-max-width:40rem] @w-lg\/main:[--thread-content-max-width:48rem] mx-auto max-w-(--thread-content-max-width) flex-1 group\/turn-messages focus-visible:outline-hidden relative flex w-full min-w-0 flex-col agent-turn\" tabindex=\"-1\">\n<div class=\"flex max-w-full flex-col grow\">\n<div class=\"min-h-8 text-message relative flex w-full flex-col items-end gap-2 text-start break-words whitespace-normal [.text-message+&amp;]:mt-1\" dir=\"auto\" data-message-author-role=\"assistant\" data-message-id=\"92326bd8-8aef-4c61-9520-e9862e4c4f6b\" data-message-model-slug=\"gpt-5-2\">\n<div class=\"flex w-full flex-col gap-1 empty:hidden first:pt-[1px]\">Rhodasept to \u015brodek dezynfekcyjny i czyszcz\u0105cy bez formaldehydu do obiekt\u00f3w inwentarskich, wyposa\u017cenia i \u015brodowisk weterynaryjnych. Zapewnia skuteczn\u0105 kontrol\u0119 bakterii, grzyb\u00f3w i wirus\u00f3w oraz nadaje si\u0119 do rutynowych zastosowa\u0144 higienicznych. <\/div>\n<\/div>\n<\/div>\n<\/div>\n<\/div>\n<\/article>\n<\/div>\n<p>&nbsp;<\/p>\n","protected":false},"featured_media":3959,"template":"","meta":[],"product_brand":[],"product_cat":[212,181],"product_tag":[],"class_list":{"0":"post-5928","1":"product","2":"type-product","3":"status-publish","4":"has-post-thumbnail","6":"product_cat-srodki-dezynfekujace","7":"product_cat-zwierzeta-towarzyszace","10":"first","11":"instock","12":"shipping-taxable","13":"product-type-simple"},"yoast_head":"<!-- This site is optimized with the Yoast SEO plugin v27.3 - https:\/\/yoast.com\/product\/yoast-seo-wordpress\/ -->\n<title>Rhodasept | Hysolv<\/title>\n<meta name=\"description\" content=\"Rhodasept to \u015brodek dezynfekcyjny i czyszcz\u0105cy bez formaldehydu do obiekt\u00f3w inwentarskich, wyposa\u017cenia i \u015brodowisk weterynaryjnych. Skuteczny przeciwko bakteriom, grzybom i wirusom.\" \/>\n<meta name=\"robots\" content=\"index, follow, max-snippet:-1, max-image-preview:large, max-video-preview:-1\" \/>\n<link rel=\"canonical\" href=\"https:\/\/hysolv.eu\/pl\/produkt\/rhodasept\" \/>\n<meta property=\"og:locale\" content=\"pl_PL\" \/>\n<meta property=\"og:type\" content=\"article\" \/>\n<meta property=\"og:title\" content=\"Rhodasept | Hysolv\" \/>\n<meta property=\"og:description\" content=\"Rhodasept to \u015brodek dezynfekcyjny i czyszcz\u0105cy bez formaldehydu do obiekt\u00f3w inwentarskich, wyposa\u017cenia i \u015brodowisk weterynaryjnych. Skuteczny przeciwko bakteriom, grzybom i wirusom.\" \/>\n<meta property=\"og:url\" content=\"https:\/\/hysolv.eu\/pl\/produkt\/rhodasept\" \/>\n<meta property=\"og:site_name\" content=\"Hysolv\" \/>\n<meta property=\"article:publisher\" content=\"https:\/\/www.facebook.com\/HysolvLtd\" \/>\n<meta property=\"og:image\" content=\"https:\/\/hysolv.eu\/wp-content\/uploads\/rhodasept.jpg\" \/>\n\t<meta property=\"og:image:width\" content=\"1071\" \/>\n\t<meta property=\"og:image:height\" content=\"714\" \/>\n\t<meta property=\"og:image:type\" content=\"image\/jpeg\" \/>\n<meta name=\"twitter:card\" content=\"summary_large_image\" \/>\n<script type=\"application\/ld+json\" class=\"yoast-schema-graph\">{\"@context\":\"https:\\\/\\\/schema.org\",\"@graph\":[{\"@type\":\"WebPage\",\"@id\":\"https:\\\/\\\/hysolv.eu\\\/pl\\\/produkt\\\/rhodasept\",\"url\":\"https:\\\/\\\/hysolv.eu\\\/pl\\\/produkt\\\/rhodasept\",\"name\":\"Rhodasept | Hysolv\",\"isPartOf\":{\"@id\":\"https:\\\/\\\/hysolv.eu\\\/pl#website\"},\"primaryImageOfPage\":{\"@id\":\"https:\\\/\\\/hysolv.eu\\\/pl\\\/produkt\\\/rhodasept#primaryimage\"},\"image\":{\"@id\":\"https:\\\/\\\/hysolv.eu\\\/pl\\\/produkt\\\/rhodasept#primaryimage\"},\"thumbnailUrl\":\"https:\\\/\\\/hysolv.eu\\\/wp-content\\\/uploads\\\/rhodasept.jpg\",\"datePublished\":\"2026-03-26T06:41:47+00:00\",\"description\":\"Rhodasept to \u015brodek dezynfekcyjny i czyszcz\u0105cy bez formaldehydu do obiekt\u00f3w inwentarskich, wyposa\u017cenia i \u015brodowisk weterynaryjnych. Skuteczny przeciwko bakteriom, grzybom i wirusom.\",\"breadcrumb\":{\"@id\":\"https:\\\/\\\/hysolv.eu\\\/pl\\\/produkt\\\/rhodasept#breadcrumb\"},\"inLanguage\":\"pl-PL\",\"potentialAction\":[{\"@type\":\"ReadAction\",\"target\":[\"https:\\\/\\\/hysolv.eu\\\/pl\\\/produkt\\\/rhodasept\"]}]},{\"@type\":\"ImageObject\",\"inLanguage\":\"pl-PL\",\"@id\":\"https:\\\/\\\/hysolv.eu\\\/pl\\\/produkt\\\/rhodasept#primaryimage\",\"url\":\"https:\\\/\\\/hysolv.eu\\\/wp-content\\\/uploads\\\/rhodasept.jpg\",\"contentUrl\":\"https:\\\/\\\/hysolv.eu\\\/wp-content\\\/uploads\\\/rhodasept.jpg\",\"width\":745,\"height\":954,\"caption\":\"Rhodasept \u2013 \u015brodek dezynfekcyjny i czyszcz\u0105cy w niebieskim kanistrze i bia\u0142ej butelce do higieny obiekt\u00f3w inwentarskich\"},{\"@type\":\"BreadcrumbList\",\"@id\":\"https:\\\/\\\/hysolv.eu\\\/pl\\\/produkt\\\/rhodasept#breadcrumb\",\"itemListElement\":[{\"@type\":\"ListItem\",\"position\":1,\"name\":\"Home\",\"item\":\"https:\\\/\\\/hysolv.eu\\\/pl\\\/dom\"},{\"@type\":\"ListItem\",\"position\":2,\"name\":\"Sklep\",\"item\":\"https:\\\/\\\/hysolv.eu\\\/pl\\\/sklep\"},{\"@type\":\"ListItem\",\"position\":3,\"name\":\"Rhodasept\"}]},{\"@type\":\"WebSite\",\"@id\":\"https:\\\/\\\/hysolv.eu\\\/pl#website\",\"url\":\"https:\\\/\\\/hysolv.eu\\\/pl\",\"name\":\"Hysolv\",\"description\":\"Supporting Animal Health &amp; Biosecurity\",\"publisher\":{\"@id\":\"https:\\\/\\\/hysolv.eu\\\/pl#organization\"},\"potentialAction\":[{\"@type\":\"SearchAction\",\"target\":{\"@type\":\"EntryPoint\",\"urlTemplate\":\"https:\\\/\\\/hysolv.eu\\\/pl?s={search_term_string}\"},\"query-input\":{\"@type\":\"PropertyValueSpecification\",\"valueRequired\":true,\"valueName\":\"search_term_string\"}}],\"inLanguage\":\"pl-PL\"},{\"@type\":\"Organization\",\"@id\":\"https:\\\/\\\/hysolv.eu\\\/pl#organization\",\"name\":\"Hysolv GmbH\",\"url\":\"https:\\\/\\\/hysolv.eu\\\/pl\",\"logo\":{\"@type\":\"ImageObject\",\"inLanguage\":\"pl-PL\",\"@id\":\"https:\\\/\\\/hysolv.eu\\\/pl#\\\/schema\\\/logo\\\/image\\\/\",\"url\":\"https:\\\/\\\/hysolv.eu\\\/wp-content\\\/uploads\\\/LoginLogo-1.png\",\"contentUrl\":\"https:\\\/\\\/hysolv.eu\\\/wp-content\\\/uploads\\\/LoginLogo-1.png\",\"width\":480,\"height\":229,\"caption\":\"Hysolv GmbH\"},\"image\":{\"@id\":\"https:\\\/\\\/hysolv.eu\\\/pl#\\\/schema\\\/logo\\\/image\\\/\"},\"sameAs\":[\"https:\\\/\\\/www.facebook.com\\\/HysolvLtd\",\"https:\\\/\\\/www.instagram.com\\\/hysolvlimited\\\/\",\"https:\\\/\\\/www.linkedin.com\\\/company\\\/hysolv-limited\\\/about\\\/\"]}]}<\/script>\n<!-- \/ Yoast SEO plugin. -->","yoast_head_json":{"title":"Rhodasept | Hysolv","description":"Rhodasept to \u015brodek dezynfekcyjny i czyszcz\u0105cy bez formaldehydu do obiekt\u00f3w inwentarskich, wyposa\u017cenia i \u015brodowisk weterynaryjnych. Skuteczny przeciwko bakteriom, grzybom i wirusom.","robots":{"index":"index","follow":"follow","max-snippet":"max-snippet:-1","max-image-preview":"max-image-preview:large","max-video-preview":"max-video-preview:-1"},"canonical":"https:\/\/hysolv.eu\/pl\/produkt\/rhodasept","og_locale":"pl_PL","og_type":"article","og_title":"Rhodasept | Hysolv","og_description":"Rhodasept to \u015brodek dezynfekcyjny i czyszcz\u0105cy bez formaldehydu do obiekt\u00f3w inwentarskich, wyposa\u017cenia i \u015brodowisk weterynaryjnych. Skuteczny przeciwko bakteriom, grzybom i wirusom.","og_url":"https:\/\/hysolv.eu\/pl\/produkt\/rhodasept","og_site_name":"Hysolv","article_publisher":"https:\/\/www.facebook.com\/HysolvLtd","og_image":[{"width":1071,"height":714,"url":"https:\/\/hysolv.eu\/wp-content\/uploads\/rhodasept.jpg","type":"image\/jpeg"}],"twitter_card":"summary_large_image","schema":{"@context":"https:\/\/schema.org","@graph":[{"@type":"WebPage","@id":"https:\/\/hysolv.eu\/pl\/produkt\/rhodasept","url":"https:\/\/hysolv.eu\/pl\/produkt\/rhodasept","name":"Rhodasept | Hysolv","isPartOf":{"@id":"https:\/\/hysolv.eu\/pl#website"},"primaryImageOfPage":{"@id":"https:\/\/hysolv.eu\/pl\/produkt\/rhodasept#primaryimage"},"image":{"@id":"https:\/\/hysolv.eu\/pl\/produkt\/rhodasept#primaryimage"},"thumbnailUrl":"https:\/\/hysolv.eu\/wp-content\/uploads\/rhodasept.jpg","datePublished":"2026-03-26T06:41:47+00:00","description":"Rhodasept to \u015brodek dezynfekcyjny i czyszcz\u0105cy bez formaldehydu do obiekt\u00f3w inwentarskich, wyposa\u017cenia i \u015brodowisk weterynaryjnych. Skuteczny przeciwko bakteriom, grzybom i wirusom.","breadcrumb":{"@id":"https:\/\/hysolv.eu\/pl\/produkt\/rhodasept#breadcrumb"},"inLanguage":"pl-PL","potentialAction":[{"@type":"ReadAction","target":["https:\/\/hysolv.eu\/pl\/produkt\/rhodasept"]}]},{"@type":"ImageObject","inLanguage":"pl-PL","@id":"https:\/\/hysolv.eu\/pl\/produkt\/rhodasept#primaryimage","url":"https:\/\/hysolv.eu\/wp-content\/uploads\/rhodasept.jpg","contentUrl":"https:\/\/hysolv.eu\/wp-content\/uploads\/rhodasept.jpg","width":745,"height":954,"caption":"Rhodasept \u2013 \u015brodek dezynfekcyjny i czyszcz\u0105cy w niebieskim kanistrze i bia\u0142ej butelce do higieny obiekt\u00f3w inwentarskich"},{"@type":"BreadcrumbList","@id":"https:\/\/hysolv.eu\/pl\/produkt\/rhodasept#breadcrumb","itemListElement":[{"@type":"ListItem","position":1,"name":"Home","item":"https:\/\/hysolv.eu\/pl\/dom"},{"@type":"ListItem","position":2,"name":"Sklep","item":"https:\/\/hysolv.eu\/pl\/sklep"},{"@type":"ListItem","position":3,"name":"Rhodasept"}]},{"@type":"WebSite","@id":"https:\/\/hysolv.eu\/pl#website","url":"https:\/\/hysolv.eu\/pl","name":"Hysolv","description":"Supporting Animal Health &amp; Biosecurity","publisher":{"@id":"https:\/\/hysolv.eu\/pl#organization"},"potentialAction":[{"@type":"SearchAction","target":{"@type":"EntryPoint","urlTemplate":"https:\/\/hysolv.eu\/pl?s={search_term_string}"},"query-input":{"@type":"PropertyValueSpecification","valueRequired":true,"valueName":"search_term_string"}}],"inLanguage":"pl-PL"},{"@type":"Organization","@id":"https:\/\/hysolv.eu\/pl#organization","name":"Hysolv GmbH","url":"https:\/\/hysolv.eu\/pl","logo":{"@type":"ImageObject","inLanguage":"pl-PL","@id":"https:\/\/hysolv.eu\/pl#\/schema\/logo\/image\/","url":"https:\/\/hysolv.eu\/wp-content\/uploads\/LoginLogo-1.png","contentUrl":"https:\/\/hysolv.eu\/wp-content\/uploads\/LoginLogo-1.png","width":480,"height":229,"caption":"Hysolv GmbH"},"image":{"@id":"https:\/\/hysolv.eu\/pl#\/schema\/logo\/image\/"},"sameAs":["https:\/\/www.facebook.com\/HysolvLtd","https:\/\/www.instagram.com\/hysolvlimited\/","https:\/\/www.linkedin.com\/company\/hysolv-limited\/about\/"]}]}},"_links":{"self":[{"href":"https:\/\/hysolv.eu\/pl\/wp-json\/wp\/v2\/product\/5928","targetHints":{"allow":["GET"]}}],"collection":[{"href":"https:\/\/hysolv.eu\/pl\/wp-json\/wp\/v2\/product"}],"about":[{"href":"https:\/\/hysolv.eu\/pl\/wp-json\/wp\/v2\/types\/product"}],"wp:featuredmedia":[{"embeddable":true,"href":"https:\/\/hysolv.eu\/pl\/wp-json\/wp\/v2\/media\/3959"}],"wp:attachment":[{"href":"https:\/\/hysolv.eu\/pl\/wp-json\/wp\/v2\/media?parent=5928"}],"wp:term":[{"taxonomy":"product_brand","embeddable":true,"href":"https:\/\/hysolv.eu\/pl\/wp-json\/wp\/v2\/product_brand?post=5928"},{"taxonomy":"product_cat","embeddable":true,"href":"https:\/\/hysolv.eu\/pl\/wp-json\/wp\/v2\/product_cat?post=5928"},{"taxonomy":"product_tag","embeddable":true,"href":"https:\/\/hysolv.eu\/pl\/wp-json\/wp\/v2\/product_tag?post=5928"}],"curies":[{"name":"wp","href":"https:\/\/api.w.org\/{rel}","templated":true}]}}